{"id":1270,"date":"2017-06-20T07:53:36","date_gmt":"2017-06-20T05:53:36","guid":{"rendered":"http:\/\/www.lkbaba.sk\/sk\/?page_id=1270"},"modified":"2025-01-27T09:56:54","modified_gmt":"2025-01-27T08:56:54","slug":"bezkarske-trate","status":"publish","type":"page","link":"https:\/\/www.lkbaba.sk\/sk\/lyziarske-stredisko-pezinska-baba\/bezkarske-trate\/","title":{"rendered":"Be\u017ek\u00e1rske trate"},"content":{"rendered":"<p>[vc_row][vc_column]<div class=\"sc_section\"><div class=\"sc_section_inner\"><h6 class=\"sc_section_subtitle sc_item_subtitle\">BE\u017dECK\u00c9 LY\u017dOVANIE<\/h6><h2 class=\"sc_section_title sc_item_title sc_item_title_without_descr\">Be\u017ek\u00e1rske trate na Pezinskej Babe<\/h2><div class=\"sc_section_content_wrap\"><\/div><\/div><\/div>[\/vc_column][\/vc_row][vc_row full_width=&#8220;stretch_row&#8220; inverse=&#8220;&#8220; css=&#8220;.vc_custom_1498030661218{margin-top: -100px !important;margin-bottom: 60px !important;padding-top: 60px !important;padding-bottom: 60px !important;background-color: #f9f9f9 !important;}&#8220;][vc_column][vc_column_text]Ne\u010faleko Pezinka, na hrebeni Mal\u00fdch Karp\u00e1t, v oblasti Pezinsk\u00e1 Baba je prev\u00e1dzkovan\u00fd \u0161portov\u00fd are\u00e1l pre Be\u017eeck\u00e9 ly\u017eovanie. Tento spravuje ob\u010dianske zdru\u017eenie Amat\u00e9rsky \u0161portov\u00fd klub Pezinok. Za\u010d\u00edna sa tu dia\u013ekov\u00e1 trasa Pezinsk\u00e1 Baba \u2013 Bratislava a s\u00fa tu strojovo upravovan\u00e9 be\u017ek\u00e1rske okruhy 2 \u2013 3 \u2013 5 km pre klasick\u00fd ako aj vo\u013en\u00fd \u0161t\u00fdl. Taktie\u017e sa tu organizuj\u00fa podujatia pre Ly\u017eiarsky Orienta\u010dn\u00fd Beh bu\u010f pod hlavi\u010dkou orienta\u010dn\u00e9ho klubu Sokol Pezinok alebo A\u0160K Pezinok.[\/vc_column_text][\/vc_column][\/vc_row][vc_row inverse=&#8220;&#8220; css=&#8220;.vc_custom_1497946051288{margin-top: -30px !important;}&#8220;][vc_column]<div class=\"columns_wrap sc_columns columns_nofluid sc_columns_count_3 margin_top_small margin_bottom_medium\" data-equal-height=\".sc_column_item\" data-animation=\"animated fadeIn normal\"><div class=\"column-1_3 sc_column_item sc_column_item_1 odd first\"><div class=\"sc_section\" data-animation=\"animated fadeIn normal\" style=\"background-color:#005af7;background-image:url(https:\/\/www.lkbaba.sk\/sk\/wp-content\/uploads\/2017\/06\/vlocka.png);background-repeat:no-repeat;background-size:cover;\"><div class=\"sc_section_inner\"><div class=\"sc_section_overlay\" style=\"\"><div class=\"sc_section_content padding_on\" style=\"\"><div class=\"sc_section_content_wrap\"><div class=\"sc_section sc_section_block margin_top_small margin_right_small margin_bottom_small margin_left_small\"><div class=\"sc_section_inner\"><div class=\"sc_section_content_wrap\"><h4 class=\"sc_title sc_title_regular margin_top_null margin_bottom_null\" style=\"color:#ffffff;\">Be\u017ek\u00e1rsky okruh <\/h4><h1 class=\"sc_title sc_title_underline_dark margin_top_null margin_bottom_null\" style=\"color:#ffffff;\"><span style=\"color: #000000;\">2 km<\/span><\/h1>[vc_empty_space height=&#8220;2em&#8220;][vc_column_text]<span style=\"color: #ffffff;\">Okruh je najmenej n\u00e1ro\u010dn\u00fd.<\/span>[\/vc_column_text][vc_empty_space height=&#8220;1.3em&#8220;][vc_btn title=&#8220;ZISTI\u0164 VIAC&#8220; link=&#8220;url:http%3A%2F%2Fwww.lkbaba.sk%2Fsk%2Flyziarske-stredisko-pezinska-baba%2Fbezkarske-trate%2Fbezkarsky-okruh-2-km%2F|||&#8220;]<\/div><\/div><\/div><\/div><\/div><\/div><\/div><\/div><\/div><div class=\"column-1_3 sc_column_item sc_column_item_2 even\"><div class=\"sc_section\" style=\"background-color:#c3d300;background-image:url(https:\/\/www.lkbaba.sk\/sk\/wp-content\/uploads\/2017\/06\/vlocka.png);background-repeat:no-repeat;background-size:cover;\"><div class=\"sc_section_inner\"><div class=\"sc_section_overlay\" style=\"\"><div class=\"sc_section_content padding_on\" style=\"\"><div class=\"sc_section_content_wrap\"><div class=\"sc_section sc_section_block margin_top_small margin_right_small margin_bottom_small margin_left_small\"><div class=\"sc_section_inner\"><div class=\"sc_section_content_wrap\"><h4 class=\"sc_title sc_title_regular margin_top_null margin_bottom_null\" style=\"color:#ffffff;\">Be\u017ek\u00e1rsky okruh<\/h4><h1 class=\"sc_title sc_title_underline_white margin_top_null margin_bottom_null\">3\u00a0km<\/h1>[vc_empty_space height=&#8220;2em&#8220;][vc_column_text]<span style=\"color: #ffffff;\">Najviac vyu\u017e\u00edvan\u00fd okruh.<\/span>[\/vc_column_text][vc_empty_space height=&#8220;1.3em&#8220;][vc_btn title=&#8220;ZISTI\u0164 VIAC&#8220; link=&#8220;url:http%3A%2F%2Fwww.lkbaba.sk%2Fsk%2Flyziarske-stredisko-pezinska-baba%2Fbezkarske-trate%2Fbezkarsky-okruh-3-km%2F|||&#8220;]<\/div><\/div><\/div><\/div><\/div><\/div><\/div><\/div><\/div><div class=\"column-1_3 sc_column_item sc_column_item_3 odd\"><div class=\"sc_section\" style=\"background-color:#ea0936;background-image:url(https:\/\/www.lkbaba.sk\/sk\/wp-content\/uploads\/2017\/06\/vlocka.png);background-repeat:no-repeat;background-size:cover;\"><div class=\"sc_section_inner\"><div class=\"sc_section_overlay\" style=\"\"><div class=\"sc_section_content padding_on\" style=\"\"><div class=\"sc_section_content_wrap\"><div class=\"sc_section sc_section_block margin_top_small margin_right_small margin_bottom_small margin_left_small\"><div class=\"sc_section_inner\"><div class=\"sc_section_content_wrap\"><h4 class=\"sc_title sc_title_regular margin_top_null margin_bottom_null\" style=\"color:#ffffff;\">Be\u017ek\u00e1rsky okruh<\/h4><h1 class=\"sc_title sc_title_underline_white margin_top_null margin_bottom_null\">5\u00a0km<\/h1>[vc_empty_space height=&#8220;2em&#8220;][vc_column_text]<span style=\"color: #ffffff;\">Najdlh\u0161\u00ed okruh s prev\u00fd\u0161en\u00edm 144 m.<\/span>[\/vc_column_text][vc_empty_space height=&#8220;1.3em&#8220;][vc_btn title=&#8220;ZISTI\u0164 VIAC&#8220; link=&#8220;url:http%3A%2F%2Fwww.lkbaba.sk%2Fsk%2Flyziarske-stredisko-pezinska-baba%2Fbezkarske-trate%2Fbezkarsky-okruh-5-km%2F|||&#8220;]<\/div><\/div><\/div><\/div><\/div><\/div><\/div><\/div><\/div><\/div>[\/vc_column][\/vc_row][vc_row][vc_column]<div class=\"sc_section\"><div class=\"sc_section_inner\"><h6 class=\"sc_section_subtitle sc_item_subtitle\">BE\u017dECK\u00dd ARE\u00c1L NA BABE<\/h6><h2 class=\"sc_section_title sc_item_title sc_item_title_without_descr\">Pl\u00e1n be\u017ek\u00e1rskych trat\u00ed<\/h2><div class=\"sc_section_content_wrap\"><\/div><\/div><\/div>[\/vc_column][\/vc_row][vc_row][vc_column][vc_single_image image=&#8220;6566&#8243; img_size=&#8220;full&#8220; alignment=&#8220;center&#8220;][\/vc_column][\/vc_row][vc_row][vc_column width=&#8220;1\/3&#8243;][\/vc_column][vc_column width=&#8220;1\/3&#8243;][vc_empty_space][vc_single_image image=&#8220;4494&#8243; img_size=&#8220;80&#215;80&#8243; alignment=&#8220;center&#8220; onclick=&#8220;custom_link&#8220; link=&#8220;https:\/\/www.facebook.com\/groups\/517069574979103&#8243;][\/vc_column][vc_column width=&#8220;1\/3&#8243;][\/vc_column][\/vc_row][vc_row][vc_column][vc_empty_space height=&#8220;50px&#8220;][\/vc_column][\/vc_row][vc_row full_width=&#8220;stretch_row&#8220; css=&#8220;.vc_custom_1497859894642{background-image: url(http:\/\/www.lkbaba.sk\/sk\/wp-content\/uploads\/2017\/06\/skola_modra.jpg?id=1231) !important;}&#8220;][vc_column]<div class=\"sc_section margin_top_large margin_bottom_huge\"><div class=\"sc_section_inner\"><div class=\"sc_section_content_wrap\"><div id=\"sc_testimonials_221041005\" class=\"sc_testimonials sc_testimonials_style_testimonials-1 \" style=\"width:100%;\"><h6 class=\"sc_testimonials_subtitle sc_item_subtitle\">Ohlasy<\/h6><h2 class=\"sc_testimonials_title sc_item_title sc_item_title_without_descr\">\u010co o n\u00e1s hovoria n\u00e1v\u0161tevn\u00edci<\/h2><div class=\"sc_slider_swiper swiper-slider-container sc_slider_nopagination sc_slider_controls sc_slider_controls_bottom\" data-interval=\"6957\" data-slides-per-view=\"3\" data-slides-space=\"30\" data-slides-min-width=\"250\"><div class=\"slides swiper-wrapper\"><div class=\"swiper-slide\" data-style=\"width:100%;\" style=\"width:100%;\">\t\t\t<div id=\"sc_testimonials_221041005_1\" class=\"sc_testimonial_item\">\n\t\t\t\t<div class=\"sc_testimonial_content\"><p>Vyu\u017eili sme va\u0161e slu\u017eby SKI \u0161koly. Dva roky ly\u017eovania za sebou a m\u00f4\u017eeme iba doporu\u010di\u0165. Svahy n\u00e1m vyhovuj\u00fa, nako\u013eko sme za\u010diato\u010dn\u00edci.<\/p>\n<\/div>\n\t\t\t\t\t\t\t\t<div class=\"sc_testimonial_avatar\"><img loading=\"lazy\" decoding=\"async\" class=\"wp-post-image\" width=\"75\" height=\"75\" alt=\"Sandra P.\" src=\"https:\/\/www.lkbaba.sk\/sk\/wp-content\/uploads\/2017\/06\/vlocka-75x75.png\"><\/div>\n\t\t\t\t\t\t\t\t\t\t\t\t<div class=\"sc_testimonial_author\"><span class=\"sc_testimonial_author_name\">Sandra P.<\/span><\/div>\n\t\t\t\t\t\t\t<\/div>\n\t\t<\/div><div class=\"swiper-slide\" data-style=\"width:100%;\" style=\"width:100%;\">\t\t\t<div id=\"sc_testimonials_221041005_2\" class=\"sc_testimonial_item\">\n\t\t\t\t<div class=\"sc_testimonial_content\"><p>Podmienky na ly\u017eovanie sme mali vinikaj\u00face. Deti urobili ve\u013ek\u00e9 pokroky\u00a0v ly\u017eovan\u00ed. U\u017e sa te\u0161\u00edme na nov\u00fa ly\u017eiarsku sez\u00f3nu.<\/p>\n<\/div>\n\t\t\t\t\t\t\t\t<div class=\"sc_testimonial_avatar\"><img loading=\"lazy\" decoding=\"async\" class=\"wp-post-image\" width=\"75\" height=\"75\" alt=\"Peter C.\" src=\"https:\/\/www.lkbaba.sk\/sk\/wp-content\/uploads\/2017\/06\/ski10-1-75x75.jpg\"><\/div>\n\t\t\t\t\t\t\t\t\t\t\t\t<div class=\"sc_testimonial_author\"><span class=\"sc_testimonial_author_name\">Peter C.<\/span><\/div>\n\t\t\t\t\t\t\t<\/div>\n\t\t<\/div><div class=\"swiper-slide\" data-style=\"width:100%;\" style=\"width:100%;\">\t\t\t<div id=\"sc_testimonials_221041005_3\" class=\"sc_testimonial_item\">\n\t\t\t\t<div class=\"sc_testimonial_content\"><p>Dc\u00e9rku u\u010dil ly\u017eova\u0165 skvel\u00fd in\u0161truktor. Je to ve\u013emi trpezliv\u00fd a z\u00e1bavn\u00fd \u010dlovek.\u00a0Nemohli sme si pria\u0165 lep\u0161ieho u\u010dite\u013ea. \u010eakujeme!<\/p>\n<\/div>\n\t\t\t\t\t\t\t\t<div class=\"sc_testimonial_avatar\"><img loading=\"lazy\" decoding=\"async\" class=\"wp-post-image\" width=\"75\" height=\"75\" alt=\"Romana D.\" src=\"https:\/\/www.lkbaba.sk\/sk\/wp-content\/uploads\/2017\/06\/ski6-75x75.jpg\"><\/div>\n\t\t\t\t\t\t\t\t\t\t\t\t<div class=\"sc_testimonial_author\"><span class=\"sc_testimonial_author_name\">Romana D.<\/span><\/div>\n\t\t\t\t\t\t\t<\/div>\n\t\t<\/div><\/div><div class=\"sc_slider_controls_wrap\"><a class=\"sc_slider_prev\" href=\"#\"><\/a><a class=\"sc_slider_next\" href=\"#\"><\/a><\/div><div class=\"sc_slider_pagination_wrap\"><\/div><\/div><\/div><\/div><\/div><\/div>[\/vc_column][\/vc_row][vc_row][vc_column][vc_empty_space height=&#8220;50px&#8220;][\/vc_column][\/vc_row][vc_row][vc_column]<div class=\"sc_section\"><div class=\"sc_section_inner\"><div class=\"sc_section_content_wrap\"><div id=\"sc_skills_diagram_1506534923\" class=\"sc_skills sc_skills_counter margin_bottom_medium\" data-type=\"counter\" data-caption=\"Skills\"><h6 class=\"sc_skills_subtitle sc_item_subtitle\">Pezinsk\u00e1 baba<\/h6><h2 class=\"sc_skills_title sc_item_title sc_item_title_with_descr\">Vleky a zjazdovky<\/h2><div class=\"sc_skills_descr sc_item_descr\">V are\u00e1li ly\u017eiarskeho strediska sa nach\u00e1dzaj\u00fa tri zjazdov\u00e9 trate v d\u013a\u017eke 500 m, 700 m a 1000 m.Mechanick\u00e9 zasne\u017eovanie typu HKD je in\u0161talovan\u00e9 na trati pri VL 500, ktor\u00e1 je osvetlen\u00e1 pre ve\u010dern\u00e9 ly\u017eovanie.<\/div><div class=\"columns_wrap sc_skills_columns sc_skills_columns_4\"><div class=\"sc_skills_column column-1_4\"><div class=\"sc_skills_item sc_skills_style_2 odd first\"><div class=\"sc_skills_total\" data-start=\"0\" data-stop=\"3120\" data-step=\"31\" data-max=\"3120\" data-speed=\"11\" data-duration=\"1107\" data-ed=\"\">0<\/div><div class=\"sc_skills_count\"><\/div><div class=\"sc_skills_info\"><div class=\"sc_skills_label\">Prepravn\u00e1 kapacita<\/div><div class=\"sc_skills_addinfo\">Celkov\u00e1 in\u0161talovan\u00e1 hodinov\u00e1 kapacita OHDZ \/ os\u00f4b za hodinu<\/div><\/div><\/div><\/div><div class=\"sc_skills_column column-1_4\"><div class=\"sc_skills_item sc_skills_style_2 even\"><div class=\"sc_skills_total\" data-start=\"0\" data-stop=\"1000\" data-step=\"31\" data-max=\"3120\" data-speed=\"38\" data-duration=\"1226\" data-ed=\"\">0<\/div><div class=\"sc_skills_count\"><\/div><div class=\"sc_skills_info\"><div class=\"sc_skills_label\">D\u013a\u017eka trate<\/div><div class=\"sc_skills_addinfo\">D\u013a\u017eky zjazdov\u00fdch trat\u00ed ly\u017eiarskeho strediska 500, 700 a 1000 m.<\/div><\/div><\/div><\/div><div class=\"sc_skills_column column-1_4\"><div class=\"sc_skills_item sc_skills_style_2 odd\"><div class=\"sc_skills_total\" data-start=\"0\" data-stop=\"5000\" data-step=\"50\" data-max=\"5000\" data-speed=\"17\" data-duration=\"1700\" data-ed=\"\">0<\/div><div class=\"sc_skills_count\"><\/div><div class=\"sc_skills_info\"><div class=\"sc_skills_label\">Be\u017ek\u00e1rka tra\u0165<\/div><div class=\"sc_skills_addinfo\">V stredisku s\u00fa trate pre be\u017eeck\u00e9 ly\u017eovanie v d\u013a\u017ekach 1, 2 a 5 km<\/div><\/div><\/div><\/div><div class=\"sc_skills_column column-1_4\"><div class=\"sc_skills_item sc_skills_style_2 even\"><div class=\"sc_skills_total\" data-start=\"0\" data-stop=\"400\" data-step=\"50\" data-max=\"5000\" data-speed=\"19\" data-duration=\"152\" data-ed=\"\">0<\/div><div class=\"sc_skills_count\"><\/div><div class=\"sc_skills_info\"><div class=\"sc_skills_label\">Parkovac\u00edch miest<\/div><div class=\"sc_skills_addinfo\">Kapacita parkov\u00edsk je 400 parkovac\u00edch miest.<\/div><\/div><\/div><\/div><\/div><\/div><\/div><\/div><\/div>[\/vc_column][\/vc_row][vc_row full_width=&#8220;stretch_row&#8220; inverse=&#8220;&#8220; css=&#8220;.vc_custom_1497859522101{background-color: #262626 !important;}&#8220;][vc_column][vc_empty_space height=&#8220;0.5em&#8220;]<div class=\"sc_section margin_top_large margin_bottom_large\"><div class=\"sc_section_inner\"><div class=\"sc_section_content_wrap\"><div class=\"columns_wrap sc_columns columns_nofluid no_margins sc_columns_count_2\"><div class=\"column-1_2 sc_column_item sc_column_item_1 odd first\"><h4 class=\"sc_title sc_title_regular margin_top_null margin_bottom_null\" style=\"color:#ffffff;\">Chcete dost\u00e1va\u0165 novinky?<\/h4><h1 class=\"sc_title sc_title_regular margin_top_null margin_bottom_null\" style=\"color:#ffffff;\">Zaregistrujte sa<\/h1><\/div><div class=\"column-1_2 sc_column_item sc_column_item_2 even\"><div class=\"sc_section sc_section_block margin_left_small\"><div class=\"sc_section_inner\"><div class=\"sc_section_content_wrap\">[vc_column_text][\/vc_column_text]<\/div><\/div><\/div><\/div><\/div><\/div><\/div><\/div>[vc_empty_space height=&#8220;0.5em&#8220;][\/vc_column][\/vc_row]<\/p>\n","protected":false},"excerpt":{"rendered":"<p>[vc_row][vc_column][\/vc_column][\/vc_row][vc_row full_width=&#8220;stretch_row&#8220; inverse=&#8220;&#8220; css=&#8220;.vc_custom_1498030661218{margin-top: -100px !important;margin-bottom: 60px !important;padding-top: 60px !important;padding-bottom: 60px !important;background-color: #f9f9f9 !important;}&#8220;][vc_column][vc_column_text]Ne\u010faleko Pezinka, na hrebeni Mal\u00fdch Karp\u00e1t, v oblasti Pezinsk\u00e1 Baba je prev\u00e1dzkovan\u00fd \u0161portov\u00fd are\u00e1l pre Be\u017eeck\u00e9 ly\u017eovanie. Tento spravuje ob\u010dianske zdru\u017eenie Amat\u00e9rsky \u0161portov\u00fd klub Pezinok. Za\u010d\u00edna sa tu dia\u013ekov\u00e1 trasa Pezinsk\u00e1 Baba \u2013 Bratislava a s\u00fa tu strojovo upravovan\u00e9 be\u017ek\u00e1rske okruhy 2 [&hellip;]<\/p>\n","protected":false},"author":3,"featured_media":0,"parent":1103,"menu_order":2,"comment_status":"closed","ping_status":"closed","template":"","meta":{"footnotes":""},"class_list":["post-1270","page","type-page","status-publish","hentry"],"yoast_head":"<!-- This site is optimized with the Yoast SEO plugin v27.3 - https:\/\/yoast.com\/product\/yoast-seo-wordpress\/ -->\n<title>Be\u017ek\u00e1rske trate - Ly\u017eiarske stredisko - Pezinsk\u00e1 Baba - okruhy 2, 3, 5 km<\/title>\n<meta name=\"description\" content=\"V stredisku s\u00fa trate pre be\u017eeck\u00e9 ly\u017eovanie v d\u013a\u017ekach 1, 2 a 5 km. Najmenej n\u00e1ro\u010dn\u00fd be\u017ek\u00e1rsky okruh, najdlh\u0161\u00ed okruh s prev\u00fd\u0161en\u00edm 144 m, najob\u013e\u00fabenej\u0161\u00ed okruh\" \/>\n<meta name=\"robots\" content=\"index, follow, max-snippet:-1, max-image-preview:large, max-video-preview:-1\" \/>\n<link rel=\"canonical\" href=\"https:\/\/www.lkbaba.sk\/sk\/lyziarske-stredisko-pezinska-baba\/bezkarske-trate\/\" \/>\n<meta property=\"og:locale\" content=\"sk_SK\" \/>\n<meta property=\"og:type\" content=\"article\" \/>\n<meta property=\"og:title\" content=\"Be\u017ek\u00e1rske trate - Ly\u017eiarske stredisko - Pezinsk\u00e1 Baba - okruhy 2, 3, 5 km\" \/>\n<meta property=\"og:description\" content=\"V stredisku s\u00fa trate pre be\u017eeck\u00e9 ly\u017eovanie v d\u013a\u017ekach 1, 2 a 5 km. Najmenej n\u00e1ro\u010dn\u00fd be\u017ek\u00e1rsky okruh, najdlh\u0161\u00ed okruh s prev\u00fd\u0161en\u00edm 144 m, najob\u013e\u00fabenej\u0161\u00ed okruh\" \/>\n<meta property=\"og:url\" content=\"https:\/\/www.lkbaba.sk\/sk\/lyziarske-stredisko-pezinska-baba\/bezkarske-trate\/\" \/>\n<meta property=\"og:site_name\" content=\"Ly\u017eiarske stredisko - Pezinsk\u00e1 Baba\" \/>\n<meta property=\"article:modified_time\" content=\"2025-01-27T08:56:54+00:00\" \/>\n<meta name=\"twitter:card\" content=\"summary_large_image\" \/>\n<meta name=\"twitter:label1\" content=\"Predpokladan\u00fd \u010das \u010d\u00edtania\" \/>\n\t<meta name=\"twitter:data1\" content=\"2 min\u00faty\" \/>\n<script type=\"application\/ld+json\" class=\"yoast-schema-graph\">{\"@context\":\"https:\\\/\\\/schema.org\",\"@graph\":[{\"@type\":\"WebPage\",\"@id\":\"https:\\\/\\\/www.lkbaba.sk\\\/sk\\\/lyziarske-stredisko-pezinska-baba\\\/bezkarske-trate\\\/\",\"url\":\"https:\\\/\\\/www.lkbaba.sk\\\/sk\\\/lyziarske-stredisko-pezinska-baba\\\/bezkarske-trate\\\/\",\"name\":\"Be\u017ek\u00e1rske trate - Ly\u017eiarske stredisko - Pezinsk\u00e1 Baba - okruhy 2, 3, 5 km\",\"isPartOf\":{\"@id\":\"https:\\\/\\\/www.lkbaba.sk\\\/sk\\\/#website\"},\"datePublished\":\"2017-06-20T05:53:36+00:00\",\"dateModified\":\"2025-01-27T08:56:54+00:00\",\"description\":\"V stredisku s\u00fa trate pre be\u017eeck\u00e9 ly\u017eovanie v d\u013a\u017ekach 1, 2 a 5 km. Najmenej n\u00e1ro\u010dn\u00fd be\u017ek\u00e1rsky okruh, najdlh\u0161\u00ed okruh s prev\u00fd\u0161en\u00edm 144 m, najob\u013e\u00fabenej\u0161\u00ed okruh\",\"breadcrumb\":{\"@id\":\"https:\\\/\\\/www.lkbaba.sk\\\/sk\\\/lyziarske-stredisko-pezinska-baba\\\/bezkarske-trate\\\/#breadcrumb\"},\"inLanguage\":\"sk-SK\",\"potentialAction\":[{\"@type\":\"ReadAction\",\"target\":[\"https:\\\/\\\/www.lkbaba.sk\\\/sk\\\/lyziarske-stredisko-pezinska-baba\\\/bezkarske-trate\\\/\"]}]},{\"@type\":\"BreadcrumbList\",\"@id\":\"https:\\\/\\\/www.lkbaba.sk\\\/sk\\\/lyziarske-stredisko-pezinska-baba\\\/bezkarske-trate\\\/#breadcrumb\",\"itemListElement\":[{\"@type\":\"ListItem\",\"position\":1,\"name\":\"Home\",\"item\":\"https:\\\/\\\/www.lkbaba.sk\\\/sk\\\/\"},{\"@type\":\"ListItem\",\"position\":2,\"name\":\"Ly\u017eiarske stredisko Pezinsk\u00e1 Baba\",\"item\":\"https:\\\/\\\/www.lkbaba.sk\\\/sk\\\/lyziarske-stredisko-pezinska-baba\\\/\"},{\"@type\":\"ListItem\",\"position\":3,\"name\":\"Be\u017ek\u00e1rske trate\"}]},{\"@type\":\"WebSite\",\"@id\":\"https:\\\/\\\/www.lkbaba.sk\\\/sk\\\/#website\",\"url\":\"https:\\\/\\\/www.lkbaba.sk\\\/sk\\\/\",\"name\":\"Ly\u017eiarske stredisko - Pezinsk\u00e1 Baba\",\"description\":\"\",\"publisher\":{\"@id\":\"https:\\\/\\\/www.lkbaba.sk\\\/sk\\\/#organization\"},\"potentialAction\":[{\"@type\":\"SearchAction\",\"target\":{\"@type\":\"EntryPoint\",\"urlTemplate\":\"https:\\\/\\\/www.lkbaba.sk\\\/sk\\\/?s={search_term_string}\"},\"query-input\":{\"@type\":\"PropertyValueSpecification\",\"valueRequired\":true,\"valueName\":\"search_term_string\"}}],\"inLanguage\":\"sk-SK\"},{\"@type\":\"Organization\",\"@id\":\"https:\\\/\\\/www.lkbaba.sk\\\/sk\\\/#organization\",\"name\":\"LK BABA\",\"url\":\"https:\\\/\\\/www.lkbaba.sk\\\/sk\\\/\",\"logo\":{\"@type\":\"ImageObject\",\"inLanguage\":\"sk-SK\",\"@id\":\"https:\\\/\\\/www.lkbaba.sk\\\/sk\\\/#\\\/schema\\\/logo\\\/image\\\/\",\"url\":\"https:\\\/\\\/www.lkbaba.sk\\\/sk\\\/wp-content\\\/uploads\\\/2017\\\/06\\\/logo.png\",\"contentUrl\":\"https:\\\/\\\/www.lkbaba.sk\\\/sk\\\/wp-content\\\/uploads\\\/2017\\\/06\\\/logo.png\",\"width\":600,\"height\":570,\"caption\":\"LK BABA\"},\"image\":{\"@id\":\"https:\\\/\\\/www.lkbaba.sk\\\/sk\\\/#\\\/schema\\\/logo\\\/image\\\/\"}}]}<\/script>\n<!-- \/ Yoast SEO plugin. -->","yoast_head_json":{"title":"Be\u017ek\u00e1rske trate - Ly\u017eiarske stredisko - Pezinsk\u00e1 Baba - okruhy 2, 3, 5 km","description":"V stredisku s\u00fa trate pre be\u017eeck\u00e9 ly\u017eovanie v d\u013a\u017ekach 1, 2 a 5 km. Najmenej n\u00e1ro\u010dn\u00fd be\u017ek\u00e1rsky okruh, najdlh\u0161\u00ed okruh s prev\u00fd\u0161en\u00edm 144 m, najob\u013e\u00fabenej\u0161\u00ed okruh","robots":{"index":"index","follow":"follow","max-snippet":"max-snippet:-1","max-image-preview":"max-image-preview:large","max-video-preview":"max-video-preview:-1"},"canonical":"https:\/\/www.lkbaba.sk\/sk\/lyziarske-stredisko-pezinska-baba\/bezkarske-trate\/","og_locale":"sk_SK","og_type":"article","og_title":"Be\u017ek\u00e1rske trate - Ly\u017eiarske stredisko - Pezinsk\u00e1 Baba - okruhy 2, 3, 5 km","og_description":"V stredisku s\u00fa trate pre be\u017eeck\u00e9 ly\u017eovanie v d\u013a\u017ekach 1, 2 a 5 km. Najmenej n\u00e1ro\u010dn\u00fd be\u017ek\u00e1rsky okruh, najdlh\u0161\u00ed okruh s prev\u00fd\u0161en\u00edm 144 m, najob\u013e\u00fabenej\u0161\u00ed okruh","og_url":"https:\/\/www.lkbaba.sk\/sk\/lyziarske-stredisko-pezinska-baba\/bezkarske-trate\/","og_site_name":"Ly\u017eiarske stredisko - Pezinsk\u00e1 Baba","article_modified_time":"2025-01-27T08:56:54+00:00","twitter_card":"summary_large_image","twitter_misc":{"Predpokladan\u00fd \u010das \u010d\u00edtania":"2 min\u00faty"},"schema":{"@context":"https:\/\/schema.org","@graph":[{"@type":"WebPage","@id":"https:\/\/www.lkbaba.sk\/sk\/lyziarske-stredisko-pezinska-baba\/bezkarske-trate\/","url":"https:\/\/www.lkbaba.sk\/sk\/lyziarske-stredisko-pezinska-baba\/bezkarske-trate\/","name":"Be\u017ek\u00e1rske trate - Ly\u017eiarske stredisko - Pezinsk\u00e1 Baba - okruhy 2, 3, 5 km","isPartOf":{"@id":"https:\/\/www.lkbaba.sk\/sk\/#website"},"datePublished":"2017-06-20T05:53:36+00:00","dateModified":"2025-01-27T08:56:54+00:00","description":"V stredisku s\u00fa trate pre be\u017eeck\u00e9 ly\u017eovanie v d\u013a\u017ekach 1, 2 a 5 km. Najmenej n\u00e1ro\u010dn\u00fd be\u017ek\u00e1rsky okruh, najdlh\u0161\u00ed okruh s prev\u00fd\u0161en\u00edm 144 m, najob\u013e\u00fabenej\u0161\u00ed okruh","breadcrumb":{"@id":"https:\/\/www.lkbaba.sk\/sk\/lyziarske-stredisko-pezinska-baba\/bezkarske-trate\/#breadcrumb"},"inLanguage":"sk-SK","potentialAction":[{"@type":"ReadAction","target":["https:\/\/www.lkbaba.sk\/sk\/lyziarske-stredisko-pezinska-baba\/bezkarske-trate\/"]}]},{"@type":"BreadcrumbList","@id":"https:\/\/www.lkbaba.sk\/sk\/lyziarske-stredisko-pezinska-baba\/bezkarske-trate\/#breadcrumb","itemListElement":[{"@type":"ListItem","position":1,"name":"Home","item":"https:\/\/www.lkbaba.sk\/sk\/"},{"@type":"ListItem","position":2,"name":"Ly\u017eiarske stredisko Pezinsk\u00e1 Baba","item":"https:\/\/www.lkbaba.sk\/sk\/lyziarske-stredisko-pezinska-baba\/"},{"@type":"ListItem","position":3,"name":"Be\u017ek\u00e1rske trate"}]},{"@type":"WebSite","@id":"https:\/\/www.lkbaba.sk\/sk\/#website","url":"https:\/\/www.lkbaba.sk\/sk\/","name":"Ly\u017eiarske stredisko - Pezinsk\u00e1 Baba","description":"","publisher":{"@id":"https:\/\/www.lkbaba.sk\/sk\/#organization"},"potentialAction":[{"@type":"SearchAction","target":{"@type":"EntryPoint","urlTemplate":"https:\/\/www.lkbaba.sk\/sk\/?s={search_term_string}"},"query-input":{"@type":"PropertyValueSpecification","valueRequired":true,"valueName":"search_term_string"}}],"inLanguage":"sk-SK"},{"@type":"Organization","@id":"https:\/\/www.lkbaba.sk\/sk\/#organization","name":"LK BABA","url":"https:\/\/www.lkbaba.sk\/sk\/","logo":{"@type":"ImageObject","inLanguage":"sk-SK","@id":"https:\/\/www.lkbaba.sk\/sk\/#\/schema\/logo\/image\/","url":"https:\/\/www.lkbaba.sk\/sk\/wp-content\/uploads\/2017\/06\/logo.png","contentUrl":"https:\/\/www.lkbaba.sk\/sk\/wp-content\/uploads\/2017\/06\/logo.png","width":600,"height":570,"caption":"LK BABA"},"image":{"@id":"https:\/\/www.lkbaba.sk\/sk\/#\/schema\/logo\/image\/"}}]}},"_links":{"self":[{"href":"https:\/\/www.lkbaba.sk\/sk\/wp-json\/wp\/v2\/pages\/1270","targetHints":{"allow":["GET"]}}],"collection":[{"href":"https:\/\/www.lkbaba.sk\/sk\/wp-json\/wp\/v2\/pages"}],"about":[{"href":"https:\/\/www.lkbaba.sk\/sk\/wp-json\/wp\/v2\/types\/page"}],"author":[{"embeddable":true,"href":"https:\/\/www.lkbaba.sk\/sk\/wp-json\/wp\/v2\/users\/3"}],"replies":[{"embeddable":true,"href":"https:\/\/www.lkbaba.sk\/sk\/wp-json\/wp\/v2\/comments?post=1270"}],"version-history":[{"count":46,"href":"https:\/\/www.lkbaba.sk\/sk\/wp-json\/wp\/v2\/pages\/1270\/revisions"}],"predecessor-version":[{"id":6567,"href":"https:\/\/www.lkbaba.sk\/sk\/wp-json\/wp\/v2\/pages\/1270\/revisions\/6567"}],"up":[{"embeddable":true,"href":"https:\/\/www.lkbaba.sk\/sk\/wp-json\/wp\/v2\/pages\/1103"}],"wp:attachment":[{"href":"https:\/\/www.lkbaba.sk\/sk\/wp-json\/wp\/v2\/media?parent=1270"}],"curies":[{"name":"wp","href":"https:\/\/api.w.org\/{rel}","templated":true}]}}