{"id":1290,"date":"2017-06-20T08:52:42","date_gmt":"2017-06-20T06:52:42","guid":{"rendered":"http:\/\/www.lkbaba.sk\/sk\/?page_id=1290"},"modified":"2017-08-07T16:05:28","modified_gmt":"2017-08-07T14:05:28","slug":"bezkarsky-okruh-2-km","status":"publish","type":"page","link":"https:\/\/www.lkbaba.sk\/sk\/lyziarske-stredisko-pezinska-baba\/bezkarske-trate\/bezkarsky-okruh-2-km\/","title":{"rendered":"Be\u017ek\u00e1rsky okruh 2 km"},"content":{"rendered":"<p>[vc_row][vc_column][vc_column_text]Na Pezinskej Babe sa strojovo udr\u017eiavaj\u00fa be\u017ek\u00e1rske okruhy. <strong>Najkrat\u0161\u00ed 2km okruh je najmenej n\u00e1ro\u010dn\u00fd.<\/strong> Vhodn\u00fd je pre za\u010diato\u010dn\u00edkov, rodinn\u00e9 prech\u00e1dzky na be\u017ek\u00e1ch \u010di pre be\u017ek\u00e1rov ktor\u00ed sa radi kochaj\u00fa v menej n\u00e1ro\u010dnom ter\u00e9ne. Celkov\u00e9 prev\u00fd\u0161enie na okruhu je 48m.[\/vc_column_text][vc_empty_space height=&#8220;35px&#8220;]<div class=\"columns_wrap sc_columns columns_nofluid sc_columns_count_2\"><div class=\"column-1_2 sc_column_item sc_column_item_1 odd first\">[vc_single_image image=&#8220;1292&#8243; img_size=&#8220;medium&#8220; onclick=&#8220;img_link_large&#8220;]<\/div><div class=\"column-1_2 sc_column_item sc_column_item_2 even\">[vc_single_image image=&#8220;1291&#8243; img_size=&#8220;full&#8220; alignment=&#8220;center&#8220;]<\/div><\/div>[vc_custom_heading text=&#8220;Opis okruhu&#8220; font_container=&#8220;tag:h4|text_align:left&#8220; use_theme_fonts=&#8220;yes&#8220;][vc_column_text]Hne\u010f po \u0161tarte nasleduje tiahle st\u00fapanie k hornej stanici vlekov na najvy\u0161\u0161\u00ed bod okruhu. Nasleduje krat\u0161\u00ed zjazd na konci ktor\u00e9ho je doprava spojnica ktorou sa d\u00e1 skr\u00e1ti\u0165 3km. Nasleduje poklesnutie a rovn\u00fd \u00fasek otvorenou plochou. na konci sa okruh zat\u00e1\u010da vpravo a po \u010dervenej zna\u010dke nasleduje najr\u00fdchlej\u0161\u00ed zjazd na okruhu. Bezprostredne za n\u00edm u\u017e nasleduje tiahle st\u00fapanie k ce\u013eu.<\/p>\n<p>[\/vc_column_text][vc_custom_heading text=&#8220;Z\u00e1znam okruhu&#8220; font_container=&#8220;tag:h4|text_align:left&#8220; use_theme_fonts=&#8220;yes&#8220;]<div class=\"columns_wrap sc_columns columns_nofluid sc_columns_count_2\"><div class=\"column-1_2 sc_column_item sc_column_item_1 odd first\">[vc_single_image image=&#8220;1309&#8243; img_size=&#8220;full&#8220;]<\/div><div class=\"column-1_2 sc_column_item sc_column_item_2 even\">[vc_single_image image=&#8220;1310&#8243; img_size=&#8220;full&#8220;]<\/div><\/div>[vc_custom_heading text=&#8220;\u0160tatitick\u00e9 \u00fadaje okruhu&#8220; font_container=&#8220;tag:h4|text_align:left&#8220; use_theme_fonts=&#8220;yes&#8220;]<div class=\"columns_wrap sc_columns columns_nofluid sc_columns_count_2\"><div class=\"column-1_2 sc_column_item sc_column_item_1 odd first\">[vc_column_text]<\/p>\n<ul>\n<li>celkov\u00e1 vzdialenos\u0165 : 1.97km<\/li>\n<li>celkov\u00e1 vzdialenos\u0165 uzavret\u00e9ho okruhu: 1.89km<\/li>\n<li>tot\u00e1lne vyst\u00fapan\u00fdch metrov: 48m<\/li>\n<li>\u0161\u00edrka upravovan\u00e9ho okruhu: 4m<\/li>\n<li>najvys\u0161\u00ed bod trasy: 596m \u2013 pri vlekoch<\/li>\n<li>najni\u017e\u0161\u00ed bod trasy:528m<\/li>\n<\/ul>\n<p>[\/vc_column_text]<\/div><div class=\"column-1_2 sc_column_item sc_column_item_2 even\">[vc_column_text]<\/p>\n<ul>\n<li>nadmorsk\u00e1 v\u00fd\u0161ka \u0161tartu a cie\u013ea: 567m<\/li>\n<li>najdlh\u0161ie s\u00favisl\u00e9 st\u00fapanie: 460m vyst\u00fapan\u00e9 31m priemern\u00e9 stupanie 6.7%<\/li>\n<li>po\u010det st\u00fapan\u00ed typu A: 2 (dlh\u00e9 tiahle)<\/li>\n<li>po\u010det st\u00fapan\u00ed typu B: 1 (kr\u00e1tke)<\/li>\n<li>po\u010det st\u00fapan\u00ed typu C: 0 (strm\u00e9 nad 9%)<\/li>\n<\/ul>\n<p>[\/vc_column_text]<\/div><\/div>[vc_empty_space height=&#8220;50px&#8220;][vc_column_text]<strong>Taktie\u017e tu za\u010d\u00edna dia\u013ekov\u00e1 trasa Baba \u2013 Bratislava, ktor\u00e1 v\u0161ak nie je strojovo upravovan\u00e1.<\/strong><\/p>\n<p>Zdroj: <a href=\"http:\/\/www.sportreport.sk\" target=\"_blank\" rel=\"noopener noreferrer\">www.sportreport.sk<\/a>[\/vc_column_text][vc_empty_space height=&#8220;50px&#8220;]<blockquote class=\"sc_quote\" data-animation=\"animated fadeIn normal\"><p>Pr\u00edspevok na \u00fapravu trat\u00ed je dobrovo\u013en\u00fd ale o to viac v\u00edtan\u00fd.<\/p><\/blockquote>[vc_gmaps link=&#8220;#E-8_JTNDaWZyYW1lJTIwc3JjJTNEJTIyaHR0cHMlM0ElMkYlMkZ3d3cuZ29vZ2xlLmNvbSUyRm1hcHMlMkZlbWJlZCUzRnBiJTNEJTIxMW0xOCUyMTFtMTIlMjExbTMlMjExZDE2OTg1Mi44MDUyOTIxMDM3JTIxMmQxNy4xMzY5NDYyNTQzOTI1OTQlMjEzZDQ4LjMwMzgxMTQ2NjkzMzkzJTIxMm0zJTIxMWYwJTIxMmYwJTIxM2YwJTIxM20yJTIxMWkxMDI0JTIxMmk3NjglMjE0ZjEzLjElMjEzbTMlMjExbTIlMjExczB4NDc2Yzk0MzYwMWIyMmY2ZiUyNTNBMHg0MDQyMTdiMjU0NDEzNjZkJTIxMnNMeSUyNUM1JTI1QkVpYXJza2UlMkJzdHJlZGlza28lMkJQZXppbnNrJTI1QzMlMjVBMSUyQkJhYmElMjE1ZTAlMjEzbTIlMjExc3NrJTIxMnNzayUyMTR2MTQ5Nzk0NDk2MzI1OSUyMiUyMHdpZHRoJTNEJTIyMTkwMCUyMiUyMGhlaWdodCUzRCUyMjU1MCUyMiUyMGZyYW1lYm9yZGVyJTNEJTIyMCUyMiUyMHN0eWxlJTNEJTIyYm9yZGVyJTNBMCUyMiUyMGFsbG93ZnVsbHNjcmVlbiUzRSUzQyUyRmlmcmFtZSUzRQ==&#8220; size=&#8220;1900&#215;550&#8243;][\/vc_column][\/vc_row]<\/p>\n","protected":false},"excerpt":{"rendered":"<p>[vc_row][vc_column][vc_column_text]Na Pezinskej Babe sa strojovo udr\u017eiavaj\u00fa be\u017ek\u00e1rske okruhy. Najkrat\u0161\u00ed 2km okruh je najmenej n\u00e1ro\u010dn\u00fd. Vhodn\u00fd je pre za\u010diato\u010dn\u00edkov, rodinn\u00e9 prech\u00e1dzky na be\u017ek\u00e1ch \u010di pre be\u017ek\u00e1rov ktor\u00ed sa radi kochaj\u00fa v menej n\u00e1ro\u010dnom ter\u00e9ne. Celkov\u00e9 prev\u00fd\u0161enie na okruhu je 48m.[\/vc_column_text][vc_empty_space height=&#8220;35px&#8220;][vc_custom_heading text=&#8220;Opis okruhu&#8220; font_container=&#8220;tag:h4|text_align:left&#8220; use_theme_fonts=&#8220;yes&#8220;][vc_column_text]Hne\u010f po \u0161tarte nasleduje tiahle st\u00fapanie k hornej stanici vlekov na najvy\u0161\u0161\u00ed [&hellip;]<\/p>\n","protected":false},"author":3,"featured_media":0,"parent":1270,"menu_order":1,"comment_status":"closed","ping_status":"closed","template":"","meta":{"footnotes":""},"class_list":["post-1290","page","type-page","status-publish","hentry"],"yoast_head":"<!-- This site is optimized with the Yoast SEO plugin v27.3 - https:\/\/yoast.com\/product\/yoast-seo-wordpress\/ -->\n<title>Be\u017ek\u00e1rsky okruh 2 km - Ly\u017eiarske stredisko - Pezinsk\u00e1 Baba<\/title>\n<meta name=\"description\" content=\"Na Pezinskej Babe sa strojovo udr\u017eiavaj\u00fa be\u017ek\u00e1rske okruhy. Najkrat\u0161\u00ed 2km okruh je najmenej n\u00e1ro\u010dn\u00fd. Vhodn\u00fd je pre za\u010diato\u010dn\u00edkov. Celkov\u00e9 prev\u00fd\u0161enie je 48m.\" \/>\n<meta name=\"robots\" content=\"index, follow, max-snippet:-1, max-image-preview:large, max-video-preview:-1\" \/>\n<link rel=\"canonical\" href=\"https:\/\/www.lkbaba.sk\/sk\/lyziarske-stredisko-pezinska-baba\/bezkarske-trate\/bezkarsky-okruh-2-km\/\" \/>\n<meta property=\"og:locale\" content=\"sk_SK\" \/>\n<meta property=\"og:type\" content=\"article\" \/>\n<meta property=\"og:title\" content=\"Be\u017ek\u00e1rsky okruh 2 km - Ly\u017eiarske stredisko - Pezinsk\u00e1 Baba\" \/>\n<meta property=\"og:description\" content=\"Na Pezinskej Babe sa strojovo udr\u017eiavaj\u00fa be\u017ek\u00e1rske okruhy. Najkrat\u0161\u00ed 2km okruh je najmenej n\u00e1ro\u010dn\u00fd. Vhodn\u00fd je pre za\u010diato\u010dn\u00edkov. Celkov\u00e9 prev\u00fd\u0161enie je 48m.\" \/>\n<meta property=\"og:url\" content=\"https:\/\/www.lkbaba.sk\/sk\/lyziarske-stredisko-pezinska-baba\/bezkarske-trate\/bezkarsky-okruh-2-km\/\" \/>\n<meta property=\"og:site_name\" content=\"Ly\u017eiarske stredisko - Pezinsk\u00e1 Baba\" \/>\n<meta property=\"article:modified_time\" content=\"2017-08-07T14:05:28+00:00\" \/>\n<meta name=\"twitter:card\" content=\"summary_large_image\" \/>\n<meta name=\"twitter:label1\" content=\"Predpokladan\u00fd \u010das \u010d\u00edtania\" \/>\n\t<meta name=\"twitter:data1\" content=\"2 min\u00faty\" \/>\n<script type=\"application\/ld+json\" class=\"yoast-schema-graph\">{\"@context\":\"https:\\\/\\\/schema.org\",\"@graph\":[{\"@type\":\"WebPage\",\"@id\":\"https:\\\/\\\/www.lkbaba.sk\\\/sk\\\/lyziarske-stredisko-pezinska-baba\\\/bezkarske-trate\\\/bezkarsky-okruh-2-km\\\/\",\"url\":\"https:\\\/\\\/www.lkbaba.sk\\\/sk\\\/lyziarske-stredisko-pezinska-baba\\\/bezkarske-trate\\\/bezkarsky-okruh-2-km\\\/\",\"name\":\"Be\u017ek\u00e1rsky okruh 2 km - Ly\u017eiarske stredisko - Pezinsk\u00e1 Baba\",\"isPartOf\":{\"@id\":\"https:\\\/\\\/www.lkbaba.sk\\\/sk\\\/#website\"},\"datePublished\":\"2017-06-20T06:52:42+00:00\",\"dateModified\":\"2017-08-07T14:05:28+00:00\",\"description\":\"Na Pezinskej Babe sa strojovo udr\u017eiavaj\u00fa be\u017ek\u00e1rske okruhy. Najkrat\u0161\u00ed 2km okruh je najmenej n\u00e1ro\u010dn\u00fd. Vhodn\u00fd je pre za\u010diato\u010dn\u00edkov. Celkov\u00e9 prev\u00fd\u0161enie je 48m.\",\"breadcrumb\":{\"@id\":\"https:\\\/\\\/www.lkbaba.sk\\\/sk\\\/lyziarske-stredisko-pezinska-baba\\\/bezkarske-trate\\\/bezkarsky-okruh-2-km\\\/#breadcrumb\"},\"inLanguage\":\"sk-SK\",\"potentialAction\":[{\"@type\":\"ReadAction\",\"target\":[\"https:\\\/\\\/www.lkbaba.sk\\\/sk\\\/lyziarske-stredisko-pezinska-baba\\\/bezkarske-trate\\\/bezkarsky-okruh-2-km\\\/\"]}]},{\"@type\":\"BreadcrumbList\",\"@id\":\"https:\\\/\\\/www.lkbaba.sk\\\/sk\\\/lyziarske-stredisko-pezinska-baba\\\/bezkarske-trate\\\/bezkarsky-okruh-2-km\\\/#breadcrumb\",\"itemListElement\":[{\"@type\":\"ListItem\",\"position\":1,\"name\":\"Home\",\"item\":\"https:\\\/\\\/www.lkbaba.sk\\\/sk\\\/\"},{\"@type\":\"ListItem\",\"position\":2,\"name\":\"Ly\u017eiarske stredisko Pezinsk\u00e1 Baba\",\"item\":\"https:\\\/\\\/www.lkbaba.sk\\\/sk\\\/lyziarske-stredisko-pezinska-baba\\\/\"},{\"@type\":\"ListItem\",\"position\":3,\"name\":\"Be\u017ek\u00e1rske trate\",\"item\":\"https:\\\/\\\/www.lkbaba.sk\\\/sk\\\/lyziarske-stredisko-pezinska-baba\\\/bezkarske-trate\\\/\"},{\"@type\":\"ListItem\",\"position\":4,\"name\":\"Be\u017ek\u00e1rsky okruh 2 km\"}]},{\"@type\":\"WebSite\",\"@id\":\"https:\\\/\\\/www.lkbaba.sk\\\/sk\\\/#website\",\"url\":\"https:\\\/\\\/www.lkbaba.sk\\\/sk\\\/\",\"name\":\"Ly\u017eiarske stredisko - Pezinsk\u00e1 Baba\",\"description\":\"\",\"publisher\":{\"@id\":\"https:\\\/\\\/www.lkbaba.sk\\\/sk\\\/#organization\"},\"potentialAction\":[{\"@type\":\"SearchAction\",\"target\":{\"@type\":\"EntryPoint\",\"urlTemplate\":\"https:\\\/\\\/www.lkbaba.sk\\\/sk\\\/?s={search_term_string}\"},\"query-input\":{\"@type\":\"PropertyValueSpecification\",\"valueRequired\":true,\"valueName\":\"search_term_string\"}}],\"inLanguage\":\"sk-SK\"},{\"@type\":\"Organization\",\"@id\":\"https:\\\/\\\/www.lkbaba.sk\\\/sk\\\/#organization\",\"name\":\"LK BABA\",\"url\":\"https:\\\/\\\/www.lkbaba.sk\\\/sk\\\/\",\"logo\":{\"@type\":\"ImageObject\",\"inLanguage\":\"sk-SK\",\"@id\":\"https:\\\/\\\/www.lkbaba.sk\\\/sk\\\/#\\\/schema\\\/logo\\\/image\\\/\",\"url\":\"https:\\\/\\\/www.lkbaba.sk\\\/sk\\\/wp-content\\\/uploads\\\/2017\\\/06\\\/logo.png\",\"contentUrl\":\"https:\\\/\\\/www.lkbaba.sk\\\/sk\\\/wp-content\\\/uploads\\\/2017\\\/06\\\/logo.png\",\"width\":600,\"height\":570,\"caption\":\"LK BABA\"},\"image\":{\"@id\":\"https:\\\/\\\/www.lkbaba.sk\\\/sk\\\/#\\\/schema\\\/logo\\\/image\\\/\"}}]}<\/script>\n<!-- \/ Yoast SEO plugin. -->","yoast_head_json":{"title":"Be\u017ek\u00e1rsky okruh 2 km - Ly\u017eiarske stredisko - Pezinsk\u00e1 Baba","description":"Na Pezinskej Babe sa strojovo udr\u017eiavaj\u00fa be\u017ek\u00e1rske okruhy. Najkrat\u0161\u00ed 2km okruh je najmenej n\u00e1ro\u010dn\u00fd. Vhodn\u00fd je pre za\u010diato\u010dn\u00edkov. Celkov\u00e9 prev\u00fd\u0161enie je 48m.","robots":{"index":"index","follow":"follow","max-snippet":"max-snippet:-1","max-image-preview":"max-image-preview:large","max-video-preview":"max-video-preview:-1"},"canonical":"https:\/\/www.lkbaba.sk\/sk\/lyziarske-stredisko-pezinska-baba\/bezkarske-trate\/bezkarsky-okruh-2-km\/","og_locale":"sk_SK","og_type":"article","og_title":"Be\u017ek\u00e1rsky okruh 2 km - Ly\u017eiarske stredisko - Pezinsk\u00e1 Baba","og_description":"Na Pezinskej Babe sa strojovo udr\u017eiavaj\u00fa be\u017ek\u00e1rske okruhy. Najkrat\u0161\u00ed 2km okruh je najmenej n\u00e1ro\u010dn\u00fd. Vhodn\u00fd je pre za\u010diato\u010dn\u00edkov. Celkov\u00e9 prev\u00fd\u0161enie je 48m.","og_url":"https:\/\/www.lkbaba.sk\/sk\/lyziarske-stredisko-pezinska-baba\/bezkarske-trate\/bezkarsky-okruh-2-km\/","og_site_name":"Ly\u017eiarske stredisko - Pezinsk\u00e1 Baba","article_modified_time":"2017-08-07T14:05:28+00:00","twitter_card":"summary_large_image","twitter_misc":{"Predpokladan\u00fd \u010das \u010d\u00edtania":"2 min\u00faty"},"schema":{"@context":"https:\/\/schema.org","@graph":[{"@type":"WebPage","@id":"https:\/\/www.lkbaba.sk\/sk\/lyziarske-stredisko-pezinska-baba\/bezkarske-trate\/bezkarsky-okruh-2-km\/","url":"https:\/\/www.lkbaba.sk\/sk\/lyziarske-stredisko-pezinska-baba\/bezkarske-trate\/bezkarsky-okruh-2-km\/","name":"Be\u017ek\u00e1rsky okruh 2 km - Ly\u017eiarske stredisko - Pezinsk\u00e1 Baba","isPartOf":{"@id":"https:\/\/www.lkbaba.sk\/sk\/#website"},"datePublished":"2017-06-20T06:52:42+00:00","dateModified":"2017-08-07T14:05:28+00:00","description":"Na Pezinskej Babe sa strojovo udr\u017eiavaj\u00fa be\u017ek\u00e1rske okruhy. Najkrat\u0161\u00ed 2km okruh je najmenej n\u00e1ro\u010dn\u00fd. Vhodn\u00fd je pre za\u010diato\u010dn\u00edkov. Celkov\u00e9 prev\u00fd\u0161enie je 48m.","breadcrumb":{"@id":"https:\/\/www.lkbaba.sk\/sk\/lyziarske-stredisko-pezinska-baba\/bezkarske-trate\/bezkarsky-okruh-2-km\/#breadcrumb"},"inLanguage":"sk-SK","potentialAction":[{"@type":"ReadAction","target":["https:\/\/www.lkbaba.sk\/sk\/lyziarske-stredisko-pezinska-baba\/bezkarske-trate\/bezkarsky-okruh-2-km\/"]}]},{"@type":"BreadcrumbList","@id":"https:\/\/www.lkbaba.sk\/sk\/lyziarske-stredisko-pezinska-baba\/bezkarske-trate\/bezkarsky-okruh-2-km\/#breadcrumb","itemListElement":[{"@type":"ListItem","position":1,"name":"Home","item":"https:\/\/www.lkbaba.sk\/sk\/"},{"@type":"ListItem","position":2,"name":"Ly\u017eiarske stredisko Pezinsk\u00e1 Baba","item":"https:\/\/www.lkbaba.sk\/sk\/lyziarske-stredisko-pezinska-baba\/"},{"@type":"ListItem","position":3,"name":"Be\u017ek\u00e1rske trate","item":"https:\/\/www.lkbaba.sk\/sk\/lyziarske-stredisko-pezinska-baba\/bezkarske-trate\/"},{"@type":"ListItem","position":4,"name":"Be\u017ek\u00e1rsky okruh 2 km"}]},{"@type":"WebSite","@id":"https:\/\/www.lkbaba.sk\/sk\/#website","url":"https:\/\/www.lkbaba.sk\/sk\/","name":"Ly\u017eiarske stredisko - Pezinsk\u00e1 Baba","description":"","publisher":{"@id":"https:\/\/www.lkbaba.sk\/sk\/#organization"},"potentialAction":[{"@type":"SearchAction","target":{"@type":"EntryPoint","urlTemplate":"https:\/\/www.lkbaba.sk\/sk\/?s={search_term_string}"},"query-input":{"@type":"PropertyValueSpecification","valueRequired":true,"valueName":"search_term_string"}}],"inLanguage":"sk-SK"},{"@type":"Organization","@id":"https:\/\/www.lkbaba.sk\/sk\/#organization","name":"LK BABA","url":"https:\/\/www.lkbaba.sk\/sk\/","logo":{"@type":"ImageObject","inLanguage":"sk-SK","@id":"https:\/\/www.lkbaba.sk\/sk\/#\/schema\/logo\/image\/","url":"https:\/\/www.lkbaba.sk\/sk\/wp-content\/uploads\/2017\/06\/logo.png","contentUrl":"https:\/\/www.lkbaba.sk\/sk\/wp-content\/uploads\/2017\/06\/logo.png","width":600,"height":570,"caption":"LK BABA"},"image":{"@id":"https:\/\/www.lkbaba.sk\/sk\/#\/schema\/logo\/image\/"}}]}},"_links":{"self":[{"href":"https:\/\/www.lkbaba.sk\/sk\/wp-json\/wp\/v2\/pages\/1290","targetHints":{"allow":["GET"]}}],"collection":[{"href":"https:\/\/www.lkbaba.sk\/sk\/wp-json\/wp\/v2\/pages"}],"about":[{"href":"https:\/\/www.lkbaba.sk\/sk\/wp-json\/wp\/v2\/types\/page"}],"author":[{"embeddable":true,"href":"https:\/\/www.lkbaba.sk\/sk\/wp-json\/wp\/v2\/users\/3"}],"replies":[{"embeddable":true,"href":"https:\/\/www.lkbaba.sk\/sk\/wp-json\/wp\/v2\/comments?post=1290"}],"version-history":[{"count":24,"href":"https:\/\/www.lkbaba.sk\/sk\/wp-json\/wp\/v2\/pages\/1290\/revisions"}],"predecessor-version":[{"id":1322,"href":"https:\/\/www.lkbaba.sk\/sk\/wp-json\/wp\/v2\/pages\/1290\/revisions\/1322"}],"up":[{"embeddable":true,"href":"https:\/\/www.lkbaba.sk\/sk\/wp-json\/wp\/v2\/pages\/1270"}],"wp:attachment":[{"href":"https:\/\/www.lkbaba.sk\/sk\/wp-json\/wp\/v2\/media?parent=1290"}],"curies":[{"name":"wp","href":"https:\/\/api.w.org\/{rel}","templated":true}]}}