{"id":1323,"date":"2017-06-20T10:02:47","date_gmt":"2017-06-20T08:02:47","guid":{"rendered":"http:\/\/www.lkbaba.sk\/sk\/?page_id=1323"},"modified":"2017-08-07T16:09:26","modified_gmt":"2017-08-07T14:09:26","slug":"bezkarsky-okruh-3-km","status":"publish","type":"page","link":"https:\/\/www.lkbaba.sk\/sk\/lyziarske-stredisko-pezinska-baba\/bezkarske-trate\/bezkarsky-okruh-3-km\/","title":{"rendered":"Be\u017ek\u00e1rsky okruh 3 km"},"content":{"rendered":"<p>[vc_row][vc_column][vc_column_text]Na Pezinskej Babe sa strojovo udr\u017eiavaj\u00fa be\u017ek\u00e1rske okruhy. Najdlh\u0161\u00edm z nich je 5km okruh ale<strong> najviac vyu\u017e\u00edvan\u00fd je 3km okruh<\/strong>. Tento okruh je menej n\u00e1ro\u010dn\u00fd na snehov\u00e9 podmienky a rovnako je aj <strong>menej fyzicky n\u00e1ro\u010dn\u00fd<\/strong>. Rovnako ako 5km, aj 3km okruh je strojovo upravovan\u00fd pre klasick\u00fd \u0161t\u00fdl ako aj pre vo\u013en\u00fd \u0161t\u00fdl so \u0161\u00edrkou 4m a celkov\u00fdm prev\u00fd\u0161en\u00edm 80m.[\/vc_column_text][vc_empty_space height=&#8220;35px&#8220;]<div class=\"columns_wrap sc_columns columns_nofluid sc_columns_count_2\"><div class=\"column-1_2 sc_column_item sc_column_item_1 odd first\">[vc_single_image image=&#8220;1336&#8243; img_size=&#8220;medium&#8220; onclick=&#8220;img_link_large&#8220;]<\/div><div class=\"column-1_2 sc_column_item sc_column_item_2 even\">[vc_single_image image=&#8220;1335&#8243; img_size=&#8220;full&#8220; alignment=&#8220;center&#8220;]<\/div><\/div>[vc_custom_heading text=&#8220;Opis okruhu&#8220; font_container=&#8220;tag:h4|text_align:left&#8220; use_theme_fonts=&#8220;yes&#8220;][vc_column_text]Hne\u010f po \u0161tarte nasleduje tiahle st\u00fapanie k hornej stanici vlekov v d\u013a\u017eke 411m kde nast\u00fapame 29 v\u00fd\u0161kov\u00fdch metrov. Nasleduje krat\u0161\u00ed zjazd nasledovan\u00fd relat\u00edvne ostrou z\u00e1krutou v\u013eavo a najstrm\u0161\u00edm st\u00fapan\u00edm na najvy\u0161\u0161\u00ed bod Korenn\u00fd vrch. Tam u\u017e m\u00e1me cca 1km za sebou a po ve\u013emi jemne zvlnenom ter\u00e9ne sa r\u00e1time k vleku. Po ostrej z\u00e1krute vpravo pri vleku nasleduje mierne klesanie do hustn\u00edkov\u00e9ho lesa a postupn\u00fdm st\u00e1\u010dan\u00edm dopava vy\u00fastime na cestu sp\u00e1jaj\u00facu modr\u00fa turistick\u00fa zna\u010dku s \u010dervenou. V s\u00fa\u010dasnosti je odtia\u013eto vyr\u00faban\u00fd les a pekn\u00fd v\u00fdh\u013ead na Pezinok. Nasleduje klesanie a takmer sa dotkneme s protismernou \u010das\u0165ou trasy. To sme na cca 2. kilometri.<\/p>\n<p>Nasleduje \u010fa\u013e\u0161ie klesnutie za ktor\u00fdm je rovinka kon\u010diaca z\u00e1krutou vpravo a n\u00e1sledne nasleduje r\u00fdchly zjazd\u00edk na najni\u017e\u0161\u00ed bod okruhu. Tun\u00e1 sa aj prip\u00e1ja 5km okruh. Odtia\u013eko nasleduje st\u00fapanie a\u017e takmer k cie\u013eu ktor\u00e9 je preru\u0161en\u00e9 kr\u00e1tkym poklesnut\u00edm a n\u00e1sledne rovnako ve\u013ek\u00fdm nast\u00fapan\u00edm a u\u017e sa ocit\u00e1me v priestore \u0161tartu a cie\u013ea.[\/vc_column_text][vc_custom_heading text=&#8220;Z\u00e1znam okruhu&#8220; font_container=&#8220;tag:h4|text_align:left&#8220; use_theme_fonts=&#8220;yes&#8220;]<div class=\"columns_wrap sc_columns columns_nofluid sc_columns_count_2\"><div class=\"column-1_2 sc_column_item sc_column_item_1 odd first\">[vc_single_image image=&#8220;1339&#8243; img_size=&#8220;full&#8220;]<\/div><div class=\"column-1_2 sc_column_item sc_column_item_2 even\">[vc_single_image image=&#8220;1340&#8243; img_size=&#8220;full&#8220;]<\/div><\/div>[vc_custom_heading text=&#8220;\u0160tatitick\u00e9 \u00fadaje okruhu&#8220; font_container=&#8220;tag:h4|text_align:left&#8220; use_theme_fonts=&#8220;yes&#8220;]<div class=\"columns_wrap sc_columns columns_nofluid sc_columns_count_2\"><div class=\"column-1_2 sc_column_item sc_column_item_1 odd first\">[vc_column_text]<\/p>\n<ul>\n<li>celkov\u00e1 vzdialenos\u0165 : 2.97km<\/li>\n<li>celkov\u00e1 vzdialenos\u0165 uzavret\u00e9ho okruhu: 2.85km<\/li>\n<li>tot\u00e1lne vyst\u00fapan\u00fdch metrov: 80m<\/li>\n<li>\u0161\u00edrka upravovan\u00e9ho okruhu 4m<\/li>\n<li>najvys\u0161\u00ed bod trasy: 599m \u2013 Korenn\u00fd vrch<\/li>\n<li>najni\u017e\u0161\u00ed bod trasy:528m<\/li>\n<\/ul>\n<p>[\/vc_column_text]<\/div><div class=\"column-1_2 sc_column_item sc_column_item_2 even\">[vc_column_text]<\/p>\n<ul>\n<li>nadmorsk\u00e1 v\u00fd\u0161ka \u0161tartu a cie\u013ea: 567m<\/li>\n<li>najdlh\u0161ie s\u00favisl\u00e9 st\u00fapanie: 460m vyst\u00fapan\u00e9 31m priemern\u00e9 stupanie 6.7%<\/li>\n<li>najta\u017e\u0161ie st\u00fapanie: 13.5% v \u00faseku na Korenn\u00fd Vrch<\/li>\n<li>po\u010det st\u00fapan\u00ed typu A: 3 (dlh\u00e9 tiahle)<\/li>\n<li>po\u010det st\u00fapan\u00ed typu B: 1 (kr\u00e1tke)<\/li>\n<li>po\u010det st\u00fapan\u00ed typu C: 1 (strm\u00e9 nad 9%)<\/li>\n<\/ul>\n<p>[\/vc_column_text]<\/div><\/div>[vc_empty_space height=&#8220;50px&#8220;][vc_column_text]<strong>Taktie\u017e tu za\u010d\u00edna dia\u013ekov\u00e1 trasa Baba \u2013 Bratislava, ktor\u00e1 v\u0161ak nie je strojovo upravovan\u00e1.<\/strong><\/p>\n<p>Zdroj: <a href=\"http:\/\/www.sportreport.sk\" target=\"_blank\" rel=\"noopener noreferrer\">www.sportreport.sk<\/a>[\/vc_column_text][vc_empty_space height=&#8220;50px&#8220;]<blockquote class=\"sc_quote\" data-animation=\"animated fadeIn normal\"><p>Pr\u00edspevok na \u00fapravu trat\u00ed je dobrovo\u013en\u00fd ale o to viac v\u00edtan\u00fd.<\/p><\/blockquote>[vc_gmaps link=&#8220;#E-8_JTNDaWZyYW1lJTIwc3JjJTNEJTIyaHR0cHMlM0ElMkYlMkZ3d3cuZ29vZ2xlLmNvbSUyRm1hcHMlMkZlbWJlZCUzRnBiJTNEJTIxMW0xOCUyMTFtMTIlMjExbTMlMjExZDE2OTg1Mi44MDUyOTIxMDM3JTIxMmQxNy4xMzY5NDYyNTQzOTI1OTQlMjEzZDQ4LjMwMzgxMTQ2NjkzMzkzJTIxMm0zJTIxMWYwJTIxMmYwJTIxM2YwJTIxM20yJTIxMWkxMDI0JTIxMmk3NjglMjE0ZjEzLjElMjEzbTMlMjExbTIlMjExczB4NDc2Yzk0MzYwMWIyMmY2ZiUyNTNBMHg0MDQyMTdiMjU0NDEzNjZkJTIxMnNMeSUyNUM1JTI1QkVpYXJza2UlMkJzdHJlZGlza28lMkJQZXppbnNrJTI1QzMlMjVBMSUyQkJhYmElMjE1ZTAlMjEzbTIlMjExc3NrJTIxMnNzayUyMTR2MTQ5Nzk0NDk2MzI1OSUyMiUyMHdpZHRoJTNEJTIyMTkwMCUyMiUyMGhlaWdodCUzRCUyMjU1MCUyMiUyMGZyYW1lYm9yZGVyJTNEJTIyMCUyMiUyMHN0eWxlJTNEJTIyYm9yZGVyJTNBMCUyMiUyMGFsbG93ZnVsbHNjcmVlbiUzRSUzQyUyRmlmcmFtZSUzRQ==&#8220; size=&#8220;1900&#215;550&#8243;][\/vc_column][\/vc_row]<\/p>\n","protected":false},"excerpt":{"rendered":"<p>[vc_row][vc_column][vc_column_text]Na Pezinskej Babe sa strojovo udr\u017eiavaj\u00fa be\u017ek\u00e1rske okruhy. Najdlh\u0161\u00edm z nich je 5km okruh ale najviac vyu\u017e\u00edvan\u00fd je 3km okruh. Tento okruh je menej n\u00e1ro\u010dn\u00fd na snehov\u00e9 podmienky a rovnako je aj menej fyzicky n\u00e1ro\u010dn\u00fd. Rovnako ako 5km, aj 3km okruh je strojovo upravovan\u00fd pre klasick\u00fd \u0161t\u00fdl ako aj pre vo\u013en\u00fd \u0161t\u00fdl so \u0161\u00edrkou 4m [&hellip;]<\/p>\n","protected":false},"author":3,"featured_media":0,"parent":1270,"menu_order":2,"comment_status":"closed","ping_status":"closed","template":"","meta":{"footnotes":""},"class_list":["post-1323","page","type-page","status-publish","hentry"],"yoast_head":"<!-- This site is optimized with the Yoast SEO plugin v27.3 - https:\/\/yoast.com\/product\/yoast-seo-wordpress\/ -->\n<title>Be\u017ek\u00e1rsky okruh 3 km - Ly\u017eiarske stredisko - Pezinsk\u00e1 Baba<\/title>\n<meta name=\"description\" content=\"Tento be\u017ek\u00e1rsky okruh je menej n\u00e1ro\u010dn\u00fd na snehov\u00e9 podmienky a rovnako je aj menej fyzicky n\u00e1ro\u010dn\u00fd. Strojovo udr\u017eiavaj\u00fa be\u017ek\u00e1rske okruhy.\" \/>\n<meta name=\"robots\" content=\"index, follow, max-snippet:-1, max-image-preview:large, max-video-preview:-1\" \/>\n<link rel=\"canonical\" href=\"https:\/\/www.lkbaba.sk\/sk\/lyziarske-stredisko-pezinska-baba\/bezkarske-trate\/bezkarsky-okruh-3-km\/\" \/>\n<meta property=\"og:locale\" content=\"sk_SK\" \/>\n<meta property=\"og:type\" content=\"article\" \/>\n<meta property=\"og:title\" content=\"Be\u017ek\u00e1rsky okruh 3 km - Ly\u017eiarske stredisko - Pezinsk\u00e1 Baba\" \/>\n<meta property=\"og:description\" content=\"Tento be\u017ek\u00e1rsky okruh je menej n\u00e1ro\u010dn\u00fd na snehov\u00e9 podmienky a rovnako je aj menej fyzicky n\u00e1ro\u010dn\u00fd. Strojovo udr\u017eiavaj\u00fa be\u017ek\u00e1rske okruhy.\" \/>\n<meta property=\"og:url\" content=\"https:\/\/www.lkbaba.sk\/sk\/lyziarske-stredisko-pezinska-baba\/bezkarske-trate\/bezkarsky-okruh-3-km\/\" \/>\n<meta property=\"og:site_name\" content=\"Ly\u017eiarske stredisko - Pezinsk\u00e1 Baba\" \/>\n<meta property=\"article:modified_time\" content=\"2017-08-07T14:09:26+00:00\" \/>\n<meta name=\"twitter:card\" content=\"summary_large_image\" \/>\n<meta name=\"twitter:label1\" content=\"Predpokladan\u00fd \u010das \u010d\u00edtania\" \/>\n\t<meta name=\"twitter:data1\" content=\"3 min\u00faty\" \/>\n<script type=\"application\/ld+json\" class=\"yoast-schema-graph\">{\"@context\":\"https:\\\/\\\/schema.org\",\"@graph\":[{\"@type\":\"WebPage\",\"@id\":\"https:\\\/\\\/www.lkbaba.sk\\\/sk\\\/lyziarske-stredisko-pezinska-baba\\\/bezkarske-trate\\\/bezkarsky-okruh-3-km\\\/\",\"url\":\"https:\\\/\\\/www.lkbaba.sk\\\/sk\\\/lyziarske-stredisko-pezinska-baba\\\/bezkarske-trate\\\/bezkarsky-okruh-3-km\\\/\",\"name\":\"Be\u017ek\u00e1rsky okruh 3 km - Ly\u017eiarske stredisko - Pezinsk\u00e1 Baba\",\"isPartOf\":{\"@id\":\"https:\\\/\\\/www.lkbaba.sk\\\/sk\\\/#website\"},\"datePublished\":\"2017-06-20T08:02:47+00:00\",\"dateModified\":\"2017-08-07T14:09:26+00:00\",\"description\":\"Tento be\u017ek\u00e1rsky okruh je menej n\u00e1ro\u010dn\u00fd na snehov\u00e9 podmienky a rovnako je aj menej fyzicky n\u00e1ro\u010dn\u00fd. Strojovo udr\u017eiavaj\u00fa be\u017ek\u00e1rske okruhy.\",\"breadcrumb\":{\"@id\":\"https:\\\/\\\/www.lkbaba.sk\\\/sk\\\/lyziarske-stredisko-pezinska-baba\\\/bezkarske-trate\\\/bezkarsky-okruh-3-km\\\/#breadcrumb\"},\"inLanguage\":\"sk-SK\",\"potentialAction\":[{\"@type\":\"ReadAction\",\"target\":[\"https:\\\/\\\/www.lkbaba.sk\\\/sk\\\/lyziarske-stredisko-pezinska-baba\\\/bezkarske-trate\\\/bezkarsky-okruh-3-km\\\/\"]}]},{\"@type\":\"BreadcrumbList\",\"@id\":\"https:\\\/\\\/www.lkbaba.sk\\\/sk\\\/lyziarske-stredisko-pezinska-baba\\\/bezkarske-trate\\\/bezkarsky-okruh-3-km\\\/#breadcrumb\",\"itemListElement\":[{\"@type\":\"ListItem\",\"position\":1,\"name\":\"Home\",\"item\":\"https:\\\/\\\/www.lkbaba.sk\\\/sk\\\/\"},{\"@type\":\"ListItem\",\"position\":2,\"name\":\"Ly\u017eiarske stredisko Pezinsk\u00e1 Baba\",\"item\":\"https:\\\/\\\/www.lkbaba.sk\\\/sk\\\/lyziarske-stredisko-pezinska-baba\\\/\"},{\"@type\":\"ListItem\",\"position\":3,\"name\":\"Be\u017ek\u00e1rske trate\",\"item\":\"https:\\\/\\\/www.lkbaba.sk\\\/sk\\\/lyziarske-stredisko-pezinska-baba\\\/bezkarske-trate\\\/\"},{\"@type\":\"ListItem\",\"position\":4,\"name\":\"Be\u017ek\u00e1rsky okruh 3 km\"}]},{\"@type\":\"WebSite\",\"@id\":\"https:\\\/\\\/www.lkbaba.sk\\\/sk\\\/#website\",\"url\":\"https:\\\/\\\/www.lkbaba.sk\\\/sk\\\/\",\"name\":\"Ly\u017eiarske stredisko - Pezinsk\u00e1 Baba\",\"description\":\"\",\"publisher\":{\"@id\":\"https:\\\/\\\/www.lkbaba.sk\\\/sk\\\/#organization\"},\"potentialAction\":[{\"@type\":\"SearchAction\",\"target\":{\"@type\":\"EntryPoint\",\"urlTemplate\":\"https:\\\/\\\/www.lkbaba.sk\\\/sk\\\/?s={search_term_string}\"},\"query-input\":{\"@type\":\"PropertyValueSpecification\",\"valueRequired\":true,\"valueName\":\"search_term_string\"}}],\"inLanguage\":\"sk-SK\"},{\"@type\":\"Organization\",\"@id\":\"https:\\\/\\\/www.lkbaba.sk\\\/sk\\\/#organization\",\"name\":\"LK BABA\",\"url\":\"https:\\\/\\\/www.lkbaba.sk\\\/sk\\\/\",\"logo\":{\"@type\":\"ImageObject\",\"inLanguage\":\"sk-SK\",\"@id\":\"https:\\\/\\\/www.lkbaba.sk\\\/sk\\\/#\\\/schema\\\/logo\\\/image\\\/\",\"url\":\"https:\\\/\\\/www.lkbaba.sk\\\/sk\\\/wp-content\\\/uploads\\\/2017\\\/06\\\/logo.png\",\"contentUrl\":\"https:\\\/\\\/www.lkbaba.sk\\\/sk\\\/wp-content\\\/uploads\\\/2017\\\/06\\\/logo.png\",\"width\":600,\"height\":570,\"caption\":\"LK BABA\"},\"image\":{\"@id\":\"https:\\\/\\\/www.lkbaba.sk\\\/sk\\\/#\\\/schema\\\/logo\\\/image\\\/\"}}]}<\/script>\n<!-- \/ Yoast SEO plugin. -->","yoast_head_json":{"title":"Be\u017ek\u00e1rsky okruh 3 km - Ly\u017eiarske stredisko - Pezinsk\u00e1 Baba","description":"Tento be\u017ek\u00e1rsky okruh je menej n\u00e1ro\u010dn\u00fd na snehov\u00e9 podmienky a rovnako je aj menej fyzicky n\u00e1ro\u010dn\u00fd. Strojovo udr\u017eiavaj\u00fa be\u017ek\u00e1rske okruhy.","robots":{"index":"index","follow":"follow","max-snippet":"max-snippet:-1","max-image-preview":"max-image-preview:large","max-video-preview":"max-video-preview:-1"},"canonical":"https:\/\/www.lkbaba.sk\/sk\/lyziarske-stredisko-pezinska-baba\/bezkarske-trate\/bezkarsky-okruh-3-km\/","og_locale":"sk_SK","og_type":"article","og_title":"Be\u017ek\u00e1rsky okruh 3 km - Ly\u017eiarske stredisko - Pezinsk\u00e1 Baba","og_description":"Tento be\u017ek\u00e1rsky okruh je menej n\u00e1ro\u010dn\u00fd na snehov\u00e9 podmienky a rovnako je aj menej fyzicky n\u00e1ro\u010dn\u00fd. Strojovo udr\u017eiavaj\u00fa be\u017ek\u00e1rske okruhy.","og_url":"https:\/\/www.lkbaba.sk\/sk\/lyziarske-stredisko-pezinska-baba\/bezkarske-trate\/bezkarsky-okruh-3-km\/","og_site_name":"Ly\u017eiarske stredisko - Pezinsk\u00e1 Baba","article_modified_time":"2017-08-07T14:09:26+00:00","twitter_card":"summary_large_image","twitter_misc":{"Predpokladan\u00fd \u010das \u010d\u00edtania":"3 min\u00faty"},"schema":{"@context":"https:\/\/schema.org","@graph":[{"@type":"WebPage","@id":"https:\/\/www.lkbaba.sk\/sk\/lyziarske-stredisko-pezinska-baba\/bezkarske-trate\/bezkarsky-okruh-3-km\/","url":"https:\/\/www.lkbaba.sk\/sk\/lyziarske-stredisko-pezinska-baba\/bezkarske-trate\/bezkarsky-okruh-3-km\/","name":"Be\u017ek\u00e1rsky okruh 3 km - Ly\u017eiarske stredisko - Pezinsk\u00e1 Baba","isPartOf":{"@id":"https:\/\/www.lkbaba.sk\/sk\/#website"},"datePublished":"2017-06-20T08:02:47+00:00","dateModified":"2017-08-07T14:09:26+00:00","description":"Tento be\u017ek\u00e1rsky okruh je menej n\u00e1ro\u010dn\u00fd na snehov\u00e9 podmienky a rovnako je aj menej fyzicky n\u00e1ro\u010dn\u00fd. Strojovo udr\u017eiavaj\u00fa be\u017ek\u00e1rske okruhy.","breadcrumb":{"@id":"https:\/\/www.lkbaba.sk\/sk\/lyziarske-stredisko-pezinska-baba\/bezkarske-trate\/bezkarsky-okruh-3-km\/#breadcrumb"},"inLanguage":"sk-SK","potentialAction":[{"@type":"ReadAction","target":["https:\/\/www.lkbaba.sk\/sk\/lyziarske-stredisko-pezinska-baba\/bezkarske-trate\/bezkarsky-okruh-3-km\/"]}]},{"@type":"BreadcrumbList","@id":"https:\/\/www.lkbaba.sk\/sk\/lyziarske-stredisko-pezinska-baba\/bezkarske-trate\/bezkarsky-okruh-3-km\/#breadcrumb","itemListElement":[{"@type":"ListItem","position":1,"name":"Home","item":"https:\/\/www.lkbaba.sk\/sk\/"},{"@type":"ListItem","position":2,"name":"Ly\u017eiarske stredisko Pezinsk\u00e1 Baba","item":"https:\/\/www.lkbaba.sk\/sk\/lyziarske-stredisko-pezinska-baba\/"},{"@type":"ListItem","position":3,"name":"Be\u017ek\u00e1rske trate","item":"https:\/\/www.lkbaba.sk\/sk\/lyziarske-stredisko-pezinska-baba\/bezkarske-trate\/"},{"@type":"ListItem","position":4,"name":"Be\u017ek\u00e1rsky okruh 3 km"}]},{"@type":"WebSite","@id":"https:\/\/www.lkbaba.sk\/sk\/#website","url":"https:\/\/www.lkbaba.sk\/sk\/","name":"Ly\u017eiarske stredisko - Pezinsk\u00e1 Baba","description":"","publisher":{"@id":"https:\/\/www.lkbaba.sk\/sk\/#organization"},"potentialAction":[{"@type":"SearchAction","target":{"@type":"EntryPoint","urlTemplate":"https:\/\/www.lkbaba.sk\/sk\/?s={search_term_string}"},"query-input":{"@type":"PropertyValueSpecification","valueRequired":true,"valueName":"search_term_string"}}],"inLanguage":"sk-SK"},{"@type":"Organization","@id":"https:\/\/www.lkbaba.sk\/sk\/#organization","name":"LK BABA","url":"https:\/\/www.lkbaba.sk\/sk\/","logo":{"@type":"ImageObject","inLanguage":"sk-SK","@id":"https:\/\/www.lkbaba.sk\/sk\/#\/schema\/logo\/image\/","url":"https:\/\/www.lkbaba.sk\/sk\/wp-content\/uploads\/2017\/06\/logo.png","contentUrl":"https:\/\/www.lkbaba.sk\/sk\/wp-content\/uploads\/2017\/06\/logo.png","width":600,"height":570,"caption":"LK BABA"},"image":{"@id":"https:\/\/www.lkbaba.sk\/sk\/#\/schema\/logo\/image\/"}}]}},"_links":{"self":[{"href":"https:\/\/www.lkbaba.sk\/sk\/wp-json\/wp\/v2\/pages\/1323","targetHints":{"allow":["GET"]}}],"collection":[{"href":"https:\/\/www.lkbaba.sk\/sk\/wp-json\/wp\/v2\/pages"}],"about":[{"href":"https:\/\/www.lkbaba.sk\/sk\/wp-json\/wp\/v2\/types\/page"}],"author":[{"embeddable":true,"href":"https:\/\/www.lkbaba.sk\/sk\/wp-json\/wp\/v2\/users\/3"}],"replies":[{"embeddable":true,"href":"https:\/\/www.lkbaba.sk\/sk\/wp-json\/wp\/v2\/comments?post=1323"}],"version-history":[{"count":7,"href":"https:\/\/www.lkbaba.sk\/sk\/wp-json\/wp\/v2\/pages\/1323\/revisions"}],"predecessor-version":[{"id":1356,"href":"https:\/\/www.lkbaba.sk\/sk\/wp-json\/wp\/v2\/pages\/1323\/revisions\/1356"}],"up":[{"embeddable":true,"href":"https:\/\/www.lkbaba.sk\/sk\/wp-json\/wp\/v2\/pages\/1270"}],"wp:attachment":[{"href":"https:\/\/www.lkbaba.sk\/sk\/wp-json\/wp\/v2\/media?parent=1323"}],"curies":[{"name":"wp","href":"https:\/\/api.w.org\/{rel}","templated":true}]}}