{"id":1344,"date":"2017-06-20T11:12:31","date_gmt":"2017-06-20T09:12:31","guid":{"rendered":"http:\/\/www.lkbaba.sk\/sk\/?page_id=1344"},"modified":"2017-08-07T16:13:17","modified_gmt":"2017-08-07T14:13:17","slug":"bezkarsky-okruh-5-km","status":"publish","type":"page","link":"https:\/\/www.lkbaba.sk\/sk\/lyziarske-stredisko-pezinska-baba\/bezkarske-trate\/bezkarsky-okruh-5-km\/","title":{"rendered":"Be\u017ek\u00e1rsky okruh 5 km"},"content":{"rendered":"<p>[vc_row][vc_column][vc_column_text]Na Pezinskej Babe sa strojovo udr\u017eiavaj\u00fa be\u017ek\u00e1rske okruhy. <strong>Najdlh\u0161\u00edm z nich je 5km<\/strong> okruh upravovan\u00fd pre klasick\u00fd \u0161t\u00fdl ako aj pre vo\u013en\u00fd \u0161t\u00fdl so \u0161\u00edrkou 4m a celkov\u00fdm prev\u00fd\u0161en\u00edm 144m<\/p>\n<p>Tento okruh je <strong>od roku 2006 homologizovan\u00fd<\/strong> aj pre organizovanie \u0161portov\u00fdch s\u00fa\u0165a\u017e\u00ed v ly\u017eiarskom behu. Rovnako v tomto are\u00e1li sa konaj\u00fa aj verejn\u00e9 be\u017ek\u00e1rske s\u00fa\u0165a\u017ee ako aj s\u00fa\u0165a\u017ee v ly\u017eiarskom orienta\u010dnom behu.[\/vc_column_text][vc_empty_space height=&#8220;35px&#8220;]<div class=\"columns_wrap sc_columns columns_nofluid sc_columns_count_3\"><div class=\"column-1_3 sc_column_item sc_column_item_1 odd first\">[vc_single_image image=&#8220;1350&#8243; img_size=&#8220;medium&#8220; onclick=&#8220;img_link_large&#8220;]<\/div><div class=\"column-1_3 sc_column_item sc_column_item_2 even\">[vc_single_image image=&#8220;1348&#8243; img_size=&#8220;300&#215;266&#8243; alignment=&#8220;center&#8220; onclick=&#8220;img_link_large&#8220;]<\/div><div class=\"column-1_3 sc_column_item sc_column_item_3 odd\">[vc_single_image image=&#8220;1349&#8243; img_size=&#8220;300&#215;266&#8243; alignment=&#8220;center&#8220; onclick=&#8220;link_image&#8220;]<\/div><\/div>[vc_custom_heading text=&#8220;Opis okruhu&#8220; font_container=&#8220;tag:h4|text_align:left&#8220; use_theme_fonts=&#8220;yes&#8220;][vc_column_text]Hne\u010f po \u0161tarte nasleduje tiahle st\u00fapanie k hornej stanici vlekov v d\u013a\u017eke 411m kde nast\u00fapame 29 v\u00fd\u0161kov\u00fdch metrov. Nasleduje krat\u0161\u00ed zjazd nasledovan\u00fd relat\u00edvne ostrou z\u00e1krutou v\u013eavo a najstrm\u0161\u00edm st\u00fapan\u00edm na najvy\u0161\u0161\u00ed bod Korenn\u00fd vrch. Tam u\u017e m\u00e1me cca 1km za sebou a po ve\u013emi jemne zvlnenom ter\u00e9ne sa r\u00e1time k vleku. Po ostrej z\u00e1krute vpravo pri vleku nasleduje mierne klesanie do hustn\u00edkov\u00e9ho lesa a postupn\u00fdm st\u00e1\u010dan\u00edm dopava vy\u00fastime na cestu sp\u00e1jaj\u00facu modr\u00fa turistick\u00fa zna\u010dku s \u010dervenou. V s\u00fa\u010dasnosti je odtia\u013eto vyr\u00faban\u00fd les a pekn\u00fd v\u00fdh\u013ead na Pezinok. Nasleduje klesanie a takmer sa dotkneme s protismernou \u010das\u0165ou trasy. To sme na cca 2. kilometri. Image<\/p>\n<p>Nasleduje \u010fa\u013e\u0161ie klesnutie za ktor\u00fdm nasleduje prudk\u00e1 odbo\u010dka v\u013eavo s miernym klesnut\u00edm. Tra\u0165 postupuje pozd\u013a\u017e hranice s lesom. Na kri\u017eovatke sa zato\u010d\u00ed dopava a na\u010falej kles\u00e1 dolu. V dolnej \u00favrati je z\u00e1kuta vpravo a za\u010d\u00edna sa st\u00fapanie na druh\u00fd najvy\u0161\u0161i vrchol. Toto je nachv\u00ed\u013eku preru\u0161en\u00e9 miestom kde sa kri\u017eujeme s \u010dervenou turistickou zna\u010dkou.<\/p>\n<p>V pr\u00edpade hor\u0161\u00edch snehov\u00fdch podmienok je tento vy\u0161\u0161ie spomenut\u00fd \u00fasek skr\u00e1ten\u00fd a od 2. kilometra vedie st\u00e1le po po\u013enej ceste priamo k tejto kri\u017eovatke. Vtedy cel\u00fd okruh m\u00e1 cca 4.65km<\/p>\n<p>Image Za kri\u017eovatkou s \u010dervenou zna\u010dkou nasleduje dlh\u0161ie a strm\u0161ie st\u00fapanie na hrebe\u0148, v hornej \u010dasti sa st\u00fapnie v \u013eavoto\u010divej z\u00e1krute zmierni ale o chv\u00ed\u013eu zostrm\u00ed a\u017e dosiahneme vrchol kopca. Tam je prudk\u00e1 \u013eavoto\u010div\u00e1 z\u00e1kruta a po kr\u00e1snom kr\u00e1tkom hrebeni na 3. kilometri nasleduje prud\u0161ie klesanie sp\u00e4\u0165 k \u010dervenej zna\u010dke pod Konsk\u00fdmi Hlavami. V r\u00e1mci klesania je ostr\u00e1 z\u00e1kruta vpravo o cca 150 stup\u0148ov za ktorou nasleduje najdlh\u0161ie klesanie na okruhu.Image<\/p>\n<p>Klesanie je ukon\u010den\u00e9 z\u00e1krutou vpravo a kr\u00e1tkym protisvahom za ktor\u00fdm v lese nasleduj\u00fa dve kr\u00e1tke hupky. To sme na 4. kilometri a nasleduje najdlh\u0161ie s\u00favisl\u00e9 st\u00fapanie. To v\u0161ak za\u010d\u00edna najprv stm\u00fdm \u00fasekom ktor\u00fd je ve\u013emi nepr\u00edjemn\u00fd a a\u017e postupne sa zmieruje. Poom u\u017e v miernom st\u00fapan\u00ed pr\u00eddeme na bod kde sa sp\u00e1ja 5km okruh s krat\u0161\u00edmi a nasleduje z\u00e1kruta v\u013eavo a st\u00fapanie k pr\u00edestoru cie\u013ea. Toto je e\u0161te preru\u0161en\u00e9 kr\u00e1tkym poklesnut\u00edm a n\u00e1sledne rovnako ve\u013ek\u00fdm nast\u00fapan\u00edm a u\u017e sa ocit\u00e1me v priestore \u0161tartu a cie\u013ea.[\/vc_column_text][vc_custom_heading text=&#8220;Z\u00e1znam okruhu&#8220; font_container=&#8220;tag:h4|text_align:left&#8220; use_theme_fonts=&#8220;yes&#8220;]<div class=\"columns_wrap sc_columns columns_nofluid sc_columns_count_2\"><div class=\"column-1_2 sc_column_item sc_column_item_1 odd first\">[vc_single_image image=&#8220;1358&#8243; img_size=&#8220;full&#8220;]<\/div><div class=\"column-1_2 sc_column_item sc_column_item_2 even\">[vc_single_image image=&#8220;1359&#8243; img_size=&#8220;full&#8220;]<\/div><\/div>[vc_custom_heading text=&#8220;\u0160tatitick\u00e9 \u00fadaje okruhu&#8220; font_container=&#8220;tag:h4|text_align:left&#8220; use_theme_fonts=&#8220;yes&#8220;]<div class=\"columns_wrap sc_columns columns_nofluid sc_columns_count_2\"><div class=\"column-1_2 sc_column_item sc_column_item_1 odd first\">[vc_column_text]<\/p>\n<ul>\n<li>celkov\u00e1 vzdialenos\u0165 : 5,08km<\/li>\n<li>celkov\u00e1 vzdialenos\u0165 uzavret\u00e9ho okruhu: 5km<\/li>\n<li>tot\u00e1lne vyst\u00fapan\u00fdch metrov: 144m<\/li>\n<li>\u0161\u00edrka upravovan\u00e9ho okruhu: 4m<\/li>\n<li>najvy\u0161\u0161\u00ed bod trasy: 599m \u2013 Korenn\u00fd vrch<\/li>\n<li>najni\u017e\u0161\u00ed bod trasy:528m<\/li>\n<\/ul>\n<p>[\/vc_column_text]<\/div><div class=\"column-1_2 sc_column_item sc_column_item_2 even\">[vc_column_text]<\/p>\n<ul>\n<li>nadmorsk\u00e1 v\u00fd\u0161ka \u0161tartu a cie\u013ea: 567m<\/li>\n<li>najdlh\u0161ie s\u00favisl\u00e9 st\u00fapanie: 840m vyst\u00fapan\u00e9 44m priemern\u00e9 st\u00fapanie 5.2%<\/li>\n<li>naj\u0165a\u017e\u0161ie st\u00fapanie: 13.5% v \u00faseku na Korenn\u00fd Vrch<\/li>\n<li>po\u010det st\u00fapan\u00ed typu A: 4 (dlh\u00e9 tiahle)<\/li>\n<li>po\u010det st\u00fapan\u00ed typu B: 1 (kr\u00e1tke)<\/li>\n<li>po\u010det st\u00fapan\u00ed typu C: 3 (strm\u00e9 nad 9%)<\/li>\n<\/ul>\n<p>[\/vc_column_text]<\/div><\/div>[vc_empty_space height=&#8220;50px&#8220;][vc_column_text]<strong>Taktie\u017e tu za\u010d\u00edna dia\u013ekov\u00e1 trasa Baba \u2013 Bratislava, ktor\u00e1 v\u0161ak nie je strojovo upravovan\u00e1.<\/strong><\/p>\n<p>Zdroj: <a href=\"http:\/\/www.sportreport.sk\" target=\"_blank\" rel=\"noopener noreferrer\">www.sportreport.sk<\/a>[\/vc_column_text][vc_empty_space height=&#8220;50px&#8220;]<blockquote class=\"sc_quote\" data-animation=\"animated fadeIn normal\"><p>Pr\u00edspevok na \u00fapravu trat\u00ed je dobrovo\u013en\u00fd ale o to viac v\u00edtan\u00fd.<\/p><\/blockquote>[vc_gmaps link=&#8220;#E-8_JTNDaWZyYW1lJTIwc3JjJTNEJTIyaHR0cHMlM0ElMkYlMkZ3d3cuZ29vZ2xlLmNvbSUyRm1hcHMlMkZlbWJlZCUzRnBiJTNEJTIxMW0xOCUyMTFtMTIlMjExbTMlMjExZDE2OTg1Mi44MDUyOTIxMDM3JTIxMmQxNy4xMzY5NDYyNTQzOTI1OTQlMjEzZDQ4LjMwMzgxMTQ2NjkzMzkzJTIxMm0zJTIxMWYwJTIxMmYwJTIxM2YwJTIxM20yJTIxMWkxMDI0JTIxMmk3NjglMjE0ZjEzLjElMjEzbTMlMjExbTIlMjExczB4NDc2Yzk0MzYwMWIyMmY2ZiUyNTNBMHg0MDQyMTdiMjU0NDEzNjZkJTIxMnNMeSUyNUM1JTI1QkVpYXJza2UlMkJzdHJlZGlza28lMkJQZXppbnNrJTI1QzMlMjVBMSUyQkJhYmElMjE1ZTAlMjEzbTIlMjExc3NrJTIxMnNzayUyMTR2MTQ5Nzk0NDk2MzI1OSUyMiUyMHdpZHRoJTNEJTIyMTkwMCUyMiUyMGhlaWdodCUzRCUyMjU1MCUyMiUyMGZyYW1lYm9yZGVyJTNEJTIyMCUyMiUyMHN0eWxlJTNEJTIyYm9yZGVyJTNBMCUyMiUyMGFsbG93ZnVsbHNjcmVlbiUzRSUzQyUyRmlmcmFtZSUzRQ==&#8220; size=&#8220;1900&#215;550&#8243;][\/vc_column][\/vc_row][vc_row][vc_column][vc_empty_space][\/vc_column][\/vc_row][vc_row][vc_column]<div class=\"columns_wrap sc_columns columns_nofluid sc_columns_count_3\"><div class=\"column-1_3 sc_column_item sc_column_item_1 odd first\"><div class=\"sc_section\" style=\"background-color:#fc5d28;background-image:url(https:\/\/www.lkbaba.sk\/sk\/wp-content\/uploads\/2017\/06\/vlocka.png);background-repeat:no-repeat;background-size:cover;\"><div class=\"sc_section_inner\"><div class=\"sc_section_overlay\" style=\"\"><div class=\"sc_section_content padding_on\" style=\"\"><div class=\"sc_section_content_wrap\"><div class=\"sc_section sc_section_block \"><div class=\"sc_section_inner\"><div class=\"sc_section_content_wrap\"><h1 class=\"sc_title sc_title_regular\" style=\"font-weight:100;\">V\u0160ETKY <strong>BE\u017dK\u00c1RSKE<\/strong> TRATE<\/h1>[vc_empty_space][vc_empty_space][vc_btn title=&#8220;Zobrazi\u0165&#8220; link=&#8220;url:http%3A%2F%2Fwww.lkbaba.sk%2Fsk%2Flyziarske-stredisko-pezinska-baba%2Fbezkarske-trate%2F|||&#8220;]<\/div><\/div><\/div><\/div><\/div><\/div><\/div><\/div><\/div><div class=\"column-1_3 sc_column_item sc_column_item_2 even\"><div class=\"sc_section\" style=\"background-color:#005af7;background-image:url(https:\/\/www.lkbaba.sk\/sk\/wp-content\/uploads\/2017\/06\/vlocka.png);background-repeat:no-repeat;background-size:cover;\"><div class=\"sc_section_inner\"><div class=\"sc_section_overlay\" style=\"\"><div class=\"sc_section_content padding_on\" style=\"\"><div class=\"sc_section_content_wrap\"><div class=\"sc_section sc_section_block \"><div class=\"sc_section_inner\"><div class=\"sc_section_content_wrap\"><h1 class=\"sc_title sc_title_regular\" style=\"font-weight:100;\">BE\u017dK\u00c1RSKY\u00a0OKRUH <strong>2\u00a0km<\/strong><\/h1>[vc_empty_space][vc_empty_space][vc_btn title=&#8220;Zobrazi\u0165&#8220; link=&#8220;url:http%3A%2F%2Fwww.lkbaba.sk%2Fsk%2Flyziarske-stredisko-pezinska-baba%2Fbezkarske-trate%2Fbezkarsky-okruh-2-km%2F|||&#8220;]<\/div><\/div><\/div><\/div><\/div><\/div><\/div><\/div><\/div><div class=\"column-1_3 sc_column_item sc_column_item_3 odd\"><div class=\"sc_section\" style=\"background-color:#c3d300;background-image:url(https:\/\/www.lkbaba.sk\/sk\/wp-content\/uploads\/2017\/06\/vlocka.png);background-repeat:no-repeat;background-size:cover;\"><div class=\"sc_section_inner\"><div class=\"sc_section_overlay\" style=\"\"><div class=\"sc_section_content padding_on\" style=\"\"><div class=\"sc_section_content_wrap\"><div class=\"sc_section sc_section_block \"><div class=\"sc_section_inner\"><div class=\"sc_section_content_wrap\"><h1 class=\"sc_title sc_title_regular\" style=\"font-weight:100;\">BE\u017dK\u00c1RSKY\u00a0OKRUH <strong>3\u00a0km<\/strong><\/h1>[vc_empty_space][vc_empty_space][vc_btn title=&#8220;Zobrazi\u0165&#8220; link=&#8220;url:http%3A%2F%2Fwww.lkbaba.sk%2Fsk%2Flyziarske-stredisko-pezinska-baba%2Fbezkarske-trate%2Fbezkarsky-okruh-3-km%2F|||&#8220;]<\/div><\/div><\/div><\/div><\/div><\/div><\/div><\/div><\/div><\/div>[\/vc_column][\/vc_row]<\/p>\n","protected":false},"excerpt":{"rendered":"<p>[vc_row][vc_column][vc_column_text]Na Pezinskej Babe sa strojovo udr\u017eiavaj\u00fa be\u017ek\u00e1rske okruhy. Najdlh\u0161\u00edm z nich je 5km okruh upravovan\u00fd pre klasick\u00fd \u0161t\u00fdl ako aj pre vo\u013en\u00fd \u0161t\u00fdl so \u0161\u00edrkou 4m a celkov\u00fdm prev\u00fd\u0161en\u00edm 144m Tento okruh je od roku 2006 homologizovan\u00fd aj pre organizovanie \u0161portov\u00fdch s\u00fa\u0165a\u017e\u00ed v ly\u017eiarskom behu. Rovnako v tomto are\u00e1li sa konaj\u00fa aj verejn\u00e9 be\u017ek\u00e1rske s\u00fa\u0165a\u017ee [&hellip;]<\/p>\n","protected":false},"author":3,"featured_media":0,"parent":1270,"menu_order":3,"comment_status":"closed","ping_status":"closed","template":"","meta":{"footnotes":""},"class_list":["post-1344","page","type-page","status-publish","hentry"],"yoast_head":"<!-- This site is optimized with the Yoast SEO plugin v27.3 - https:\/\/yoast.com\/product\/yoast-seo-wordpress\/ -->\n<title>Be\u017ek\u00e1rsky okruh 5 km - Ly\u017eiarske stredisko - Pezinsk\u00e1 Baba<\/title>\n<meta name=\"description\" content=\"Strojovo udr\u017eiavan\u00fd, najdlh\u0161\u00ed 5km okruh upravovan\u00fd pre klasick\u00fd \u0161t\u00fdl ako aj pre vo\u013en\u00fd \u0161t\u00fdl so \u0161\u00edrkou 4m a celkov\u00fdm prev\u00fd\u0161en\u00edm 144m. Homologizovan\u00fd okruh\" \/>\n<meta name=\"robots\" content=\"index, follow, max-snippet:-1, max-image-preview:large, max-video-preview:-1\" \/>\n<link rel=\"canonical\" href=\"https:\/\/www.lkbaba.sk\/sk\/lyziarske-stredisko-pezinska-baba\/bezkarske-trate\/bezkarsky-okruh-5-km\/\" \/>\n<meta property=\"og:locale\" content=\"sk_SK\" \/>\n<meta property=\"og:type\" content=\"article\" \/>\n<meta property=\"og:title\" content=\"Be\u017ek\u00e1rsky okruh 5 km - Ly\u017eiarske stredisko - Pezinsk\u00e1 Baba\" \/>\n<meta property=\"og:description\" content=\"Strojovo udr\u017eiavan\u00fd, najdlh\u0161\u00ed 5km okruh upravovan\u00fd pre klasick\u00fd \u0161t\u00fdl ako aj pre vo\u013en\u00fd \u0161t\u00fdl so \u0161\u00edrkou 4m a celkov\u00fdm prev\u00fd\u0161en\u00edm 144m. Homologizovan\u00fd okruh\" \/>\n<meta property=\"og:url\" content=\"https:\/\/www.lkbaba.sk\/sk\/lyziarske-stredisko-pezinska-baba\/bezkarske-trate\/bezkarsky-okruh-5-km\/\" \/>\n<meta property=\"og:site_name\" content=\"Ly\u017eiarske stredisko - Pezinsk\u00e1 Baba\" \/>\n<meta property=\"article:modified_time\" content=\"2017-08-07T14:13:17+00:00\" \/>\n<meta name=\"twitter:card\" content=\"summary_large_image\" \/>\n<meta name=\"twitter:label1\" content=\"Predpokladan\u00fd \u010das \u010d\u00edtania\" \/>\n\t<meta name=\"twitter:data1\" content=\"6 min\u00fat\" \/>\n<script type=\"application\/ld+json\" class=\"yoast-schema-graph\">{\"@context\":\"https:\\\/\\\/schema.org\",\"@graph\":[{\"@type\":\"WebPage\",\"@id\":\"https:\\\/\\\/www.lkbaba.sk\\\/sk\\\/lyziarske-stredisko-pezinska-baba\\\/bezkarske-trate\\\/bezkarsky-okruh-5-km\\\/\",\"url\":\"https:\\\/\\\/www.lkbaba.sk\\\/sk\\\/lyziarske-stredisko-pezinska-baba\\\/bezkarske-trate\\\/bezkarsky-okruh-5-km\\\/\",\"name\":\"Be\u017ek\u00e1rsky okruh 5 km - Ly\u017eiarske stredisko - Pezinsk\u00e1 Baba\",\"isPartOf\":{\"@id\":\"https:\\\/\\\/www.lkbaba.sk\\\/sk\\\/#website\"},\"datePublished\":\"2017-06-20T09:12:31+00:00\",\"dateModified\":\"2017-08-07T14:13:17+00:00\",\"description\":\"Strojovo udr\u017eiavan\u00fd, najdlh\u0161\u00ed 5km okruh upravovan\u00fd pre klasick\u00fd \u0161t\u00fdl ako aj pre vo\u013en\u00fd \u0161t\u00fdl so \u0161\u00edrkou 4m a celkov\u00fdm prev\u00fd\u0161en\u00edm 144m. Homologizovan\u00fd okruh\",\"breadcrumb\":{\"@id\":\"https:\\\/\\\/www.lkbaba.sk\\\/sk\\\/lyziarske-stredisko-pezinska-baba\\\/bezkarske-trate\\\/bezkarsky-okruh-5-km\\\/#breadcrumb\"},\"inLanguage\":\"sk-SK\",\"potentialAction\":[{\"@type\":\"ReadAction\",\"target\":[\"https:\\\/\\\/www.lkbaba.sk\\\/sk\\\/lyziarske-stredisko-pezinska-baba\\\/bezkarske-trate\\\/bezkarsky-okruh-5-km\\\/\"]}]},{\"@type\":\"BreadcrumbList\",\"@id\":\"https:\\\/\\\/www.lkbaba.sk\\\/sk\\\/lyziarske-stredisko-pezinska-baba\\\/bezkarske-trate\\\/bezkarsky-okruh-5-km\\\/#breadcrumb\",\"itemListElement\":[{\"@type\":\"ListItem\",\"position\":1,\"name\":\"Home\",\"item\":\"https:\\\/\\\/www.lkbaba.sk\\\/sk\\\/\"},{\"@type\":\"ListItem\",\"position\":2,\"name\":\"Ly\u017eiarske stredisko Pezinsk\u00e1 Baba\",\"item\":\"https:\\\/\\\/www.lkbaba.sk\\\/sk\\\/lyziarske-stredisko-pezinska-baba\\\/\"},{\"@type\":\"ListItem\",\"position\":3,\"name\":\"Be\u017ek\u00e1rske trate\",\"item\":\"https:\\\/\\\/www.lkbaba.sk\\\/sk\\\/lyziarske-stredisko-pezinska-baba\\\/bezkarske-trate\\\/\"},{\"@type\":\"ListItem\",\"position\":4,\"name\":\"Be\u017ek\u00e1rsky okruh 5 km\"}]},{\"@type\":\"WebSite\",\"@id\":\"https:\\\/\\\/www.lkbaba.sk\\\/sk\\\/#website\",\"url\":\"https:\\\/\\\/www.lkbaba.sk\\\/sk\\\/\",\"name\":\"Ly\u017eiarske stredisko - Pezinsk\u00e1 Baba\",\"description\":\"\",\"publisher\":{\"@id\":\"https:\\\/\\\/www.lkbaba.sk\\\/sk\\\/#organization\"},\"potentialAction\":[{\"@type\":\"SearchAction\",\"target\":{\"@type\":\"EntryPoint\",\"urlTemplate\":\"https:\\\/\\\/www.lkbaba.sk\\\/sk\\\/?s={search_term_string}\"},\"query-input\":{\"@type\":\"PropertyValueSpecification\",\"valueRequired\":true,\"valueName\":\"search_term_string\"}}],\"inLanguage\":\"sk-SK\"},{\"@type\":\"Organization\",\"@id\":\"https:\\\/\\\/www.lkbaba.sk\\\/sk\\\/#organization\",\"name\":\"LK BABA\",\"url\":\"https:\\\/\\\/www.lkbaba.sk\\\/sk\\\/\",\"logo\":{\"@type\":\"ImageObject\",\"inLanguage\":\"sk-SK\",\"@id\":\"https:\\\/\\\/www.lkbaba.sk\\\/sk\\\/#\\\/schema\\\/logo\\\/image\\\/\",\"url\":\"https:\\\/\\\/www.lkbaba.sk\\\/sk\\\/wp-content\\\/uploads\\\/2017\\\/06\\\/logo.png\",\"contentUrl\":\"https:\\\/\\\/www.lkbaba.sk\\\/sk\\\/wp-content\\\/uploads\\\/2017\\\/06\\\/logo.png\",\"width\":600,\"height\":570,\"caption\":\"LK BABA\"},\"image\":{\"@id\":\"https:\\\/\\\/www.lkbaba.sk\\\/sk\\\/#\\\/schema\\\/logo\\\/image\\\/\"}}]}<\/script>\n<!-- \/ Yoast SEO plugin. -->","yoast_head_json":{"title":"Be\u017ek\u00e1rsky okruh 5 km - Ly\u017eiarske stredisko - Pezinsk\u00e1 Baba","description":"Strojovo udr\u017eiavan\u00fd, najdlh\u0161\u00ed 5km okruh upravovan\u00fd pre klasick\u00fd \u0161t\u00fdl ako aj pre vo\u013en\u00fd \u0161t\u00fdl so \u0161\u00edrkou 4m a celkov\u00fdm prev\u00fd\u0161en\u00edm 144m. Homologizovan\u00fd okruh","robots":{"index":"index","follow":"follow","max-snippet":"max-snippet:-1","max-image-preview":"max-image-preview:large","max-video-preview":"max-video-preview:-1"},"canonical":"https:\/\/www.lkbaba.sk\/sk\/lyziarske-stredisko-pezinska-baba\/bezkarske-trate\/bezkarsky-okruh-5-km\/","og_locale":"sk_SK","og_type":"article","og_title":"Be\u017ek\u00e1rsky okruh 5 km - Ly\u017eiarske stredisko - Pezinsk\u00e1 Baba","og_description":"Strojovo udr\u017eiavan\u00fd, najdlh\u0161\u00ed 5km okruh upravovan\u00fd pre klasick\u00fd \u0161t\u00fdl ako aj pre vo\u013en\u00fd \u0161t\u00fdl so \u0161\u00edrkou 4m a celkov\u00fdm prev\u00fd\u0161en\u00edm 144m. Homologizovan\u00fd okruh","og_url":"https:\/\/www.lkbaba.sk\/sk\/lyziarske-stredisko-pezinska-baba\/bezkarske-trate\/bezkarsky-okruh-5-km\/","og_site_name":"Ly\u017eiarske stredisko - Pezinsk\u00e1 Baba","article_modified_time":"2017-08-07T14:13:17+00:00","twitter_card":"summary_large_image","twitter_misc":{"Predpokladan\u00fd \u010das \u010d\u00edtania":"6 min\u00fat"},"schema":{"@context":"https:\/\/schema.org","@graph":[{"@type":"WebPage","@id":"https:\/\/www.lkbaba.sk\/sk\/lyziarske-stredisko-pezinska-baba\/bezkarske-trate\/bezkarsky-okruh-5-km\/","url":"https:\/\/www.lkbaba.sk\/sk\/lyziarske-stredisko-pezinska-baba\/bezkarske-trate\/bezkarsky-okruh-5-km\/","name":"Be\u017ek\u00e1rsky okruh 5 km - Ly\u017eiarske stredisko - Pezinsk\u00e1 Baba","isPartOf":{"@id":"https:\/\/www.lkbaba.sk\/sk\/#website"},"datePublished":"2017-06-20T09:12:31+00:00","dateModified":"2017-08-07T14:13:17+00:00","description":"Strojovo udr\u017eiavan\u00fd, najdlh\u0161\u00ed 5km okruh upravovan\u00fd pre klasick\u00fd \u0161t\u00fdl ako aj pre vo\u013en\u00fd \u0161t\u00fdl so \u0161\u00edrkou 4m a celkov\u00fdm prev\u00fd\u0161en\u00edm 144m. Homologizovan\u00fd okruh","breadcrumb":{"@id":"https:\/\/www.lkbaba.sk\/sk\/lyziarske-stredisko-pezinska-baba\/bezkarske-trate\/bezkarsky-okruh-5-km\/#breadcrumb"},"inLanguage":"sk-SK","potentialAction":[{"@type":"ReadAction","target":["https:\/\/www.lkbaba.sk\/sk\/lyziarske-stredisko-pezinska-baba\/bezkarske-trate\/bezkarsky-okruh-5-km\/"]}]},{"@type":"BreadcrumbList","@id":"https:\/\/www.lkbaba.sk\/sk\/lyziarske-stredisko-pezinska-baba\/bezkarske-trate\/bezkarsky-okruh-5-km\/#breadcrumb","itemListElement":[{"@type":"ListItem","position":1,"name":"Home","item":"https:\/\/www.lkbaba.sk\/sk\/"},{"@type":"ListItem","position":2,"name":"Ly\u017eiarske stredisko Pezinsk\u00e1 Baba","item":"https:\/\/www.lkbaba.sk\/sk\/lyziarske-stredisko-pezinska-baba\/"},{"@type":"ListItem","position":3,"name":"Be\u017ek\u00e1rske trate","item":"https:\/\/www.lkbaba.sk\/sk\/lyziarske-stredisko-pezinska-baba\/bezkarske-trate\/"},{"@type":"ListItem","position":4,"name":"Be\u017ek\u00e1rsky okruh 5 km"}]},{"@type":"WebSite","@id":"https:\/\/www.lkbaba.sk\/sk\/#website","url":"https:\/\/www.lkbaba.sk\/sk\/","name":"Ly\u017eiarske stredisko - Pezinsk\u00e1 Baba","description":"","publisher":{"@id":"https:\/\/www.lkbaba.sk\/sk\/#organization"},"potentialAction":[{"@type":"SearchAction","target":{"@type":"EntryPoint","urlTemplate":"https:\/\/www.lkbaba.sk\/sk\/?s={search_term_string}"},"query-input":{"@type":"PropertyValueSpecification","valueRequired":true,"valueName":"search_term_string"}}],"inLanguage":"sk-SK"},{"@type":"Organization","@id":"https:\/\/www.lkbaba.sk\/sk\/#organization","name":"LK BABA","url":"https:\/\/www.lkbaba.sk\/sk\/","logo":{"@type":"ImageObject","inLanguage":"sk-SK","@id":"https:\/\/www.lkbaba.sk\/sk\/#\/schema\/logo\/image\/","url":"https:\/\/www.lkbaba.sk\/sk\/wp-content\/uploads\/2017\/06\/logo.png","contentUrl":"https:\/\/www.lkbaba.sk\/sk\/wp-content\/uploads\/2017\/06\/logo.png","width":600,"height":570,"caption":"LK BABA"},"image":{"@id":"https:\/\/www.lkbaba.sk\/sk\/#\/schema\/logo\/image\/"}}]}},"_links":{"self":[{"href":"https:\/\/www.lkbaba.sk\/sk\/wp-json\/wp\/v2\/pages\/1344","targetHints":{"allow":["GET"]}}],"collection":[{"href":"https:\/\/www.lkbaba.sk\/sk\/wp-json\/wp\/v2\/pages"}],"about":[{"href":"https:\/\/www.lkbaba.sk\/sk\/wp-json\/wp\/v2\/types\/page"}],"author":[{"embeddable":true,"href":"https:\/\/www.lkbaba.sk\/sk\/wp-json\/wp\/v2\/users\/3"}],"replies":[{"embeddable":true,"href":"https:\/\/www.lkbaba.sk\/sk\/wp-json\/wp\/v2\/comments?post=1344"}],"version-history":[{"count":22,"href":"https:\/\/www.lkbaba.sk\/sk\/wp-json\/wp\/v2\/pages\/1344\/revisions"}],"predecessor-version":[{"id":1374,"href":"https:\/\/www.lkbaba.sk\/sk\/wp-json\/wp\/v2\/pages\/1344\/revisions\/1374"}],"up":[{"embeddable":true,"href":"https:\/\/www.lkbaba.sk\/sk\/wp-json\/wp\/v2\/pages\/1270"}],"wp:attachment":[{"href":"https:\/\/www.lkbaba.sk\/sk\/wp-json\/wp\/v2\/media?parent=1344"}],"curies":[{"name":"wp","href":"https:\/\/api.w.org\/{rel}","templated":true}]}}