{"id":1377,"date":"2017-06-21T07:57:24","date_gmt":"2017-06-21T05:57:24","guid":{"rendered":"http:\/\/www.lkbaba.sk\/sk\/?page_id=1377"},"modified":"2025-04-25T11:24:35","modified_gmt":"2025-04-25T09:24:35","slug":"pokyny-pre-lyziarov-a-navstevnikov-lyziarskeho-strediska","status":"publish","type":"page","link":"https:\/\/www.lkbaba.sk\/sk\/pokyny-pre-lyziarov-a-navstevnikov-lyziarskeho-strediska\/","title":{"rendered":"Pokyny pre ly\u017eiarov a n\u00e1v\u0161tevn\u00edkov ly\u017eiarskeho strediska"},"content":{"rendered":"<p>[vc_row][vc_column]<div class=\"sc_section\"><div class=\"sc_section_inner\"><h6 class=\"sc_section_subtitle sc_item_subtitle\">Pezinsk\u00e1 Baba a Zochova chata<\/h6><h2 class=\"sc_section_title sc_item_title sc_item_title_without_descr\">Pokyny pre ly\u017eiarov a n\u00e1v\u0161tevn\u00edkov ly\u017eiarskeho strediska<\/h2><div class=\"sc_section_content_wrap\"><\/div><\/div><\/div>[\/vc_column][\/vc_row][vc_row][vc_column][vc_column_text]<\/p>\n<ol>\n<li>Ly\u017eiar (snowboardista) je pri n\u00e1kupe zodpovedn\u00fd za spr\u00e1vny v\u00fdber l\u00edstka pod\u013ea platn\u00e9ho cenn\u00edka.<\/li>\n<li>Pri n\u00e1kupe l\u00edstka na meno je povinn\u00fd kupuj\u00faci bez vyzvania predlo\u017ei\u0165 doklad toto\u017enosti os\u00f4b, pre ktor\u00e9 s\u00fa l\u00edstky ur\u010den\u00e9. Pri zak\u00fapen\u00ed je kupuj\u00faci povinn\u00fd ihne\u010f skontrolova\u0165 spr\u00e1vnos\u0165 vydan\u00e9ho l\u00edstka, oneskoren\u00e9 reklam\u00e1cie nebud\u00fa uznan\u00e9.<\/li>\n<li>L\u00edstky na vleky s\u00fa len na vratn\u00fdch bezkontaktn\u00fdch \u010dipov\u00fdch kart\u00e1ch. Z\u00e1loha na kartu je 2,- EUR. Po ukon\u010den\u00ed ly\u017eovania je mo\u017en\u00e9 kartu vr\u00e1ti\u0165 v pokladni do 10 min po skon\u010den\u00ed prev\u00e1dzky vlekov.<\/li>\n<li>Za platnos\u0165 l\u00edstkov zak\u00fapen\u00fdch mimo ofici\u00e1lnej pokladne strediska prev\u00e1dzkovate\u013e nezodpoved\u00e1.<\/li>\n<li>\u010casov\u00fd l\u00edstok je neprenosn\u00fd \u2013 l\u00edstok smie pou\u017e\u00edva\u0165 len jedna osoba.<\/li>\n<li>Na denn\u00fa a ve\u010dern\u00fa prev\u00e1dzku platia v\u0161etky l\u00edstky z aktu\u00e1lneho cenn\u00edka. L\u00edstky zak\u00fapen\u00e9 v stredisku Pezinsk\u00e1 Baba platia aj v stredisku Zochov\u00e1 chata-Piesok.<\/li>\n<li>Spolo\u010dn\u00e9 sez\u00f3nne l\u00edstky zak\u00fapen\u00e9 v stredisku Zochov\u00e1 chata-Piesok platia aj v stredisku Pezinsk\u00e1 Baba.<\/li>\n<li>Ly\u017eiar je povinn\u00fd pred n\u00e1stupom na vlek prech\u00e1dza\u0165 cez bezkontaktn\u00e9 turnikety SKI DATA 370 , ktor\u00fdmi s\u00fa vybaven\u00e9 vleky v stredisku.<\/li>\n<li>Ly\u017eiar je povinn\u00fd prilo\u017ei\u0165 l\u00edstok k \u010d\u00edtaciemu panelu a ke\u010f zhasne zelen\u00e9 svetlo (pri detsk\u00fdch, juniorsk\u00fdch a seniorsk\u00fdch l\u00edstkoch sa rozsvieti \u010derven\u00e9 svetlo) prejs\u0165 bez zastavenia za turniket.<\/li>\n<li>V pr\u00edpade nemo\u017en\u00e9ho prechodu cez turniket (svieti alebo blik\u00e1 \u010derven\u00e9 svetlo) hl\u00e1si\u0165 obsluhe vleku.<\/li>\n<li>Ly\u017eiar je povinn\u00fd po vyzvan\u00ed predlo\u017ei\u0165 platn\u00fd l\u00edstok obsluhe vleku a opr\u00e1vnen\u00fdm osob\u00e1m, pri nastupovan\u00ed, ale aj vystupovan\u00ed z vleku. V pr\u00edpade l\u00edstkov na meno je povinn\u00fd na vyzvanie obsluhy sa taktie\u017e preuk\u00e1za\u0165 platn\u00fdm dokladom toto\u017enosti s fotkou.<\/li>\n<li>Jazdn\u00e9 sa nevracia \u2013 Pri nevhodn\u00fdch poveternostn\u00fdch podmienkach, preru\u0161en\u00ed prev\u00e1dzky, zablokovan\u00fdch zjazdovk\u00e1ch, v pr\u00edpade poruchy vleku sp\u00f4sobenej nevhodn\u00fdm spr\u00e1van\u00edm sa ly\u017eiarov na vleku, v\u00fdpadku dod\u00e1vky elektrick\u00e9ho pr\u00fadu.<\/li>\n<li>Pri skor\u0161om odjazde sa neposkytuje \u017eiadna n\u00e1hrada, nie je mo\u017en\u00e9 ani pred\u013a\u017eenie platnosti l\u00edstka.<\/li>\n<li>Pre n\u00e1hradu pri \u00faraze je potrebn\u00e9 predlo\u017ei\u0165 potvrdenku od lek\u00e1ra! N\u00e1hrada sa vz\u0165ahuje iba na viacdenn\u00e9 l\u00edstky.<\/li>\n<li>Fal\u0161ovanie a pozme\u0148ovanie l\u00edstkov je trestn\u00e9 \u2013 obsluha je povinn\u00e1 okam\u017eite odobra\u0165 tak\u00fdto l\u00edstok a hl\u00e1si\u0165 ved\u00facemu strediska na \u010fal\u0161ie \u0161etrenie.<\/li>\n<li>Ly\u017eiar je povinn\u00fd riadi\u0165 sa pokynmi obsluhy vlekov a dodr\u017eiava\u0165 v\u0161etky ostatn\u00e9 pr\u00edkazov\u00e9 a z\u00e1kazov\u00e9 tabule. Pri nevhodnom spr\u00e1van\u00ed sa a neuposl\u00fachnut\u00ed pokynov je obsluha vleku opr\u00e1vnen\u00e1 odobra\u0165 alebo zablokova\u0165 l\u00edstok bez n\u00e1hrady.<\/li>\n<li>Kri\u017eovanie (slalomovanie) a vybo\u010dovanie zo stopy, chytanie un\u00e1\u0161a\u010dov na trati vleku, h\u00fapanie sa na un\u00e1\u0161a\u010doch a po\u0161kodzovanie un\u00e1\u0161a\u010dov alebo s\u00fa\u010dast\u00ed vleku je \u017eivotu nebezpe\u010dn\u00e9.<\/li>\n<li>Skupinov\u00e9 l\u00edstky kupuje a plat\u00ed jedna osoba (ved\u00faci skupiny). N\u00e1rok na z\u013eavu vznik\u00e1 po predlo\u017een\u00ed s\u00fapisu v\u0161etk\u00fdch \u00fa\u010dastn\u00edkov (meno, priezvisko, d\u00e1tum narodenia) doplnen\u00e9ho o n\u00e1zov organiz\u00e1cie a podpis ved\u00faceho.<\/li>\n<li>K\u00fapou ly\u017eiarskeho l\u00edstka sa kupuj\u00faci zav\u00e4zuje re\u0161pektova\u0165 a dodr\u017eiava\u0165 platn\u00e9 tarifn\u00e9 a prepravn\u00e9 podmienky a z\u00e1rove\u0148 s\u00fahlas\u00ed s t\u00fdmito podmienkami.<\/li>\n<\/ol>\n<h4>Upozornenie<\/h4>\n<ol>\n<li>Ly\u017eovanie je na vlastn\u00e9 nebezpe\u010die. Mimo prev\u00e1dzkov\u00fdch hod\u00edn s\u00fa zjazdovky uzatvoren\u00e9.<\/li>\n<li>N\u00e1v\u0161tevn\u00edk ly\u017eiarskeho strediska je povinn\u00fd pohybova\u0165 sa len po vyzna\u010den\u00fdch ly\u017eiarskych tratiach a miestach na to ur\u010den\u00fdch a z\u00e1rove\u0148 re\u0161pektova\u0165 v\u0161etky pokyny prev\u00e1dzkovate\u013ea na jeho pozemkoch. Vstup do priestoru a na prek\u00e1\u017eky Snowparku je povolen\u00fd len s platn\u00fdm l\u00edstkom a platia v \u0148om \u0161peci\u00e1lne bezpe\u010dnostn\u00e9 pravidl\u00e1.<\/li>\n<li>Prev\u00e1dzkovate\u013e nezodpoved\u00e1 za \u00farazy vzniknut\u00e9 neprisp\u00f4soben\u00edm jazdy (ch\u00f4dze, behu) svojim schopnostiam a stavu ly\u017eiarskej trate (ter\u00e9nu). V pr\u00edpade \u00farazu mimo vyzna\u010den\u00fdch zjazdoviek str\u00e1cate n\u00e1rok na bezplatn\u00e9 o\u0161etrenie o dopravu na o\u0161etrenie.<\/li>\n<li>Ly\u017eiarske stredisko nezodpoved\u00e1 za po\u0161kodenie odevu a ly\u017eiarskej v\u00fdstroje.<\/li>\n<li>S\u00e1nkovanie a chodenie pe\u0161o po zjazdovke je zak\u00e1zan\u00e9 \u2013 v pr\u00edpade opakovan\u00e9ho neuposl\u00fachnutia pokynov m\u00f4\u017ee obsluha vleku a opr\u00e1vnen\u00e1 osoba odobra\u0165 s\u00e1nky, boby alebo in\u00fd predmet na \u0161m\u00fdkanie, a vyda\u0165 a\u017e po skon\u010den\u00ed prev\u00e1dzky vlekov.<\/li>\n<li>Na ly\u017eiarskych vlekoch nie je mo\u017en\u00e9 prepravova\u0165 s\u00e1nky a boby.<\/li>\n<li>Ka\u017ed\u00fd n\u00e1v\u0161tevn\u00edk ly\u017eiarskeho strediska je v s\u00falade zo z\u00e1konom \u010d. 544\/2002 a zmene 274\/2015 o Horskej z\u00e1chrannej slu\u017ebe (\u00a7 8, \u00a7 11) povinn\u00fd riadi\u0165 sa v\u0161etk\u00fdmi zna\u010dkami a pokynmi prev\u00e1dzkovate\u013ea.<\/li>\n<\/ol>\n<p><strong><em>Za pochopenie \u010fakujeme.<\/em><\/strong><\/p>\n<p><strong><em>Ly\u017eiarsky klub BABA \u2013 Pezinok<\/em><\/strong><\/p>\n<p>&nbsp;<\/p>\n<h4>N\u00e1v\u0161tevn\u00fd poriadok stred\u00edsk Pezinsk\u00e1 Baba a Zochov\u00e1 chata \u2013 Piesok.<\/h4>\n<ol>\n<li>N\u00e1v\u0161tevn\u00fd poriadok je z\u00e1v\u00e4zn\u00fd pre v\u0161etk\u00fdch n\u00e1v\u0161tevn\u00edkov a zamestnancov prev\u00e1dzkovate\u013ea. N\u00e1v\u0161tevn\u00fd poriadok nadob\u00fada platnos\u0165 d\u0148om jeho vydania.<\/li>\n<li>N\u00e1v\u0161tevn\u00edci s\u00fa povinn\u00ed dodr\u017eiava\u0165 v\u00fdstra\u017en\u00e9, pr\u00edkazov\u00e9, z\u00e1kazov\u00e9 a informa\u010dn\u00e9 tabule, pr\u00edpadne in\u00e9 upozornenia a nesm\u00fa ich ni\u010di\u0165, po\u0161kodzova\u0165 alebo odstra\u0148ova\u0165.<\/li>\n<li>N\u00e1v\u0161tevn\u00edci s\u00fa povinn\u00ed opusti\u0165 zjazdov\u00e9 trate do ukon\u010denia prev\u00e1dzkovej doby vlekov.<\/li>\n<li>Pr\u00edpadn\u00e9 priania, ot\u00e1zky, upozornenia a s\u0165a\u017enosti je mo\u017en\u00e9 poda\u0165 p\u00edsomne do reklama\u010dnej knihy, ktor\u00e1 sa nach\u00e1dza v hlavn\u00fdch pokladniach stred\u00edsk v \u010dase otv\u00e1rac\u00edch hod\u00edn.<\/li>\n<li>Prev\u00e1dzkovate\u013e nezodpoved\u00e1 za ak\u00e9ko\u013evek osobn\u00e9 veci straten\u00e9 na zjazdov\u00fdch tratiach alebo vo v\u0161etk\u00fdch priestoroch prev\u00e1dzkovan\u00fdch prev\u00e1dzkovate\u013eom.<\/li>\n<li>Zaplaten\u00edm ceny cestovn\u00e9ho l\u00edstka ude\u013euje n\u00e1v\u0161tevn\u00edk spolo\u010dnosti Ly\u017eiarsky klub Baba so s\u00eddlom Baba 356, 902 01 Pezinok, I\u010cO: 34006397, registrovan\u00fd v \u017divnostenskom registri Ob\u00da Pezinok spis \u010d.:107-9320 zo d\u0148a 31.12.1993, (\u010falej len \u201eLK Baba\u201c), v s\u00falade s \u00a7 12 z\u00e1kona \u010d. 40\/1964 Zb. Ob\u010dianskeho z\u00e1konn\u00edka v znen\u00ed neskor\u0161\u00edch predpisov s\u00fahlas s bezodplatn\u00fdm vyhotovovan\u00edm obrazov\u00fdch sn\u00edmok, obrazov\u00fdch a zvukov\u00fdch z\u00e1znamov t\u00fdkaj\u00facich sa jeho osoby alebo prejavov osobnej povahy vyhotovovan\u00fdch a pripravovan\u00fdch v s\u00favislosti s pr\u00edpadn\u00fdmi podujatiami organizovan\u00fdmi LK Baba alebo \u0148ou ur\u010den\u00fdmi osobami v Pezinsk\u00e1 Baba a Zochov\u00e1 chata (\u010falej len \u201eZ\u00e1znamy\u201c) a ich pou\u017eit\u00edm na komer\u010dn\u00e9 \u00fa\u010dely vo v\u0161etk\u00fdch komunika\u010dn\u00fdch m\u00e9di\u00e1ch bez oh\u013eadu na ich povahu a ur\u010denie v\u0161etk\u00fdmi obvykl\u00fdmi sp\u00f4sobmi s ich n\u00e1slednou \u00fapravou a s ich pr\u00edpadn\u00fdm spojen\u00edm s in\u00fdmi dielmi alebo zaraden\u00edm do s\u00faborn\u00e9ho diela (najm\u00e4, nie v\u0161ak v\u00fdlu\u010dne na vystavovanie, roz\u0161irovanie, spr\u00edstup\u0148ovanie, uverej\u0148ovanie \u010di \u00fapravu). Klient ude\u013euje LK Baba tento s\u00fahlas bez vecn\u00e9ho, \u010dasov\u00e9ho, kvantitat\u00edvneho a \u00fazemn\u00e9ho obmedzenia. Tento s\u00fahlas sa vz\u0165ahuje aj na tretie osoby, ktor\u00fdm LK Baba z\u00e1znamy v s\u00falade s ich ur\u010den\u00edm poskytne. N\u00e1v\u0161tevn\u00edk je opr\u00e1vnen\u00fd udelen\u00fd s\u00fahlas kedyko\u013evek odvola\u0165 formou p\u00edsomn\u00e9ho odvolania zaslan\u00e9ho na adresu s\u00eddla LK Baba.<\/li>\n<\/ol>\n<h4>Vybavenie reklam\u00e1ci\u00ed, s\u0165a\u017enost\u00ed a podnetov.<\/h4>\n<ol>\n<li>Nefunk\u010dnos\u0165 alebo nemo\u017enos\u0165 prechodu cez turnikety rie\u0161i obsluha vleku.<\/li>\n<li>Neplatnos\u0165 alebo nefunk\u010dnos\u0165 l\u00edstka hl\u00e1si\u0165 obsluhe vleku. \u010ealej sa overenie platnosti rie\u0161i v pokladni strediska, pr\u00edpadne u ved\u00faceho strediska alebo jeho z\u00e1stupcu. Ak je reklam\u00e1cia opr\u00e1vnen\u00e1 vyd\u00e1 sa v pokladni nov\u00fd l\u00edstok v hodnote zodpovedaj\u00facej hodnote reklamovan\u00e9ho l\u00edstka v \u010dase jeho znefunk\u010dnenia.<\/li>\n<li>Nespokojnos\u0165 s \u00fapravou svahov, pripravenos\u0165ou vlekov a trat\u00ed, obsluhou vlekov, parkovacou slu\u017ebou hl\u00e1si\u0165 v pokladni strediska pr\u00edpadne u ved\u00faceho strediska alebo jeho z\u00e1stupcu. Mo\u017enos\u0165 vykona\u0165 z\u00e1pis do reklama\u010dnej knihy.<\/li>\n<li>Nespokojnos\u0165 s obsluhou hl\u00e1si\u0165 u ved\u00faceho strediska (z\u00e1stupcu) pr\u00edpadne v pokladni a zap\u00edsa\u0165 do reklama\u010dnej knihy.<\/li>\n<li>Nespokojnos\u0165 s in\u00fdmi n\u00e1v\u0161tevn\u00edkmi je mo\u017en\u00e9 nahl\u00e1si\u0165 v pokladni alebo hl\u00e1si\u0165 u ved\u00faceho strediska (z\u00e1stupcu). Pri v\u00e1\u017enej\u0161om konflikte vola\u0165 priamo mestsk\u00fa pol\u00edciu 159 ale \u0161t\u00e1tnu pol\u00edciu 158.<\/li>\n<li>V\u00e1\u017enej\u0161ie podnety a s\u0165a\u017enosti s uveden\u00edm osobn\u00fdch \u00fadajov (meno, priezvisko, bydlisko, tel. email) je mo\u017en\u00e9 zasla\u0165 po\u0161tou alebo emailom na adresu info@lkbaba.sk. Rie\u0161en\u00edm opr\u00e1vnen\u00fdch s\u0165a\u017enost\u00ed sa bude zaobera\u0165 VV LK Baba a n\u00e1sledne kontroln\u00e1 a rev\u00edzna komisia LK Baba.<\/li>\n<\/ol>\n<p><strong>N\u00e1v\u0161tevn\u00fd poriadok na zimn\u00fa ly\u017eiarsku sez\u00f3nu vyd\u00e1va prev\u00e1dzkovate\u013e Ly\u017eiarsky klub Baba, Baba 356, 902 01 Pezinok, I\u010cO: 34006397, registrovan\u00fd v \u017divnostenskom registri Ob\u00da Pezinok spis \u010d.:107-9320 zo d\u0148a 31.12.1993 a nadob\u00fada platnos\u0165 d\u0148a 1.11.2013.<\/strong>[\/vc_column_text][\/vc_column][\/vc_row]<\/p>\n","protected":false},"excerpt":{"rendered":"<p>[vc_row][vc_column][\/vc_column][\/vc_row][vc_row][vc_column][vc_column_text] Ly\u017eiar (snowboardista) je pri n\u00e1kupe zodpovedn\u00fd za spr\u00e1vny v\u00fdber l\u00edstka pod\u013ea platn\u00e9ho cenn\u00edka. Pri n\u00e1kupe l\u00edstka na meno je povinn\u00fd kupuj\u00faci bez vyzvania predlo\u017ei\u0165 doklad toto\u017enosti os\u00f4b, pre ktor\u00e9 s\u00fa l\u00edstky ur\u010den\u00e9. Pri zak\u00fapen\u00ed je kupuj\u00faci povinn\u00fd ihne\u010f skontrolova\u0165 spr\u00e1vnos\u0165 vydan\u00e9ho l\u00edstka, oneskoren\u00e9 reklam\u00e1cie nebud\u00fa uznan\u00e9. L\u00edstky na vleky s\u00fa len na vratn\u00fdch bezkontaktn\u00fdch [&hellip;]<\/p>\n","protected":false},"author":3,"featured_media":0,"parent":0,"menu_order":0,"comment_status":"closed","ping_status":"closed","template":"","meta":{"footnotes":""},"class_list":["post-1377","page","type-page","status-publish","hentry"],"yoast_head":"<!-- This site is optimized with the Yoast SEO plugin v27.3 - https:\/\/yoast.com\/product\/yoast-seo-wordpress\/ -->\n<title>Pokyny pre ly\u017eiarov a n\u00e1v\u0161tevn\u00edkov ly\u017eiarskeho strediska Pezinsk\u00e1 Baba<\/title>\n<meta name=\"description\" content=\"Pokyny pre ly\u017eiarov: Ly\u017eiar je pri n\u00e1kupe zodpovedn\u00fd za spr\u00e1vny v\u00fdber l\u00edstka pod\u013ea platn\u00e9ho cenn\u00edka. Fal\u0161ovanie l\u00edstkov je trestn\u00e9.\" \/>\n<meta name=\"robots\" content=\"index, follow, max-snippet:-1, max-image-preview:large, max-video-preview:-1\" \/>\n<link rel=\"canonical\" href=\"https:\/\/www.lkbaba.sk\/sk\/pokyny-pre-lyziarov-a-navstevnikov-lyziarskeho-strediska\/\" \/>\n<meta property=\"og:locale\" content=\"sk_SK\" \/>\n<meta property=\"og:type\" content=\"article\" \/>\n<meta property=\"og:title\" content=\"Pokyny pre ly\u017eiarov a n\u00e1v\u0161tevn\u00edkov ly\u017eiarskeho strediska Pezinsk\u00e1 Baba\" \/>\n<meta property=\"og:description\" content=\"Pokyny pre ly\u017eiarov: Ly\u017eiar je pri n\u00e1kupe zodpovedn\u00fd za spr\u00e1vny v\u00fdber l\u00edstka pod\u013ea platn\u00e9ho cenn\u00edka. Fal\u0161ovanie l\u00edstkov je trestn\u00e9.\" \/>\n<meta property=\"og:url\" content=\"https:\/\/www.lkbaba.sk\/sk\/pokyny-pre-lyziarov-a-navstevnikov-lyziarskeho-strediska\/\" \/>\n<meta property=\"og:site_name\" content=\"Ly\u017eiarske stredisko - Pezinsk\u00e1 Baba\" \/>\n<meta property=\"article:modified_time\" content=\"2025-04-25T09:24:35+00:00\" \/>\n<meta name=\"twitter:card\" content=\"summary_large_image\" \/>\n<meta name=\"twitter:label1\" content=\"Predpokladan\u00fd \u010das \u010d\u00edtania\" \/>\n\t<meta name=\"twitter:data1\" content=\"6 min\u00fat\" \/>\n<script type=\"application\/ld+json\" class=\"yoast-schema-graph\">{\"@context\":\"https:\\\/\\\/schema.org\",\"@graph\":[{\"@type\":\"WebPage\",\"@id\":\"https:\\\/\\\/www.lkbaba.sk\\\/sk\\\/pokyny-pre-lyziarov-a-navstevnikov-lyziarskeho-strediska\\\/\",\"url\":\"https:\\\/\\\/www.lkbaba.sk\\\/sk\\\/pokyny-pre-lyziarov-a-navstevnikov-lyziarskeho-strediska\\\/\",\"name\":\"Pokyny pre ly\u017eiarov a n\u00e1v\u0161tevn\u00edkov ly\u017eiarskeho strediska Pezinsk\u00e1 Baba\",\"isPartOf\":{\"@id\":\"https:\\\/\\\/www.lkbaba.sk\\\/sk\\\/#website\"},\"datePublished\":\"2017-06-21T05:57:24+00:00\",\"dateModified\":\"2025-04-25T09:24:35+00:00\",\"description\":\"Pokyny pre ly\u017eiarov: Ly\u017eiar je pri n\u00e1kupe zodpovedn\u00fd za spr\u00e1vny v\u00fdber l\u00edstka pod\u013ea platn\u00e9ho cenn\u00edka. Fal\u0161ovanie l\u00edstkov je trestn\u00e9.\",\"breadcrumb\":{\"@id\":\"https:\\\/\\\/www.lkbaba.sk\\\/sk\\\/pokyny-pre-lyziarov-a-navstevnikov-lyziarskeho-strediska\\\/#breadcrumb\"},\"inLanguage\":\"sk-SK\",\"potentialAction\":[{\"@type\":\"ReadAction\",\"target\":[\"https:\\\/\\\/www.lkbaba.sk\\\/sk\\\/pokyny-pre-lyziarov-a-navstevnikov-lyziarskeho-strediska\\\/\"]}]},{\"@type\":\"BreadcrumbList\",\"@id\":\"https:\\\/\\\/www.lkbaba.sk\\\/sk\\\/pokyny-pre-lyziarov-a-navstevnikov-lyziarskeho-strediska\\\/#breadcrumb\",\"itemListElement\":[{\"@type\":\"ListItem\",\"position\":1,\"name\":\"Home\",\"item\":\"https:\\\/\\\/www.lkbaba.sk\\\/sk\\\/\"},{\"@type\":\"ListItem\",\"position\":2,\"name\":\"Pokyny pre ly\u017eiarov a n\u00e1v\u0161tevn\u00edkov ly\u017eiarskeho strediska\"}]},{\"@type\":\"WebSite\",\"@id\":\"https:\\\/\\\/www.lkbaba.sk\\\/sk\\\/#website\",\"url\":\"https:\\\/\\\/www.lkbaba.sk\\\/sk\\\/\",\"name\":\"Ly\u017eiarske stredisko - Pezinsk\u00e1 Baba\",\"description\":\"\",\"publisher\":{\"@id\":\"https:\\\/\\\/www.lkbaba.sk\\\/sk\\\/#organization\"},\"potentialAction\":[{\"@type\":\"SearchAction\",\"target\":{\"@type\":\"EntryPoint\",\"urlTemplate\":\"https:\\\/\\\/www.lkbaba.sk\\\/sk\\\/?s={search_term_string}\"},\"query-input\":{\"@type\":\"PropertyValueSpecification\",\"valueRequired\":true,\"valueName\":\"search_term_string\"}}],\"inLanguage\":\"sk-SK\"},{\"@type\":\"Organization\",\"@id\":\"https:\\\/\\\/www.lkbaba.sk\\\/sk\\\/#organization\",\"name\":\"LK BABA\",\"url\":\"https:\\\/\\\/www.lkbaba.sk\\\/sk\\\/\",\"logo\":{\"@type\":\"ImageObject\",\"inLanguage\":\"sk-SK\",\"@id\":\"https:\\\/\\\/www.lkbaba.sk\\\/sk\\\/#\\\/schema\\\/logo\\\/image\\\/\",\"url\":\"https:\\\/\\\/www.lkbaba.sk\\\/sk\\\/wp-content\\\/uploads\\\/2017\\\/06\\\/logo.png\",\"contentUrl\":\"https:\\\/\\\/www.lkbaba.sk\\\/sk\\\/wp-content\\\/uploads\\\/2017\\\/06\\\/logo.png\",\"width\":600,\"height\":570,\"caption\":\"LK BABA\"},\"image\":{\"@id\":\"https:\\\/\\\/www.lkbaba.sk\\\/sk\\\/#\\\/schema\\\/logo\\\/image\\\/\"}}]}<\/script>\n<!-- \/ Yoast SEO plugin. -->","yoast_head_json":{"title":"Pokyny pre ly\u017eiarov a n\u00e1v\u0161tevn\u00edkov ly\u017eiarskeho strediska Pezinsk\u00e1 Baba","description":"Pokyny pre ly\u017eiarov: Ly\u017eiar je pri n\u00e1kupe zodpovedn\u00fd za spr\u00e1vny v\u00fdber l\u00edstka pod\u013ea platn\u00e9ho cenn\u00edka. Fal\u0161ovanie l\u00edstkov je trestn\u00e9.","robots":{"index":"index","follow":"follow","max-snippet":"max-snippet:-1","max-image-preview":"max-image-preview:large","max-video-preview":"max-video-preview:-1"},"canonical":"https:\/\/www.lkbaba.sk\/sk\/pokyny-pre-lyziarov-a-navstevnikov-lyziarskeho-strediska\/","og_locale":"sk_SK","og_type":"article","og_title":"Pokyny pre ly\u017eiarov a n\u00e1v\u0161tevn\u00edkov ly\u017eiarskeho strediska Pezinsk\u00e1 Baba","og_description":"Pokyny pre ly\u017eiarov: Ly\u017eiar je pri n\u00e1kupe zodpovedn\u00fd za spr\u00e1vny v\u00fdber l\u00edstka pod\u013ea platn\u00e9ho cenn\u00edka. Fal\u0161ovanie l\u00edstkov je trestn\u00e9.","og_url":"https:\/\/www.lkbaba.sk\/sk\/pokyny-pre-lyziarov-a-navstevnikov-lyziarskeho-strediska\/","og_site_name":"Ly\u017eiarske stredisko - Pezinsk\u00e1 Baba","article_modified_time":"2025-04-25T09:24:35+00:00","twitter_card":"summary_large_image","twitter_misc":{"Predpokladan\u00fd \u010das \u010d\u00edtania":"6 min\u00fat"},"schema":{"@context":"https:\/\/schema.org","@graph":[{"@type":"WebPage","@id":"https:\/\/www.lkbaba.sk\/sk\/pokyny-pre-lyziarov-a-navstevnikov-lyziarskeho-strediska\/","url":"https:\/\/www.lkbaba.sk\/sk\/pokyny-pre-lyziarov-a-navstevnikov-lyziarskeho-strediska\/","name":"Pokyny pre ly\u017eiarov a n\u00e1v\u0161tevn\u00edkov ly\u017eiarskeho strediska Pezinsk\u00e1 Baba","isPartOf":{"@id":"https:\/\/www.lkbaba.sk\/sk\/#website"},"datePublished":"2017-06-21T05:57:24+00:00","dateModified":"2025-04-25T09:24:35+00:00","description":"Pokyny pre ly\u017eiarov: Ly\u017eiar je pri n\u00e1kupe zodpovedn\u00fd za spr\u00e1vny v\u00fdber l\u00edstka pod\u013ea platn\u00e9ho cenn\u00edka. Fal\u0161ovanie l\u00edstkov je trestn\u00e9.","breadcrumb":{"@id":"https:\/\/www.lkbaba.sk\/sk\/pokyny-pre-lyziarov-a-navstevnikov-lyziarskeho-strediska\/#breadcrumb"},"inLanguage":"sk-SK","potentialAction":[{"@type":"ReadAction","target":["https:\/\/www.lkbaba.sk\/sk\/pokyny-pre-lyziarov-a-navstevnikov-lyziarskeho-strediska\/"]}]},{"@type":"BreadcrumbList","@id":"https:\/\/www.lkbaba.sk\/sk\/pokyny-pre-lyziarov-a-navstevnikov-lyziarskeho-strediska\/#breadcrumb","itemListElement":[{"@type":"ListItem","position":1,"name":"Home","item":"https:\/\/www.lkbaba.sk\/sk\/"},{"@type":"ListItem","position":2,"name":"Pokyny pre ly\u017eiarov a n\u00e1v\u0161tevn\u00edkov ly\u017eiarskeho strediska"}]},{"@type":"WebSite","@id":"https:\/\/www.lkbaba.sk\/sk\/#website","url":"https:\/\/www.lkbaba.sk\/sk\/","name":"Ly\u017eiarske stredisko - Pezinsk\u00e1 Baba","description":"","publisher":{"@id":"https:\/\/www.lkbaba.sk\/sk\/#organization"},"potentialAction":[{"@type":"SearchAction","target":{"@type":"EntryPoint","urlTemplate":"https:\/\/www.lkbaba.sk\/sk\/?s={search_term_string}"},"query-input":{"@type":"PropertyValueSpecification","valueRequired":true,"valueName":"search_term_string"}}],"inLanguage":"sk-SK"},{"@type":"Organization","@id":"https:\/\/www.lkbaba.sk\/sk\/#organization","name":"LK BABA","url":"https:\/\/www.lkbaba.sk\/sk\/","logo":{"@type":"ImageObject","inLanguage":"sk-SK","@id":"https:\/\/www.lkbaba.sk\/sk\/#\/schema\/logo\/image\/","url":"https:\/\/www.lkbaba.sk\/sk\/wp-content\/uploads\/2017\/06\/logo.png","contentUrl":"https:\/\/www.lkbaba.sk\/sk\/wp-content\/uploads\/2017\/06\/logo.png","width":600,"height":570,"caption":"LK BABA"},"image":{"@id":"https:\/\/www.lkbaba.sk\/sk\/#\/schema\/logo\/image\/"}}]}},"_links":{"self":[{"href":"https:\/\/www.lkbaba.sk\/sk\/wp-json\/wp\/v2\/pages\/1377","targetHints":{"allow":["GET"]}}],"collection":[{"href":"https:\/\/www.lkbaba.sk\/sk\/wp-json\/wp\/v2\/pages"}],"about":[{"href":"https:\/\/www.lkbaba.sk\/sk\/wp-json\/wp\/v2\/types\/page"}],"author":[{"embeddable":true,"href":"https:\/\/www.lkbaba.sk\/sk\/wp-json\/wp\/v2\/users\/3"}],"replies":[{"embeddable":true,"href":"https:\/\/www.lkbaba.sk\/sk\/wp-json\/wp\/v2\/comments?post=1377"}],"version-history":[{"count":8,"href":"https:\/\/www.lkbaba.sk\/sk\/wp-json\/wp\/v2\/pages\/1377\/revisions"}],"predecessor-version":[{"id":6769,"href":"https:\/\/www.lkbaba.sk\/sk\/wp-json\/wp\/v2\/pages\/1377\/revisions\/6769"}],"wp:attachment":[{"href":"https:\/\/www.lkbaba.sk\/sk\/wp-json\/wp\/v2\/media?parent=1377"}],"curies":[{"name":"wp","href":"https:\/\/api.w.org\/{rel}","templated":true}]}}