{"id":1383,"date":"2017-06-21T08:13:02","date_gmt":"2017-06-21T06:13:02","guid":{"rendered":"http:\/\/www.lkbaba.sk\/sk\/?page_id=1383"},"modified":"2025-04-25T11:23:23","modified_gmt":"2025-04-25T09:23:23","slug":"sluzby-lyziarskeho-strediska","status":"publish","type":"page","link":"https:\/\/www.lkbaba.sk\/sk\/sluzby-lyziarskeho-strediska\/","title":{"rendered":"Slu\u017eby ly\u017eiarskeho strediska"},"content":{"rendered":"<p>[vc_row][vc_column]<div class=\"sc_section sc_section_block margin_top_medium\"><div class=\"sc_section_inner\"><div class=\"sc_section_content_wrap\"><div class=\"sc_section\"><div class=\"sc_section_inner\"><h6 class=\"sc_section_subtitle sc_item_subtitle\">PO\u017dI\u010cOV\u0147A, SERVIS, \u0160KOLA<\/h6><h2 class=\"sc_section_title sc_item_title sc_item_title_with_descr\">Slu\u017eby ly\u017eiarskeho strediska<\/h2><div class=\"sc_section_descr sc_item_descr\">Vyu\u017eite slu\u017eby Ski Po\u017ei\u010dovne, Ski Servisu a Ly\u017eiarskej \u0160koly na ly\u017eiarskych stredisk\u00e1ch Pezinsk\u00e1 Baba a Zochova Chata v Mal\u00fdch Karpatoch, iba 40 \/ 50 min\u00fat z Bratislavy!<\/div><div class=\"sc_section_content_wrap\"><\/div><\/div><\/div><\/div><\/div><\/div>[vc_empty_space height=&#8220;0.1em&#8220;]<div class=\"columns_wrap sc_columns columns_nofluid sc_columns_count_2 margin_top_small margin_bottom_medium\" data-equal-height=\".sc_column_item\"><div class=\"column-1_2 sc_column_item sc_column_item_1 odd first\"><div class=\"sc_section\" data-animation=\"animated fadeIn normal\" style=\"background-color:#ea0936;background-image:url(https:\/\/www.lkbaba.sk\/sk\/wp-content\/uploads\/2017\/06\/servis.png);background-repeat:no-repeat;background-size:cover;\"><div class=\"sc_section_inner\"><div class=\"sc_section_overlay\" style=\"\"><div class=\"sc_section_content padding_on\" style=\"\"><div class=\"sc_section_content_wrap\"><div class=\"sc_section sc_section_block margin_top_small margin_right_small margin_bottom_small margin_left_small\"><div class=\"sc_section_inner\"><div class=\"sc_section_content_wrap\"><h4 class=\"sc_title sc_title_regular margin_top_null margin_bottom_null\" style=\"color:#ffffff;\">KVALITA A R\u00ddCHLOS\u0164<\/h4><h1 class=\"sc_title sc_title_underline_dark margin_top_null margin_bottom_null\" style=\"color:#ffffff;\"><span style=\"color: #ffffff;\">SKI SERVIS<\/span><\/h1>[vc_empty_space height=&#8220;2em&#8220;]<a href=\"http:\/\/www.lkbaba.sk\/sk\/sluzby-lyziarskeho-strediska\/ski-servis\/\" class=\"sc_button sc_button_square sc_button_style_simple_white sc_button_size_large margin_top_medium  sc_button_iconed icon-right-small\">Zisti\u0165 viac<\/a>[vc_empty_space height=&#8220;1.3em&#8220;]<\/div><\/div><\/div><\/div><\/div><\/div><\/div><\/div><\/div><div class=\"column-1_2 sc_column_item sc_column_item_2 even\"><div class=\"sc_section\" data-animation=\"animated fadeIn normal\" style=\"background-color:#00eeff;background-image:url(https:\/\/www.lkbaba.sk\/sk\/wp-content\/uploads\/2017\/06\/lyziarky.png);background-repeat:no-repeat;background-size:cover;\"><div class=\"sc_section_inner\"><div class=\"sc_section_overlay\" style=\"\"><div class=\"sc_section_content padding_on\" style=\"\"><div class=\"sc_section_content_wrap\"><div class=\"sc_section sc_section_block margin_top_small margin_right_small margin_bottom_small margin_left_small\"><div class=\"sc_section_inner\"><div class=\"sc_section_content_wrap\"><h4 class=\"sc_title sc_title_regular margin_top_null margin_bottom_null\" style=\"color:#ffffff;\">V\u00ddSTROJ, LY\u017dE, BE\u017dKY&#8230;<\/h4><h1 class=\"sc_title sc_title_underline_white margin_top_null margin_bottom_null\">PO\u017dI\u010cOV\u0147A<\/h1>[vc_empty_space height=&#8220;2em&#8220;]<a href=\"http:\/\/www.lkbaba.sk\/sk\/sluzby-lyziarskeho-strediska\/ski-pozicovna\/\" class=\"sc_button sc_button_square sc_button_style_simple_alt_hover sc_button_size_large margin_top_medium  sc_button_iconed icon-right-small\">ZISTI\u0164 VIAC<\/a>[vc_empty_space height=&#8220;1.3em&#8220;]<\/div><\/div><\/div><\/div><\/div><\/div><\/div><\/div><\/div><\/div><div class=\"columns_wrap sc_columns columns_nofluid sc_columns_count_1 margin_top_small margin_bottom_medium\" data-equal-height=\".sc_column_item\"><div class=\"column-1_1 sc_column_item sc_column_item_1 odd first\"><div class=\"sc_section\" data-animation=\"animated fadeIn normal\" style=\"background-color:#c3d300;background-image:url(https:\/\/www.lkbaba.sk\/sk\/wp-content\/uploads\/2017\/06\/ski4.jpg);background-repeat:no-repeat;background-size:cover;\"><div class=\"sc_section_inner\"><div class=\"sc_section_overlay\" style=\"\"><div class=\"sc_section_content padding_on\" style=\"\"><div class=\"sc_section_content_wrap\"><div class=\"sc_section sc_section_block margin_top_small margin_right_small margin_bottom_small margin_left_small\"><div class=\"sc_section_inner\"><div class=\"sc_section_content_wrap\"><h4 class=\"sc_title sc_title_regular margin_top_null margin_bottom_null\" style=\"color:#ffffff;\">SKI \u0160KOLA<\/h4><h1 class=\"sc_title sc_title_underline_dark margin_top_null margin_bottom_null\" style=\"color:#ffffff;\"><span style=\"color: #ffffff;\">Ly\u017eiarska a snowboardov\u00e1 \u0161kola<\/span><\/h1>[vc_empty_space height=&#8220;2em&#8220;]<a href=\"http:\/\/www.lkbaba.sk\/sk\/sluzby-lyziarskeho-strediska\/ski-skola\/\" class=\"sc_button sc_button_square sc_button_style_simple_white sc_button_size_large margin_top_medium  sc_button_iconed icon-right-small\">Zisti\u0165 viac<\/a>[vc_empty_space height=&#8220;1.3em&#8220;]<\/div><\/div><\/div><\/div><\/div><\/div><\/div><\/div><\/div><div class=\"column-1_1 sc_column_item sc_column_item_2 even\">[vc_empty_space height=&#8220;3em&#8220;]<div class=\"sc_section\" data-animation=\"animated fadeIn normal\" style=\"background-color:#c3d300;background-image:url(https:\/\/www.lkbaba.sk\/sk\/wp-content\/uploads\/2019\/01\/cross_blue.jpg);background-repeat:no-repeat;background-size:cover;\"><div class=\"sc_section_inner\"><div class=\"sc_section_overlay\" style=\"\"><div class=\"sc_section_content padding_on\" style=\"\"><div class=\"sc_section_content_wrap\"><div class=\"sc_section sc_section_block margin_top_small margin_right_small margin_bottom_small margin_left_small\"><div class=\"sc_section_inner\"><div class=\"sc_section_content_wrap\"><h4 class=\"sc_title sc_title_regular margin_top_null margin_bottom_null\" style=\"color:#ffffff;\">SKI \u0160KOLA<\/h4><h1 class=\"sc_title sc_title_underline_dark margin_top_null margin_bottom_null\" style=\"color:#ffffff;\"><span style=\"color: #ffffff;\">V\u00fdu\u010dba be\u017eeck\u00e9ho ly\u017eovania<\/span><\/h1>[vc_empty_space height=&#8220;2em&#8220;]<a href=\"https:\/\/www.lkbaba.sk\/sk\/sluzby-lyziarskeho-strediska\/vyucba-bezeckeho-lyzovania\/\" class=\"sc_button sc_button_square sc_button_style_simple_white sc_button_size_large margin_top_medium  sc_button_iconed icon-right-small\">Zisti\u0165 viac<\/a>[vc_empty_space height=&#8220;1.3em&#8220;]<\/div><\/div><\/div><\/div><\/div><\/div><\/div><\/div><\/div><\/div>[\/vc_column][\/vc_row][vc_row full_width=&#8220;stretch_row&#8220; parallax=&#8220;content-moving&#8220; parallax_image=&#8220;973&#8243; parallax_speed_bg=&#8220;1.2&#8243; css_animation=&#8220;zoomIn&#8220; scheme=&#8220;original&#8220; inverse=&#8220;&#8220; css=&#8220;.vc_custom_1498028162709{background-position: center;background-repeat: no-repeat !important;background-size: cover !important;}&#8220;][vc_column width=&#8220;1\/2&#8243; offset=&#8220;vc_col-lg-6 vc_col-md-6 vc_col-xs-11&#8243;][\/vc_column][vc_column width=&#8220;1\/2&#8243;][vc_empty_space height=&#8220;2.25em&#8220;][vc_empty_space height=&#8220;4em&#8220;][vc_empty_space height=&#8220;4em&#8220;][vc_custom_heading text=&#8220;PREDPREDAJ L\u00cdSTKOV&#8220; font_container=&#8220;tag:div|font_size:0.933em|text_align:right|color:%23c4c4c4&#8243; google_fonts=&#8220;font_family:Montserrat%3Aregular%2C700|font_style:400%20regular%3A400%3Anormal&#8220;]<div class=\"sc_section title_right\"><div class=\"sc_section_inner\"><h2 class=\"sc_section_title sc_item_title sc_item_title_with_descr\">Sez\u00f3nne Permanentky<\/h2><div class=\"sc_section_descr sc_item_descr\">Cenn\u00edk jazdn\u00e9ho na sez\u00f3nu 2023-2024 platn\u00fd pre sez\u00f3nne l\u00edstky zak\u00fapen\u00e9 v predpredaji. V\u0161etky sez\u00f3nne l\u00edstky s\u00fa platn\u00e9 aj v stredisku Zochova chata.<\/div><div class=\"sc_section_content_wrap\">[vc_empty_space height=&#8220;0.8em&#8220;]<a href=\"http:\/\/www.lkbaba.sk\/sk\/predpredaj-listkov\/\" class=\"sc_button sc_button_square sc_button_style_filled sc_button_size_small alignright\">k\u00fapi\u0165<\/a>[vc_empty_space height=&#8220;4em&#8220;]<\/div><\/div><\/div>[vc_empty_space height=&#8220;4em&#8220;][vc_empty_space height=&#8220;4em&#8220;][\/vc_column][\/vc_row][vc_row][vc_column][vc_empty_space height=&#8220;0.7em&#8220;]<div id=\"sc_services_1230886430_wrap\" class=\"sc_services_wrap\"><div id=\"sc_services_1230886430\" class=\"sc_services sc_services_style_services-1 sc_services_type_icons  margin_top_medium margin_bottom_medium\" style=\"width:100%;\"><div class=\"sc_columns columns_wrap\"><div class=\"column-1_3 column_padding_bottom\">\t\t\t<div id=\"sc_services_1230886430_1\"\t\t\t\tclass=\"sc_services_item sc_services_item_1 odd first\"\n\t\t\t\t>\n\t\t\t\t<span class=\"sc_icon icon-mobile-1\"><\/span>\t\t\t\t<div class=\"sc_services_item_content\">\n\t\t\t\t\t<h4 class=\"sc_services_item_title\">Kontaktn\u00fd telef\u00f3n<\/h4>\n\t\t\t\t\t<div class=\"sc_services_item_description\">\n\t\t\t\t\t\t<p>[vc_column_text]033\/6402312<br \/>\nZavolajte n\u00e1m[\/vc_column_text]<\/p>\t\t\t\t\t<\/div>\n\t\t\t\t<\/div>\n\t\t\t<\/div>\n\t\t<\/div><div class=\"column-1_3 column_padding_bottom\">\t\t\t<div id=\"sc_services_1230886430_2\"\t\t\t\tclass=\"sc_services_item sc_services_item_2 even\"\n\t\t\t\t>\n\t\t\t\t<span class=\"sc_icon icon-location-1\"><\/span>\t\t\t\t<div class=\"sc_services_item_content\">\n\t\t\t\t\t<h4 class=\"sc_services_item_title\">Kde n\u00e1s n\u00e1jdete?<\/h4>\n\t\t\t\t\t<div class=\"sc_services_item_description\">\n\t\t\t\t\t\t<p>[vc_column_text]Ly\u017eiarsky klub Baba<br \/>\nBaba 356, 902 01 Pezinok[\/vc_column_text]<\/p>\t\t\t\t\t<\/div>\n\t\t\t\t<\/div>\n\t\t\t<\/div>\n\t\t<\/div><div class=\"column-1_3 column_padding_bottom\">\t\t\t<div id=\"sc_services_1230886430_3\"\t\t\t\tclass=\"sc_services_item sc_services_item_3 odd\"\n\t\t\t\t>\n\t\t\t\t<span class=\"sc_icon icon-clock-1\"><\/span>\t\t\t\t<div class=\"sc_services_item_content\">\n\t\t\t\t\t<h4 class=\"sc_services_item_title\">Prev\u00e1dzkov\u00e1 doba<\/h4>\n\t\t\t\t\t<div class=\"sc_services_item_description\">\n\t\t\t\t\t\t<p>[vc_column_text]Denn\u00e9 ly\u017eovanie<br \/>\nVe\u010dern\u00e9 ly\u017eovanie[\/vc_column_text]<\/p>\t\t\t\t\t<\/div>\n\t\t\t\t<\/div>\n\t\t\t<\/div>\n\t\t<\/div><\/div><\/div><!-- \/.sc_services --><\/div><!-- \/.sc_services_wrap -->[\/vc_column][\/vc_row][vc_row full_width=&#8220;stretch_row_content_no_spaces&#8220; scheme=&#8220;dark&#8220; inverse=&#8220;&#8220; css=&#8220;.vc_custom_1497623217782{margin-bottom: -100px !important;}&#8220;][vc_column][vc_gmaps link=&#8220;#E-8_JTNDaWZyYW1lJTIwc3JjJTNEJTIyaHR0cHMlM0ElMkYlMkZ3d3cuZ29vZ2xlLmNvbSUyRm1hcHMlMkZlbWJlZCUzRnBiJTNEJTIxMW0xOCUyMTFtMTIlMjExbTMlMjExZDg0OTIxLjU2NDUzMDQ2OTA0JTIxMmQxNy4xOTkyMzQxMDU4MjkwMjglMjEzZDQ4LjMwNjcxOTE2OTc4NTAwNSUyMTJtMyUyMTFmMCUyMTJmMCUyMTNmMCUyMTNtMiUyMTFpMTAyNCUyMTJpNzY4JTIxNGYxMy4xJTIxM20zJTIxMW0yJTIxMXMweDQ3NmM5NDM2MDFiMjJmNmYlMjUzQTB4NDA0MjE3YjI1NDQxMzY2ZCUyMTJzTHklMjVDNSUyNUJFaWFyc2tlJTJCc3RyZWRpc2tvJTJCUGV6aW5zayUyNUMzJTI1QTElMkJCYWJhJTIxNWUwJTIxM20yJTIxMXNzayUyMTJzc2slMjE0djE0OTc2MjI3ODA3NzQlMjIlMjB3aWR0aCUzRCUyMjE5MDAlMjIlMjBoZWlnaHQlM0QlMjI1NTAlMjIlMjBmcmFtZWJvcmRlciUzRCUyMjAlMjIlMjBzdHlsZSUzRCUyMmJvcmRlciUzQTAlMjIlMjBhbGxvd2Z1bGxzY3JlZW4lM0UlM0MlMkZpZnJhbWUlM0U=&#8220; size=&#8220;1900&#215;550&#8243;][\/vc_column][\/vc_row]<\/p>\n","protected":false},"excerpt":{"rendered":"<p>[vc_row][vc_column][vc_empty_space height=&#8220;0.1em&#8220;][\/vc_column][\/vc_row][vc_row full_width=&#8220;stretch_row&#8220; parallax=&#8220;content-moving&#8220; parallax_image=&#8220;973&#8243; parallax_speed_bg=&#8220;1.2&#8243; css_animation=&#8220;zoomIn&#8220; scheme=&#8220;original&#8220; inverse=&#8220;&#8220; css=&#8220;.vc_custom_1498028162709{background-position: center;background-repeat: no-repeat !important;background-size: cover !important;}&#8220;][vc_column width=&#8220;1\/2&#8243; offset=&#8220;vc_col-lg-6 vc_col-md-6 vc_col-xs-11&#8243;][\/vc_column][vc_column width=&#8220;1\/2&#8243;][vc_empty_space height=&#8220;2.25em&#8220;][vc_empty_space height=&#8220;4em&#8220;][vc_empty_space height=&#8220;4em&#8220;][vc_custom_heading text=&#8220;PREDPREDAJ L\u00cdSTKOV&#8220; font_container=&#8220;tag:div|font_size:0.933em|text_align:right|color:%23c4c4c4&#8243; google_fonts=&#8220;font_family:Montserrat%3Aregular%2C700|font_style:400%20regular%3A400%3Anormal&#8220;][vc_empty_space height=&#8220;4em&#8220;][vc_empty_space height=&#8220;4em&#8220;][\/vc_column][\/vc_row][vc_row][vc_column][vc_empty_space height=&#8220;0.7em&#8220;][\/vc_column][\/vc_row][vc_row full_width=&#8220;stretch_row_content_no_spaces&#8220; scheme=&#8220;dark&#8220; inverse=&#8220;&#8220; css=&#8220;.vc_custom_1497623217782{margin-bottom: -100px !important;}&#8220;][vc_column][vc_gmaps link=&#8220;#E-8_JTNDaWZyYW1lJTIwc3JjJTNEJTIyaHR0cHMlM0ElMkYlMkZ3d3cuZ29vZ2xlLmNvbSUyRm1hcHMlMkZlbWJlZCUzRnBiJTNEJTIxMW0xOCUyMTFtMTIlMjExbTMlMjExZDg0OTIxLjU2NDUzMDQ2OTA0JTIxMmQxNy4xOTkyMzQxMDU4MjkwMjglMjEzZDQ4LjMwNjcxOTE2OTc4NTAwNSUyMTJtMyUyMTFmMCUyMTJmMCUyMTNmMCUyMTNtMiUyMTFpMTAyNCUyMTJpNzY4JTIxNGYxMy4xJTIxM20zJTIxMW0yJTIxMXMweDQ3NmM5NDM2MDFiMjJmNmYlMjUzQTB4NDA0MjE3YjI1NDQxMzY2ZCUyMTJzTHklMjVDNSUyNUJFaWFyc2tlJTJCc3RyZWRpc2tvJTJCUGV6aW5zayUyNUMzJTI1QTElMkJCYWJhJTIxNWUwJTIxM20yJTIxMXNzayUyMTJzc2slMjE0djE0OTc2MjI3ODA3NzQlMjIlMjB3aWR0aCUzRCUyMjE5MDAlMjIlMjBoZWlnaHQlM0QlMjI1NTAlMjIlMjBmcmFtZWJvcmRlciUzRCUyMjAlMjIlMjBzdHlsZSUzRCUyMmJvcmRlciUzQTAlMjIlMjBhbGxvd2Z1bGxzY3JlZW4lM0UlM0MlMkZpZnJhbWUlM0U=&#8220; size=&#8220;1900&#215;550&#8243;][\/vc_column][\/vc_row]<\/p>\n","protected":false},"author":3,"featured_media":0,"parent":0,"menu_order":0,"comment_status":"closed","ping_status":"closed","template":"","meta":{"footnotes":""},"class_list":["post-1383","page","type-page","status-publish","hentry"],"yoast_head":"<!-- This site is optimized with the Yoast SEO plugin v27.3 - https:\/\/yoast.com\/product\/yoast-seo-wordpress\/ -->\n<title>Slu\u017eby ly\u017eiarskeho strediska Pezinsk\u00e1 Baba - Ski servis, \u0161kola, po\u017ei\u010dov\u0148a<\/title>\n<meta name=\"description\" content=\"Vyu\u017eite slu\u017eby Ski Po\u017ei\u010dovne, Ski Servisu a Ly\u017eiarskej \u0160koly na ly\u017eiarskych stredisk\u00e1ch Pezinsk\u00e1 Baba a Zochova Chata v Mal\u00fdch Karpatoch. Predpredaj l\u00edstkov\" \/>\n<meta name=\"robots\" content=\"index, follow, max-snippet:-1, max-image-preview:large, max-video-preview:-1\" \/>\n<link rel=\"canonical\" href=\"https:\/\/www.lkbaba.sk\/sk\/sluzby-lyziarskeho-strediska\/\" \/>\n<meta property=\"og:locale\" content=\"sk_SK\" \/>\n<meta property=\"og:type\" content=\"article\" \/>\n<meta property=\"og:title\" content=\"Slu\u017eby ly\u017eiarskeho strediska Pezinsk\u00e1 Baba - Ski servis, \u0161kola, po\u017ei\u010dov\u0148a\" \/>\n<meta property=\"og:description\" content=\"Vyu\u017eite slu\u017eby Ski Po\u017ei\u010dovne, Ski Servisu a Ly\u017eiarskej \u0160koly na ly\u017eiarskych stredisk\u00e1ch Pezinsk\u00e1 Baba a Zochova Chata v Mal\u00fdch Karpatoch. Predpredaj l\u00edstkov\" \/>\n<meta property=\"og:url\" content=\"https:\/\/www.lkbaba.sk\/sk\/sluzby-lyziarskeho-strediska\/\" \/>\n<meta property=\"og:site_name\" content=\"Ly\u017eiarske stredisko - Pezinsk\u00e1 Baba\" \/>\n<meta property=\"article:modified_time\" content=\"2025-04-25T09:23:23+00:00\" \/>\n<meta name=\"twitter:card\" content=\"summary_large_image\" \/>\n<meta name=\"twitter:label1\" content=\"Predpokladan\u00fd \u010das \u010d\u00edtania\" \/>\n\t<meta name=\"twitter:data1\" content=\"2 min\u00faty\" \/>\n<script type=\"application\/ld+json\" class=\"yoast-schema-graph\">{\"@context\":\"https:\\\/\\\/schema.org\",\"@graph\":[{\"@type\":\"WebPage\",\"@id\":\"https:\\\/\\\/www.lkbaba.sk\\\/sk\\\/sluzby-lyziarskeho-strediska\\\/\",\"url\":\"https:\\\/\\\/www.lkbaba.sk\\\/sk\\\/sluzby-lyziarskeho-strediska\\\/\",\"name\":\"Slu\u017eby ly\u017eiarskeho strediska Pezinsk\u00e1 Baba - Ski servis, \u0161kola, po\u017ei\u010dov\u0148a\",\"isPartOf\":{\"@id\":\"https:\\\/\\\/www.lkbaba.sk\\\/sk\\\/#website\"},\"datePublished\":\"2017-06-21T06:13:02+00:00\",\"dateModified\":\"2025-04-25T09:23:23+00:00\",\"description\":\"Vyu\u017eite slu\u017eby Ski Po\u017ei\u010dovne, Ski Servisu a Ly\u017eiarskej \u0160koly na ly\u017eiarskych stredisk\u00e1ch Pezinsk\u00e1 Baba a Zochova Chata v Mal\u00fdch Karpatoch. Predpredaj l\u00edstkov\",\"breadcrumb\":{\"@id\":\"https:\\\/\\\/www.lkbaba.sk\\\/sk\\\/sluzby-lyziarskeho-strediska\\\/#breadcrumb\"},\"inLanguage\":\"sk-SK\",\"potentialAction\":[{\"@type\":\"ReadAction\",\"target\":[\"https:\\\/\\\/www.lkbaba.sk\\\/sk\\\/sluzby-lyziarskeho-strediska\\\/\"]}]},{\"@type\":\"BreadcrumbList\",\"@id\":\"https:\\\/\\\/www.lkbaba.sk\\\/sk\\\/sluzby-lyziarskeho-strediska\\\/#breadcrumb\",\"itemListElement\":[{\"@type\":\"ListItem\",\"position\":1,\"name\":\"Home\",\"item\":\"https:\\\/\\\/www.lkbaba.sk\\\/sk\\\/\"},{\"@type\":\"ListItem\",\"position\":2,\"name\":\"Slu\u017eby ly\u017eiarskeho strediska\"}]},{\"@type\":\"WebSite\",\"@id\":\"https:\\\/\\\/www.lkbaba.sk\\\/sk\\\/#website\",\"url\":\"https:\\\/\\\/www.lkbaba.sk\\\/sk\\\/\",\"name\":\"Ly\u017eiarske stredisko - Pezinsk\u00e1 Baba\",\"description\":\"\",\"publisher\":{\"@id\":\"https:\\\/\\\/www.lkbaba.sk\\\/sk\\\/#organization\"},\"potentialAction\":[{\"@type\":\"SearchAction\",\"target\":{\"@type\":\"EntryPoint\",\"urlTemplate\":\"https:\\\/\\\/www.lkbaba.sk\\\/sk\\\/?s={search_term_string}\"},\"query-input\":{\"@type\":\"PropertyValueSpecification\",\"valueRequired\":true,\"valueName\":\"search_term_string\"}}],\"inLanguage\":\"sk-SK\"},{\"@type\":\"Organization\",\"@id\":\"https:\\\/\\\/www.lkbaba.sk\\\/sk\\\/#organization\",\"name\":\"LK BABA\",\"url\":\"https:\\\/\\\/www.lkbaba.sk\\\/sk\\\/\",\"logo\":{\"@type\":\"ImageObject\",\"inLanguage\":\"sk-SK\",\"@id\":\"https:\\\/\\\/www.lkbaba.sk\\\/sk\\\/#\\\/schema\\\/logo\\\/image\\\/\",\"url\":\"https:\\\/\\\/www.lkbaba.sk\\\/sk\\\/wp-content\\\/uploads\\\/2017\\\/06\\\/logo.png\",\"contentUrl\":\"https:\\\/\\\/www.lkbaba.sk\\\/sk\\\/wp-content\\\/uploads\\\/2017\\\/06\\\/logo.png\",\"width\":600,\"height\":570,\"caption\":\"LK BABA\"},\"image\":{\"@id\":\"https:\\\/\\\/www.lkbaba.sk\\\/sk\\\/#\\\/schema\\\/logo\\\/image\\\/\"}}]}<\/script>\n<!-- \/ Yoast SEO plugin. -->","yoast_head_json":{"title":"Slu\u017eby ly\u017eiarskeho strediska Pezinsk\u00e1 Baba - Ski servis, \u0161kola, po\u017ei\u010dov\u0148a","description":"Vyu\u017eite slu\u017eby Ski Po\u017ei\u010dovne, Ski Servisu a Ly\u017eiarskej \u0160koly na ly\u017eiarskych stredisk\u00e1ch Pezinsk\u00e1 Baba a Zochova Chata v Mal\u00fdch Karpatoch. Predpredaj l\u00edstkov","robots":{"index":"index","follow":"follow","max-snippet":"max-snippet:-1","max-image-preview":"max-image-preview:large","max-video-preview":"max-video-preview:-1"},"canonical":"https:\/\/www.lkbaba.sk\/sk\/sluzby-lyziarskeho-strediska\/","og_locale":"sk_SK","og_type":"article","og_title":"Slu\u017eby ly\u017eiarskeho strediska Pezinsk\u00e1 Baba - Ski servis, \u0161kola, po\u017ei\u010dov\u0148a","og_description":"Vyu\u017eite slu\u017eby Ski Po\u017ei\u010dovne, Ski Servisu a Ly\u017eiarskej \u0160koly na ly\u017eiarskych stredisk\u00e1ch Pezinsk\u00e1 Baba a Zochova Chata v Mal\u00fdch Karpatoch. Predpredaj l\u00edstkov","og_url":"https:\/\/www.lkbaba.sk\/sk\/sluzby-lyziarskeho-strediska\/","og_site_name":"Ly\u017eiarske stredisko - Pezinsk\u00e1 Baba","article_modified_time":"2025-04-25T09:23:23+00:00","twitter_card":"summary_large_image","twitter_misc":{"Predpokladan\u00fd \u010das \u010d\u00edtania":"2 min\u00faty"},"schema":{"@context":"https:\/\/schema.org","@graph":[{"@type":"WebPage","@id":"https:\/\/www.lkbaba.sk\/sk\/sluzby-lyziarskeho-strediska\/","url":"https:\/\/www.lkbaba.sk\/sk\/sluzby-lyziarskeho-strediska\/","name":"Slu\u017eby ly\u017eiarskeho strediska Pezinsk\u00e1 Baba - Ski servis, \u0161kola, po\u017ei\u010dov\u0148a","isPartOf":{"@id":"https:\/\/www.lkbaba.sk\/sk\/#website"},"datePublished":"2017-06-21T06:13:02+00:00","dateModified":"2025-04-25T09:23:23+00:00","description":"Vyu\u017eite slu\u017eby Ski Po\u017ei\u010dovne, Ski Servisu a Ly\u017eiarskej \u0160koly na ly\u017eiarskych stredisk\u00e1ch Pezinsk\u00e1 Baba a Zochova Chata v Mal\u00fdch Karpatoch. Predpredaj l\u00edstkov","breadcrumb":{"@id":"https:\/\/www.lkbaba.sk\/sk\/sluzby-lyziarskeho-strediska\/#breadcrumb"},"inLanguage":"sk-SK","potentialAction":[{"@type":"ReadAction","target":["https:\/\/www.lkbaba.sk\/sk\/sluzby-lyziarskeho-strediska\/"]}]},{"@type":"BreadcrumbList","@id":"https:\/\/www.lkbaba.sk\/sk\/sluzby-lyziarskeho-strediska\/#breadcrumb","itemListElement":[{"@type":"ListItem","position":1,"name":"Home","item":"https:\/\/www.lkbaba.sk\/sk\/"},{"@type":"ListItem","position":2,"name":"Slu\u017eby ly\u017eiarskeho strediska"}]},{"@type":"WebSite","@id":"https:\/\/www.lkbaba.sk\/sk\/#website","url":"https:\/\/www.lkbaba.sk\/sk\/","name":"Ly\u017eiarske stredisko - Pezinsk\u00e1 Baba","description":"","publisher":{"@id":"https:\/\/www.lkbaba.sk\/sk\/#organization"},"potentialAction":[{"@type":"SearchAction","target":{"@type":"EntryPoint","urlTemplate":"https:\/\/www.lkbaba.sk\/sk\/?s={search_term_string}"},"query-input":{"@type":"PropertyValueSpecification","valueRequired":true,"valueName":"search_term_string"}}],"inLanguage":"sk-SK"},{"@type":"Organization","@id":"https:\/\/www.lkbaba.sk\/sk\/#organization","name":"LK BABA","url":"https:\/\/www.lkbaba.sk\/sk\/","logo":{"@type":"ImageObject","inLanguage":"sk-SK","@id":"https:\/\/www.lkbaba.sk\/sk\/#\/schema\/logo\/image\/","url":"https:\/\/www.lkbaba.sk\/sk\/wp-content\/uploads\/2017\/06\/logo.png","contentUrl":"https:\/\/www.lkbaba.sk\/sk\/wp-content\/uploads\/2017\/06\/logo.png","width":600,"height":570,"caption":"LK BABA"},"image":{"@id":"https:\/\/www.lkbaba.sk\/sk\/#\/schema\/logo\/image\/"}}]}},"_links":{"self":[{"href":"https:\/\/www.lkbaba.sk\/sk\/wp-json\/wp\/v2\/pages\/1383","targetHints":{"allow":["GET"]}}],"collection":[{"href":"https:\/\/www.lkbaba.sk\/sk\/wp-json\/wp\/v2\/pages"}],"about":[{"href":"https:\/\/www.lkbaba.sk\/sk\/wp-json\/wp\/v2\/types\/page"}],"author":[{"embeddable":true,"href":"https:\/\/www.lkbaba.sk\/sk\/wp-json\/wp\/v2\/users\/3"}],"replies":[{"embeddable":true,"href":"https:\/\/www.lkbaba.sk\/sk\/wp-json\/wp\/v2\/comments?post=1383"}],"version-history":[{"count":35,"href":"https:\/\/www.lkbaba.sk\/sk\/wp-json\/wp\/v2\/pages\/1383\/revisions"}],"predecessor-version":[{"id":6768,"href":"https:\/\/www.lkbaba.sk\/sk\/wp-json\/wp\/v2\/pages\/1383\/revisions\/6768"}],"wp:attachment":[{"href":"https:\/\/www.lkbaba.sk\/sk\/wp-json\/wp\/v2\/media?parent=1383"}],"curies":[{"name":"wp","href":"https:\/\/api.w.org\/{rel}","templated":true}]}}