{"id":1418,"date":"2017-06-21T09:52:12","date_gmt":"2017-06-21T07:52:12","guid":{"rendered":"http:\/\/www.lkbaba.sk\/sk\/?page_id=1418"},"modified":"2017-09-05T08:27:32","modified_gmt":"2017-09-05T06:27:32","slug":"pezinska-baba","status":"publish","type":"page","link":"https:\/\/www.lkbaba.sk\/sk\/pezinska-baba\/","title":{"rendered":"Pezinsk\u00e1 Baba"},"content":{"rendered":"<p>[vc_row][vc_column]<div class=\"sc_section sc_section_block \"><div class=\"sc_section_inner\"><div class=\"sc_section_content_wrap\"><div class=\"sc_section\"><div class=\"sc_section_inner\"><h6 class=\"sc_section_subtitle sc_item_subtitle\">Ob\u010dianske zdru\u017eenie LK Baba<\/h6><h2 class=\"sc_section_title sc_item_title sc_item_title_without_descr\">Ly\u017eiarsky Klub Baba Pezinok<\/h2><div class=\"sc_section_content_wrap\"><\/div><\/div><\/div><\/div><\/div><\/div>[\/vc_column][\/vc_row][vc_row][vc_column][vc_column_text]Ly\u017eiarskeho strediska Baba Pezinok, ktor\u00fd prev\u00e1dzkuje Ly\u017eiarsky klub Baba Pezinok. Stredisko sa nach\u00e1dza na hrebeni Mal\u00fdch Karp\u00e1t vo v\u00fd\u0161ke 527 m.n.m. 12 km od okresn\u00e9ho mesta Pezinok. Ak m\u00e1te z\u00e1ujem o ubytovanie v na\u0161om stredisku v\u0161etky potrebn\u00e9 inform\u00e1cie n\u00e1jdete tu.<\/p>\n<p>LK Baba je ob\u010dianske zdru\u017eenie, ktor\u00e9 je priamym pokra\u010dovate\u013eom TJ Lokomot\u00edva Pezinok Ly\u017eiarsky oddiel a ktor\u00e9 bez prest\u00e1vky od roku 1959 buduje a prev\u00e1dzkuje zimn\u00e9 ly\u017eiarske stredisko na Pezinskej Babe. Tu je historick\u00e1 fotografia z Baby z roku 1981. V stredisku je v prev\u00e1dzke v s\u00fa\u010dasnosti p\u00e4\u0165 vlekov na troch zjazdov\u00fdch tratiach. Celkov\u00e1 in\u0161talovan\u00e1 hodinov\u00e1 kapacita OHDZ je 3120 os\u00f4b za hodinu pri d\u013a\u017ekach zjazdov\u00fdch trat\u00ed 500, 700 a 1000 m. V stredisku s\u00fa trate pre be\u017eeck\u00e9 ly\u017eovanie v d\u013a\u017ekach 1,2, 5 km a s\u00e1nkarsk\u00e1 dr\u00e1ha.<\/p>\n<p>Povrch trat\u00ed je pravidelne udr\u017eiavan\u00fd dvom strojmi na \u00fadr\u017ebu (2 x K\u00e4ssbohrer). Tu je preh\u013eadn\u00e1 mapa strediska. Zjazdov\u00e1 tra\u0165 ozna\u010den\u00e1 ako VL 500 (pri vleku DOUBLE) je vybaven\u00e1 osvetlen\u00edm a zariaden\u00edm HKD a \u010fal\u0161\u00edmi vrtu\u013eov\u00fdmi sne\u017en\u00fdmi delami (Demac, B-Roll) na v\u00fdrobu technick\u00e9ho snehu. Klub vedie volen\u00fd v\u00fdkonn\u00fd v\u00fdbor zlo\u017een\u00fd z deviatich \u010dlenov, ktor\u00ed pracuj\u00fa pod\u013ea pl\u00e1nu rozvoja strediska ods\u00fahlasen\u00e9ho \u010dlenskou sch\u00f4dzou na za\u010diatku kalend\u00e1rneho roka.<\/p>\n<p>\u010clenovia klubu sa z\u00fa\u010dast\u0148uj\u00fa na letnej \u00fadr\u017ebe are\u00e1lu a potrebn\u00fdch stretnutiach klubu. Od roku 1993, kedy sa klub osamostatnil, rozvoj strediska je zabezpe\u010dovan\u00fd z vlastn\u00fdch tr\u017eieb strediska v zimn\u00fdch mesiacoch.<br \/>\nKapacita parkov\u00edsk je 400 parkovac\u00edch miest.<\/p>\n<p><strong>Prev\u00e1dzka ly\u017eiarskych vlekov: (ak s\u00fa na to vhodn\u00e9 podmienky)<\/strong><\/p>\n<p><em>Denn\u00e9 ly\u017eovanie Ve\u010dern\u00e9 ly\u017eovanie<\/em><br \/>\nPONDELOK \u00a09:00 \u2013 16:00 17:00 \u2013 21:00<br \/>\nUTOROK \u00a0 \u00a0 \u00a09:00 \u2013 16:00 17:00 \u2013 21:00<br \/>\nSTREDA \u00a0 \u00a0 \u00a0 9:00 \u2013 16:00 17:00 \u2013 21:00<br \/>\n\u0160TVRTOK \u00a0 \u00a0 9:00 \u2013 16:00 17:00 \u2013 21:00<br \/>\nPIATOK \u00a0 \u00a0 \u00a0 \u00a0 9:00 \u2013 16:00 17:00 \u2013 21:00<br \/>\nSOBOTA \u00a0 \u00a0 \u00a0 9:00 \u2013 16:00 17:00 \u2013 21:00<br \/>\nNEDE\u013dA \u00a0 \u00a0 \u00a0 9:00 \u2013 16:00 17:00 \u2013 21:00<\/p>\n<p><strong>Ve\u010dern\u00e9 ly\u017eovanie je ka\u017ed\u00fd de\u0148 a\u017e do odvolania!!!<\/strong>[\/vc_column_text][\/vc_column][\/vc_row]<\/p>\n","protected":false},"excerpt":{"rendered":"<p>[vc_row][vc_column][\/vc_column][\/vc_row][vc_row][vc_column][vc_column_text]Ly\u017eiarskeho strediska Baba Pezinok, ktor\u00fd prev\u00e1dzkuje Ly\u017eiarsky klub Baba Pezinok. Stredisko sa nach\u00e1dza na hrebeni Mal\u00fdch Karp\u00e1t vo v\u00fd\u0161ke 527 m.n.m. 12 km od okresn\u00e9ho mesta Pezinok. Ak m\u00e1te z\u00e1ujem o ubytovanie v na\u0161om stredisku v\u0161etky potrebn\u00e9 inform\u00e1cie n\u00e1jdete tu. LK Baba je ob\u010dianske zdru\u017eenie, ktor\u00e9 je priamym pokra\u010dovate\u013eom TJ Lokomot\u00edva Pezinok Ly\u017eiarsky oddiel a [&hellip;]<\/p>\n","protected":false},"author":3,"featured_media":0,"parent":0,"menu_order":0,"comment_status":"closed","ping_status":"closed","template":"","meta":{"footnotes":""},"class_list":["post-1418","page","type-page","status-publish","hentry"],"yoast_head":"<!-- This site is optimized with the Yoast SEO plugin v27.3 - https:\/\/yoast.com\/product\/yoast-seo-wordpress\/ -->\n<title>Ly\u017eiarske stredisko Pezinsk\u00e1 Baba - vleky, zjazdovky, servis ly\u017e\u00ed, ski \u0161kola<\/title>\n<meta name=\"description\" content=\"Stredisko Pezinsk\u00e1 Baba sa nach\u00e1dza na hrebeni Mal\u00fdch Karp\u00e1t vo v\u00fd\u0161ke 527 m.n.m. 12 km od Pezinka. V prev\u00e1dzke je p\u00e4\u0165 vlekov na troch zjazdov\u00fdch tratiach.\" \/>\n<meta name=\"robots\" content=\"index, follow, max-snippet:-1, max-image-preview:large, max-video-preview:-1\" \/>\n<link rel=\"canonical\" href=\"https:\/\/www.lkbaba.sk\/sk\/pezinska-baba\/\" \/>\n<meta property=\"og:locale\" content=\"sk_SK\" \/>\n<meta property=\"og:type\" content=\"article\" \/>\n<meta property=\"og:title\" content=\"Ly\u017eiarske stredisko Pezinsk\u00e1 Baba - vleky, zjazdovky, servis ly\u017e\u00ed, ski \u0161kola\" \/>\n<meta property=\"og:description\" content=\"Stredisko Pezinsk\u00e1 Baba sa nach\u00e1dza na hrebeni Mal\u00fdch Karp\u00e1t vo v\u00fd\u0161ke 527 m.n.m. 12 km od Pezinka. V prev\u00e1dzke je p\u00e4\u0165 vlekov na troch zjazdov\u00fdch tratiach.\" \/>\n<meta property=\"og:url\" content=\"https:\/\/www.lkbaba.sk\/sk\/pezinska-baba\/\" \/>\n<meta property=\"og:site_name\" content=\"Ly\u017eiarske stredisko - Pezinsk\u00e1 Baba\" \/>\n<meta property=\"article:modified_time\" content=\"2017-09-05T06:27:32+00:00\" \/>\n<meta name=\"twitter:card\" content=\"summary_large_image\" \/>\n<meta name=\"twitter:label1\" content=\"Predpokladan\u00fd \u010das \u010d\u00edtania\" \/>\n\t<meta name=\"twitter:data1\" content=\"2 min\u00faty\" \/>\n<script type=\"application\/ld+json\" class=\"yoast-schema-graph\">{\"@context\":\"https:\\\/\\\/schema.org\",\"@graph\":[{\"@type\":\"WebPage\",\"@id\":\"https:\\\/\\\/www.lkbaba.sk\\\/sk\\\/pezinska-baba\\\/\",\"url\":\"https:\\\/\\\/www.lkbaba.sk\\\/sk\\\/pezinska-baba\\\/\",\"name\":\"Ly\u017eiarske stredisko Pezinsk\u00e1 Baba - vleky, zjazdovky, servis ly\u017e\u00ed, ski \u0161kola\",\"isPartOf\":{\"@id\":\"https:\\\/\\\/www.lkbaba.sk\\\/sk\\\/#website\"},\"datePublished\":\"2017-06-21T07:52:12+00:00\",\"dateModified\":\"2017-09-05T06:27:32+00:00\",\"description\":\"Stredisko Pezinsk\u00e1 Baba sa nach\u00e1dza na hrebeni Mal\u00fdch Karp\u00e1t vo v\u00fd\u0161ke 527 m.n.m. 12 km od Pezinka. V prev\u00e1dzke je p\u00e4\u0165 vlekov na troch zjazdov\u00fdch tratiach.\",\"breadcrumb\":{\"@id\":\"https:\\\/\\\/www.lkbaba.sk\\\/sk\\\/pezinska-baba\\\/#breadcrumb\"},\"inLanguage\":\"sk-SK\",\"potentialAction\":[{\"@type\":\"ReadAction\",\"target\":[\"https:\\\/\\\/www.lkbaba.sk\\\/sk\\\/pezinska-baba\\\/\"]}]},{\"@type\":\"BreadcrumbList\",\"@id\":\"https:\\\/\\\/www.lkbaba.sk\\\/sk\\\/pezinska-baba\\\/#breadcrumb\",\"itemListElement\":[{\"@type\":\"ListItem\",\"position\":1,\"name\":\"Home\",\"item\":\"https:\\\/\\\/www.lkbaba.sk\\\/sk\\\/\"},{\"@type\":\"ListItem\",\"position\":2,\"name\":\"Pezinsk\u00e1 Baba\"}]},{\"@type\":\"WebSite\",\"@id\":\"https:\\\/\\\/www.lkbaba.sk\\\/sk\\\/#website\",\"url\":\"https:\\\/\\\/www.lkbaba.sk\\\/sk\\\/\",\"name\":\"Ly\u017eiarske stredisko - Pezinsk\u00e1 Baba\",\"description\":\"\",\"publisher\":{\"@id\":\"https:\\\/\\\/www.lkbaba.sk\\\/sk\\\/#organization\"},\"potentialAction\":[{\"@type\":\"SearchAction\",\"target\":{\"@type\":\"EntryPoint\",\"urlTemplate\":\"https:\\\/\\\/www.lkbaba.sk\\\/sk\\\/?s={search_term_string}\"},\"query-input\":{\"@type\":\"PropertyValueSpecification\",\"valueRequired\":true,\"valueName\":\"search_term_string\"}}],\"inLanguage\":\"sk-SK\"},{\"@type\":\"Organization\",\"@id\":\"https:\\\/\\\/www.lkbaba.sk\\\/sk\\\/#organization\",\"name\":\"LK BABA\",\"url\":\"https:\\\/\\\/www.lkbaba.sk\\\/sk\\\/\",\"logo\":{\"@type\":\"ImageObject\",\"inLanguage\":\"sk-SK\",\"@id\":\"https:\\\/\\\/www.lkbaba.sk\\\/sk\\\/#\\\/schema\\\/logo\\\/image\\\/\",\"url\":\"https:\\\/\\\/www.lkbaba.sk\\\/sk\\\/wp-content\\\/uploads\\\/2017\\\/06\\\/logo.png\",\"contentUrl\":\"https:\\\/\\\/www.lkbaba.sk\\\/sk\\\/wp-content\\\/uploads\\\/2017\\\/06\\\/logo.png\",\"width\":600,\"height\":570,\"caption\":\"LK BABA\"},\"image\":{\"@id\":\"https:\\\/\\\/www.lkbaba.sk\\\/sk\\\/#\\\/schema\\\/logo\\\/image\\\/\"}}]}<\/script>\n<!-- \/ Yoast SEO plugin. -->","yoast_head_json":{"title":"Ly\u017eiarske stredisko Pezinsk\u00e1 Baba - vleky, zjazdovky, servis ly\u017e\u00ed, ski \u0161kola","description":"Stredisko Pezinsk\u00e1 Baba sa nach\u00e1dza na hrebeni Mal\u00fdch Karp\u00e1t vo v\u00fd\u0161ke 527 m.n.m. 12 km od Pezinka. V prev\u00e1dzke je p\u00e4\u0165 vlekov na troch zjazdov\u00fdch tratiach.","robots":{"index":"index","follow":"follow","max-snippet":"max-snippet:-1","max-image-preview":"max-image-preview:large","max-video-preview":"max-video-preview:-1"},"canonical":"https:\/\/www.lkbaba.sk\/sk\/pezinska-baba\/","og_locale":"sk_SK","og_type":"article","og_title":"Ly\u017eiarske stredisko Pezinsk\u00e1 Baba - vleky, zjazdovky, servis ly\u017e\u00ed, ski \u0161kola","og_description":"Stredisko Pezinsk\u00e1 Baba sa nach\u00e1dza na hrebeni Mal\u00fdch Karp\u00e1t vo v\u00fd\u0161ke 527 m.n.m. 12 km od Pezinka. V prev\u00e1dzke je p\u00e4\u0165 vlekov na troch zjazdov\u00fdch tratiach.","og_url":"https:\/\/www.lkbaba.sk\/sk\/pezinska-baba\/","og_site_name":"Ly\u017eiarske stredisko - Pezinsk\u00e1 Baba","article_modified_time":"2017-09-05T06:27:32+00:00","twitter_card":"summary_large_image","twitter_misc":{"Predpokladan\u00fd \u010das \u010d\u00edtania":"2 min\u00faty"},"schema":{"@context":"https:\/\/schema.org","@graph":[{"@type":"WebPage","@id":"https:\/\/www.lkbaba.sk\/sk\/pezinska-baba\/","url":"https:\/\/www.lkbaba.sk\/sk\/pezinska-baba\/","name":"Ly\u017eiarske stredisko Pezinsk\u00e1 Baba - vleky, zjazdovky, servis ly\u017e\u00ed, ski \u0161kola","isPartOf":{"@id":"https:\/\/www.lkbaba.sk\/sk\/#website"},"datePublished":"2017-06-21T07:52:12+00:00","dateModified":"2017-09-05T06:27:32+00:00","description":"Stredisko Pezinsk\u00e1 Baba sa nach\u00e1dza na hrebeni Mal\u00fdch Karp\u00e1t vo v\u00fd\u0161ke 527 m.n.m. 12 km od Pezinka. V prev\u00e1dzke je p\u00e4\u0165 vlekov na troch zjazdov\u00fdch tratiach.","breadcrumb":{"@id":"https:\/\/www.lkbaba.sk\/sk\/pezinska-baba\/#breadcrumb"},"inLanguage":"sk-SK","potentialAction":[{"@type":"ReadAction","target":["https:\/\/www.lkbaba.sk\/sk\/pezinska-baba\/"]}]},{"@type":"BreadcrumbList","@id":"https:\/\/www.lkbaba.sk\/sk\/pezinska-baba\/#breadcrumb","itemListElement":[{"@type":"ListItem","position":1,"name":"Home","item":"https:\/\/www.lkbaba.sk\/sk\/"},{"@type":"ListItem","position":2,"name":"Pezinsk\u00e1 Baba"}]},{"@type":"WebSite","@id":"https:\/\/www.lkbaba.sk\/sk\/#website","url":"https:\/\/www.lkbaba.sk\/sk\/","name":"Ly\u017eiarske stredisko - Pezinsk\u00e1 Baba","description":"","publisher":{"@id":"https:\/\/www.lkbaba.sk\/sk\/#organization"},"potentialAction":[{"@type":"SearchAction","target":{"@type":"EntryPoint","urlTemplate":"https:\/\/www.lkbaba.sk\/sk\/?s={search_term_string}"},"query-input":{"@type":"PropertyValueSpecification","valueRequired":true,"valueName":"search_term_string"}}],"inLanguage":"sk-SK"},{"@type":"Organization","@id":"https:\/\/www.lkbaba.sk\/sk\/#organization","name":"LK BABA","url":"https:\/\/www.lkbaba.sk\/sk\/","logo":{"@type":"ImageObject","inLanguage":"sk-SK","@id":"https:\/\/www.lkbaba.sk\/sk\/#\/schema\/logo\/image\/","url":"https:\/\/www.lkbaba.sk\/sk\/wp-content\/uploads\/2017\/06\/logo.png","contentUrl":"https:\/\/www.lkbaba.sk\/sk\/wp-content\/uploads\/2017\/06\/logo.png","width":600,"height":570,"caption":"LK BABA"},"image":{"@id":"https:\/\/www.lkbaba.sk\/sk\/#\/schema\/logo\/image\/"}}]}},"_links":{"self":[{"href":"https:\/\/www.lkbaba.sk\/sk\/wp-json\/wp\/v2\/pages\/1418","targetHints":{"allow":["GET"]}}],"collection":[{"href":"https:\/\/www.lkbaba.sk\/sk\/wp-json\/wp\/v2\/pages"}],"about":[{"href":"https:\/\/www.lkbaba.sk\/sk\/wp-json\/wp\/v2\/types\/page"}],"author":[{"embeddable":true,"href":"https:\/\/www.lkbaba.sk\/sk\/wp-json\/wp\/v2\/users\/3"}],"replies":[{"embeddable":true,"href":"https:\/\/www.lkbaba.sk\/sk\/wp-json\/wp\/v2\/comments?post=1418"}],"version-history":[{"count":4,"href":"https:\/\/www.lkbaba.sk\/sk\/wp-json\/wp\/v2\/pages\/1418\/revisions"}],"predecessor-version":[{"id":1423,"href":"https:\/\/www.lkbaba.sk\/sk\/wp-json\/wp\/v2\/pages\/1418\/revisions\/1423"}],"wp:attachment":[{"href":"https:\/\/www.lkbaba.sk\/sk\/wp-json\/wp\/v2\/media?parent=1418"}],"curies":[{"name":"wp","href":"https:\/\/api.w.org\/{rel}","templated":true}]}}