{"id":1428,"date":"2017-06-21T10:04:05","date_gmt":"2017-06-21T08:04:05","guid":{"rendered":"http:\/\/www.lkbaba.sk\/sk\/?page_id=1428"},"modified":"2017-08-07T15:48:37","modified_gmt":"2017-08-07T13:48:37","slug":"ski-servis","status":"publish","type":"page","link":"https:\/\/www.lkbaba.sk\/sk\/sluzby-lyziarskeho-strediska\/ski-servis\/","title":{"rendered":"SKI servis"},"content":{"rendered":"<p>[vc_row css=&#8220;.vc_custom_1498036243370{margin-top: -50px !important;}&#8220;][vc_column]<div class=\"sc_section sc_section_block \"><div class=\"sc_section_inner\"><div class=\"sc_section_content_wrap\"><div class=\"sc_section\"><div class=\"sc_section_inner\"><h6 class=\"sc_section_subtitle sc_item_subtitle\">KVALITA A R\u00ddCHLOS\u0164<\/h6><h2 class=\"sc_section_title sc_item_title sc_item_title_without_descr\">Mal\u00fd a ve\u013ek\u00fd servis<\/h2><div class=\"sc_section_content_wrap\"><\/div><\/div><\/div><\/div><\/div><\/div>[vc_gallery type=&#8220;image_grid&#8220; images=&#8220;1472&#8243; img_size=&#8220;full&#8220; onclick=&#8220;&#8220; css_animation=&#8220;fadeInDown&#8220;][vc_empty_space][vc_column_text]Na\u0161ou prioritou je <strong>KVALITA a R\u00ddCHLOS\u0164<\/strong>. Pracujeme s profesion\u00e1lnym n\u00e1rad\u00edm firiem <strong>REICHMANN<\/strong>, <strong>SNOLI<\/strong> a <strong>TOKO<\/strong>. Na po\u010dkanie V\u00e1m poskytneme br\u00fasenie ly\u017e\u00ed a snowboardov, <strong>voskovanie<\/strong>, nastavenie a <strong>mont\u00e1\u017e viazania<\/strong>, zalievanie sklznice a in\u00e9.<\/p>\n<p><strong>Br\u00fasenie<\/strong> ly\u017e\u00ed a snowboardov je mo\u017en\u00e9 formou mal\u00e9ho servisu, ktor\u00fd pozost\u00e1va z prebr\u00fasenia a zrovnania sklznice, br\u00fasenia hr\u00e1n \/ uhlovania, voskovania a le\u0161tenia. Ak je potreba zalievania sklznice doporu\u010dujeme velk\u00fd servis.<\/p>\n<p><strong>Mont\u00e1\u017e viazan\u00ed poskytujeme na stredisku Pezinska Baba.<\/strong>[\/vc_column_text][vc_single_image image=&#8220;1436&#8243; img_size=&#8220;full&#8220; alignment=&#8220;center&#8220; onclick=&#8220;custom_link&#8220; img_link_target=&#8220;_blank&#8220; link=&#8220;http:\/\/dksports.sk\/servis&#8220;][vc_empty_space][vc_btn title=&#8220;Viac inform\u00e1ci\u00ed&#8220; link=&#8220;url:http%3A%2F%2Fdksports.sk%2Fservis||target:%20_blank|&#8220;][\/vc_column][\/vc_row]<\/p>\n","protected":false},"excerpt":{"rendered":"<p>[vc_row css=&#8220;.vc_custom_1498036243370{margin-top: -50px !important;}&#8220;][vc_column][vc_gallery type=&#8220;image_grid&#8220; images=&#8220;1472&#8243; img_size=&#8220;full&#8220; onclick=&#8220;&#8220; css_animation=&#8220;fadeInDown&#8220;][vc_empty_space][vc_column_text]Na\u0161ou prioritou je KVALITA a R\u00ddCHLOS\u0164. Pracujeme s profesion\u00e1lnym n\u00e1rad\u00edm firiem REICHMANN, SNOLI a TOKO. Na po\u010dkanie V\u00e1m poskytneme br\u00fasenie ly\u017e\u00ed a snowboardov, voskovanie, nastavenie a mont\u00e1\u017e viazania, zalievanie sklznice a in\u00e9. Br\u00fasenie ly\u017e\u00ed a snowboardov je mo\u017en\u00e9 formou mal\u00e9ho servisu, ktor\u00fd pozost\u00e1va z prebr\u00fasenia a zrovnania [&hellip;]<\/p>\n","protected":false},"author":3,"featured_media":0,"parent":1383,"menu_order":1,"comment_status":"closed","ping_status":"closed","template":"","meta":{"footnotes":""},"class_list":["post-1428","page","type-page","status-publish","hentry"],"yoast_head":"<!-- This site is optimized with the Yoast SEO plugin v27.3 - https:\/\/yoast.com\/product\/yoast-seo-wordpress\/ -->\n<title>SKI servis - Ly\u017eiarske stredisko - Pezinsk\u00e1 Baba<\/title>\n<meta name=\"description\" content=\"Mal\u00fd a ve\u013ek\u00fd servis. Na\u0161ou prioritou je KVALITA a R\u00ddCHLOS\u0164. Br\u00fasenie ly\u017e\u00ed a snowboardov, voskovanie, nastavenie a mont\u00e1\u017e viazania, zalievanie sklznice\" \/>\n<meta name=\"robots\" content=\"index, follow, max-snippet:-1, max-image-preview:large, max-video-preview:-1\" \/>\n<link rel=\"canonical\" href=\"https:\/\/www.lkbaba.sk\/sk\/sluzby-lyziarskeho-strediska\/ski-servis\/\" \/>\n<meta property=\"og:locale\" content=\"sk_SK\" \/>\n<meta property=\"og:type\" content=\"article\" \/>\n<meta property=\"og:title\" content=\"SKI servis - Ly\u017eiarske stredisko - Pezinsk\u00e1 Baba\" \/>\n<meta property=\"og:description\" content=\"Mal\u00fd a ve\u013ek\u00fd servis. Na\u0161ou prioritou je KVALITA a R\u00ddCHLOS\u0164. Br\u00fasenie ly\u017e\u00ed a snowboardov, voskovanie, nastavenie a mont\u00e1\u017e viazania, zalievanie sklznice\" \/>\n<meta property=\"og:url\" content=\"https:\/\/www.lkbaba.sk\/sk\/sluzby-lyziarskeho-strediska\/ski-servis\/\" \/>\n<meta property=\"og:site_name\" content=\"Ly\u017eiarske stredisko - Pezinsk\u00e1 Baba\" \/>\n<meta property=\"article:modified_time\" content=\"2017-08-07T13:48:37+00:00\" \/>\n<meta name=\"twitter:card\" content=\"summary_large_image\" \/>\n<meta name=\"twitter:label1\" content=\"Predpokladan\u00fd \u010das \u010d\u00edtania\" \/>\n\t<meta name=\"twitter:data1\" content=\"1 min\u00fata\" \/>\n<script type=\"application\/ld+json\" class=\"yoast-schema-graph\">{\"@context\":\"https:\\\/\\\/schema.org\",\"@graph\":[{\"@type\":\"WebPage\",\"@id\":\"https:\\\/\\\/www.lkbaba.sk\\\/sk\\\/sluzby-lyziarskeho-strediska\\\/ski-servis\\\/\",\"url\":\"https:\\\/\\\/www.lkbaba.sk\\\/sk\\\/sluzby-lyziarskeho-strediska\\\/ski-servis\\\/\",\"name\":\"SKI servis - Ly\u017eiarske stredisko - Pezinsk\u00e1 Baba\",\"isPartOf\":{\"@id\":\"https:\\\/\\\/www.lkbaba.sk\\\/sk\\\/#website\"},\"datePublished\":\"2017-06-21T08:04:05+00:00\",\"dateModified\":\"2017-08-07T13:48:37+00:00\",\"description\":\"Mal\u00fd a ve\u013ek\u00fd servis. Na\u0161ou prioritou je KVALITA a R\u00ddCHLOS\u0164. Br\u00fasenie ly\u017e\u00ed a snowboardov, voskovanie, nastavenie a mont\u00e1\u017e viazania, zalievanie sklznice\",\"breadcrumb\":{\"@id\":\"https:\\\/\\\/www.lkbaba.sk\\\/sk\\\/sluzby-lyziarskeho-strediska\\\/ski-servis\\\/#breadcrumb\"},\"inLanguage\":\"sk-SK\",\"potentialAction\":[{\"@type\":\"ReadAction\",\"target\":[\"https:\\\/\\\/www.lkbaba.sk\\\/sk\\\/sluzby-lyziarskeho-strediska\\\/ski-servis\\\/\"]}]},{\"@type\":\"BreadcrumbList\",\"@id\":\"https:\\\/\\\/www.lkbaba.sk\\\/sk\\\/sluzby-lyziarskeho-strediska\\\/ski-servis\\\/#breadcrumb\",\"itemListElement\":[{\"@type\":\"ListItem\",\"position\":1,\"name\":\"Home\",\"item\":\"https:\\\/\\\/www.lkbaba.sk\\\/sk\\\/\"},{\"@type\":\"ListItem\",\"position\":2,\"name\":\"Slu\u017eby ly\u017eiarskeho strediska\",\"item\":\"https:\\\/\\\/www.lkbaba.sk\\\/sk\\\/sluzby-lyziarskeho-strediska\\\/\"},{\"@type\":\"ListItem\",\"position\":3,\"name\":\"SKI servis\"}]},{\"@type\":\"WebSite\",\"@id\":\"https:\\\/\\\/www.lkbaba.sk\\\/sk\\\/#website\",\"url\":\"https:\\\/\\\/www.lkbaba.sk\\\/sk\\\/\",\"name\":\"Ly\u017eiarske stredisko - Pezinsk\u00e1 Baba\",\"description\":\"\",\"publisher\":{\"@id\":\"https:\\\/\\\/www.lkbaba.sk\\\/sk\\\/#organization\"},\"potentialAction\":[{\"@type\":\"SearchAction\",\"target\":{\"@type\":\"EntryPoint\",\"urlTemplate\":\"https:\\\/\\\/www.lkbaba.sk\\\/sk\\\/?s={search_term_string}\"},\"query-input\":{\"@type\":\"PropertyValueSpecification\",\"valueRequired\":true,\"valueName\":\"search_term_string\"}}],\"inLanguage\":\"sk-SK\"},{\"@type\":\"Organization\",\"@id\":\"https:\\\/\\\/www.lkbaba.sk\\\/sk\\\/#organization\",\"name\":\"LK BABA\",\"url\":\"https:\\\/\\\/www.lkbaba.sk\\\/sk\\\/\",\"logo\":{\"@type\":\"ImageObject\",\"inLanguage\":\"sk-SK\",\"@id\":\"https:\\\/\\\/www.lkbaba.sk\\\/sk\\\/#\\\/schema\\\/logo\\\/image\\\/\",\"url\":\"https:\\\/\\\/www.lkbaba.sk\\\/sk\\\/wp-content\\\/uploads\\\/2017\\\/06\\\/logo.png\",\"contentUrl\":\"https:\\\/\\\/www.lkbaba.sk\\\/sk\\\/wp-content\\\/uploads\\\/2017\\\/06\\\/logo.png\",\"width\":600,\"height\":570,\"caption\":\"LK BABA\"},\"image\":{\"@id\":\"https:\\\/\\\/www.lkbaba.sk\\\/sk\\\/#\\\/schema\\\/logo\\\/image\\\/\"}}]}<\/script>\n<!-- \/ Yoast SEO plugin. -->","yoast_head_json":{"title":"SKI servis - Ly\u017eiarske stredisko - Pezinsk\u00e1 Baba","description":"Mal\u00fd a ve\u013ek\u00fd servis. Na\u0161ou prioritou je KVALITA a R\u00ddCHLOS\u0164. Br\u00fasenie ly\u017e\u00ed a snowboardov, voskovanie, nastavenie a mont\u00e1\u017e viazania, zalievanie sklznice","robots":{"index":"index","follow":"follow","max-snippet":"max-snippet:-1","max-image-preview":"max-image-preview:large","max-video-preview":"max-video-preview:-1"},"canonical":"https:\/\/www.lkbaba.sk\/sk\/sluzby-lyziarskeho-strediska\/ski-servis\/","og_locale":"sk_SK","og_type":"article","og_title":"SKI servis - Ly\u017eiarske stredisko - Pezinsk\u00e1 Baba","og_description":"Mal\u00fd a ve\u013ek\u00fd servis. Na\u0161ou prioritou je KVALITA a R\u00ddCHLOS\u0164. Br\u00fasenie ly\u017e\u00ed a snowboardov, voskovanie, nastavenie a mont\u00e1\u017e viazania, zalievanie sklznice","og_url":"https:\/\/www.lkbaba.sk\/sk\/sluzby-lyziarskeho-strediska\/ski-servis\/","og_site_name":"Ly\u017eiarske stredisko - Pezinsk\u00e1 Baba","article_modified_time":"2017-08-07T13:48:37+00:00","twitter_card":"summary_large_image","twitter_misc":{"Predpokladan\u00fd \u010das \u010d\u00edtania":"1 min\u00fata"},"schema":{"@context":"https:\/\/schema.org","@graph":[{"@type":"WebPage","@id":"https:\/\/www.lkbaba.sk\/sk\/sluzby-lyziarskeho-strediska\/ski-servis\/","url":"https:\/\/www.lkbaba.sk\/sk\/sluzby-lyziarskeho-strediska\/ski-servis\/","name":"SKI servis - Ly\u017eiarske stredisko - Pezinsk\u00e1 Baba","isPartOf":{"@id":"https:\/\/www.lkbaba.sk\/sk\/#website"},"datePublished":"2017-06-21T08:04:05+00:00","dateModified":"2017-08-07T13:48:37+00:00","description":"Mal\u00fd a ve\u013ek\u00fd servis. Na\u0161ou prioritou je KVALITA a R\u00ddCHLOS\u0164. Br\u00fasenie ly\u017e\u00ed a snowboardov, voskovanie, nastavenie a mont\u00e1\u017e viazania, zalievanie sklznice","breadcrumb":{"@id":"https:\/\/www.lkbaba.sk\/sk\/sluzby-lyziarskeho-strediska\/ski-servis\/#breadcrumb"},"inLanguage":"sk-SK","potentialAction":[{"@type":"ReadAction","target":["https:\/\/www.lkbaba.sk\/sk\/sluzby-lyziarskeho-strediska\/ski-servis\/"]}]},{"@type":"BreadcrumbList","@id":"https:\/\/www.lkbaba.sk\/sk\/sluzby-lyziarskeho-strediska\/ski-servis\/#breadcrumb","itemListElement":[{"@type":"ListItem","position":1,"name":"Home","item":"https:\/\/www.lkbaba.sk\/sk\/"},{"@type":"ListItem","position":2,"name":"Slu\u017eby ly\u017eiarskeho strediska","item":"https:\/\/www.lkbaba.sk\/sk\/sluzby-lyziarskeho-strediska\/"},{"@type":"ListItem","position":3,"name":"SKI servis"}]},{"@type":"WebSite","@id":"https:\/\/www.lkbaba.sk\/sk\/#website","url":"https:\/\/www.lkbaba.sk\/sk\/","name":"Ly\u017eiarske stredisko - Pezinsk\u00e1 Baba","description":"","publisher":{"@id":"https:\/\/www.lkbaba.sk\/sk\/#organization"},"potentialAction":[{"@type":"SearchAction","target":{"@type":"EntryPoint","urlTemplate":"https:\/\/www.lkbaba.sk\/sk\/?s={search_term_string}"},"query-input":{"@type":"PropertyValueSpecification","valueRequired":true,"valueName":"search_term_string"}}],"inLanguage":"sk-SK"},{"@type":"Organization","@id":"https:\/\/www.lkbaba.sk\/sk\/#organization","name":"LK BABA","url":"https:\/\/www.lkbaba.sk\/sk\/","logo":{"@type":"ImageObject","inLanguage":"sk-SK","@id":"https:\/\/www.lkbaba.sk\/sk\/#\/schema\/logo\/image\/","url":"https:\/\/www.lkbaba.sk\/sk\/wp-content\/uploads\/2017\/06\/logo.png","contentUrl":"https:\/\/www.lkbaba.sk\/sk\/wp-content\/uploads\/2017\/06\/logo.png","width":600,"height":570,"caption":"LK BABA"},"image":{"@id":"https:\/\/www.lkbaba.sk\/sk\/#\/schema\/logo\/image\/"}}]}},"_links":{"self":[{"href":"https:\/\/www.lkbaba.sk\/sk\/wp-json\/wp\/v2\/pages\/1428","targetHints":{"allow":["GET"]}}],"collection":[{"href":"https:\/\/www.lkbaba.sk\/sk\/wp-json\/wp\/v2\/pages"}],"about":[{"href":"https:\/\/www.lkbaba.sk\/sk\/wp-json\/wp\/v2\/types\/page"}],"author":[{"embeddable":true,"href":"https:\/\/www.lkbaba.sk\/sk\/wp-json\/wp\/v2\/users\/3"}],"replies":[{"embeddable":true,"href":"https:\/\/www.lkbaba.sk\/sk\/wp-json\/wp\/v2\/comments?post=1428"}],"version-history":[{"count":10,"href":"https:\/\/www.lkbaba.sk\/sk\/wp-json\/wp\/v2\/pages\/1428\/revisions"}],"predecessor-version":[{"id":1482,"href":"https:\/\/www.lkbaba.sk\/sk\/wp-json\/wp\/v2\/pages\/1428\/revisions\/1482"}],"up":[{"embeddable":true,"href":"https:\/\/www.lkbaba.sk\/sk\/wp-json\/wp\/v2\/pages\/1383"}],"wp:attachment":[{"href":"https:\/\/www.lkbaba.sk\/sk\/wp-json\/wp\/v2\/media?parent=1428"}],"curies":[{"name":"wp","href":"https:\/\/api.w.org\/{rel}","templated":true}]}}