{"id":1430,"date":"2017-06-21T10:04:39","date_gmt":"2017-06-21T08:04:39","guid":{"rendered":"http:\/\/www.lkbaba.sk\/sk\/?page_id=1430"},"modified":"2017-08-07T15:52:45","modified_gmt":"2017-08-07T13:52:45","slug":"ski-pozicovna","status":"publish","type":"page","link":"https:\/\/www.lkbaba.sk\/sk\/sluzby-lyziarskeho-strediska\/ski-pozicovna\/","title":{"rendered":"SKI po\u017ei\u010dov\u0148a"},"content":{"rendered":"<p>[vc_row][vc_column]<div class=\"sc_section sc_section_block \"><div class=\"sc_section_inner\"><div class=\"sc_section_content_wrap\"><div class=\"sc_section\"><div class=\"sc_section_inner\"><h6 class=\"sc_section_subtitle sc_item_subtitle\">LY\u017dE, BE\u017dKY, V\u00ddSTROJ<\/h6><h2 class=\"sc_section_title sc_item_title sc_item_title_without_descr\">SKI Po\u017ei\u010dov\u0148a<\/h2><div class=\"sc_section_content_wrap\"><\/div><\/div><\/div><\/div><\/div><\/div>[vc_gallery type=&#8220;image_grid&#8220; images=&#8220;1440,1439,1438,1437&#8243; img_size=&#8220;280&#215;280&#8243; onclick=&#8220;&#8220; css_animation=&#8220;fadeInDown&#8220;][vc_single_image image=&#8220;1454&#8243; img_size=&#8220;full&#8220; alignment=&#8220;center&#8220;][vc_empty_space][vc_column_text]V na\u0161ich po\u017ei\u010dovniach m\u00e1te na v\u00fdber z ve\u013ek\u00e9ho mno\u017estva zna\u010dkov\u00fdch ly\u017e\u00ed. V\u00fdstroj m\u00e1me aj pre najmen\u0161\u00edch ly\u017eiarov &#8211; top\u00e1nky od \u010d\u00edsla 25 a ly\u017ee od d\u013a\u017eky 70 cm.<br \/>\nNa Pezinskej Babe pon\u00fakame aj be\u017eeck\u00fa v\u00fdstroj. Be\u017eky s\u00fa preva\u017ene so \u0161upinami, tak\u017ee ich nieje potrebn\u00e9 voskova\u0165. Ako u ly\u017e\u00ed tak i u be\u017eiek m\u00e1me dostupn\u00e9 v\u0161etky be\u017en\u00e9 ve\u013ekosti ly\u017eiarok \/ top\u00e1nok.<br \/>\nSnowboardy po\u017ei\u010diavame od ve\u013ekost\u00ed 125 cm do 163 cm.<\/p>\n<p>Na v\u00fdstroj nerob\u00edme rezerv\u00e1cie vopred. [\/vc_column_text][vc_single_image image=&#8220;1436&#8243; img_size=&#8220;full&#8220; alignment=&#8220;center&#8220; onclick=&#8220;custom_link&#8220; img_link_target=&#8220;_blank&#8220; link=&#8220;http:\/\/dksports.sk\/pozicovna&#8220;][vc_empty_space][vc_btn title=&#8220;Viac inform\u00e1ci\u00ed&#8220; link=&#8220;url:http%3A%2F%2Fdksports.sk%2Fpozicovna||target:%20_blank|&#8220;][\/vc_column][\/vc_row]<\/p>\n","protected":false},"excerpt":{"rendered":"<p>[vc_row][vc_column][vc_gallery type=&#8220;image_grid&#8220; images=&#8220;1440,1439,1438,1437&#8243; img_size=&#8220;280&#215;280&#8243; onclick=&#8220;&#8220; css_animation=&#8220;fadeInDown&#8220;][vc_single_image image=&#8220;1454&#8243; img_size=&#8220;full&#8220; alignment=&#8220;center&#8220;][vc_empty_space][vc_column_text]V na\u0161ich po\u017ei\u010dovniach m\u00e1te na v\u00fdber z ve\u013ek\u00e9ho mno\u017estva zna\u010dkov\u00fdch ly\u017e\u00ed. V\u00fdstroj m\u00e1me aj pre najmen\u0161\u00edch ly\u017eiarov &#8211; top\u00e1nky od \u010d\u00edsla 25 a ly\u017ee od d\u013a\u017eky 70 cm. Na Pezinskej Babe pon\u00fakame aj be\u017eeck\u00fa v\u00fdstroj. Be\u017eky s\u00fa preva\u017ene so \u0161upinami, tak\u017ee ich nieje potrebn\u00e9 voskova\u0165. Ako u [&hellip;]<\/p>\n","protected":false},"author":3,"featured_media":0,"parent":1383,"menu_order":2,"comment_status":"closed","ping_status":"closed","template":"","meta":{"footnotes":""},"class_list":["post-1430","page","type-page","status-publish","hentry"],"yoast_head":"<!-- This site is optimized with the Yoast SEO plugin v27.3 - https:\/\/yoast.com\/product\/yoast-seo-wordpress\/ -->\n<title>SKI po\u017ei\u010dov\u0148a - Ly\u017eiarske stredisko Pezinsk\u00e1 Baba<\/title>\n<meta name=\"description\" content=\"V na\u0161ich po\u017ei\u010dovniach m\u00e1te na v\u00fdber z ve\u013ek\u00e9ho mno\u017estva zna\u010dkov\u00fdch ly\u017e\u00ed, be\u017eeck\u00fa v\u00fdstroj, be\u017eky, snowboardy, ly\u017eiarsku v\u00fdstroj, v\u00fdstroj pre najmen\u0161\u00edch\" \/>\n<meta name=\"robots\" content=\"index, follow, max-snippet:-1, max-image-preview:large, max-video-preview:-1\" \/>\n<link rel=\"canonical\" href=\"https:\/\/www.lkbaba.sk\/sk\/sluzby-lyziarskeho-strediska\/ski-pozicovna\/\" \/>\n<meta property=\"og:locale\" content=\"sk_SK\" \/>\n<meta property=\"og:type\" content=\"article\" \/>\n<meta property=\"og:title\" content=\"SKI po\u017ei\u010dov\u0148a - Ly\u017eiarske stredisko Pezinsk\u00e1 Baba\" \/>\n<meta property=\"og:description\" content=\"V na\u0161ich po\u017ei\u010dovniach m\u00e1te na v\u00fdber z ve\u013ek\u00e9ho mno\u017estva zna\u010dkov\u00fdch ly\u017e\u00ed, be\u017eeck\u00fa v\u00fdstroj, be\u017eky, snowboardy, ly\u017eiarsku v\u00fdstroj, v\u00fdstroj pre najmen\u0161\u00edch\" \/>\n<meta property=\"og:url\" content=\"https:\/\/www.lkbaba.sk\/sk\/sluzby-lyziarskeho-strediska\/ski-pozicovna\/\" \/>\n<meta property=\"og:site_name\" content=\"Ly\u017eiarske stredisko - Pezinsk\u00e1 Baba\" \/>\n<meta property=\"article:modified_time\" content=\"2017-08-07T13:52:45+00:00\" \/>\n<meta name=\"twitter:card\" content=\"summary_large_image\" \/>\n<meta name=\"twitter:label1\" content=\"Predpokladan\u00fd \u010das \u010d\u00edtania\" \/>\n\t<meta name=\"twitter:data1\" content=\"1 min\u00fata\" \/>\n<script type=\"application\/ld+json\" class=\"yoast-schema-graph\">{\"@context\":\"https:\\\/\\\/schema.org\",\"@graph\":[{\"@type\":\"WebPage\",\"@id\":\"https:\\\/\\\/www.lkbaba.sk\\\/sk\\\/sluzby-lyziarskeho-strediska\\\/ski-pozicovna\\\/\",\"url\":\"https:\\\/\\\/www.lkbaba.sk\\\/sk\\\/sluzby-lyziarskeho-strediska\\\/ski-pozicovna\\\/\",\"name\":\"SKI po\u017ei\u010dov\u0148a - Ly\u017eiarske stredisko Pezinsk\u00e1 Baba\",\"isPartOf\":{\"@id\":\"https:\\\/\\\/www.lkbaba.sk\\\/sk\\\/#website\"},\"datePublished\":\"2017-06-21T08:04:39+00:00\",\"dateModified\":\"2017-08-07T13:52:45+00:00\",\"description\":\"V na\u0161ich po\u017ei\u010dovniach m\u00e1te na v\u00fdber z ve\u013ek\u00e9ho mno\u017estva zna\u010dkov\u00fdch ly\u017e\u00ed, be\u017eeck\u00fa v\u00fdstroj, be\u017eky, snowboardy, ly\u017eiarsku v\u00fdstroj, v\u00fdstroj pre najmen\u0161\u00edch\",\"breadcrumb\":{\"@id\":\"https:\\\/\\\/www.lkbaba.sk\\\/sk\\\/sluzby-lyziarskeho-strediska\\\/ski-pozicovna\\\/#breadcrumb\"},\"inLanguage\":\"sk-SK\",\"potentialAction\":[{\"@type\":\"ReadAction\",\"target\":[\"https:\\\/\\\/www.lkbaba.sk\\\/sk\\\/sluzby-lyziarskeho-strediska\\\/ski-pozicovna\\\/\"]}]},{\"@type\":\"BreadcrumbList\",\"@id\":\"https:\\\/\\\/www.lkbaba.sk\\\/sk\\\/sluzby-lyziarskeho-strediska\\\/ski-pozicovna\\\/#breadcrumb\",\"itemListElement\":[{\"@type\":\"ListItem\",\"position\":1,\"name\":\"Home\",\"item\":\"https:\\\/\\\/www.lkbaba.sk\\\/sk\\\/\"},{\"@type\":\"ListItem\",\"position\":2,\"name\":\"Slu\u017eby ly\u017eiarskeho strediska\",\"item\":\"https:\\\/\\\/www.lkbaba.sk\\\/sk\\\/sluzby-lyziarskeho-strediska\\\/\"},{\"@type\":\"ListItem\",\"position\":3,\"name\":\"SKI po\u017ei\u010dov\u0148a\"}]},{\"@type\":\"WebSite\",\"@id\":\"https:\\\/\\\/www.lkbaba.sk\\\/sk\\\/#website\",\"url\":\"https:\\\/\\\/www.lkbaba.sk\\\/sk\\\/\",\"name\":\"Ly\u017eiarske stredisko - Pezinsk\u00e1 Baba\",\"description\":\"\",\"publisher\":{\"@id\":\"https:\\\/\\\/www.lkbaba.sk\\\/sk\\\/#organization\"},\"potentialAction\":[{\"@type\":\"SearchAction\",\"target\":{\"@type\":\"EntryPoint\",\"urlTemplate\":\"https:\\\/\\\/www.lkbaba.sk\\\/sk\\\/?s={search_term_string}\"},\"query-input\":{\"@type\":\"PropertyValueSpecification\",\"valueRequired\":true,\"valueName\":\"search_term_string\"}}],\"inLanguage\":\"sk-SK\"},{\"@type\":\"Organization\",\"@id\":\"https:\\\/\\\/www.lkbaba.sk\\\/sk\\\/#organization\",\"name\":\"LK BABA\",\"url\":\"https:\\\/\\\/www.lkbaba.sk\\\/sk\\\/\",\"logo\":{\"@type\":\"ImageObject\",\"inLanguage\":\"sk-SK\",\"@id\":\"https:\\\/\\\/www.lkbaba.sk\\\/sk\\\/#\\\/schema\\\/logo\\\/image\\\/\",\"url\":\"https:\\\/\\\/www.lkbaba.sk\\\/sk\\\/wp-content\\\/uploads\\\/2017\\\/06\\\/logo.png\",\"contentUrl\":\"https:\\\/\\\/www.lkbaba.sk\\\/sk\\\/wp-content\\\/uploads\\\/2017\\\/06\\\/logo.png\",\"width\":600,\"height\":570,\"caption\":\"LK BABA\"},\"image\":{\"@id\":\"https:\\\/\\\/www.lkbaba.sk\\\/sk\\\/#\\\/schema\\\/logo\\\/image\\\/\"}}]}<\/script>\n<!-- \/ Yoast SEO plugin. -->","yoast_head_json":{"title":"SKI po\u017ei\u010dov\u0148a - Ly\u017eiarske stredisko Pezinsk\u00e1 Baba","description":"V na\u0161ich po\u017ei\u010dovniach m\u00e1te na v\u00fdber z ve\u013ek\u00e9ho mno\u017estva zna\u010dkov\u00fdch ly\u017e\u00ed, be\u017eeck\u00fa v\u00fdstroj, be\u017eky, snowboardy, ly\u017eiarsku v\u00fdstroj, v\u00fdstroj pre najmen\u0161\u00edch","robots":{"index":"index","follow":"follow","max-snippet":"max-snippet:-1","max-image-preview":"max-image-preview:large","max-video-preview":"max-video-preview:-1"},"canonical":"https:\/\/www.lkbaba.sk\/sk\/sluzby-lyziarskeho-strediska\/ski-pozicovna\/","og_locale":"sk_SK","og_type":"article","og_title":"SKI po\u017ei\u010dov\u0148a - Ly\u017eiarske stredisko Pezinsk\u00e1 Baba","og_description":"V na\u0161ich po\u017ei\u010dovniach m\u00e1te na v\u00fdber z ve\u013ek\u00e9ho mno\u017estva zna\u010dkov\u00fdch ly\u017e\u00ed, be\u017eeck\u00fa v\u00fdstroj, be\u017eky, snowboardy, ly\u017eiarsku v\u00fdstroj, v\u00fdstroj pre najmen\u0161\u00edch","og_url":"https:\/\/www.lkbaba.sk\/sk\/sluzby-lyziarskeho-strediska\/ski-pozicovna\/","og_site_name":"Ly\u017eiarske stredisko - Pezinsk\u00e1 Baba","article_modified_time":"2017-08-07T13:52:45+00:00","twitter_card":"summary_large_image","twitter_misc":{"Predpokladan\u00fd \u010das \u010d\u00edtania":"1 min\u00fata"},"schema":{"@context":"https:\/\/schema.org","@graph":[{"@type":"WebPage","@id":"https:\/\/www.lkbaba.sk\/sk\/sluzby-lyziarskeho-strediska\/ski-pozicovna\/","url":"https:\/\/www.lkbaba.sk\/sk\/sluzby-lyziarskeho-strediska\/ski-pozicovna\/","name":"SKI po\u017ei\u010dov\u0148a - Ly\u017eiarske stredisko Pezinsk\u00e1 Baba","isPartOf":{"@id":"https:\/\/www.lkbaba.sk\/sk\/#website"},"datePublished":"2017-06-21T08:04:39+00:00","dateModified":"2017-08-07T13:52:45+00:00","description":"V na\u0161ich po\u017ei\u010dovniach m\u00e1te na v\u00fdber z ve\u013ek\u00e9ho mno\u017estva zna\u010dkov\u00fdch ly\u017e\u00ed, be\u017eeck\u00fa v\u00fdstroj, be\u017eky, snowboardy, ly\u017eiarsku v\u00fdstroj, v\u00fdstroj pre najmen\u0161\u00edch","breadcrumb":{"@id":"https:\/\/www.lkbaba.sk\/sk\/sluzby-lyziarskeho-strediska\/ski-pozicovna\/#breadcrumb"},"inLanguage":"sk-SK","potentialAction":[{"@type":"ReadAction","target":["https:\/\/www.lkbaba.sk\/sk\/sluzby-lyziarskeho-strediska\/ski-pozicovna\/"]}]},{"@type":"BreadcrumbList","@id":"https:\/\/www.lkbaba.sk\/sk\/sluzby-lyziarskeho-strediska\/ski-pozicovna\/#breadcrumb","itemListElement":[{"@type":"ListItem","position":1,"name":"Home","item":"https:\/\/www.lkbaba.sk\/sk\/"},{"@type":"ListItem","position":2,"name":"Slu\u017eby ly\u017eiarskeho strediska","item":"https:\/\/www.lkbaba.sk\/sk\/sluzby-lyziarskeho-strediska\/"},{"@type":"ListItem","position":3,"name":"SKI po\u017ei\u010dov\u0148a"}]},{"@type":"WebSite","@id":"https:\/\/www.lkbaba.sk\/sk\/#website","url":"https:\/\/www.lkbaba.sk\/sk\/","name":"Ly\u017eiarske stredisko - Pezinsk\u00e1 Baba","description":"","publisher":{"@id":"https:\/\/www.lkbaba.sk\/sk\/#organization"},"potentialAction":[{"@type":"SearchAction","target":{"@type":"EntryPoint","urlTemplate":"https:\/\/www.lkbaba.sk\/sk\/?s={search_term_string}"},"query-input":{"@type":"PropertyValueSpecification","valueRequired":true,"valueName":"search_term_string"}}],"inLanguage":"sk-SK"},{"@type":"Organization","@id":"https:\/\/www.lkbaba.sk\/sk\/#organization","name":"LK BABA","url":"https:\/\/www.lkbaba.sk\/sk\/","logo":{"@type":"ImageObject","inLanguage":"sk-SK","@id":"https:\/\/www.lkbaba.sk\/sk\/#\/schema\/logo\/image\/","url":"https:\/\/www.lkbaba.sk\/sk\/wp-content\/uploads\/2017\/06\/logo.png","contentUrl":"https:\/\/www.lkbaba.sk\/sk\/wp-content\/uploads\/2017\/06\/logo.png","width":600,"height":570,"caption":"LK BABA"},"image":{"@id":"https:\/\/www.lkbaba.sk\/sk\/#\/schema\/logo\/image\/"}}]}},"_links":{"self":[{"href":"https:\/\/www.lkbaba.sk\/sk\/wp-json\/wp\/v2\/pages\/1430","targetHints":{"allow":["GET"]}}],"collection":[{"href":"https:\/\/www.lkbaba.sk\/sk\/wp-json\/wp\/v2\/pages"}],"about":[{"href":"https:\/\/www.lkbaba.sk\/sk\/wp-json\/wp\/v2\/types\/page"}],"author":[{"embeddable":true,"href":"https:\/\/www.lkbaba.sk\/sk\/wp-json\/wp\/v2\/users\/3"}],"replies":[{"embeddable":true,"href":"https:\/\/www.lkbaba.sk\/sk\/wp-json\/wp\/v2\/comments?post=1430"}],"version-history":[{"count":24,"href":"https:\/\/www.lkbaba.sk\/sk\/wp-json\/wp\/v2\/pages\/1430\/revisions"}],"predecessor-version":[{"id":1483,"href":"https:\/\/www.lkbaba.sk\/sk\/wp-json\/wp\/v2\/pages\/1430\/revisions\/1483"}],"up":[{"embeddable":true,"href":"https:\/\/www.lkbaba.sk\/sk\/wp-json\/wp\/v2\/pages\/1383"}],"wp:attachment":[{"href":"https:\/\/www.lkbaba.sk\/sk\/wp-json\/wp\/v2\/media?parent=1430"}],"curies":[{"name":"wp","href":"https:\/\/api.w.org\/{rel}","templated":true}]}}