{"id":1484,"date":"2017-06-21T11:27:41","date_gmt":"2017-06-21T09:27:41","guid":{"rendered":"http:\/\/www.lkbaba.sk\/sk\/?page_id=1484"},"modified":"2021-05-24T08:30:20","modified_gmt":"2021-05-24T06:30:20","slug":"live-webkamery","status":"publish","type":"page","link":"https:\/\/www.lkbaba.sk\/sk\/live-webkamery\/","title":{"rendered":"Live webkamery"},"content":{"rendered":"<p>[vc_row][vc_column]<div class=\"sc_section\"><div class=\"sc_section_inner\"><h6 class=\"sc_section_subtitle sc_item_subtitle\">AKTU\u00c1LNE Z LY\u017dIARSKEHO STREDISKA<\/h6><h2 class=\"sc_section_title sc_item_title sc_item_title_without_descr\">LIVE Webkamery<\/h2><div class=\"sc_section_content_wrap\">[vc_empty_space]<\/div><\/div><\/div>[\/vc_column][\/vc_row][vc_row disable_element=&#8220;yes&#8220;][vc_column width=&#8220;1\/2&#8243;][vc_custom_heading text=&#8220;Aktu\u00e1lny z\u00e1ber z Pezinskej Baby:&#8220; font_container=&#8220;tag:h4|text_align:left&#8220; use_theme_fonts=&#8220;yes&#8220;][vc_column_text]<\/p>\n<div id=\"holidayinfo\" style=\"width: 100%; height: 314px; background-color: white; margin: 0 auto; border: 0px solid #ccc;\"><a href=\"\/\/www.holidayinfo.sk\/sk\/Kamera\/PezinskaBaba\/48174\">Aktu\u00e1lne podmienky &#8212; Pezinsk\u00e1 Baba<\/a><br \/>\n<script src=\"\/\/operator.holidayinfo.sk\/sdk.js?app=26161636-24ab-40ea-8ed8-01fda6cebe00\" async=\"async\"><\/script><\/div>\n<p>[\/vc_column_text][vc_empty_space height=&#8220;42px&#8220;][vc_btn title=&#8220;Hist\u00f3ria z\u00e1berov&#8220; link=&#8220;url:https%3A%2F%2Fwww.holidayinfo.sk%2Fsk%2FKamera%2FPezinskaBaba%2F48174|||&#8220;][\/vc_column][vc_column width=&#8220;1\/2&#8243;][vc_custom_heading text=&#8220;Aktu\u00e1lny z\u00e1ber zo Zochovej Chaty:&#8220; font_container=&#8220;tag:h4|text_align:left&#8220; use_theme_fonts=&#8220;yes&#8220;][vc_column_text]<\/p>\n<div id=\"holidayinfo-1\" style=\"width: 100%; height: 426px; background-color: white; margin: 0 auto; border: 0px solid #ccc;\"><a href=\"\/\/www.holidayinfo.sk\/sk\/Kamera\/ZochovaChata\/1371185\">Aktu\u00e1lne podmienky &#8212; Zochova chata<\/a><br \/>\n<script src=\"\/\/operator.holidayinfo.sk\/sdk.js?app=26161636-24ab-40ea-8ed8-01fda6cebe00\" async=\"async\"><\/script><\/div>\n<p>[\/vc_column_text][vc_empty_space height=&#8220;42px&#8220;][vc_btn title=&#8220;Hist\u00f3ria z\u00e1berov&#8220; link=&#8220;url:https%3A%2F%2Fwww.holidayinfo.sk%2Fsk%2FKamera%2FZochovaChata%2F1371185|||&#8220;][\/vc_column][\/vc_row][vc_row][vc_column width=&#8220;1\/2&#8243;][vc_custom_heading text=&#8220;Aktu\u00e1lny z\u00e1ber z Pezinskej Baby:&#8220; font_container=&#8220;tag:h4|text_align:left&#8220; use_theme_fonts=&#8220;yes&#8220;][vc_single_image source=&#8220;external_link&#8220; custom_src=&#8220;https:\/\/www.holidayinfo.sk\/camera.cgi?c=48174&amp;size=9&#8243;][vc_empty_space height=&#8220;42px&#8220;][vc_btn title=&#8220;Hist\u00f3ria z\u00e1berov&#8220; link=&#8220;url:https%3A%2F%2Fwww.holidayinfo.sk%2Fsk%2FKamera%2FPezinskaBaba%2F48174|||&#8220;][\/vc_column][vc_column width=&#8220;1\/2&#8243;][vc_custom_heading text=&#8220;Aktu\u00e1lny z\u00e1ber zo Zochovej Chaty:&#8220; font_container=&#8220;tag:h4|text_align:left&#8220; use_theme_fonts=&#8220;yes&#8220;][vc_single_image source=&#8220;external_link&#8220; custom_src=&#8220;https:\/\/www.holidayinfo.sk\/camera.cgi?c=1371185&amp;size=9&#8243;][vc_empty_space height=&#8220;42px&#8220;][vc_btn title=&#8220;Hist\u00f3ria z\u00e1berov&#8220; link=&#8220;url:https%3A%2F%2Fwww.holidayinfo.sk%2Fsk%2FKamera%2FZochovaChata%2F1371185|||&#8220;][\/vc_column][\/vc_row][vc_row][vc_column][vc_empty_space height=&#8220;100px&#8220;][\/vc_column][\/vc_row][vc_row inverse=&#8220;&#8220; css=&#8220;.vc_custom_1502276047698{padding-bottom: 20px !important;background: #f5f5f7 url(http:\/\/www.lkbaba.sk\/sk\/wp-content\/uploads\/2017\/06\/pohlad.jpg?id=1700) !important;}&#8220;][vc_column]<div class=\"sc_section margin_top_large margin_bottom_large\"><div class=\"sc_section_inner\"><div class=\"sc_section_content_wrap\">[vc_empty_space height=&#8220;0.5em&#8220;][vc_custom_heading text=&#8220;LY\u017dIARSKE STREDISK\u00c1&#8220; font_container=&#8220;tag:div|font_size:28|text_align:center|color:%23707070&#8243; google_fonts=&#8220;font_family:Montserrat%3Aregular%2C700|font_style:400%20regular%3A400%3Anormal&#8220;][vc_empty_space height=&#8220;0.5em&#8220;]<div id=\"sc_blogger_597797731\" class=\"sc_blogger layout_classic_alter_3 template_masonry  sc_blogger_horizontal no_description title_center\"><h2 class=\"sc_blogger_title sc_item_title sc_item_title_without_descr\">Relax a \u0161portov\u00e9 vy\u017eitie<\/h2><div class=\"isotope_wrap\" data-columns=\"3\"><\/div><\/div><\/div><\/div><\/div>[vc_row_inner css=&#8220;.vc_custom_1499080624483{margin-top: -25px !important;}&#8220;][vc_column_inner width=&#8220;1\/2&#8243;]<a href=\"http:\/\/www.lkbaba.sk\/sk\/lyziarske-stredisko-pezinska-baba\/\" class=\"sc_button sc_button_square sc_button_style_filled sc_button_size_medium aligncenter\">STREDISKO PEZINSK\u00c1 BABA<\/a>[\/vc_column_inner][vc_column_inner width=&#8220;1\/2&#8243;]<a href=\"http:\/\/www.lkbaba.sk\/sk\/lyziarske-stredisko-zochova-chata\/\" class=\"sc_button sc_button_square sc_button_style_filled sc_button_size_medium aligncenter\">STREDISKO ZOCHOVA CHATA<\/a>[\/vc_column_inner][\/vc_row_inner][vc_empty_space height=&#8220;50px&#8220;][\/vc_column][\/vc_row]<\/p>\n","protected":false},"excerpt":{"rendered":"<p>[vc_row][vc_column][\/vc_column][\/vc_row][vc_row disable_element=&#8220;yes&#8220;][vc_column width=&#8220;1\/2&#8243;][vc_custom_heading text=&#8220;Aktu\u00e1lny z\u00e1ber z Pezinskej Baby:&#8220; font_container=&#8220;tag:h4|text_align:left&#8220; use_theme_fonts=&#8220;yes&#8220;][vc_column_text] Aktu\u00e1lne podmienky &#8212; Pezinsk\u00e1 Baba [\/vc_column_text][vc_empty_space height=&#8220;42px&#8220;][vc_btn title=&#8220;Hist\u00f3ria z\u00e1berov&#8220; link=&#8220;url:https%3A%2F%2Fwww.holidayinfo.sk%2Fsk%2FKamera%2FPezinskaBaba%2F48174|||&#8220;][\/vc_column][vc_column width=&#8220;1\/2&#8243;][vc_custom_heading text=&#8220;Aktu\u00e1lny z\u00e1ber zo Zochovej Chaty:&#8220; font_container=&#8220;tag:h4|text_align:left&#8220; use_theme_fonts=&#8220;yes&#8220;][vc_column_text] Aktu\u00e1lne podmienky &#8212; Zochova chata [\/vc_column_text][vc_empty_space height=&#8220;42px&#8220;][vc_btn title=&#8220;Hist\u00f3ria z\u00e1berov&#8220; link=&#8220;url:https%3A%2F%2Fwww.holidayinfo.sk%2Fsk%2FKamera%2FZochovaChata%2F1371185|||&#8220;][\/vc_column][\/vc_row][vc_row][vc_column width=&#8220;1\/2&#8243;][vc_custom_heading text=&#8220;Aktu\u00e1lny z\u00e1ber z Pezinskej Baby:&#8220; font_container=&#8220;tag:h4|text_align:left&#8220; use_theme_fonts=&#8220;yes&#8220;][vc_single_image source=&#8220;external_link&#8220; custom_src=&#8220;https:\/\/www.holidayinfo.sk\/camera.cgi?c=48174&amp;size=9&#8243;][vc_empty_space height=&#8220;42px&#8220;][vc_btn title=&#8220;Hist\u00f3ria z\u00e1berov&#8220; link=&#8220;url:https%3A%2F%2Fwww.holidayinfo.sk%2Fsk%2FKamera%2FPezinskaBaba%2F48174|||&#8220;][\/vc_column][vc_column width=&#8220;1\/2&#8243;][vc_custom_heading text=&#8220;Aktu\u00e1lny z\u00e1ber [&hellip;]<\/p>\n","protected":false},"author":3,"featured_media":0,"parent":0,"menu_order":0,"comment_status":"closed","ping_status":"closed","template":"","meta":{"footnotes":""},"class_list":["post-1484","page","type-page","status-publish","hentry"],"yoast_head":"<!-- This site is optimized with the Yoast SEO plugin v27.3 - https:\/\/yoast.com\/product\/yoast-seo-wordpress\/ -->\n<title>Live webkamery - Ly\u017eiarske stredisko - Pezinsk\u00e1 Baba, Zochova Chata<\/title>\n<meta name=\"description\" content=\"AKTU\u00c1LNE Z LY\u017dIARSKEHO STREDISKA - LIVE Webkamery. Aktu\u00e1lne z\u00e1bery Pezinsk\u00e1 Baba, Zochova Chata. Ly\u017eiarske a snehov\u00e9 podmienky, zasne\u017eovanie, vleky\" \/>\n<meta name=\"robots\" content=\"index, follow, max-snippet:-1, max-image-preview:large, max-video-preview:-1\" \/>\n<link rel=\"canonical\" href=\"https:\/\/www.lkbaba.sk\/sk\/live-webkamery\/\" \/>\n<meta property=\"og:locale\" content=\"sk_SK\" \/>\n<meta property=\"og:type\" content=\"article\" \/>\n<meta property=\"og:title\" content=\"Live webkamery - Ly\u017eiarske stredisko - Pezinsk\u00e1 Baba, Zochova Chata\" \/>\n<meta property=\"og:description\" content=\"AKTU\u00c1LNE Z LY\u017dIARSKEHO STREDISKA - LIVE Webkamery. Aktu\u00e1lne z\u00e1bery Pezinsk\u00e1 Baba, Zochova Chata. Ly\u017eiarske a snehov\u00e9 podmienky, zasne\u017eovanie, vleky\" \/>\n<meta property=\"og:url\" content=\"https:\/\/www.lkbaba.sk\/sk\/live-webkamery\/\" \/>\n<meta property=\"og:site_name\" content=\"Ly\u017eiarske stredisko - Pezinsk\u00e1 Baba\" \/>\n<meta property=\"article:modified_time\" content=\"2021-05-24T06:30:20+00:00\" \/>\n<meta name=\"twitter:card\" content=\"summary_large_image\" \/>\n<meta name=\"twitter:label1\" content=\"Predpokladan\u00fd \u010das \u010d\u00edtania\" \/>\n\t<meta name=\"twitter:data1\" content=\"2 min\u00faty\" \/>\n<script type=\"application\/ld+json\" class=\"yoast-schema-graph\">{\"@context\":\"https:\\\/\\\/schema.org\",\"@graph\":[{\"@type\":\"WebPage\",\"@id\":\"https:\\\/\\\/www.lkbaba.sk\\\/sk\\\/live-webkamery\\\/\",\"url\":\"https:\\\/\\\/www.lkbaba.sk\\\/sk\\\/live-webkamery\\\/\",\"name\":\"Live webkamery - Ly\u017eiarske stredisko - Pezinsk\u00e1 Baba, Zochova Chata\",\"isPartOf\":{\"@id\":\"https:\\\/\\\/www.lkbaba.sk\\\/sk\\\/#website\"},\"datePublished\":\"2017-06-21T09:27:41+00:00\",\"dateModified\":\"2021-05-24T06:30:20+00:00\",\"description\":\"AKTU\u00c1LNE Z LY\u017dIARSKEHO STREDISKA - LIVE Webkamery. Aktu\u00e1lne z\u00e1bery Pezinsk\u00e1 Baba, Zochova Chata. Ly\u017eiarske a snehov\u00e9 podmienky, zasne\u017eovanie, vleky\",\"breadcrumb\":{\"@id\":\"https:\\\/\\\/www.lkbaba.sk\\\/sk\\\/live-webkamery\\\/#breadcrumb\"},\"inLanguage\":\"sk-SK\",\"potentialAction\":[{\"@type\":\"ReadAction\",\"target\":[\"https:\\\/\\\/www.lkbaba.sk\\\/sk\\\/live-webkamery\\\/\"]}]},{\"@type\":\"BreadcrumbList\",\"@id\":\"https:\\\/\\\/www.lkbaba.sk\\\/sk\\\/live-webkamery\\\/#breadcrumb\",\"itemListElement\":[{\"@type\":\"ListItem\",\"position\":1,\"name\":\"Home\",\"item\":\"https:\\\/\\\/www.lkbaba.sk\\\/sk\\\/\"},{\"@type\":\"ListItem\",\"position\":2,\"name\":\"Live webkamery\"}]},{\"@type\":\"WebSite\",\"@id\":\"https:\\\/\\\/www.lkbaba.sk\\\/sk\\\/#website\",\"url\":\"https:\\\/\\\/www.lkbaba.sk\\\/sk\\\/\",\"name\":\"Ly\u017eiarske stredisko - Pezinsk\u00e1 Baba\",\"description\":\"\",\"publisher\":{\"@id\":\"https:\\\/\\\/www.lkbaba.sk\\\/sk\\\/#organization\"},\"potentialAction\":[{\"@type\":\"SearchAction\",\"target\":{\"@type\":\"EntryPoint\",\"urlTemplate\":\"https:\\\/\\\/www.lkbaba.sk\\\/sk\\\/?s={search_term_string}\"},\"query-input\":{\"@type\":\"PropertyValueSpecification\",\"valueRequired\":true,\"valueName\":\"search_term_string\"}}],\"inLanguage\":\"sk-SK\"},{\"@type\":\"Organization\",\"@id\":\"https:\\\/\\\/www.lkbaba.sk\\\/sk\\\/#organization\",\"name\":\"LK BABA\",\"url\":\"https:\\\/\\\/www.lkbaba.sk\\\/sk\\\/\",\"logo\":{\"@type\":\"ImageObject\",\"inLanguage\":\"sk-SK\",\"@id\":\"https:\\\/\\\/www.lkbaba.sk\\\/sk\\\/#\\\/schema\\\/logo\\\/image\\\/\",\"url\":\"https:\\\/\\\/www.lkbaba.sk\\\/sk\\\/wp-content\\\/uploads\\\/2017\\\/06\\\/logo.png\",\"contentUrl\":\"https:\\\/\\\/www.lkbaba.sk\\\/sk\\\/wp-content\\\/uploads\\\/2017\\\/06\\\/logo.png\",\"width\":600,\"height\":570,\"caption\":\"LK BABA\"},\"image\":{\"@id\":\"https:\\\/\\\/www.lkbaba.sk\\\/sk\\\/#\\\/schema\\\/logo\\\/image\\\/\"}}]}<\/script>\n<!-- \/ Yoast SEO plugin. -->","yoast_head_json":{"title":"Live webkamery - Ly\u017eiarske stredisko - Pezinsk\u00e1 Baba, Zochova Chata","description":"AKTU\u00c1LNE Z LY\u017dIARSKEHO STREDISKA - LIVE Webkamery. Aktu\u00e1lne z\u00e1bery Pezinsk\u00e1 Baba, Zochova Chata. Ly\u017eiarske a snehov\u00e9 podmienky, zasne\u017eovanie, vleky","robots":{"index":"index","follow":"follow","max-snippet":"max-snippet:-1","max-image-preview":"max-image-preview:large","max-video-preview":"max-video-preview:-1"},"canonical":"https:\/\/www.lkbaba.sk\/sk\/live-webkamery\/","og_locale":"sk_SK","og_type":"article","og_title":"Live webkamery - Ly\u017eiarske stredisko - Pezinsk\u00e1 Baba, Zochova Chata","og_description":"AKTU\u00c1LNE Z LY\u017dIARSKEHO STREDISKA - LIVE Webkamery. Aktu\u00e1lne z\u00e1bery Pezinsk\u00e1 Baba, Zochova Chata. Ly\u017eiarske a snehov\u00e9 podmienky, zasne\u017eovanie, vleky","og_url":"https:\/\/www.lkbaba.sk\/sk\/live-webkamery\/","og_site_name":"Ly\u017eiarske stredisko - Pezinsk\u00e1 Baba","article_modified_time":"2021-05-24T06:30:20+00:00","twitter_card":"summary_large_image","twitter_misc":{"Predpokladan\u00fd \u010das \u010d\u00edtania":"2 min\u00faty"},"schema":{"@context":"https:\/\/schema.org","@graph":[{"@type":"WebPage","@id":"https:\/\/www.lkbaba.sk\/sk\/live-webkamery\/","url":"https:\/\/www.lkbaba.sk\/sk\/live-webkamery\/","name":"Live webkamery - Ly\u017eiarske stredisko - Pezinsk\u00e1 Baba, Zochova Chata","isPartOf":{"@id":"https:\/\/www.lkbaba.sk\/sk\/#website"},"datePublished":"2017-06-21T09:27:41+00:00","dateModified":"2021-05-24T06:30:20+00:00","description":"AKTU\u00c1LNE Z LY\u017dIARSKEHO STREDISKA - LIVE Webkamery. Aktu\u00e1lne z\u00e1bery Pezinsk\u00e1 Baba, Zochova Chata. Ly\u017eiarske a snehov\u00e9 podmienky, zasne\u017eovanie, vleky","breadcrumb":{"@id":"https:\/\/www.lkbaba.sk\/sk\/live-webkamery\/#breadcrumb"},"inLanguage":"sk-SK","potentialAction":[{"@type":"ReadAction","target":["https:\/\/www.lkbaba.sk\/sk\/live-webkamery\/"]}]},{"@type":"BreadcrumbList","@id":"https:\/\/www.lkbaba.sk\/sk\/live-webkamery\/#breadcrumb","itemListElement":[{"@type":"ListItem","position":1,"name":"Home","item":"https:\/\/www.lkbaba.sk\/sk\/"},{"@type":"ListItem","position":2,"name":"Live webkamery"}]},{"@type":"WebSite","@id":"https:\/\/www.lkbaba.sk\/sk\/#website","url":"https:\/\/www.lkbaba.sk\/sk\/","name":"Ly\u017eiarske stredisko - Pezinsk\u00e1 Baba","description":"","publisher":{"@id":"https:\/\/www.lkbaba.sk\/sk\/#organization"},"potentialAction":[{"@type":"SearchAction","target":{"@type":"EntryPoint","urlTemplate":"https:\/\/www.lkbaba.sk\/sk\/?s={search_term_string}"},"query-input":{"@type":"PropertyValueSpecification","valueRequired":true,"valueName":"search_term_string"}}],"inLanguage":"sk-SK"},{"@type":"Organization","@id":"https:\/\/www.lkbaba.sk\/sk\/#organization","name":"LK BABA","url":"https:\/\/www.lkbaba.sk\/sk\/","logo":{"@type":"ImageObject","inLanguage":"sk-SK","@id":"https:\/\/www.lkbaba.sk\/sk\/#\/schema\/logo\/image\/","url":"https:\/\/www.lkbaba.sk\/sk\/wp-content\/uploads\/2017\/06\/logo.png","contentUrl":"https:\/\/www.lkbaba.sk\/sk\/wp-content\/uploads\/2017\/06\/logo.png","width":600,"height":570,"caption":"LK BABA"},"image":{"@id":"https:\/\/www.lkbaba.sk\/sk\/#\/schema\/logo\/image\/"}}]}},"_links":{"self":[{"href":"https:\/\/www.lkbaba.sk\/sk\/wp-json\/wp\/v2\/pages\/1484","targetHints":{"allow":["GET"]}}],"collection":[{"href":"https:\/\/www.lkbaba.sk\/sk\/wp-json\/wp\/v2\/pages"}],"about":[{"href":"https:\/\/www.lkbaba.sk\/sk\/wp-json\/wp\/v2\/types\/page"}],"author":[{"embeddable":true,"href":"https:\/\/www.lkbaba.sk\/sk\/wp-json\/wp\/v2\/users\/3"}],"replies":[{"embeddable":true,"href":"https:\/\/www.lkbaba.sk\/sk\/wp-json\/wp\/v2\/comments?post=1484"}],"version-history":[{"count":26,"href":"https:\/\/www.lkbaba.sk\/sk\/wp-json\/wp\/v2\/pages\/1484\/revisions"}],"predecessor-version":[{"id":4818,"href":"https:\/\/www.lkbaba.sk\/sk\/wp-json\/wp\/v2\/pages\/1484\/revisions\/4818"}],"wp:attachment":[{"href":"https:\/\/www.lkbaba.sk\/sk\/wp-json\/wp\/v2\/media?parent=1484"}],"curies":[{"name":"wp","href":"https:\/\/api.w.org\/{rel}","templated":true}]}}