{"id":1546,"date":"2017-06-22T13:42:08","date_gmt":"2017-06-22T11:42:08","guid":{"rendered":"http:\/\/www.lkbaba.sk\/sk\/?page_id=1546"},"modified":"2019-08-27T16:12:46","modified_gmt":"2019-08-27T14:12:46","slug":"vleky-a-zjazdovky-zochova-chata","status":"publish","type":"page","link":"https:\/\/www.lkbaba.sk\/sk\/lyziarske-stredisko-zochova-chata\/vleky-a-zjazdovky-zochova-chata\/","title":{"rendered":"Vleky a zjazdovky Zochova Chata"},"content":{"rendered":"<p>[vc_row full_width=&#8220;stretch_row&#8220; inverse=&#8220;&#8220; css=&#8220;.vc_custom_1497861509281{margin-top: -100px !important;margin-bottom: 80px !important;padding-bottom: 80px !important;background-color: #f9f9f9 !important;}&#8220;][vc_column][vc_custom_heading text=&#8220;Ly\u017eiarske a be\u017eeck\u00e9 trate&#8220; use_theme_fonts=&#8220;yes&#8220;][vc_column_text]V are\u00e1li ly\u017eiarskeho strediska sa nach\u00e1dzaj\u00fa \u0161tyri\u00a0zjazdov\u00e9 trate v d\u013a\u017eke 300\u00a0m, 240\u00a0m, 180\u00a0m a 90 m detsk\u00e1 tra\u0165. Stredisko m\u00e1 mierne svahy a je vybaven\u00e9 vlekmi ur\u010den\u00fdmi pre za\u010diato\u010dn\u00edkov a rodiny s mal\u00fdmi de\u0165mi. K dispoz\u00edcii s\u00fa vleky vr\u00e1tane dopravn\u00edkov\u00e9ho p\u00e1su. Stredisko je vybaven\u00e9 technick\u00fdm zasne\u017eovan\u00edm, umel\u00fdm osvetlen\u00edm a je zameran\u00e9 na v\u00fdu\u010dbu ly\u017eovania s dennou prev\u00e1dzkou od 9:00 do 16:00.[\/vc_column_text][vc_column_text]<iframe loading=\"lazy\" style=\"width: 100%; height: 710px; position: relative; margin-top: 8px; overflow: hidden;\" src=\"http:\/\/www.holidayinfo.sk\/map.cgi?id=776&amp;l=1\" width=\"300\" height=\"150\"><\/iframe>[\/vc_column_text][\/vc_column][\/vc_row][vc_row][vc_column]<div class=\"columns_wrap sc_columns columns_nofluid sc_columns_count_2 margin_top_small margin_bottom_medium\" data-equal-height=\".sc_column_item\"><div class=\"column-1_2 sc_column_item sc_column_item_1 odd first\"><div class=\"sc_section\" style=\"background-color:#ea0936;background-image:url(https:\/\/www.lkbaba.sk\/sk\/wp-content\/uploads\/2017\/06\/tazka_trat_zochova_chata.png);background-repeat:no-repeat;background-size:cover;\"><div class=\"sc_section_inner\"><div class=\"sc_section_overlay\" style=\"\"><div class=\"sc_section_content padding_on\" style=\"\"><div class=\"sc_section_content_wrap\"><div class=\"sc_section sc_section_block margin_top_small margin_right_small margin_bottom_small margin_left_small\"><div class=\"sc_section_inner\"><div class=\"sc_section_content_wrap\"><h4 class=\"sc_title sc_title_regular margin_top_null margin_bottom_null\" style=\"color:#ffffff;\">Vlek Tatrapoma F 10<\/h4><h1 class=\"sc_title sc_title_underline_dark margin_top_null margin_bottom_null\" style=\"color:#ffffff;\"><span style=\"color: #ffffff;\">N\u00e1ro\u010dn\u00e1<\/span><\/h1>[vc_empty_space height=&#8220;2em&#8220;][vc_column_text]<span style=\"color: #ffffff;\">Zjazdovka d\u013a\u017eky 180 metrov. Po celej d\u013a\u017eke trate je vybudovan\u00fd vlek Tatrapoma F10. Tra\u0165 vyhovuje zdatnej\u0161\u00edm ly\u017eiarom. Prepravn\u00e1 kapacita je 480 os\u00f4b za hodinu.<\/span>[\/vc_column_text][vc_empty_space height=&#8220;1.3em&#8220;]<\/div><\/div><\/div><\/div><\/div><\/div><\/div><\/div><\/div><div class=\"column-1_2 sc_column_item sc_column_item_2 even\"><div class=\"sc_section\" style=\"background-color:#003fef;background-image:url(https:\/\/www.lkbaba.sk\/sk\/wp-content\/uploads\/2017\/06\/trat_tazka_zochova_chata.png);background-repeat:no-repeat;background-size:cover;\"><div class=\"sc_section_inner\"><div class=\"sc_section_overlay\" style=\"\"><div class=\"sc_section_content padding_on\" style=\"\"><div class=\"sc_section_content_wrap\"><div class=\"sc_section sc_section_block margin_top_small margin_right_small margin_bottom_small margin_left_small\"><div class=\"sc_section_inner\"><div class=\"sc_section_content_wrap\"><h4 class=\"sc_title sc_title_regular margin_top_null margin_bottom_null\" style=\"color:#ffffff;\">Vlek\u00a0EPV-1 a EPV-2<\/h4><h1 class=\"sc_title sc_title_underline_white margin_top_null margin_bottom_null\">\u013dahk\u00e1<\/h1>[vc_empty_space height=&#8220;2em&#8220;][vc_column_text]<span style=\"color: #ffffff;\">Zjazdovky d\u013a\u017eky 300 a 240 metrov. Po celej d\u013a\u017eke trat\u00ed s\u00fa vybudovan\u00e9 vleky EPV 300-1 a EPV 300-2. Trate vyhovuj\u00fa menej zdatnej\u0161\u00edm ly\u017eiarom za\u010diato\u010dn\u00edkom. Prepravn\u00e1 kapacita je 320 os\u00f4b za hodinu.<\/span>[\/vc_column_text][vc_empty_space height=&#8220;1.3em&#8220;]<\/div><\/div><\/div><\/div><\/div><\/div><\/div><\/div><\/div><\/div>[\/vc_column][\/vc_row][vc_row][vc_column]<div class=\"columns_wrap sc_columns columns_nofluid sc_columns_count_1 margin_top_small margin_bottom_medium\" data-equal-height=\".sc_column_item\"><div class=\"column-1_1 sc_column_item sc_column_item_1 odd first\"><div class=\"sc_section\" style=\"background-color:#114ef7;background-image:url(https:\/\/www.lkbaba.sk\/sk\/wp-content\/uploads\/2017\/06\/deti2.png);background-repeat:no-repeat;background-size:cover;\"><div class=\"sc_section_inner\"><div class=\"sc_section_overlay\" style=\"\"><div class=\"sc_section_content padding_on\" style=\"\"><div class=\"sc_section_content_wrap\"><div class=\"sc_section sc_section_block margin_top_small margin_right_small margin_bottom_small margin_left_small\"><div class=\"sc_section_inner\"><div class=\"sc_section_content_wrap\"><h4 class=\"sc_title sc_title_regular margin_top_null margin_bottom_null\" style=\"color:#ffffff;\">Pre najmen\u0161\u00edch za\u010d\u00ednaj\u00facich ly\u017eiarov<\/h4><h1 class=\"sc_title sc_title_underline_dark margin_top_null margin_bottom_null\" style=\"color:#ffffff;\"><span style=\"color: #ffffff;\">Sunkid 30 dopravn\u00edkov\u00fd p\u00e1s a LPVE 3<\/span><\/h1>[vc_empty_space height=&#8220;2em&#8220;][vc_column_text]<span style=\"color: #ffffff;\">Zjazdovka d\u013a\u017eky 180 metrov. Po celej d\u013a\u017eke trate je vybudovan\u00fd vlek Tatrapoma F10. Tra\u0165 vyhovuje zdatnej\u0161\u00edm ly\u017eiarom. Prepravn\u00e1 kapacita je 480 os\u00f4b za hodinu.<\/span>[\/vc_column_text][vc_empty_space height=&#8220;1.3em&#8220;]<\/div><\/div><\/div><\/div><\/div><\/div><\/div><\/div><\/div><\/div>[\/vc_column][\/vc_row][vc_row][vc_column]<div class=\"sc_section sc_section_block \"><div class=\"sc_section_inner\"><div class=\"sc_section_content_wrap\"><div id=\"sc_section_1232703154\" class=\"sc_section\" style=\"background-image:url(https:\/\/www.lkbaba.sk\/sk\/wp-content\/uploads\/2017\/06\/trat_tazka_zochova_chata-1.jpg);background-repeat:no-repeat;background-size:cover;\"><div class=\"sc_section_inner\"><div class=\"sc_section_overlay\" style=\"\"><div class=\"sc_section_content padding_on\" style=\"\"><h6 class=\"sc_section_subtitle sc_item_subtitle\">Ve\u010dern\u00e9 ly\u017eovanie<\/h6><h2 class=\"sc_section_title sc_item_title sc_item_title_without_descr\">Ve\u010dern\u00e9 ly\u017eovanie je len pre ohl\u00e1sen\u00e9 skupiny<\/h2><div id=\"sc_section_1232703154_scroll\" class=\"sc_scroll sc_scroll_horizontal swiper-slider-container scroll-container\" style=\"\"><div class=\"sc_scroll_wrapper swiper-wrapper\"><div class=\"sc_scroll_slide swiper-slide\"><div class=\"sc_section_content_wrap\">[vc_empty_space height=&#8220;0.5em&#8220;][vc_empty_space height=&#8220;0.5em&#8220;]<\/div><div class=\"sc_section_button sc_item_button\"><a href=\"mailto:info@lkbaba.sk\" class=\"sc_button sc_button_square sc_button_style_filled sc_button_size_small  sc_button_iconed icon-right\">Objedna\u0165<\/a><\/div><\/div><\/div><div id=\"sc_section_1232703154_scroll_bar\" class=\"sc_scroll_bar sc_scroll_bar_horizontal sc_section_1232703154_scroll_bar\"><\/div><\/div><\/div><\/div><\/div><\/div><\/div><\/div><\/div>[vc_empty_space height=&#8220;50px&#8220;][\/vc_column][\/vc_row][vc_row][vc_column]<div class=\"sc_section\"><div class=\"sc_section_inner\"><div class=\"sc_section_content_wrap\"><div id=\"sc_skills_diagram_121062674\" class=\"sc_skills sc_skills_counter margin_bottom_medium\" data-type=\"counter\" data-caption=\"Skills\"><h6 class=\"sc_skills_subtitle sc_item_subtitle\">Zochova Chata - Piesok<\/h6><h2 class=\"sc_skills_title sc_item_title sc_item_title_with_descr\">Vleky a zjazdovky<\/h2><div class=\"sc_skills_descr sc_item_descr\">V are\u00e1li ly\u017eiarskeho strediska sa nach\u00e1dzaj\u00fa \u0161tyri zjazdov\u00e9 trate v d\u013a\u017eke 90 m, 180 m, 240 m a 300 m. K dispoz\u00edcii s\u00fa vleky vr\u00e1tane dopravn\u00edkov\u00e9ho p\u00e1su.<\/div><div class=\"columns_wrap sc_skills_columns sc_skills_columns_4\"><div class=\"sc_skills_column column-1_4\"><div class=\"sc_skills_item sc_skills_style_2 odd first\"><div class=\"sc_skills_total\" data-start=\"0\" data-stop=\"2800\" data-step=\"28\" data-max=\"2800\" data-speed=\"10\" data-duration=\"1000\" data-ed=\"\">0<\/div><div class=\"sc_skills_count\"><\/div><div class=\"sc_skills_info\"><div class=\"sc_skills_label\">Prepravn\u00e1 kapacita<\/div><div class=\"sc_skills_addinfo\">Celkov\u00e1 prepravn\u00e1 kapacita \/ os\u00f4b za hodinu<\/div><\/div><\/div><\/div><div class=\"sc_skills_column column-1_4\"><div class=\"sc_skills_item sc_skills_style_2 even\"><div class=\"sc_skills_total\" data-start=\"0\" data-stop=\"810\" data-step=\"28\" data-max=\"2800\" data-speed=\"14\" data-duration=\"405\" data-ed=\"\">0<\/div><div class=\"sc_skills_count\"><\/div><div class=\"sc_skills_info\"><div class=\"sc_skills_label\">D\u013a\u017eka trat\u00ed<\/div><div class=\"sc_skills_addinfo\">Sum\u00e1rna d\u013a\u017eka zjazdov\u00fdch trat\u00ed ly\u017eiarskeho strediska<\/div><\/div><\/div><\/div><div class=\"sc_skills_column column-1_4\"><div class=\"sc_skills_item sc_skills_style_2 odd\"><div class=\"sc_skills_total\" data-start=\"0\" data-stop=\"1500\" data-step=\"28\" data-max=\"2800\" data-speed=\"39\" data-duration=\"2089\" data-ed=\"\">0<\/div><div class=\"sc_skills_count\"><\/div><div class=\"sc_skills_info\"><div class=\"sc_skills_label\">Be\u017ek\u00e1rka tra\u0165<\/div><div class=\"sc_skills_addinfo\">V stredisku je tra\u0165 pre be\u017eeck\u00e9 ly\u017eovanie v d\u013a\u017eke 15 km<\/div><\/div><\/div><\/div><div class=\"sc_skills_column column-1_4\"><div class=\"sc_skills_item sc_skills_style_2 even\"><div class=\"sc_skills_total\" data-start=\"0\" data-stop=\"1200\" data-step=\"28\" data-max=\"2800\" data-speed=\"11\" data-duration=\"471\" data-ed=\"\">0<\/div><div class=\"sc_skills_count\"><\/div><div class=\"sc_skills_info\"><div class=\"sc_skills_label\">Dopravn\u00edkov\u00fd p\u00e1s<\/div><div class=\"sc_skills_addinfo\">Sunkid 30 s prepravnou kapacitou 1200 os\u00f4b za hodinu<\/div><\/div><\/div><\/div><\/div><\/div><\/div><\/div><\/div>[\/vc_column][\/vc_row][vc_row full_width=&#8220;stretch_row&#8220; css=&#8220;.vc_custom_1497859894642{background-image: url(http:\/\/www.lkbaba.sk\/sk\/wp-content\/uploads\/2017\/06\/skola_modra.jpg?id=1231) !important;}&#8220;][vc_column]<div class=\"sc_section margin_top_large margin_bottom_huge\"><div class=\"sc_section_inner\"><div class=\"sc_section_content_wrap\"><div id=\"sc_testimonials_1135202549\" class=\"sc_testimonials sc_testimonials_style_testimonials-1 \" style=\"width:100%;\"><h6 class=\"sc_testimonials_subtitle sc_item_subtitle\">Ohlasy<\/h6><h2 class=\"sc_testimonials_title sc_item_title sc_item_title_without_descr\">\u010co o n\u00e1s hovoria n\u00e1v\u0161tevn\u00edci<\/h2><div class=\"sc_slider_swiper swiper-slider-container sc_slider_nopagination sc_slider_controls sc_slider_controls_bottom\" data-interval=\"5863\" data-slides-per-view=\"3\" data-slides-space=\"30\" data-slides-min-width=\"250\"><div class=\"slides swiper-wrapper\"><div class=\"swiper-slide\" data-style=\"width:100%;\" style=\"width:100%;\">\t\t\t<div id=\"sc_testimonials_1135202549_1\" class=\"sc_testimonial_item\">\n\t\t\t\t<div class=\"sc_testimonial_content\"><p>Vyu\u017eili sme va\u0161e slu\u017eby SKI \u0161koly. Dva roky ly\u017eovania za sebou a m\u00f4\u017eeme iba doporu\u010di\u0165. Svahy n\u00e1m vyhovuj\u00fa, nako\u013eko sme za\u010diato\u010dn\u00edci.<\/p>\n<\/div>\n\t\t\t\t\t\t\t\t<div class=\"sc_testimonial_avatar\"><img loading=\"lazy\" decoding=\"async\" class=\"wp-post-image\" width=\"75\" height=\"75\" alt=\"Sandra P.\" src=\"https:\/\/www.lkbaba.sk\/sk\/wp-content\/uploads\/2017\/06\/vlocka-75x75.png\"><\/div>\n\t\t\t\t\t\t\t\t\t\t\t\t<div class=\"sc_testimonial_author\"><span class=\"sc_testimonial_author_name\">Sandra P.<\/span><\/div>\n\t\t\t\t\t\t\t<\/div>\n\t\t<\/div><div class=\"swiper-slide\" data-style=\"width:100%;\" style=\"width:100%;\">\t\t\t<div id=\"sc_testimonials_1135202549_2\" class=\"sc_testimonial_item\">\n\t\t\t\t<div class=\"sc_testimonial_content\"><p>Podmienky na ly\u017eovanie sme mali vinikaj\u00face. Deti urobili ve\u013ek\u00e9 pokroky\u00a0v ly\u017eovan\u00ed. U\u017e sa te\u0161\u00edme na nov\u00fa ly\u017eiarsku sez\u00f3nu.<\/p>\n<\/div>\n\t\t\t\t\t\t\t\t<div class=\"sc_testimonial_avatar\"><img loading=\"lazy\" decoding=\"async\" class=\"wp-post-image\" width=\"75\" height=\"75\" alt=\"Peter C.\" src=\"https:\/\/www.lkbaba.sk\/sk\/wp-content\/uploads\/2017\/06\/ski10-1-75x75.jpg\"><\/div>\n\t\t\t\t\t\t\t\t\t\t\t\t<div class=\"sc_testimonial_author\"><span class=\"sc_testimonial_author_name\">Peter C.<\/span><\/div>\n\t\t\t\t\t\t\t<\/div>\n\t\t<\/div><div class=\"swiper-slide\" data-style=\"width:100%;\" style=\"width:100%;\">\t\t\t<div id=\"sc_testimonials_1135202549_3\" class=\"sc_testimonial_item\">\n\t\t\t\t<div class=\"sc_testimonial_content\"><p>Dc\u00e9rku u\u010dil ly\u017eova\u0165 skvel\u00fd in\u0161truktor. Je to ve\u013emi trpezliv\u00fd a z\u00e1bavn\u00fd \u010dlovek.\u00a0Nemohli sme si pria\u0165 lep\u0161ieho u\u010dite\u013ea. \u010eakujeme!<\/p>\n<\/div>\n\t\t\t\t\t\t\t\t<div class=\"sc_testimonial_avatar\"><img loading=\"lazy\" decoding=\"async\" class=\"wp-post-image\" width=\"75\" height=\"75\" alt=\"Romana D.\" src=\"https:\/\/www.lkbaba.sk\/sk\/wp-content\/uploads\/2017\/06\/ski6-75x75.jpg\"><\/div>\n\t\t\t\t\t\t\t\t\t\t\t\t<div class=\"sc_testimonial_author\"><span class=\"sc_testimonial_author_name\">Romana D.<\/span><\/div>\n\t\t\t\t\t\t\t<\/div>\n\t\t<\/div><\/div><div class=\"sc_slider_controls_wrap\"><a class=\"sc_slider_prev\" href=\"#\"><\/a><a class=\"sc_slider_next\" href=\"#\"><\/a><\/div><div class=\"sc_slider_pagination_wrap\"><\/div><\/div><\/div><\/div><\/div><\/div>[\/vc_column][\/vc_row][vc_row full_width=&#8220;stretch_row&#8220; inverse=&#8220;&#8220; css=&#8220;.vc_custom_1497859522101{background-color: #262626 !important;}&#8220;][vc_column][vc_empty_space height=&#8220;0.5em&#8220;]<div class=\"sc_section margin_top_large margin_bottom_large\"><div class=\"sc_section_inner\"><div class=\"sc_section_content_wrap\"><div class=\"columns_wrap sc_columns columns_nofluid no_margins sc_columns_count_2\"><div class=\"column-1_2 sc_column_item sc_column_item_1 odd first\"><h4 class=\"sc_title sc_title_regular margin_top_null margin_bottom_null\" style=\"color:#ffffff;\">CHCETE DOST\u00c1VA\u0164 NOVINKY?<\/h4><h1 class=\"sc_title sc_title_regular margin_top_null margin_bottom_null\" style=\"color:#ffffff;\">ZAREGISTRUJTE SA<\/h1><\/div><div class=\"column-1_2 sc_column_item sc_column_item_2 even\"><div class=\"sc_section sc_section_block margin_left_small\"><div class=\"sc_section_inner\"><div class=\"sc_section_content_wrap\">[vc_column_text][\/vc_column_text]<\/div><\/div><\/div><\/div><\/div><\/div><\/div><\/div>[vc_empty_space height=&#8220;0.5em&#8220;][\/vc_column][\/vc_row]<\/p>\n","protected":false},"excerpt":{"rendered":"<p>[vc_row full_width=&#8220;stretch_row&#8220; inverse=&#8220;&#8220; css=&#8220;.vc_custom_1497861509281{margin-top: -100px !important;margin-bottom: 80px !important;padding-bottom: 80px !important;background-color: #f9f9f9 !important;}&#8220;][vc_column][vc_custom_heading text=&#8220;Ly\u017eiarske a be\u017eeck\u00e9 trate&#8220; use_theme_fonts=&#8220;yes&#8220;][vc_column_text]V are\u00e1li ly\u017eiarskeho strediska sa nach\u00e1dzaj\u00fa \u0161tyri\u00a0zjazdov\u00e9 trate v d\u013a\u017eke 300\u00a0m, 240\u00a0m, 180\u00a0m a 90 m detsk\u00e1 tra\u0165. Stredisko m\u00e1 mierne svahy a je vybaven\u00e9 vlekmi ur\u010den\u00fdmi pre za\u010diato\u010dn\u00edkov a rodiny s mal\u00fdmi de\u0165mi. K dispoz\u00edcii s\u00fa vleky vr\u00e1tane [&hellip;]<\/p>\n","protected":false},"author":3,"featured_media":0,"parent":1535,"menu_order":1,"comment_status":"closed","ping_status":"closed","template":"","meta":{"footnotes":""},"class_list":["post-1546","page","type-page","status-publish","hentry"],"yoast_head":"<!-- This site is optimized with the Yoast SEO plugin v27.3 - https:\/\/yoast.com\/product\/yoast-seo-wordpress\/ -->\n<title>Vleky a zjazdovky Zochova Chata - Ly\u017eiarske stredisko<\/title>\n<meta name=\"description\" content=\"Zjazdov\u00e9 trate v d\u013a\u017eke 300\u00a0m, 240\u00a0m, 180\u00a0m a 90 m detsk\u00e1 tra\u0165. Stredisko je vybaven\u00e9 vlekmi ur\u010den\u00fdmi pre za\u010diato\u010dn\u00edkov a rodiny s mal\u00fdmi de\u0165mi. Mierne svahy\" \/>\n<meta name=\"robots\" content=\"index, follow, max-snippet:-1, max-image-preview:large, max-video-preview:-1\" \/>\n<link rel=\"canonical\" href=\"https:\/\/www.lkbaba.sk\/sk\/lyziarske-stredisko-zochova-chata\/vleky-a-zjazdovky-zochova-chata\/\" \/>\n<meta property=\"og:locale\" content=\"sk_SK\" \/>\n<meta property=\"og:type\" content=\"article\" \/>\n<meta property=\"og:title\" content=\"Vleky a zjazdovky Zochova Chata - Ly\u017eiarske stredisko\" \/>\n<meta property=\"og:description\" content=\"Zjazdov\u00e9 trate v d\u013a\u017eke 300\u00a0m, 240\u00a0m, 180\u00a0m a 90 m detsk\u00e1 tra\u0165. Stredisko je vybaven\u00e9 vlekmi ur\u010den\u00fdmi pre za\u010diato\u010dn\u00edkov a rodiny s mal\u00fdmi de\u0165mi. Mierne svahy\" \/>\n<meta property=\"og:url\" content=\"https:\/\/www.lkbaba.sk\/sk\/lyziarske-stredisko-zochova-chata\/vleky-a-zjazdovky-zochova-chata\/\" \/>\n<meta property=\"og:site_name\" content=\"Ly\u017eiarske stredisko - Pezinsk\u00e1 Baba\" \/>\n<meta property=\"article:modified_time\" content=\"2019-08-27T14:12:46+00:00\" \/>\n<meta name=\"twitter:card\" content=\"summary_large_image\" \/>\n<meta name=\"twitter:label1\" content=\"Predpokladan\u00fd \u010das \u010d\u00edtania\" \/>\n\t<meta name=\"twitter:data1\" content=\"4 min\u00faty\" \/>\n<script type=\"application\/ld+json\" class=\"yoast-schema-graph\">{\"@context\":\"https:\\\/\\\/schema.org\",\"@graph\":[{\"@type\":\"WebPage\",\"@id\":\"https:\\\/\\\/www.lkbaba.sk\\\/sk\\\/lyziarske-stredisko-zochova-chata\\\/vleky-a-zjazdovky-zochova-chata\\\/\",\"url\":\"https:\\\/\\\/www.lkbaba.sk\\\/sk\\\/lyziarske-stredisko-zochova-chata\\\/vleky-a-zjazdovky-zochova-chata\\\/\",\"name\":\"Vleky a zjazdovky Zochova Chata - Ly\u017eiarske stredisko\",\"isPartOf\":{\"@id\":\"https:\\\/\\\/www.lkbaba.sk\\\/sk\\\/#website\"},\"datePublished\":\"2017-06-22T11:42:08+00:00\",\"dateModified\":\"2019-08-27T14:12:46+00:00\",\"description\":\"Zjazdov\u00e9 trate v d\u013a\u017eke 300\u00a0m, 240\u00a0m, 180\u00a0m a 90 m detsk\u00e1 tra\u0165. Stredisko je vybaven\u00e9 vlekmi ur\u010den\u00fdmi pre za\u010diato\u010dn\u00edkov a rodiny s mal\u00fdmi de\u0165mi. Mierne svahy\",\"breadcrumb\":{\"@id\":\"https:\\\/\\\/www.lkbaba.sk\\\/sk\\\/lyziarske-stredisko-zochova-chata\\\/vleky-a-zjazdovky-zochova-chata\\\/#breadcrumb\"},\"inLanguage\":\"sk-SK\",\"potentialAction\":[{\"@type\":\"ReadAction\",\"target\":[\"https:\\\/\\\/www.lkbaba.sk\\\/sk\\\/lyziarske-stredisko-zochova-chata\\\/vleky-a-zjazdovky-zochova-chata\\\/\"]}]},{\"@type\":\"BreadcrumbList\",\"@id\":\"https:\\\/\\\/www.lkbaba.sk\\\/sk\\\/lyziarske-stredisko-zochova-chata\\\/vleky-a-zjazdovky-zochova-chata\\\/#breadcrumb\",\"itemListElement\":[{\"@type\":\"ListItem\",\"position\":1,\"name\":\"Home\",\"item\":\"https:\\\/\\\/www.lkbaba.sk\\\/sk\\\/\"},{\"@type\":\"ListItem\",\"position\":2,\"name\":\"Ly\u017eiarske stredisko Zochova Chata\",\"item\":\"https:\\\/\\\/www.lkbaba.sk\\\/sk\\\/lyziarske-stredisko-zochova-chata\\\/\"},{\"@type\":\"ListItem\",\"position\":3,\"name\":\"Vleky a zjazdovky Zochova Chata\"}]},{\"@type\":\"WebSite\",\"@id\":\"https:\\\/\\\/www.lkbaba.sk\\\/sk\\\/#website\",\"url\":\"https:\\\/\\\/www.lkbaba.sk\\\/sk\\\/\",\"name\":\"Ly\u017eiarske stredisko - Pezinsk\u00e1 Baba\",\"description\":\"\",\"publisher\":{\"@id\":\"https:\\\/\\\/www.lkbaba.sk\\\/sk\\\/#organization\"},\"potentialAction\":[{\"@type\":\"SearchAction\",\"target\":{\"@type\":\"EntryPoint\",\"urlTemplate\":\"https:\\\/\\\/www.lkbaba.sk\\\/sk\\\/?s={search_term_string}\"},\"query-input\":{\"@type\":\"PropertyValueSpecification\",\"valueRequired\":true,\"valueName\":\"search_term_string\"}}],\"inLanguage\":\"sk-SK\"},{\"@type\":\"Organization\",\"@id\":\"https:\\\/\\\/www.lkbaba.sk\\\/sk\\\/#organization\",\"name\":\"LK BABA\",\"url\":\"https:\\\/\\\/www.lkbaba.sk\\\/sk\\\/\",\"logo\":{\"@type\":\"ImageObject\",\"inLanguage\":\"sk-SK\",\"@id\":\"https:\\\/\\\/www.lkbaba.sk\\\/sk\\\/#\\\/schema\\\/logo\\\/image\\\/\",\"url\":\"https:\\\/\\\/www.lkbaba.sk\\\/sk\\\/wp-content\\\/uploads\\\/2017\\\/06\\\/logo.png\",\"contentUrl\":\"https:\\\/\\\/www.lkbaba.sk\\\/sk\\\/wp-content\\\/uploads\\\/2017\\\/06\\\/logo.png\",\"width\":600,\"height\":570,\"caption\":\"LK BABA\"},\"image\":{\"@id\":\"https:\\\/\\\/www.lkbaba.sk\\\/sk\\\/#\\\/schema\\\/logo\\\/image\\\/\"}}]}<\/script>\n<!-- \/ Yoast SEO plugin. -->","yoast_head_json":{"title":"Vleky a zjazdovky Zochova Chata - Ly\u017eiarske stredisko","description":"Zjazdov\u00e9 trate v d\u013a\u017eke 300\u00a0m, 240\u00a0m, 180\u00a0m a 90 m detsk\u00e1 tra\u0165. Stredisko je vybaven\u00e9 vlekmi ur\u010den\u00fdmi pre za\u010diato\u010dn\u00edkov a rodiny s mal\u00fdmi de\u0165mi. Mierne svahy","robots":{"index":"index","follow":"follow","max-snippet":"max-snippet:-1","max-image-preview":"max-image-preview:large","max-video-preview":"max-video-preview:-1"},"canonical":"https:\/\/www.lkbaba.sk\/sk\/lyziarske-stredisko-zochova-chata\/vleky-a-zjazdovky-zochova-chata\/","og_locale":"sk_SK","og_type":"article","og_title":"Vleky a zjazdovky Zochova Chata - Ly\u017eiarske stredisko","og_description":"Zjazdov\u00e9 trate v d\u013a\u017eke 300\u00a0m, 240\u00a0m, 180\u00a0m a 90 m detsk\u00e1 tra\u0165. Stredisko je vybaven\u00e9 vlekmi ur\u010den\u00fdmi pre za\u010diato\u010dn\u00edkov a rodiny s mal\u00fdmi de\u0165mi. Mierne svahy","og_url":"https:\/\/www.lkbaba.sk\/sk\/lyziarske-stredisko-zochova-chata\/vleky-a-zjazdovky-zochova-chata\/","og_site_name":"Ly\u017eiarske stredisko - Pezinsk\u00e1 Baba","article_modified_time":"2019-08-27T14:12:46+00:00","twitter_card":"summary_large_image","twitter_misc":{"Predpokladan\u00fd \u010das \u010d\u00edtania":"4 min\u00faty"},"schema":{"@context":"https:\/\/schema.org","@graph":[{"@type":"WebPage","@id":"https:\/\/www.lkbaba.sk\/sk\/lyziarske-stredisko-zochova-chata\/vleky-a-zjazdovky-zochova-chata\/","url":"https:\/\/www.lkbaba.sk\/sk\/lyziarske-stredisko-zochova-chata\/vleky-a-zjazdovky-zochova-chata\/","name":"Vleky a zjazdovky Zochova Chata - Ly\u017eiarske stredisko","isPartOf":{"@id":"https:\/\/www.lkbaba.sk\/sk\/#website"},"datePublished":"2017-06-22T11:42:08+00:00","dateModified":"2019-08-27T14:12:46+00:00","description":"Zjazdov\u00e9 trate v d\u013a\u017eke 300\u00a0m, 240\u00a0m, 180\u00a0m a 90 m detsk\u00e1 tra\u0165. Stredisko je vybaven\u00e9 vlekmi ur\u010den\u00fdmi pre za\u010diato\u010dn\u00edkov a rodiny s mal\u00fdmi de\u0165mi. Mierne svahy","breadcrumb":{"@id":"https:\/\/www.lkbaba.sk\/sk\/lyziarske-stredisko-zochova-chata\/vleky-a-zjazdovky-zochova-chata\/#breadcrumb"},"inLanguage":"sk-SK","potentialAction":[{"@type":"ReadAction","target":["https:\/\/www.lkbaba.sk\/sk\/lyziarske-stredisko-zochova-chata\/vleky-a-zjazdovky-zochova-chata\/"]}]},{"@type":"BreadcrumbList","@id":"https:\/\/www.lkbaba.sk\/sk\/lyziarske-stredisko-zochova-chata\/vleky-a-zjazdovky-zochova-chata\/#breadcrumb","itemListElement":[{"@type":"ListItem","position":1,"name":"Home","item":"https:\/\/www.lkbaba.sk\/sk\/"},{"@type":"ListItem","position":2,"name":"Ly\u017eiarske stredisko Zochova Chata","item":"https:\/\/www.lkbaba.sk\/sk\/lyziarske-stredisko-zochova-chata\/"},{"@type":"ListItem","position":3,"name":"Vleky a zjazdovky Zochova Chata"}]},{"@type":"WebSite","@id":"https:\/\/www.lkbaba.sk\/sk\/#website","url":"https:\/\/www.lkbaba.sk\/sk\/","name":"Ly\u017eiarske stredisko - Pezinsk\u00e1 Baba","description":"","publisher":{"@id":"https:\/\/www.lkbaba.sk\/sk\/#organization"},"potentialAction":[{"@type":"SearchAction","target":{"@type":"EntryPoint","urlTemplate":"https:\/\/www.lkbaba.sk\/sk\/?s={search_term_string}"},"query-input":{"@type":"PropertyValueSpecification","valueRequired":true,"valueName":"search_term_string"}}],"inLanguage":"sk-SK"},{"@type":"Organization","@id":"https:\/\/www.lkbaba.sk\/sk\/#organization","name":"LK BABA","url":"https:\/\/www.lkbaba.sk\/sk\/","logo":{"@type":"ImageObject","inLanguage":"sk-SK","@id":"https:\/\/www.lkbaba.sk\/sk\/#\/schema\/logo\/image\/","url":"https:\/\/www.lkbaba.sk\/sk\/wp-content\/uploads\/2017\/06\/logo.png","contentUrl":"https:\/\/www.lkbaba.sk\/sk\/wp-content\/uploads\/2017\/06\/logo.png","width":600,"height":570,"caption":"LK BABA"},"image":{"@id":"https:\/\/www.lkbaba.sk\/sk\/#\/schema\/logo\/image\/"}}]}},"_links":{"self":[{"href":"https:\/\/www.lkbaba.sk\/sk\/wp-json\/wp\/v2\/pages\/1546","targetHints":{"allow":["GET"]}}],"collection":[{"href":"https:\/\/www.lkbaba.sk\/sk\/wp-json\/wp\/v2\/pages"}],"about":[{"href":"https:\/\/www.lkbaba.sk\/sk\/wp-json\/wp\/v2\/types\/page"}],"author":[{"embeddable":true,"href":"https:\/\/www.lkbaba.sk\/sk\/wp-json\/wp\/v2\/users\/3"}],"replies":[{"embeddable":true,"href":"https:\/\/www.lkbaba.sk\/sk\/wp-json\/wp\/v2\/comments?post=1546"}],"version-history":[{"count":32,"href":"https:\/\/www.lkbaba.sk\/sk\/wp-json\/wp\/v2\/pages\/1546\/revisions"}],"predecessor-version":[{"id":1677,"href":"https:\/\/www.lkbaba.sk\/sk\/wp-json\/wp\/v2\/pages\/1546\/revisions\/1677"}],"up":[{"embeddable":true,"href":"https:\/\/www.lkbaba.sk\/sk\/wp-json\/wp\/v2\/pages\/1535"}],"wp:attachment":[{"href":"https:\/\/www.lkbaba.sk\/sk\/wp-json\/wp\/v2\/media?parent=1546"}],"curies":[{"name":"wp","href":"https:\/\/api.w.org\/{rel}","templated":true}]}}