{"id":1604,"date":"2017-06-26T10:37:14","date_gmt":"2017-06-26T08:37:14","guid":{"rendered":"http:\/\/www.lkbaba.sk\/sk\/?page_id=1604"},"modified":"2020-08-18T09:19:46","modified_gmt":"2020-08-18T07:19:46","slug":"lyziarsky-klub-pezinska-baba","status":"publish","type":"page","link":"https:\/\/www.lkbaba.sk\/sk\/lyziarsky-klub-pezinska-baba\/","title":{"rendered":"Ly\u017eiarsky klub PEZINSK\u00c1 BABA"},"content":{"rendered":"<p>[vc_row][vc_column][rev_slider_vc alias=&#8220;lk-pezinska-baba&#8220;][vc_empty_space height=&#8220;50px&#8220;][\/vc_column][\/vc_row][vc_row][vc_column]<div class=\"sc_section\"><div class=\"sc_section_inner\"><h6 class=\"sc_section_subtitle sc_item_subtitle\">Kr\u00e1tko z hist\u00f3rie<\/h6><h2 class=\"sc_section_title sc_item_title sc_item_title_without_descr\">O klube<\/h2><div class=\"sc_section_content_wrap\">[vc_column_text]<br \/>\nLK Pezinsk\u00e1 Baba sa venuje pr\u00edprave det\u00ed a ml\u00e1de\u017ee na zjazdov\u00e9 ly\u017eovanie. Tr\u00e9ningov\u00fd proces ved\u00fa sk\u00fasen\u00ed tr\u00e9neri s telov\u00fdchovn\u00fdm a tr\u00e9nersk\u00fdm vzdelan\u00edm. Vyu\u017e\u00edvame prostriedky v\u0161eobecnej \u2013 kondi\u010dnej a koordina\u010dnej pr\u00edpravy variabiln\u00e9ho zamerania. (kor\u010dule, trampol\u00edna, lanov\u00e1 dr\u00e1ha, bouldering.)<\/p>\n<p>Ly\u017eiarsky klub PEZINSK\u00c1 BABA je jedin\u00fd klub v oblasti s vinohradn\u00edckou trad\u00edciou. Napriek dlhoro\u010dn\u00e9mu fungovaniu sa do dne\u0161nej podoby etabloval a\u017e v roku 2005, kedy sa zaznamen\u00e1va na\u0161a prv\u00e1 sez\u00f3nna. Na za\u010diatku zdru\u017eoval 4 deti v predpr\u00edpravnom veku. V sez\u00f3nne 2005\/06 sa deti z\u00fa\u010dastnili prv\u00fdch pretekov na Pezinskej Babe, kde dosiahli ve\u013emi slu\u0161n\u00e9 umiestnenia v konkurencii siln\u00fdch bratislavsk\u00fdch klubov.<\/p>\n<p>V sez\u00f3nne 2007 sa n\u00e1\u0161 klub roz\u0161\u00edril na 11 det\u00ed, ktor\u00e9 s\u00fa\u0165a\u017eia v kateg\u00f3riach superbaby a mlad\u0161\u00ed pred\u017eiaci.[\/vc_column_text]<\/div><\/div><\/div>[\/vc_column][\/vc_row][vc_row][vc_column][vc_empty_space][\/vc_column][\/vc_row][vc_row][vc_column width=&#8220;1\/2&#8243;][vc_single_image image=&#8220;1635&#8243; img_size=&#8220;large&#8220; onclick=&#8220;zoom&#8220; css_animation=&#8220;flipInY&#8220;][\/vc_column][vc_column width=&#8220;1\/2&#8243;][vc_single_image image=&#8220;1636&#8243; img_size=&#8220;large&#8220; onclick=&#8220;zoom&#8220; css_animation=&#8220;flipInY&#8220;][\/vc_column][\/vc_row][vc_row][vc_column][vc_empty_space height=&#8220;45px&#8220;][\/vc_column][\/vc_row][vc_row][vc_column]<div class=\"sc_section\"><div class=\"sc_section_inner\"><h6 class=\"sc_section_subtitle sc_item_subtitle\">Pretek\u00e1rska \u010dinnos\u0165<\/h6><h2 class=\"sc_section_title sc_item_title sc_item_title_without_descr\">LY\u017dIARSKA PR\u00cdPRAVA<\/h2><div class=\"sc_section_content_wrap\">[vc_column_text]<\/p>\n<h5>Tr\u00e9ningy prebiehaj\u00fa v cykloch \u2013 3 kr\u00e1t t\u00fd\u017edenne a s\u00fa obsahovo zameran\u00e9 na jednotliv\u00e9 obdobia \u0161portovej pr\u00edpravy \u2013 preds\u00fa\u0165a\u017en\u00e9, s\u00fa\u0165a\u017en\u00e9, medzis\u00fa\u0165a\u017en\u00e9.<\/h5>\n<p><strong>Preds\u00fa\u0165a\u017en\u00e9 obdobie<\/strong><\/p>\n<p>( september \u2013 december)<\/p>\n<p>\u2013 tr\u00e9ningov\u00e9 obdobie zameran\u00e9 na budovanie kondi\u010dn\u00e9ho a koordina\u010dn\u00e9ho z\u00e1kladu, vyu\u017e\u00edvanom hlavne v s\u00fa\u0165a\u017enom obdob\u00ed.<\/p>\n<p>Vyzna\u010duje sa zv\u00fd\u0161en\u00fdm objemom a intenzitou s prih\u013eadan\u00edm na senzit\u00edvne obdobia jednotliv\u00fdch vekov\u00fdch kateg\u00f3ri\u00ed. Tr\u00e9ningy prebiehaju hravou formou vo variabilnom prostred\u00ed.<\/p>\n<p>Deti sa z\u00fa\u010dast\u0148uj\u00fa dvoch v\u00fdjazdov na ladovci Kaprun a preds\u00fa\u0165a\u017en\u00e9ho decembrov\u00e9ho s\u00fastredenia vo vybranej ly\u017eiarskej lokalite.<\/p>\n<p>V sez\u00f3nne 2007\/08 je to meste\u010dko Brezovica na Orave. S\u00fastredenie prebieha spolu s partnersk\u00fdm klubom TJ Oravan Brezovica.<\/p>\n<p>Na porovnanie efektivity tr\u00e9ningov\u00e9ho procesu sa v novembri konaj\u00fa vystupn\u00e9 testy na suchu.<\/p>\n<p>&nbsp;<\/p>\n<p><strong>S\u00fa\u0165a\u017en\u00e9 obdobie<\/strong><br \/>\n( december \u2013marec)<\/p>\n<p>\u2013 hlavn\u00e9 obdobie ly\u017eiarskej v\u00fdkonnosti. Tr\u00e9ningy prebiehaj\u00fa preva\u017ene na snehu, pod\u013ea klimatick\u00fdch podmienok. 2 \u2013 3 kr\u00e1t t\u00fd\u017edenne \u2013 Pezinsk\u00e1 Baba, 1 x telocvi\u010d\u0148a, po\u010das v\u00edkendov 10 kol slovensk\u00e9ho poh\u00e1ra pod\u013ea aktu\u00e1lneho rozpisu v dannej sez\u00f3nne.<\/p>\n<p>Tr\u00e9nningy s\u00fa zameran\u00e9 na zvl\u00e1dnutie z\u00e1kladov techniky ly\u017eovania u za\u010diato\u010dn\u00edkov a zdokona\u013eovanie rezan\u00e9ho obl\u00faku v discipl\u00ednach obrovsk\u00fd slalom a slalom u pokro\u010dil\u00fdch ly\u017eiarov. \u010ealej je to psychick\u00e1 pr\u00edprava na s\u00fa\u0165a\u017en\u00e9 podmienky \u2013 tr\u00e9ningy stavan\u00e9 v s\u00fa\u0165a\u017en\u00fdch podmienkach, zvl\u00e1danie pred\u0161tartovn\u00fdch stavov a stresov\u00fdch situ\u00e1ci\u00ed.<\/p>\n<p>&nbsp;<\/p>\n<p><strong>Medzis\u00fa\u0165a\u017en\u00e9 obdobie<\/strong><br \/>\n(marec \u2013 j\u00fal)<\/p>\n<p>\u2013 tr\u00e9ningy zameran\u00e9 na dola\u010fovanie techniky ly\u017eovania a rozvoj koordina\u010dnej pr\u00edpravy.<\/p>\n<p>Ukon\u010denie sez\u00f3nny v\u00fdjazdom na \u013eadovec Kapr\u00fan a vyhodnotenie zimnej sez\u00f3nny. Pr\u00edprava na suchu za\u010d\u00edna vstupn\u00fdmi testami v\u0161eobecnej v\u00fdkonnosti. Toto obdobie je zameran\u00e9 na rozvoj \u0161peci\u00e1lnej kondi\u010dnej a koordina\u010dnej pr\u00edpravy( jemn\u00e1 motorika) modern\u00fdmi prostriedkami z\u00e1\u0165a\u017ee ako s\u00fa cvi\u010denia na lopt\u00e1ch BOSU, lanov\u00e9 dr\u00e1hy, lezenie na umel\u00fdch sten\u00e1ch, bouldering, bicyklovanie a vysokohorsk\u00e1 turistika.[\/vc_column_text]<\/div><\/div><\/div>[\/vc_column][\/vc_row][vc_row][vc_column][vc_empty_space height=&#8220;50px&#8220;][\/vc_column][\/vc_row]<\/p>\n","protected":false},"excerpt":{"rendered":"<p>[vc_row][vc_column][rev_slider_vc alias=&#8220;lk-pezinska-baba&#8220;][vc_empty_space height=&#8220;50px&#8220;][\/vc_column][\/vc_row][vc_row][vc_column][\/vc_column][\/vc_row][vc_row][vc_column][vc_empty_space][\/vc_column][\/vc_row][vc_row][vc_column width=&#8220;1\/2&#8243;][vc_single_image image=&#8220;1635&#8243; img_size=&#8220;large&#8220; onclick=&#8220;zoom&#8220; css_animation=&#8220;flipInY&#8220;][\/vc_column][vc_column width=&#8220;1\/2&#8243;][vc_single_image image=&#8220;1636&#8243; img_size=&#8220;large&#8220; onclick=&#8220;zoom&#8220; css_animation=&#8220;flipInY&#8220;][\/vc_column][\/vc_row][vc_row][vc_column][vc_empty_space height=&#8220;45px&#8220;][\/vc_column][\/vc_row][vc_row][vc_column][\/vc_column][\/vc_row][vc_row][vc_column][vc_empty_space height=&#8220;50px&#8220;][\/vc_column][\/vc_row]<\/p>\n","protected":false},"author":3,"featured_media":0,"parent":0,"menu_order":0,"comment_status":"closed","ping_status":"closed","template":"","meta":{"footnotes":""},"class_list":["post-1604","page","type-page","status-publish","hentry"],"yoast_head":"<!-- This site is optimized with the Yoast SEO plugin v27.3 - https:\/\/yoast.com\/product\/yoast-seo-wordpress\/ -->\n<title>Ly\u017eiarsky klub PEZINSK\u00c1 BABA - Ly\u017eiarske stredisko - Pezinsk\u00e1 Baba<\/title>\n<meta name=\"description\" content=\"LK Pezinsk\u00e1 Baba sa venuje pr\u00edprave det\u00ed a ml\u00e1de\u017ee na zjazdov\u00e9 ly\u017eovanie. Ly\u017eiarska pr\u00edprava, pretek\u00e1rska \u010dinnos\u0165, s\u00fa\u0165a\u017en\u00e9 a medzis\u00fa\u0165a\u017en\u00e9 obdobie, tr\u00e9ningy\" \/>\n<meta name=\"robots\" content=\"index, follow, max-snippet:-1, max-image-preview:large, max-video-preview:-1\" \/>\n<link rel=\"canonical\" href=\"https:\/\/www.lkbaba.sk\/sk\/lyziarsky-klub-pezinska-baba\/\" \/>\n<meta property=\"og:locale\" content=\"sk_SK\" \/>\n<meta property=\"og:type\" content=\"article\" \/>\n<meta property=\"og:title\" content=\"Ly\u017eiarsky klub PEZINSK\u00c1 BABA - Ly\u017eiarske stredisko - Pezinsk\u00e1 Baba\" \/>\n<meta property=\"og:description\" content=\"LK Pezinsk\u00e1 Baba sa venuje pr\u00edprave det\u00ed a ml\u00e1de\u017ee na zjazdov\u00e9 ly\u017eovanie. Ly\u017eiarska pr\u00edprava, pretek\u00e1rska \u010dinnos\u0165, s\u00fa\u0165a\u017en\u00e9 a medzis\u00fa\u0165a\u017en\u00e9 obdobie, tr\u00e9ningy\" \/>\n<meta property=\"og:url\" content=\"https:\/\/www.lkbaba.sk\/sk\/lyziarsky-klub-pezinska-baba\/\" \/>\n<meta property=\"og:site_name\" content=\"Ly\u017eiarske stredisko - Pezinsk\u00e1 Baba\" \/>\n<meta property=\"article:modified_time\" content=\"2020-08-18T07:19:46+00:00\" \/>\n<meta name=\"twitter:card\" content=\"summary_large_image\" \/>\n<meta name=\"twitter:label1\" content=\"Predpokladan\u00fd \u010das \u010d\u00edtania\" \/>\n\t<meta name=\"twitter:data1\" content=\"3 min\u00faty\" \/>\n<script type=\"application\/ld+json\" class=\"yoast-schema-graph\">{\"@context\":\"https:\\\/\\\/schema.org\",\"@graph\":[{\"@type\":\"WebPage\",\"@id\":\"https:\\\/\\\/www.lkbaba.sk\\\/sk\\\/lyziarsky-klub-pezinska-baba\\\/\",\"url\":\"https:\\\/\\\/www.lkbaba.sk\\\/sk\\\/lyziarsky-klub-pezinska-baba\\\/\",\"name\":\"Ly\u017eiarsky klub PEZINSK\u00c1 BABA - Ly\u017eiarske stredisko - Pezinsk\u00e1 Baba\",\"isPartOf\":{\"@id\":\"https:\\\/\\\/www.lkbaba.sk\\\/sk\\\/#website\"},\"datePublished\":\"2017-06-26T08:37:14+00:00\",\"dateModified\":\"2020-08-18T07:19:46+00:00\",\"description\":\"LK Pezinsk\u00e1 Baba sa venuje pr\u00edprave det\u00ed a ml\u00e1de\u017ee na zjazdov\u00e9 ly\u017eovanie. Ly\u017eiarska pr\u00edprava, pretek\u00e1rska \u010dinnos\u0165, s\u00fa\u0165a\u017en\u00e9 a medzis\u00fa\u0165a\u017en\u00e9 obdobie, tr\u00e9ningy\",\"breadcrumb\":{\"@id\":\"https:\\\/\\\/www.lkbaba.sk\\\/sk\\\/lyziarsky-klub-pezinska-baba\\\/#breadcrumb\"},\"inLanguage\":\"sk-SK\",\"potentialAction\":[{\"@type\":\"ReadAction\",\"target\":[\"https:\\\/\\\/www.lkbaba.sk\\\/sk\\\/lyziarsky-klub-pezinska-baba\\\/\"]}]},{\"@type\":\"BreadcrumbList\",\"@id\":\"https:\\\/\\\/www.lkbaba.sk\\\/sk\\\/lyziarsky-klub-pezinska-baba\\\/#breadcrumb\",\"itemListElement\":[{\"@type\":\"ListItem\",\"position\":1,\"name\":\"Home\",\"item\":\"https:\\\/\\\/www.lkbaba.sk\\\/sk\\\/\"},{\"@type\":\"ListItem\",\"position\":2,\"name\":\"Ly\u017eiarsky klub PEZINSK\u00c1 BABA\"}]},{\"@type\":\"WebSite\",\"@id\":\"https:\\\/\\\/www.lkbaba.sk\\\/sk\\\/#website\",\"url\":\"https:\\\/\\\/www.lkbaba.sk\\\/sk\\\/\",\"name\":\"Ly\u017eiarske stredisko - Pezinsk\u00e1 Baba\",\"description\":\"\",\"publisher\":{\"@id\":\"https:\\\/\\\/www.lkbaba.sk\\\/sk\\\/#organization\"},\"potentialAction\":[{\"@type\":\"SearchAction\",\"target\":{\"@type\":\"EntryPoint\",\"urlTemplate\":\"https:\\\/\\\/www.lkbaba.sk\\\/sk\\\/?s={search_term_string}\"},\"query-input\":{\"@type\":\"PropertyValueSpecification\",\"valueRequired\":true,\"valueName\":\"search_term_string\"}}],\"inLanguage\":\"sk-SK\"},{\"@type\":\"Organization\",\"@id\":\"https:\\\/\\\/www.lkbaba.sk\\\/sk\\\/#organization\",\"name\":\"LK BABA\",\"url\":\"https:\\\/\\\/www.lkbaba.sk\\\/sk\\\/\",\"logo\":{\"@type\":\"ImageObject\",\"inLanguage\":\"sk-SK\",\"@id\":\"https:\\\/\\\/www.lkbaba.sk\\\/sk\\\/#\\\/schema\\\/logo\\\/image\\\/\",\"url\":\"https:\\\/\\\/www.lkbaba.sk\\\/sk\\\/wp-content\\\/uploads\\\/2017\\\/06\\\/logo.png\",\"contentUrl\":\"https:\\\/\\\/www.lkbaba.sk\\\/sk\\\/wp-content\\\/uploads\\\/2017\\\/06\\\/logo.png\",\"width\":600,\"height\":570,\"caption\":\"LK BABA\"},\"image\":{\"@id\":\"https:\\\/\\\/www.lkbaba.sk\\\/sk\\\/#\\\/schema\\\/logo\\\/image\\\/\"}}]}<\/script>\n<!-- \/ Yoast SEO plugin. -->","yoast_head_json":{"title":"Ly\u017eiarsky klub PEZINSK\u00c1 BABA - Ly\u017eiarske stredisko - Pezinsk\u00e1 Baba","description":"LK Pezinsk\u00e1 Baba sa venuje pr\u00edprave det\u00ed a ml\u00e1de\u017ee na zjazdov\u00e9 ly\u017eovanie. Ly\u017eiarska pr\u00edprava, pretek\u00e1rska \u010dinnos\u0165, s\u00fa\u0165a\u017en\u00e9 a medzis\u00fa\u0165a\u017en\u00e9 obdobie, tr\u00e9ningy","robots":{"index":"index","follow":"follow","max-snippet":"max-snippet:-1","max-image-preview":"max-image-preview:large","max-video-preview":"max-video-preview:-1"},"canonical":"https:\/\/www.lkbaba.sk\/sk\/lyziarsky-klub-pezinska-baba\/","og_locale":"sk_SK","og_type":"article","og_title":"Ly\u017eiarsky klub PEZINSK\u00c1 BABA - Ly\u017eiarske stredisko - Pezinsk\u00e1 Baba","og_description":"LK Pezinsk\u00e1 Baba sa venuje pr\u00edprave det\u00ed a ml\u00e1de\u017ee na zjazdov\u00e9 ly\u017eovanie. Ly\u017eiarska pr\u00edprava, pretek\u00e1rska \u010dinnos\u0165, s\u00fa\u0165a\u017en\u00e9 a medzis\u00fa\u0165a\u017en\u00e9 obdobie, tr\u00e9ningy","og_url":"https:\/\/www.lkbaba.sk\/sk\/lyziarsky-klub-pezinska-baba\/","og_site_name":"Ly\u017eiarske stredisko - Pezinsk\u00e1 Baba","article_modified_time":"2020-08-18T07:19:46+00:00","twitter_card":"summary_large_image","twitter_misc":{"Predpokladan\u00fd \u010das \u010d\u00edtania":"3 min\u00faty"},"schema":{"@context":"https:\/\/schema.org","@graph":[{"@type":"WebPage","@id":"https:\/\/www.lkbaba.sk\/sk\/lyziarsky-klub-pezinska-baba\/","url":"https:\/\/www.lkbaba.sk\/sk\/lyziarsky-klub-pezinska-baba\/","name":"Ly\u017eiarsky klub PEZINSK\u00c1 BABA - Ly\u017eiarske stredisko - Pezinsk\u00e1 Baba","isPartOf":{"@id":"https:\/\/www.lkbaba.sk\/sk\/#website"},"datePublished":"2017-06-26T08:37:14+00:00","dateModified":"2020-08-18T07:19:46+00:00","description":"LK Pezinsk\u00e1 Baba sa venuje pr\u00edprave det\u00ed a ml\u00e1de\u017ee na zjazdov\u00e9 ly\u017eovanie. Ly\u017eiarska pr\u00edprava, pretek\u00e1rska \u010dinnos\u0165, s\u00fa\u0165a\u017en\u00e9 a medzis\u00fa\u0165a\u017en\u00e9 obdobie, tr\u00e9ningy","breadcrumb":{"@id":"https:\/\/www.lkbaba.sk\/sk\/lyziarsky-klub-pezinska-baba\/#breadcrumb"},"inLanguage":"sk-SK","potentialAction":[{"@type":"ReadAction","target":["https:\/\/www.lkbaba.sk\/sk\/lyziarsky-klub-pezinska-baba\/"]}]},{"@type":"BreadcrumbList","@id":"https:\/\/www.lkbaba.sk\/sk\/lyziarsky-klub-pezinska-baba\/#breadcrumb","itemListElement":[{"@type":"ListItem","position":1,"name":"Home","item":"https:\/\/www.lkbaba.sk\/sk\/"},{"@type":"ListItem","position":2,"name":"Ly\u017eiarsky klub PEZINSK\u00c1 BABA"}]},{"@type":"WebSite","@id":"https:\/\/www.lkbaba.sk\/sk\/#website","url":"https:\/\/www.lkbaba.sk\/sk\/","name":"Ly\u017eiarske stredisko - Pezinsk\u00e1 Baba","description":"","publisher":{"@id":"https:\/\/www.lkbaba.sk\/sk\/#organization"},"potentialAction":[{"@type":"SearchAction","target":{"@type":"EntryPoint","urlTemplate":"https:\/\/www.lkbaba.sk\/sk\/?s={search_term_string}"},"query-input":{"@type":"PropertyValueSpecification","valueRequired":true,"valueName":"search_term_string"}}],"inLanguage":"sk-SK"},{"@type":"Organization","@id":"https:\/\/www.lkbaba.sk\/sk\/#organization","name":"LK BABA","url":"https:\/\/www.lkbaba.sk\/sk\/","logo":{"@type":"ImageObject","inLanguage":"sk-SK","@id":"https:\/\/www.lkbaba.sk\/sk\/#\/schema\/logo\/image\/","url":"https:\/\/www.lkbaba.sk\/sk\/wp-content\/uploads\/2017\/06\/logo.png","contentUrl":"https:\/\/www.lkbaba.sk\/sk\/wp-content\/uploads\/2017\/06\/logo.png","width":600,"height":570,"caption":"LK BABA"},"image":{"@id":"https:\/\/www.lkbaba.sk\/sk\/#\/schema\/logo\/image\/"}}]}},"_links":{"self":[{"href":"https:\/\/www.lkbaba.sk\/sk\/wp-json\/wp\/v2\/pages\/1604","targetHints":{"allow":["GET"]}}],"collection":[{"href":"https:\/\/www.lkbaba.sk\/sk\/wp-json\/wp\/v2\/pages"}],"about":[{"href":"https:\/\/www.lkbaba.sk\/sk\/wp-json\/wp\/v2\/types\/page"}],"author":[{"embeddable":true,"href":"https:\/\/www.lkbaba.sk\/sk\/wp-json\/wp\/v2\/users\/3"}],"replies":[{"embeddable":true,"href":"https:\/\/www.lkbaba.sk\/sk\/wp-json\/wp\/v2\/comments?post=1604"}],"version-history":[{"count":14,"href":"https:\/\/www.lkbaba.sk\/sk\/wp-json\/wp\/v2\/pages\/1604\/revisions"}],"predecessor-version":[{"id":4440,"href":"https:\/\/www.lkbaba.sk\/sk\/wp-json\/wp\/v2\/pages\/1604\/revisions\/4440"}],"wp:attachment":[{"href":"https:\/\/www.lkbaba.sk\/sk\/wp-json\/wp\/v2\/media?parent=1604"}],"curies":[{"name":"wp","href":"https:\/\/api.w.org\/{rel}","templated":true}]}}