{"id":1641,"date":"2017-06-27T13:59:51","date_gmt":"2017-06-27T11:59:51","guid":{"rendered":"http:\/\/www.lkbaba.sk\/sk\/?page_id=1641"},"modified":"2023-12-17T12:55:32","modified_gmt":"2023-12-17T11:55:32","slug":"prevadzka-strediska-pezinska-baba","status":"publish","type":"page","link":"https:\/\/www.lkbaba.sk\/sk\/lyziarske-stredisko-pezinska-baba\/prevadzka-strediska-pezinska-baba\/","title":{"rendered":"Prev\u00e1dzka strediska Pezinsk\u00e1 Baba"},"content":{"rendered":"<p>[vc_row inverse=&#8220;&#8220; css=&#8220;.vc_custom_1498566524069{border-top-width: -50px !important;}&#8220;][vc_column css=&#8220;.vc_custom_1498566588869{margin-top: -50px !important;border-top-width: -50px !important;}&#8220;]<div class=\"sc_promo margin_top_medium sc_promo_size_large\"><div class=\"sc_promo_inner\"><div class=\"sc_promo_image\" style=\"background-image:url(https:\/\/www.lkbaba.sk\/sk\/wp-content\/uploads\/2017\/06\/peznska-baba_svah_pri-double.jpg);width:60%;right: 0;\"><\/div><div class=\"sc_promo_block sc_align_left\" style=\"width: 40%; float: left;\"><div class=\"sc_promo_block_inner\"><h6 class=\"sc_promo_subtitle sc_item_subtitle\">Prev\u00e1dzka<\/h6><h2 class=\"sc_promo_title sc_item_title sc_item_title_with_descr\">Denn\u00e9 ly\u017eovanie<\/h2><div class=\"sc_promo_line\"><\/div><div class=\"sc_promo_descr sc_item_descr\">Prev\u00e1dzka ly\u017eiarskych vlekov, ak s\u00fa na to vhodn\u00e9 podmienky<\/div><div class=\"sc_promo_button sc_item_button\"><a href=\"http:\/\/www.lkbaba.sk\/sk\/lyziarske-stredisko-pezinska-baba\/vleky-a-zjazdovky-pezinska-baba\/\" class=\"sc_button sc_button_square sc_button_style_simple sc_button_size_small  sc_button_iconed icon-right-small\">Pondelok - Nede\u013ea : 9:00 - 16:00<\/a><\/div><\/div><\/div><\/div><\/div>[\/vc_column][\/vc_row][vc_row][vc_column][vc_empty_space height=&#8220;2em&#8220;]<div class=\"sc_promo margin_top_medium sc_promo_size_large\"><div class=\"sc_promo_inner\"><div class=\"sc_promo_image\" style=\"background-image:url(https:\/\/www.lkbaba.sk\/sk\/wp-content\/uploads\/2017\/06\/peznska-baba.jpg);width:60%;right: 0;\"><\/div><div class=\"sc_promo_block sc_align_left\" style=\"width: 40%; float: left;\"><div class=\"sc_promo_block_inner\"><h6 class=\"sc_promo_subtitle sc_item_subtitle\">Prev\u00e1dzka<\/h6><h2 class=\"sc_promo_title sc_item_title sc_item_title_with_descr\">Ve\u010dern\u00e9 ly\u017eovanie<\/h2><div class=\"sc_promo_line\"><\/div><div class=\"sc_promo_descr sc_item_descr\">Ve\u010dern\u00e9 ly\u017eovanie je obvykle ka\u017ed\u00fd de\u0148. Prev\u00e1dzku si v\u0161ak overte v aktu\u00e1lnych inform\u00e1ci\u00e1ch o prev\u00e1dzke na hlavnej str\u00e1nke.<\/div><div class=\"sc_promo_content\">[vc_btn title=&#8220;Aktu\u00e1lne o prev\u00e1dzke&#8220; shape=&#8220;square&#8220; link=&#8220;url:https%3A%2F%2Fwww.lkbaba.sk%2Fsk%2F|||&#8220;]<\/div><div class=\"sc_promo_button sc_item_button\"><a href=\"http:\/\/www.lkbaba.sk\/sk\/lyziarske-stredisko-pezinska-baba\/vleky-a-zjazdovky-pezinska-baba\/\" class=\"sc_button sc_button_square sc_button_style_simple sc_button_size_small  sc_button_iconed icon-right-small\">Pondelok - Nede\u013ea : 17:00 - 21:00<\/a><\/div><\/div><\/div><\/div><\/div>[\/vc_column][\/vc_row][vc_row][vc_column][vc_empty_space height=&#8220;0.7em&#8220;]<div class=\"columns_wrap sc_columns columns_nofluid sc_columns_count_2 columns_1_2_xs margin_top_large\"><div class=\"column-1_2 sc_column_item sc_column_item_1 odd first\"><figure class=\"sc_image  sc_image_shape_square\"><img decoding=\"async\" src=\"https:\/\/www.lkbaba.sk\/sk\/wp-content\/uploads\/2017\/06\/baba_svah.jpg\" alt=\"\" \/><\/figure><\/div><div class=\"column-1_2 sc_column_item sc_column_item_2 even\"><div class=\"sc_section\"><div class=\"sc_section_inner\"><div class=\"sc_section_content_wrap\"><h5 class=\"sc_title sc_title_regular margin_top_null margin_bottom_tiny\">SERVIS<\/h5><h2 class=\"sc_title sc_title_underline margin_top_null margin_bottom_null\">\u010cO N\u00c1JDETE V STREDISKU<\/h2>[vc_empty_space height=&#8220;1.2em&#8220;][vc_column_text]Skiservis, po\u017ei\u010dov\u0148a ly\u017e\u00ed, ve\u010dern\u00e9 ly\u017eovanie, technick\u00e9 zasne\u017eovanie, soci\u00e1lne zariadenie, ly\u017eiarska \u0161kola, bufet, re\u0161taur\u00e1cia, ubytovanie v chate\/penzi\u00f3ne, parkovisko[\/vc_column_text][vc_empty_space height=&#8220;0.5em&#8220;]<a href=\"http:\/\/www.lkbaba.sk\/sk\/sluzby-lyziarskeho-strediska\/\" class=\"sc_button sc_button_square sc_button_style_filled sc_button_size_small margin_top_small margin_bottom_null\">VIAC INFORM\u00c1CI\u00cd<\/a><\/div><\/div><\/div><\/div><\/div>[\/vc_column][\/vc_row][vc_row][vc_column][vc_empty_space height=&#8220;0.7em&#8220;]<div id=\"sc_skills_diagram_944155764\" class=\"sc_skills sc_skills_counter margin_top_large margin_bottom_medium\" data-type=\"counter\" data-caption=\"Skills\"><h6 class=\"sc_skills_subtitle sc_item_subtitle\">STREDISKO<\/h6><h2 class=\"sc_skills_title sc_item_title sc_item_title_with_descr\">Za\u017eite skvel\u00fa ly\u017eova\u010dku<\/h2><div class=\"sc_skills_descr sc_item_descr\">Stredisko je vybaven\u00e9 po\u017ei\u010dov\u0148ou ly\u017eiarskej v\u00fdstroje a ly\u017eiarskou \u0161kolu. V stredisku sa nach\u00e1dzaj\u00fa aj pravidelne upravovan\u00e9 ly\u017eiarske be\u017eeck\u00e9 trate v d\u013a\u017eke 8 km pre klasick\u00fa a kor\u010duliarsku techniku.<\/div><div class=\"columns_wrap sc_skills_columns sc_skills_columns_4\"><div class=\"sc_skills_column column-1_4\"><div class=\"sc_skills_item sc_skills_style_2 odd first\"><div class=\"sc_skills_total\" data-start=\"0\" data-stop=\"527\" data-step=\"5\" data-max=\"527\" data-speed=\"38\" data-duration=\"4005\" data-ed=\"\">0<\/div><div class=\"sc_skills_count\"><\/div><div class=\"sc_skills_info\"><div class=\"sc_skills_label\">Nadmorsk\u00e1 v\u00fd\u0161ka<\/div><div class=\"sc_skills_addinfo\">Nadmorsk\u00e1 v\u00fd\u0161ka ly\u017eiarskeho strediska je 527 m n. m.<\/div><\/div><\/div><\/div><div class=\"sc_skills_column column-1_4\"><div class=\"sc_skills_item sc_skills_style_2 even\"><div class=\"sc_skills_total\" data-start=\"0\" data-stop=\"3650\" data-step=\"37\" data-max=\"3650\" data-speed=\"37\" data-duration=\"3650\" data-ed=\"\">0<\/div><div class=\"sc_skills_count\"><\/div><div class=\"sc_skills_info\"><div class=\"sc_skills_label\">Prepravn\u00e1 kapacita<\/div><div class=\"sc_skills_addinfo\">Celkov\u00e1 prepravn\u00e1 kapacita piatich vlekov<\/div><\/div><\/div><\/div><div class=\"sc_skills_column column-1_4\"><div class=\"sc_skills_item sc_skills_style_2 odd\"><div class=\"sc_skills_total\" data-start=\"0\" data-stop=\"12\" data-step=\"37\" data-max=\"3650\" data-speed=\"21\" data-duration=\"7\" data-ed=\"\">0<\/div><div class=\"sc_skills_count\"><\/div><div class=\"sc_skills_info\"><div class=\"sc_skills_label\">Lokalita<\/div><div class=\"sc_skills_addinfo\">Stredisko sa nach\u00e1dza 12 km od okresn\u00e9ho mesta Pezinok<\/div><\/div><\/div><\/div><div class=\"sc_skills_column column-1_4\"><div class=\"sc_skills_item sc_skills_style_2 even\"><div class=\"sc_skills_total\" data-start=\"0\" data-stop=\"5\" data-step=\"37\" data-max=\"3650\" data-speed=\"16\" data-duration=\"2\" data-ed=\"\">0<\/div><div class=\"sc_skills_count\"><\/div><div class=\"sc_skills_info\"><div class=\"sc_skills_label\">Po\u010det vlekov<\/div><div class=\"sc_skills_addinfo\">Vleky pre ly\u017eiarov na tratiach s r\u00f4znou obtia\u017enos\u0165ou<\/div><\/div><\/div><\/div><\/div><\/div>[\/vc_column][\/vc_row]<\/p>\n","protected":false},"excerpt":{"rendered":"<p>[vc_row inverse=&#8220;&#8220; css=&#8220;.vc_custom_1498566524069{border-top-width: -50px !important;}&#8220;][vc_column css=&#8220;.vc_custom_1498566588869{margin-top: -50px !important;border-top-width: -50px !important;}&#8220;][\/vc_column][\/vc_row][vc_row][vc_column][vc_empty_space height=&#8220;2em&#8220;][\/vc_column][\/vc_row][vc_row][vc_column][vc_empty_space height=&#8220;0.7em&#8220;][\/vc_column][\/vc_row][vc_row][vc_column][vc_empty_space height=&#8220;0.7em&#8220;][\/vc_column][\/vc_row]<\/p>\n","protected":false},"author":3,"featured_media":0,"parent":1103,"menu_order":6,"comment_status":"closed","ping_status":"closed","template":"","meta":{"footnotes":""},"class_list":["post-1641","page","type-page","status-publish","hentry"],"yoast_head":"<!-- This site is optimized with the Yoast SEO plugin v27.3 - https:\/\/yoast.com\/product\/yoast-seo-wordpress\/ -->\n<title>Prev\u00e1dzka strediska Pezinsk\u00e1 Baba - denn\u00e9 a ve\u010dern\u00e9 ly\u017eovanie<\/title>\n<meta name=\"description\" content=\"Prev\u00e1dzka ly\u017eiarskych vlekov, ak s\u00fa na to vhodn\u00e9 podmienky. Pondelok - Nede\u013ea : 9:00 - 16:00. Ve\u010dern\u00e9 ly\u017eovanie je ka\u017ed\u00fd de\u0148. Pon. - Ned. : 17:00 - 21:00.\" \/>\n<meta name=\"robots\" content=\"index, follow, max-snippet:-1, max-image-preview:large, max-video-preview:-1\" \/>\n<link rel=\"canonical\" href=\"https:\/\/www.lkbaba.sk\/sk\/lyziarske-stredisko-pezinska-baba\/prevadzka-strediska-pezinska-baba\/\" \/>\n<meta property=\"og:locale\" content=\"sk_SK\" \/>\n<meta property=\"og:type\" content=\"article\" \/>\n<meta property=\"og:title\" content=\"Prev\u00e1dzka strediska Pezinsk\u00e1 Baba - denn\u00e9 a ve\u010dern\u00e9 ly\u017eovanie\" \/>\n<meta property=\"og:description\" content=\"Prev\u00e1dzka ly\u017eiarskych vlekov, ak s\u00fa na to vhodn\u00e9 podmienky. Pondelok - Nede\u013ea : 9:00 - 16:00. Ve\u010dern\u00e9 ly\u017eovanie je ka\u017ed\u00fd de\u0148. Pon. - Ned. : 17:00 - 21:00.\" \/>\n<meta property=\"og:url\" content=\"https:\/\/www.lkbaba.sk\/sk\/lyziarske-stredisko-pezinska-baba\/prevadzka-strediska-pezinska-baba\/\" \/>\n<meta property=\"og:site_name\" content=\"Ly\u017eiarske stredisko - Pezinsk\u00e1 Baba\" \/>\n<meta property=\"article:modified_time\" content=\"2023-12-17T11:55:32+00:00\" \/>\n<meta name=\"twitter:card\" content=\"summary_large_image\" \/>\n<meta name=\"twitter:label1\" content=\"Predpokladan\u00fd \u010das \u010d\u00edtania\" \/>\n\t<meta name=\"twitter:data1\" content=\"2 min\u00faty\" \/>\n<script type=\"application\/ld+json\" class=\"yoast-schema-graph\">{\"@context\":\"https:\\\/\\\/schema.org\",\"@graph\":[{\"@type\":\"WebPage\",\"@id\":\"https:\\\/\\\/www.lkbaba.sk\\\/sk\\\/lyziarske-stredisko-pezinska-baba\\\/prevadzka-strediska-pezinska-baba\\\/\",\"url\":\"https:\\\/\\\/www.lkbaba.sk\\\/sk\\\/lyziarske-stredisko-pezinska-baba\\\/prevadzka-strediska-pezinska-baba\\\/\",\"name\":\"Prev\u00e1dzka strediska Pezinsk\u00e1 Baba - denn\u00e9 a ve\u010dern\u00e9 ly\u017eovanie\",\"isPartOf\":{\"@id\":\"https:\\\/\\\/www.lkbaba.sk\\\/sk\\\/#website\"},\"datePublished\":\"2017-06-27T11:59:51+00:00\",\"dateModified\":\"2023-12-17T11:55:32+00:00\",\"description\":\"Prev\u00e1dzka ly\u017eiarskych vlekov, ak s\u00fa na to vhodn\u00e9 podmienky. Pondelok - Nede\u013ea : 9:00 - 16:00. Ve\u010dern\u00e9 ly\u017eovanie je ka\u017ed\u00fd de\u0148. Pon. - Ned. : 17:00 - 21:00.\",\"breadcrumb\":{\"@id\":\"https:\\\/\\\/www.lkbaba.sk\\\/sk\\\/lyziarske-stredisko-pezinska-baba\\\/prevadzka-strediska-pezinska-baba\\\/#breadcrumb\"},\"inLanguage\":\"sk-SK\",\"potentialAction\":[{\"@type\":\"ReadAction\",\"target\":[\"https:\\\/\\\/www.lkbaba.sk\\\/sk\\\/lyziarske-stredisko-pezinska-baba\\\/prevadzka-strediska-pezinska-baba\\\/\"]}]},{\"@type\":\"BreadcrumbList\",\"@id\":\"https:\\\/\\\/www.lkbaba.sk\\\/sk\\\/lyziarske-stredisko-pezinska-baba\\\/prevadzka-strediska-pezinska-baba\\\/#breadcrumb\",\"itemListElement\":[{\"@type\":\"ListItem\",\"position\":1,\"name\":\"Home\",\"item\":\"https:\\\/\\\/www.lkbaba.sk\\\/sk\\\/\"},{\"@type\":\"ListItem\",\"position\":2,\"name\":\"Ly\u017eiarske stredisko Pezinsk\u00e1 Baba\",\"item\":\"https:\\\/\\\/www.lkbaba.sk\\\/sk\\\/lyziarske-stredisko-pezinska-baba\\\/\"},{\"@type\":\"ListItem\",\"position\":3,\"name\":\"Prev\u00e1dzka strediska Pezinsk\u00e1 Baba\"}]},{\"@type\":\"WebSite\",\"@id\":\"https:\\\/\\\/www.lkbaba.sk\\\/sk\\\/#website\",\"url\":\"https:\\\/\\\/www.lkbaba.sk\\\/sk\\\/\",\"name\":\"Ly\u017eiarske stredisko - Pezinsk\u00e1 Baba\",\"description\":\"\",\"publisher\":{\"@id\":\"https:\\\/\\\/www.lkbaba.sk\\\/sk\\\/#organization\"},\"potentialAction\":[{\"@type\":\"SearchAction\",\"target\":{\"@type\":\"EntryPoint\",\"urlTemplate\":\"https:\\\/\\\/www.lkbaba.sk\\\/sk\\\/?s={search_term_string}\"},\"query-input\":{\"@type\":\"PropertyValueSpecification\",\"valueRequired\":true,\"valueName\":\"search_term_string\"}}],\"inLanguage\":\"sk-SK\"},{\"@type\":\"Organization\",\"@id\":\"https:\\\/\\\/www.lkbaba.sk\\\/sk\\\/#organization\",\"name\":\"LK BABA\",\"url\":\"https:\\\/\\\/www.lkbaba.sk\\\/sk\\\/\",\"logo\":{\"@type\":\"ImageObject\",\"inLanguage\":\"sk-SK\",\"@id\":\"https:\\\/\\\/www.lkbaba.sk\\\/sk\\\/#\\\/schema\\\/logo\\\/image\\\/\",\"url\":\"https:\\\/\\\/www.lkbaba.sk\\\/sk\\\/wp-content\\\/uploads\\\/2017\\\/06\\\/logo.png\",\"contentUrl\":\"https:\\\/\\\/www.lkbaba.sk\\\/sk\\\/wp-content\\\/uploads\\\/2017\\\/06\\\/logo.png\",\"width\":600,\"height\":570,\"caption\":\"LK BABA\"},\"image\":{\"@id\":\"https:\\\/\\\/www.lkbaba.sk\\\/sk\\\/#\\\/schema\\\/logo\\\/image\\\/\"}}]}<\/script>\n<!-- \/ Yoast SEO plugin. -->","yoast_head_json":{"title":"Prev\u00e1dzka strediska Pezinsk\u00e1 Baba - denn\u00e9 a ve\u010dern\u00e9 ly\u017eovanie","description":"Prev\u00e1dzka ly\u017eiarskych vlekov, ak s\u00fa na to vhodn\u00e9 podmienky. Pondelok - Nede\u013ea : 9:00 - 16:00. Ve\u010dern\u00e9 ly\u017eovanie je ka\u017ed\u00fd de\u0148. Pon. - Ned. : 17:00 - 21:00.","robots":{"index":"index","follow":"follow","max-snippet":"max-snippet:-1","max-image-preview":"max-image-preview:large","max-video-preview":"max-video-preview:-1"},"canonical":"https:\/\/www.lkbaba.sk\/sk\/lyziarske-stredisko-pezinska-baba\/prevadzka-strediska-pezinska-baba\/","og_locale":"sk_SK","og_type":"article","og_title":"Prev\u00e1dzka strediska Pezinsk\u00e1 Baba - denn\u00e9 a ve\u010dern\u00e9 ly\u017eovanie","og_description":"Prev\u00e1dzka ly\u017eiarskych vlekov, ak s\u00fa na to vhodn\u00e9 podmienky. Pondelok - Nede\u013ea : 9:00 - 16:00. Ve\u010dern\u00e9 ly\u017eovanie je ka\u017ed\u00fd de\u0148. Pon. - Ned. : 17:00 - 21:00.","og_url":"https:\/\/www.lkbaba.sk\/sk\/lyziarske-stredisko-pezinska-baba\/prevadzka-strediska-pezinska-baba\/","og_site_name":"Ly\u017eiarske stredisko - Pezinsk\u00e1 Baba","article_modified_time":"2023-12-17T11:55:32+00:00","twitter_card":"summary_large_image","twitter_misc":{"Predpokladan\u00fd \u010das \u010d\u00edtania":"2 min\u00faty"},"schema":{"@context":"https:\/\/schema.org","@graph":[{"@type":"WebPage","@id":"https:\/\/www.lkbaba.sk\/sk\/lyziarske-stredisko-pezinska-baba\/prevadzka-strediska-pezinska-baba\/","url":"https:\/\/www.lkbaba.sk\/sk\/lyziarske-stredisko-pezinska-baba\/prevadzka-strediska-pezinska-baba\/","name":"Prev\u00e1dzka strediska Pezinsk\u00e1 Baba - denn\u00e9 a ve\u010dern\u00e9 ly\u017eovanie","isPartOf":{"@id":"https:\/\/www.lkbaba.sk\/sk\/#website"},"datePublished":"2017-06-27T11:59:51+00:00","dateModified":"2023-12-17T11:55:32+00:00","description":"Prev\u00e1dzka ly\u017eiarskych vlekov, ak s\u00fa na to vhodn\u00e9 podmienky. Pondelok - Nede\u013ea : 9:00 - 16:00. Ve\u010dern\u00e9 ly\u017eovanie je ka\u017ed\u00fd de\u0148. Pon. - Ned. : 17:00 - 21:00.","breadcrumb":{"@id":"https:\/\/www.lkbaba.sk\/sk\/lyziarske-stredisko-pezinska-baba\/prevadzka-strediska-pezinska-baba\/#breadcrumb"},"inLanguage":"sk-SK","potentialAction":[{"@type":"ReadAction","target":["https:\/\/www.lkbaba.sk\/sk\/lyziarske-stredisko-pezinska-baba\/prevadzka-strediska-pezinska-baba\/"]}]},{"@type":"BreadcrumbList","@id":"https:\/\/www.lkbaba.sk\/sk\/lyziarske-stredisko-pezinska-baba\/prevadzka-strediska-pezinska-baba\/#breadcrumb","itemListElement":[{"@type":"ListItem","position":1,"name":"Home","item":"https:\/\/www.lkbaba.sk\/sk\/"},{"@type":"ListItem","position":2,"name":"Ly\u017eiarske stredisko Pezinsk\u00e1 Baba","item":"https:\/\/www.lkbaba.sk\/sk\/lyziarske-stredisko-pezinska-baba\/"},{"@type":"ListItem","position":3,"name":"Prev\u00e1dzka strediska Pezinsk\u00e1 Baba"}]},{"@type":"WebSite","@id":"https:\/\/www.lkbaba.sk\/sk\/#website","url":"https:\/\/www.lkbaba.sk\/sk\/","name":"Ly\u017eiarske stredisko - Pezinsk\u00e1 Baba","description":"","publisher":{"@id":"https:\/\/www.lkbaba.sk\/sk\/#organization"},"potentialAction":[{"@type":"SearchAction","target":{"@type":"EntryPoint","urlTemplate":"https:\/\/www.lkbaba.sk\/sk\/?s={search_term_string}"},"query-input":{"@type":"PropertyValueSpecification","valueRequired":true,"valueName":"search_term_string"}}],"inLanguage":"sk-SK"},{"@type":"Organization","@id":"https:\/\/www.lkbaba.sk\/sk\/#organization","name":"LK BABA","url":"https:\/\/www.lkbaba.sk\/sk\/","logo":{"@type":"ImageObject","inLanguage":"sk-SK","@id":"https:\/\/www.lkbaba.sk\/sk\/#\/schema\/logo\/image\/","url":"https:\/\/www.lkbaba.sk\/sk\/wp-content\/uploads\/2017\/06\/logo.png","contentUrl":"https:\/\/www.lkbaba.sk\/sk\/wp-content\/uploads\/2017\/06\/logo.png","width":600,"height":570,"caption":"LK BABA"},"image":{"@id":"https:\/\/www.lkbaba.sk\/sk\/#\/schema\/logo\/image\/"}}]}},"_links":{"self":[{"href":"https:\/\/www.lkbaba.sk\/sk\/wp-json\/wp\/v2\/pages\/1641","targetHints":{"allow":["GET"]}}],"collection":[{"href":"https:\/\/www.lkbaba.sk\/sk\/wp-json\/wp\/v2\/pages"}],"about":[{"href":"https:\/\/www.lkbaba.sk\/sk\/wp-json\/wp\/v2\/types\/page"}],"author":[{"embeddable":true,"href":"https:\/\/www.lkbaba.sk\/sk\/wp-json\/wp\/v2\/users\/3"}],"replies":[{"embeddable":true,"href":"https:\/\/www.lkbaba.sk\/sk\/wp-json\/wp\/v2\/comments?post=1641"}],"version-history":[{"count":20,"href":"https:\/\/www.lkbaba.sk\/sk\/wp-json\/wp\/v2\/pages\/1641\/revisions"}],"predecessor-version":[{"id":5788,"href":"https:\/\/www.lkbaba.sk\/sk\/wp-json\/wp\/v2\/pages\/1641\/revisions\/5788"}],"up":[{"embeddable":true,"href":"https:\/\/www.lkbaba.sk\/sk\/wp-json\/wp\/v2\/pages\/1103"}],"wp:attachment":[{"href":"https:\/\/www.lkbaba.sk\/sk\/wp-json\/wp\/v2\/media?parent=1641"}],"curies":[{"name":"wp","href":"https:\/\/api.w.org\/{rel}","templated":true}]}}