{"id":1843,"date":"2017-08-04T13:23:55","date_gmt":"2017-08-04T11:23:55","guid":{"rendered":"http:\/\/www.lkbaba.sk\/sk\/?page_id=1843"},"modified":"2017-09-05T09:14:56","modified_gmt":"2017-09-05T07:14:56","slug":"predaj-listkov","status":"publish","type":"page","link":"https:\/\/www.lkbaba.sk\/sk\/predaj-listkov\/","title":{"rendered":"Predaj l\u00edstkov"},"content":{"rendered":"","protected":false},"excerpt":{"rendered":"","protected":false},"author":3,"featured_media":0,"parent":0,"menu_order":0,"comment_status":"closed","ping_status":"closed","template":"","meta":{"footnotes":""},"class_list":["post-1843","page","type-page","status-publish","hentry"],"yoast_head":"<!-- This site is optimized with the Yoast SEO plugin v26.2 - https:\/\/yoast.com\/wordpress\/plugins\/seo\/ -->\n<title>Predaj l\u00edstkov - Ly\u017eiarske stredisko - Pezinsk\u00e1 Baba<\/title>\n<meta name=\"description\" content=\"Predaj l\u00edstkov - Ly\u017eiarske stredisko - Pezinsk\u00e1 Baba, Zochova Chata. Predpredaj permanentiek, ceny l\u00edstkov, cenn\u00edk na nov\u00fa ly\u017eiarsku sez\u00f3nu.\" \/>\n<meta name=\"robots\" content=\"index, follow, max-snippet:-1, max-image-preview:large, max-video-preview:-1\" \/>\n<link rel=\"canonical\" href=\"https:\/\/www.lkbaba.sk\/sk\/predaj-listkov\/\" \/>\n<meta property=\"og:locale\" content=\"sk_SK\" \/>\n<meta property=\"og:type\" content=\"article\" \/>\n<meta property=\"og:title\" content=\"Predaj l\u00edstkov - Ly\u017eiarske stredisko - Pezinsk\u00e1 Baba\" \/>\n<meta property=\"og:description\" content=\"Predaj l\u00edstkov - Ly\u017eiarske stredisko - Pezinsk\u00e1 Baba, Zochova Chata. Predpredaj permanentiek, ceny l\u00edstkov, cenn\u00edk na nov\u00fa ly\u017eiarsku sez\u00f3nu.\" \/>\n<meta property=\"og:url\" content=\"https:\/\/www.lkbaba.sk\/sk\/predaj-listkov\/\" \/>\n<meta property=\"og:site_name\" content=\"Ly\u017eiarske stredisko - Pezinsk\u00e1 Baba\" \/>\n<meta property=\"article:modified_time\" content=\"2017-09-05T07:14:56+00:00\" \/>\n<meta name=\"twitter:card\" content=\"summary_large_image\" \/>\n<script type=\"application\/ld+json\" class=\"yoast-schema-graph\">{\"@context\":\"https:\/\/schema.org\",\"@graph\":[{\"@type\":\"WebPage\",\"@id\":\"https:\/\/www.lkbaba.sk\/sk\/predaj-listkov\/\",\"url\":\"https:\/\/www.lkbaba.sk\/sk\/predaj-listkov\/\",\"name\":\"Predaj l\u00edstkov - Ly\u017eiarske stredisko - Pezinsk\u00e1 Baba\",\"isPartOf\":{\"@id\":\"https:\/\/www.lkbaba.sk\/sk\/#website\"},\"datePublished\":\"2017-08-04T11:23:55+00:00\",\"dateModified\":\"2017-09-05T07:14:56+00:00\",\"description\":\"Predaj l\u00edstkov - Ly\u017eiarske stredisko - Pezinsk\u00e1 Baba, Zochova Chata. Predpredaj permanentiek, ceny l\u00edstkov, cenn\u00edk na nov\u00fa ly\u017eiarsku sez\u00f3nu.\",\"breadcrumb\":{\"@id\":\"https:\/\/www.lkbaba.sk\/sk\/predaj-listkov\/#breadcrumb\"},\"inLanguage\":\"sk-SK\",\"potentialAction\":[{\"@type\":\"ReadAction\",\"target\":[\"https:\/\/www.lkbaba.sk\/sk\/predaj-listkov\/\"]}]},{\"@type\":\"BreadcrumbList\",\"@id\":\"https:\/\/www.lkbaba.sk\/sk\/predaj-listkov\/#breadcrumb\",\"itemListElement\":[{\"@type\":\"ListItem\",\"position\":1,\"name\":\"Home\",\"item\":\"https:\/\/www.lkbaba.sk\/sk\/\"},{\"@type\":\"ListItem\",\"position\":2,\"name\":\"Predaj l\u00edstkov\"}]},{\"@type\":\"WebSite\",\"@id\":\"https:\/\/www.lkbaba.sk\/sk\/#website\",\"url\":\"https:\/\/www.lkbaba.sk\/sk\/\",\"name\":\"Ly\u017eiarske stredisko - Pezinsk\u00e1 Baba\",\"description\":\"\",\"publisher\":{\"@id\":\"https:\/\/www.lkbaba.sk\/sk\/#organization\"},\"potentialAction\":[{\"@type\":\"SearchAction\",\"target\":{\"@type\":\"EntryPoint\",\"urlTemplate\":\"https:\/\/www.lkbaba.sk\/sk\/?s={search_term_string}\"},\"query-input\":{\"@type\":\"PropertyValueSpecification\",\"valueRequired\":true,\"valueName\":\"search_term_string\"}}],\"inLanguage\":\"sk-SK\"},{\"@type\":\"Organization\",\"@id\":\"https:\/\/www.lkbaba.sk\/sk\/#organization\",\"name\":\"LK BABA\",\"url\":\"https:\/\/www.lkbaba.sk\/sk\/\",\"logo\":{\"@type\":\"ImageObject\",\"inLanguage\":\"sk-SK\",\"@id\":\"https:\/\/www.lkbaba.sk\/sk\/#\/schema\/logo\/image\/\",\"url\":\"https:\/\/www.lkbaba.sk\/sk\/wp-content\/uploads\/2017\/06\/logo.png\",\"contentUrl\":\"https:\/\/www.lkbaba.sk\/sk\/wp-content\/uploads\/2017\/06\/logo.png\",\"width\":600,\"height\":570,\"caption\":\"LK BABA\"},\"image\":{\"@id\":\"https:\/\/www.lkbaba.sk\/sk\/#\/schema\/logo\/image\/\"}}]}<\/script>\n<!-- \/ Yoast SEO plugin. -->","yoast_head_json":{"title":"Predaj l\u00edstkov - Ly\u017eiarske stredisko - Pezinsk\u00e1 Baba","description":"Predaj l\u00edstkov - Ly\u017eiarske stredisko - Pezinsk\u00e1 Baba, Zochova Chata. Predpredaj permanentiek, ceny l\u00edstkov, cenn\u00edk na nov\u00fa ly\u017eiarsku sez\u00f3nu.","robots":{"index":"index","follow":"follow","max-snippet":"max-snippet:-1","max-image-preview":"max-image-preview:large","max-video-preview":"max-video-preview:-1"},"canonical":"https:\/\/www.lkbaba.sk\/sk\/predaj-listkov\/","og_locale":"sk_SK","og_type":"article","og_title":"Predaj l\u00edstkov - Ly\u017eiarske stredisko - Pezinsk\u00e1 Baba","og_description":"Predaj l\u00edstkov - Ly\u017eiarske stredisko - Pezinsk\u00e1 Baba, Zochova Chata. Predpredaj permanentiek, ceny l\u00edstkov, cenn\u00edk na nov\u00fa ly\u017eiarsku sez\u00f3nu.","og_url":"https:\/\/www.lkbaba.sk\/sk\/predaj-listkov\/","og_site_name":"Ly\u017eiarske stredisko - Pezinsk\u00e1 Baba","article_modified_time":"2017-09-05T07:14:56+00:00","twitter_card":"summary_large_image","schema":{"@context":"https:\/\/schema.org","@graph":[{"@type":"WebPage","@id":"https:\/\/www.lkbaba.sk\/sk\/predaj-listkov\/","url":"https:\/\/www.lkbaba.sk\/sk\/predaj-listkov\/","name":"Predaj l\u00edstkov - Ly\u017eiarske stredisko - Pezinsk\u00e1 Baba","isPartOf":{"@id":"https:\/\/www.lkbaba.sk\/sk\/#website"},"datePublished":"2017-08-04T11:23:55+00:00","dateModified":"2017-09-05T07:14:56+00:00","description":"Predaj l\u00edstkov - Ly\u017eiarske stredisko - Pezinsk\u00e1 Baba, Zochova Chata. Predpredaj permanentiek, ceny l\u00edstkov, cenn\u00edk na nov\u00fa ly\u017eiarsku sez\u00f3nu.","breadcrumb":{"@id":"https:\/\/www.lkbaba.sk\/sk\/predaj-listkov\/#breadcrumb"},"inLanguage":"sk-SK","potentialAction":[{"@type":"ReadAction","target":["https:\/\/www.lkbaba.sk\/sk\/predaj-listkov\/"]}]},{"@type":"BreadcrumbList","@id":"https:\/\/www.lkbaba.sk\/sk\/predaj-listkov\/#breadcrumb","itemListElement":[{"@type":"ListItem","position":1,"name":"Home","item":"https:\/\/www.lkbaba.sk\/sk\/"},{"@type":"ListItem","position":2,"name":"Predaj l\u00edstkov"}]},{"@type":"WebSite","@id":"https:\/\/www.lkbaba.sk\/sk\/#website","url":"https:\/\/www.lkbaba.sk\/sk\/","name":"Ly\u017eiarske stredisko - Pezinsk\u00e1 Baba","description":"","publisher":{"@id":"https:\/\/www.lkbaba.sk\/sk\/#organization"},"potentialAction":[{"@type":"SearchAction","target":{"@type":"EntryPoint","urlTemplate":"https:\/\/www.lkbaba.sk\/sk\/?s={search_term_string}"},"query-input":{"@type":"PropertyValueSpecification","valueRequired":true,"valueName":"search_term_string"}}],"inLanguage":"sk-SK"},{"@type":"Organization","@id":"https:\/\/www.lkbaba.sk\/sk\/#organization","name":"LK BABA","url":"https:\/\/www.lkbaba.sk\/sk\/","logo":{"@type":"ImageObject","inLanguage":"sk-SK","@id":"https:\/\/www.lkbaba.sk\/sk\/#\/schema\/logo\/image\/","url":"https:\/\/www.lkbaba.sk\/sk\/wp-content\/uploads\/2017\/06\/logo.png","contentUrl":"https:\/\/www.lkbaba.sk\/sk\/wp-content\/uploads\/2017\/06\/logo.png","width":600,"height":570,"caption":"LK BABA"},"image":{"@id":"https:\/\/www.lkbaba.sk\/sk\/#\/schema\/logo\/image\/"}}]}},"_links":{"self":[{"href":"https:\/\/www.lkbaba.sk\/sk\/wp-json\/wp\/v2\/pages\/1843","targetHints":{"allow":["GET"]}}],"collection":[{"href":"https:\/\/www.lkbaba.sk\/sk\/wp-json\/wp\/v2\/pages"}],"about":[{"href":"https:\/\/www.lkbaba.sk\/sk\/wp-json\/wp\/v2\/types\/page"}],"author":[{"embeddable":true,"href":"https:\/\/www.lkbaba.sk\/sk\/wp-json\/wp\/v2\/users\/3"}],"replies":[{"embeddable":true,"href":"https:\/\/www.lkbaba.sk\/sk\/wp-json\/wp\/v2\/comments?post=1843"}],"version-history":[{"count":1,"href":"https:\/\/www.lkbaba.sk\/sk\/wp-json\/wp\/v2\/pages\/1843\/revisions"}],"predecessor-version":[{"id":1844,"href":"https:\/\/www.lkbaba.sk\/sk\/wp-json\/wp\/v2\/pages\/1843\/revisions\/1844"}],"wp:attachment":[{"href":"https:\/\/www.lkbaba.sk\/sk\/wp-json\/wp\/v2\/media?parent=1843"}],"curies":[{"name":"wp","href":"https:\/\/api.w.org\/{rel}","templated":true}]}}