{"id":2503,"date":"2017-08-09T09:01:19","date_gmt":"2017-08-09T07:01:19","guid":{"rendered":"http:\/\/www.lkbaba.sk\/sk\/?page_id=2503"},"modified":"2020-08-18T09:23:30","modified_gmt":"2020-08-18T07:23:30","slug":"pretekarska-cinnost","status":"publish","type":"page","link":"https:\/\/www.lkbaba.sk\/sk\/pretekarska-cinnost\/","title":{"rendered":"Pretek\u00e1rska \u010dinnos\u0165"},"content":{"rendered":"<p>[vc_row][vc_column]<div class=\"sc_section\"><div class=\"sc_section_inner\"><h6 class=\"sc_section_subtitle sc_item_subtitle\">Kr\u00e1tko z hist\u00f3rie<\/h6><h2 class=\"sc_section_title sc_item_title sc_item_title_without_descr\">O klube<\/h2><div class=\"sc_section_content_wrap\">[vc_column_text]<br \/>\nLK Pezinsk\u00e1 Baba sa venuje pr\u00edprave det\u00ed a ml\u00e1de\u017ee na zjazdov\u00e9 ly\u017eovanie. Tr\u00e9ningov\u00fd proces ved\u00fa sk\u00fasen\u00ed tr\u00e9neri s telov\u00fdchovn\u00fdm a tr\u00e9nersk\u00fdm vzdelan\u00edm. Vyu\u017e\u00edvame prostriedky v\u0161eobecnej \u2013 kondi\u010dnej a koordina\u010dnej pr\u00edpravy variabiln\u00e9ho zamerania. (kor\u010dule, trampol\u00edna, lanov\u00e1 dr\u00e1ha, bouldering.)<\/p>\n<p>Ly\u017eiarsky klub PEZINSK\u00c1 BABA je jedin\u00fd klub v oblasti s vinohradn\u00edckou trad\u00edciou. Napriek dlhoro\u010dn\u00e9mu fungovaniu sa do dne\u0161nej podoby etabloval a\u017e v roku 2005, kedy sa zaznamen\u00e1va na\u0161a prv\u00e1 sez\u00f3nna. Na za\u010diatku zdru\u017eoval 4 deti v predpr\u00edpravnom veku. V sez\u00f3nne 2005\/06 sa deti z\u00fa\u010dastnili prv\u00fdch pretekov na Pezinskej Babe, kde dosiahli ve\u013emi slu\u0161n\u00e9 umiestnenia v konkurencii siln\u00fdch bratislavsk\u00fdch klubov.<\/p>\n<p>V sez\u00f3nne 2007 sa n\u00e1\u0161 klub roz\u0161\u00edril na 11 det\u00ed, ktor\u00e9 s\u00fa\u0165a\u017eia v kateg\u00f3riach superbaby a mlad\u0161\u00ed pred\u017eiaci.[\/vc_column_text]<\/div><\/div><\/div>[\/vc_column][\/vc_row][vc_row full_width=&#8220;stretch_row&#8220;][vc_column][vc_empty_space height=&#8220;45px&#8220;]<a href=\"http:\/\/transparentneucty.sk\/\" class=\"sc_button sc_button_square sc_button_style_filled sc_button_size_medium aligncenter\">Transparentn\u00fd \u00fa\u010det &#8211; Ly\u017eiarsky klub Baba<\/a>[vc_empty_space height=&#8220;45px&#8220;][\/vc_column][\/vc_row][vc_row inverse=&#8220;&#8220; css=&#8220;.vc_custom_1502276047698{padding-bottom: 20px !important;background: #f5f5f7 url(http:\/\/www.lkbaba.sk\/sk\/wp-content\/uploads\/2017\/06\/pohlad.jpg?id=1700) !important;}&#8220;][vc_column]<div class=\"sc_section margin_top_large margin_bottom_large\"><div class=\"sc_section_inner\"><div class=\"sc_section_content_wrap\">[vc_empty_space height=&#8220;0.5em&#8220;][vc_custom_heading text=&#8220;LY\u017dOVANIE A IN-LINE&#8220; font_container=&#8220;tag:div|font_size:28|text_align:center|color:%23707070&#8243; google_fonts=&#8220;font_family:Montserrat%3Aregular%2C700|font_style:400%20regular%3A400%3Anormal&#8220;][vc_empty_space height=&#8220;0.5em&#8220;]<div id=\"sc_blogger_1454061865\" class=\"sc_blogger layout_classic_alter_3 template_masonry  sc_blogger_horizontal no_description title_center\"><h2 class=\"sc_blogger_title sc_item_title sc_item_title_without_descr\">Relax a \u0161portov\u00e9 vy\u017eitie<\/h2><div class=\"isotope_wrap\" data-columns=\"3\"><\/div><\/div><\/div><\/div><\/div>[vc_row_inner css=&#8220;.vc_custom_1499080624483{margin-top: -25px !important;}&#8220;][vc_column_inner width=&#8220;1\/2&#8243;]<a href=\"http:\/\/www.lkbaba.sk\/sk\/category\/pretekarska-cinnost-zimne-lyzovanie\/\" class=\"sc_button sc_button_square sc_button_style_filled sc_button_size_medium aligncenter\">Zimn\u00e9 ly\u017eovanie<\/a>[\/vc_column_inner][vc_column_inner width=&#8220;1\/2&#8243;]<a href=\"http:\/\/www.lkbaba.sk\/sk\/category\/pretekarska-cinnost-in-line-team\/\" class=\"sc_button sc_button_square sc_button_style_filled sc_button_size_medium aligncenter\">in-line team<\/a>[\/vc_column_inner][\/vc_row_inner][vc_empty_space height=&#8220;50px&#8220;][\/vc_column][\/vc_row]<\/p>\n","protected":false},"excerpt":{"rendered":"<p>[vc_row][vc_column][\/vc_column][\/vc_row][vc_row full_width=&#8220;stretch_row&#8220;][vc_column][vc_empty_space height=&#8220;45px&#8220;][vc_empty_space height=&#8220;45px&#8220;][\/vc_column][\/vc_row][vc_row inverse=&#8220;&#8220; css=&#8220;.vc_custom_1502276047698{padding-bottom: 20px !important;background: #f5f5f7 url(http:\/\/www.lkbaba.sk\/sk\/wp-content\/uploads\/2017\/06\/pohlad.jpg?id=1700) !important;}&#8220;][vc_column][vc_row_inner css=&#8220;.vc_custom_1499080624483{margin-top: -25px !important;}&#8220;][vc_column_inner width=&#8220;1\/2&#8243;][\/vc_column_inner][vc_column_inner width=&#8220;1\/2&#8243;][\/vc_column_inner][\/vc_row_inner][vc_empty_space height=&#8220;50px&#8220;][\/vc_column][\/vc_row]<\/p>\n","protected":false},"author":3,"featured_media":0,"parent":0,"menu_order":0,"comment_status":"closed","ping_status":"closed","template":"","meta":{"footnotes":""},"class_list":["post-2503","page","type-page","status-publish","hentry"],"yoast_head":"<!-- This site is optimized with the Yoast SEO plugin v27.3 - https:\/\/yoast.com\/product\/yoast-seo-wordpress\/ -->\n<title>Pretek\u00e1rska \u010dinnos\u0165 - Ly\u017eiarske stredisko - Pezinsk\u00e1 Baba<\/title>\n<meta name=\"description\" content=\"Kr\u00e1tko z hist\u00f3rie O klube LK Pezinsk\u00e1 Baba sa venuje pr\u00edprave det\u00ed a ml\u00e1de\u017ee na zjazdov\u00e9 ly\u017eovanie. Tr\u00e9ningov\u00fd proces ved\u00fa sk\u00fasen\u00ed tr\u00e9neri s telov\u00fdchovn\u00fdm\" \/>\n<meta name=\"robots\" content=\"index, follow, max-snippet:-1, max-image-preview:large, max-video-preview:-1\" \/>\n<link rel=\"canonical\" href=\"https:\/\/www.lkbaba.sk\/sk\/pretekarska-cinnost\/\" \/>\n<meta property=\"og:locale\" content=\"sk_SK\" \/>\n<meta property=\"og:type\" content=\"article\" \/>\n<meta property=\"og:title\" content=\"Pretek\u00e1rska \u010dinnos\u0165 - Ly\u017eiarske stredisko - Pezinsk\u00e1 Baba\" \/>\n<meta property=\"og:description\" content=\"Kr\u00e1tko z hist\u00f3rie O klube LK Pezinsk\u00e1 Baba sa venuje pr\u00edprave det\u00ed a ml\u00e1de\u017ee na zjazdov\u00e9 ly\u017eovanie. Tr\u00e9ningov\u00fd proces ved\u00fa sk\u00fasen\u00ed tr\u00e9neri s telov\u00fdchovn\u00fdm\" \/>\n<meta property=\"og:url\" content=\"https:\/\/www.lkbaba.sk\/sk\/pretekarska-cinnost\/\" \/>\n<meta property=\"og:site_name\" content=\"Ly\u017eiarske stredisko - Pezinsk\u00e1 Baba\" \/>\n<meta property=\"article:modified_time\" content=\"2020-08-18T07:23:30+00:00\" \/>\n<meta name=\"twitter:card\" content=\"summary_large_image\" \/>\n<meta name=\"twitter:label1\" content=\"Predpokladan\u00fd \u010das \u010d\u00edtania\" \/>\n\t<meta name=\"twitter:data1\" content=\"2 min\u00faty\" \/>\n<script type=\"application\/ld+json\" class=\"yoast-schema-graph\">{\"@context\":\"https:\\\/\\\/schema.org\",\"@graph\":[{\"@type\":\"WebPage\",\"@id\":\"https:\\\/\\\/www.lkbaba.sk\\\/sk\\\/pretekarska-cinnost\\\/\",\"url\":\"https:\\\/\\\/www.lkbaba.sk\\\/sk\\\/pretekarska-cinnost\\\/\",\"name\":\"Pretek\u00e1rska \u010dinnos\u0165 - Ly\u017eiarske stredisko - Pezinsk\u00e1 Baba\",\"isPartOf\":{\"@id\":\"https:\\\/\\\/www.lkbaba.sk\\\/sk\\\/#website\"},\"datePublished\":\"2017-08-09T07:01:19+00:00\",\"dateModified\":\"2020-08-18T07:23:30+00:00\",\"description\":\"Kr\u00e1tko z hist\u00f3rie O klube LK Pezinsk\u00e1 Baba sa venuje pr\u00edprave det\u00ed a ml\u00e1de\u017ee na zjazdov\u00e9 ly\u017eovanie. Tr\u00e9ningov\u00fd proces ved\u00fa sk\u00fasen\u00ed tr\u00e9neri s telov\u00fdchovn\u00fdm\",\"breadcrumb\":{\"@id\":\"https:\\\/\\\/www.lkbaba.sk\\\/sk\\\/pretekarska-cinnost\\\/#breadcrumb\"},\"inLanguage\":\"sk-SK\",\"potentialAction\":[{\"@type\":\"ReadAction\",\"target\":[\"https:\\\/\\\/www.lkbaba.sk\\\/sk\\\/pretekarska-cinnost\\\/\"]}]},{\"@type\":\"BreadcrumbList\",\"@id\":\"https:\\\/\\\/www.lkbaba.sk\\\/sk\\\/pretekarska-cinnost\\\/#breadcrumb\",\"itemListElement\":[{\"@type\":\"ListItem\",\"position\":1,\"name\":\"Home\",\"item\":\"https:\\\/\\\/www.lkbaba.sk\\\/sk\\\/\"},{\"@type\":\"ListItem\",\"position\":2,\"name\":\"Pretek\u00e1rska \u010dinnos\u0165\"}]},{\"@type\":\"WebSite\",\"@id\":\"https:\\\/\\\/www.lkbaba.sk\\\/sk\\\/#website\",\"url\":\"https:\\\/\\\/www.lkbaba.sk\\\/sk\\\/\",\"name\":\"Ly\u017eiarske stredisko - Pezinsk\u00e1 Baba\",\"description\":\"\",\"publisher\":{\"@id\":\"https:\\\/\\\/www.lkbaba.sk\\\/sk\\\/#organization\"},\"potentialAction\":[{\"@type\":\"SearchAction\",\"target\":{\"@type\":\"EntryPoint\",\"urlTemplate\":\"https:\\\/\\\/www.lkbaba.sk\\\/sk\\\/?s={search_term_string}\"},\"query-input\":{\"@type\":\"PropertyValueSpecification\",\"valueRequired\":true,\"valueName\":\"search_term_string\"}}],\"inLanguage\":\"sk-SK\"},{\"@type\":\"Organization\",\"@id\":\"https:\\\/\\\/www.lkbaba.sk\\\/sk\\\/#organization\",\"name\":\"LK BABA\",\"url\":\"https:\\\/\\\/www.lkbaba.sk\\\/sk\\\/\",\"logo\":{\"@type\":\"ImageObject\",\"inLanguage\":\"sk-SK\",\"@id\":\"https:\\\/\\\/www.lkbaba.sk\\\/sk\\\/#\\\/schema\\\/logo\\\/image\\\/\",\"url\":\"https:\\\/\\\/www.lkbaba.sk\\\/sk\\\/wp-content\\\/uploads\\\/2017\\\/06\\\/logo.png\",\"contentUrl\":\"https:\\\/\\\/www.lkbaba.sk\\\/sk\\\/wp-content\\\/uploads\\\/2017\\\/06\\\/logo.png\",\"width\":600,\"height\":570,\"caption\":\"LK BABA\"},\"image\":{\"@id\":\"https:\\\/\\\/www.lkbaba.sk\\\/sk\\\/#\\\/schema\\\/logo\\\/image\\\/\"}}]}<\/script>\n<!-- \/ Yoast SEO plugin. -->","yoast_head_json":{"title":"Pretek\u00e1rska \u010dinnos\u0165 - Ly\u017eiarske stredisko - Pezinsk\u00e1 Baba","description":"Kr\u00e1tko z hist\u00f3rie O klube LK Pezinsk\u00e1 Baba sa venuje pr\u00edprave det\u00ed a ml\u00e1de\u017ee na zjazdov\u00e9 ly\u017eovanie. Tr\u00e9ningov\u00fd proces ved\u00fa sk\u00fasen\u00ed tr\u00e9neri s telov\u00fdchovn\u00fdm","robots":{"index":"index","follow":"follow","max-snippet":"max-snippet:-1","max-image-preview":"max-image-preview:large","max-video-preview":"max-video-preview:-1"},"canonical":"https:\/\/www.lkbaba.sk\/sk\/pretekarska-cinnost\/","og_locale":"sk_SK","og_type":"article","og_title":"Pretek\u00e1rska \u010dinnos\u0165 - Ly\u017eiarske stredisko - Pezinsk\u00e1 Baba","og_description":"Kr\u00e1tko z hist\u00f3rie O klube LK Pezinsk\u00e1 Baba sa venuje pr\u00edprave det\u00ed a ml\u00e1de\u017ee na zjazdov\u00e9 ly\u017eovanie. Tr\u00e9ningov\u00fd proces ved\u00fa sk\u00fasen\u00ed tr\u00e9neri s telov\u00fdchovn\u00fdm","og_url":"https:\/\/www.lkbaba.sk\/sk\/pretekarska-cinnost\/","og_site_name":"Ly\u017eiarske stredisko - Pezinsk\u00e1 Baba","article_modified_time":"2020-08-18T07:23:30+00:00","twitter_card":"summary_large_image","twitter_misc":{"Predpokladan\u00fd \u010das \u010d\u00edtania":"2 min\u00faty"},"schema":{"@context":"https:\/\/schema.org","@graph":[{"@type":"WebPage","@id":"https:\/\/www.lkbaba.sk\/sk\/pretekarska-cinnost\/","url":"https:\/\/www.lkbaba.sk\/sk\/pretekarska-cinnost\/","name":"Pretek\u00e1rska \u010dinnos\u0165 - Ly\u017eiarske stredisko - Pezinsk\u00e1 Baba","isPartOf":{"@id":"https:\/\/www.lkbaba.sk\/sk\/#website"},"datePublished":"2017-08-09T07:01:19+00:00","dateModified":"2020-08-18T07:23:30+00:00","description":"Kr\u00e1tko z hist\u00f3rie O klube LK Pezinsk\u00e1 Baba sa venuje pr\u00edprave det\u00ed a ml\u00e1de\u017ee na zjazdov\u00e9 ly\u017eovanie. Tr\u00e9ningov\u00fd proces ved\u00fa sk\u00fasen\u00ed tr\u00e9neri s telov\u00fdchovn\u00fdm","breadcrumb":{"@id":"https:\/\/www.lkbaba.sk\/sk\/pretekarska-cinnost\/#breadcrumb"},"inLanguage":"sk-SK","potentialAction":[{"@type":"ReadAction","target":["https:\/\/www.lkbaba.sk\/sk\/pretekarska-cinnost\/"]}]},{"@type":"BreadcrumbList","@id":"https:\/\/www.lkbaba.sk\/sk\/pretekarska-cinnost\/#breadcrumb","itemListElement":[{"@type":"ListItem","position":1,"name":"Home","item":"https:\/\/www.lkbaba.sk\/sk\/"},{"@type":"ListItem","position":2,"name":"Pretek\u00e1rska \u010dinnos\u0165"}]},{"@type":"WebSite","@id":"https:\/\/www.lkbaba.sk\/sk\/#website","url":"https:\/\/www.lkbaba.sk\/sk\/","name":"Ly\u017eiarske stredisko - Pezinsk\u00e1 Baba","description":"","publisher":{"@id":"https:\/\/www.lkbaba.sk\/sk\/#organization"},"potentialAction":[{"@type":"SearchAction","target":{"@type":"EntryPoint","urlTemplate":"https:\/\/www.lkbaba.sk\/sk\/?s={search_term_string}"},"query-input":{"@type":"PropertyValueSpecification","valueRequired":true,"valueName":"search_term_string"}}],"inLanguage":"sk-SK"},{"@type":"Organization","@id":"https:\/\/www.lkbaba.sk\/sk\/#organization","name":"LK BABA","url":"https:\/\/www.lkbaba.sk\/sk\/","logo":{"@type":"ImageObject","inLanguage":"sk-SK","@id":"https:\/\/www.lkbaba.sk\/sk\/#\/schema\/logo\/image\/","url":"https:\/\/www.lkbaba.sk\/sk\/wp-content\/uploads\/2017\/06\/logo.png","contentUrl":"https:\/\/www.lkbaba.sk\/sk\/wp-content\/uploads\/2017\/06\/logo.png","width":600,"height":570,"caption":"LK BABA"},"image":{"@id":"https:\/\/www.lkbaba.sk\/sk\/#\/schema\/logo\/image\/"}}]}},"_links":{"self":[{"href":"https:\/\/www.lkbaba.sk\/sk\/wp-json\/wp\/v2\/pages\/2503","targetHints":{"allow":["GET"]}}],"collection":[{"href":"https:\/\/www.lkbaba.sk\/sk\/wp-json\/wp\/v2\/pages"}],"about":[{"href":"https:\/\/www.lkbaba.sk\/sk\/wp-json\/wp\/v2\/types\/page"}],"author":[{"embeddable":true,"href":"https:\/\/www.lkbaba.sk\/sk\/wp-json\/wp\/v2\/users\/3"}],"replies":[{"embeddable":true,"href":"https:\/\/www.lkbaba.sk\/sk\/wp-json\/wp\/v2\/comments?post=2503"}],"version-history":[{"count":16,"href":"https:\/\/www.lkbaba.sk\/sk\/wp-json\/wp\/v2\/pages\/2503\/revisions"}],"predecessor-version":[{"id":4442,"href":"https:\/\/www.lkbaba.sk\/sk\/wp-json\/wp\/v2\/pages\/2503\/revisions\/4442"}],"wp:attachment":[{"href":"https:\/\/www.lkbaba.sk\/sk\/wp-json\/wp\/v2\/media?parent=2503"}],"curies":[{"name":"wp","href":"https:\/\/api.w.org\/{rel}","templated":true}]}}