{"id":2685,"date":"2017-09-06T08:58:48","date_gmt":"2017-09-06T06:58:48","guid":{"rendered":"http:\/\/www.lkbaba.sk\/sk\/?page_id=2685"},"modified":"2020-08-18T09:25:15","modified_gmt":"2020-08-18T07:25:15","slug":"galeria-zochova-chata","status":"publish","type":"page","link":"https:\/\/www.lkbaba.sk\/sk\/lyziarske-stredisko-zochova-chata\/galeria-zochova-chata\/","title":{"rendered":"Gal\u00e9ria Zochova Chata"},"content":{"rendered":"<p>[vc_row][vc_column]<div class=\"sc_section\" style=\"font-size:h3px; line-height: 1.3em;\"><div class=\"sc_section_inner\"><h6 class=\"sc_section_subtitle sc_item_subtitle\">Zasne\u017eovanie, vleky, trate<\/h6><h2 class=\"sc_section_title sc_item_title sc_item_title_without_descr\">Ly\u017eiarske stredisko Zochova Chata<\/h2><div class=\"sc_section_content_wrap\"><\/div><\/div><\/div>[\/vc_column][\/vc_row][vc_row][vc_column][vc_gallery type=&#8220;image_grid&#8220; images=&#8220;2686,2687,2708,2688,2689,2690,2691,2692,2693,2694,2711,2709,2710,2695,2696,2697,2698,2699,2700,2701,2702,2703,2704,2705&#8243; img_size=&#8220;370&#215;257&#8243;][\/vc_column][\/vc_row]<\/p>\n","protected":false},"excerpt":{"rendered":"<p>[vc_row][vc_column][\/vc_column][\/vc_row][vc_row][vc_column][vc_gallery type=&#8220;image_grid&#8220; images=&#8220;2686,2687,2708,2688,2689,2690,2691,2692,2693,2694,2711,2709,2710,2695,2696,2697,2698,2699,2700,2701,2702,2703,2704,2705&#8243; img_size=&#8220;370&#215;257&#8243;][\/vc_column][\/vc_row]<\/p>\n","protected":false},"author":3,"featured_media":0,"parent":1535,"menu_order":0,"comment_status":"closed","ping_status":"closed","template":"","meta":{"footnotes":""},"class_list":["post-2685","page","type-page","status-publish","hentry"],"yoast_head":"<!-- This site is optimized with the Yoast SEO plugin v27.3 - https:\/\/yoast.com\/product\/yoast-seo-wordpress\/ -->\n<title>Gal\u00e9ria Zochova Chata - Ly\u017eiarske stredisko - LK BABA<\/title>\n<meta name=\"description\" content=\"Zasne\u017eovanie, vleky, ly\u017eiarske trate, Ly\u017eiarske stredisko Zochova Chata, karneval na ly\u017eiach, SKY servis, gal\u00e9ria ly\u017eiarskeho strediska, predpredaj l\u00edstkov\" \/>\n<meta name=\"robots\" content=\"index, follow, max-snippet:-1, max-image-preview:large, max-video-preview:-1\" \/>\n<link rel=\"canonical\" href=\"https:\/\/www.lkbaba.sk\/sk\/lyziarske-stredisko-zochova-chata\/galeria-zochova-chata\/\" \/>\n<meta property=\"og:locale\" content=\"sk_SK\" \/>\n<meta property=\"og:type\" content=\"article\" \/>\n<meta property=\"og:title\" content=\"Gal\u00e9ria Zochova Chata - Ly\u017eiarske stredisko - LK BABA\" \/>\n<meta property=\"og:description\" content=\"Zasne\u017eovanie, vleky, ly\u017eiarske trate, Ly\u017eiarske stredisko Zochova Chata, karneval na ly\u017eiach, SKY servis, gal\u00e9ria ly\u017eiarskeho strediska, predpredaj l\u00edstkov\" \/>\n<meta property=\"og:url\" content=\"https:\/\/www.lkbaba.sk\/sk\/lyziarske-stredisko-zochova-chata\/galeria-zochova-chata\/\" \/>\n<meta property=\"og:site_name\" content=\"Ly\u017eiarske stredisko - Pezinsk\u00e1 Baba\" \/>\n<meta property=\"article:modified_time\" content=\"2020-08-18T07:25:15+00:00\" \/>\n<meta name=\"twitter:card\" content=\"summary_large_image\" \/>\n<script type=\"application\/ld+json\" class=\"yoast-schema-graph\">{\"@context\":\"https:\\\/\\\/schema.org\",\"@graph\":[{\"@type\":\"WebPage\",\"@id\":\"https:\\\/\\\/www.lkbaba.sk\\\/sk\\\/lyziarske-stredisko-zochova-chata\\\/galeria-zochova-chata\\\/\",\"url\":\"https:\\\/\\\/www.lkbaba.sk\\\/sk\\\/lyziarske-stredisko-zochova-chata\\\/galeria-zochova-chata\\\/\",\"name\":\"Gal\u00e9ria Zochova Chata - Ly\u017eiarske stredisko - LK BABA\",\"isPartOf\":{\"@id\":\"https:\\\/\\\/www.lkbaba.sk\\\/sk\\\/#website\"},\"datePublished\":\"2017-09-06T06:58:48+00:00\",\"dateModified\":\"2020-08-18T07:25:15+00:00\",\"description\":\"Zasne\u017eovanie, vleky, ly\u017eiarske trate, Ly\u017eiarske stredisko Zochova Chata, karneval na ly\u017eiach, SKY servis, gal\u00e9ria ly\u017eiarskeho strediska, predpredaj l\u00edstkov\",\"breadcrumb\":{\"@id\":\"https:\\\/\\\/www.lkbaba.sk\\\/sk\\\/lyziarske-stredisko-zochova-chata\\\/galeria-zochova-chata\\\/#breadcrumb\"},\"inLanguage\":\"sk-SK\",\"potentialAction\":[{\"@type\":\"ReadAction\",\"target\":[\"https:\\\/\\\/www.lkbaba.sk\\\/sk\\\/lyziarske-stredisko-zochova-chata\\\/galeria-zochova-chata\\\/\"]}]},{\"@type\":\"BreadcrumbList\",\"@id\":\"https:\\\/\\\/www.lkbaba.sk\\\/sk\\\/lyziarske-stredisko-zochova-chata\\\/galeria-zochova-chata\\\/#breadcrumb\",\"itemListElement\":[{\"@type\":\"ListItem\",\"position\":1,\"name\":\"Home\",\"item\":\"https:\\\/\\\/www.lkbaba.sk\\\/sk\\\/\"},{\"@type\":\"ListItem\",\"position\":2,\"name\":\"Ly\u017eiarske stredisko Zochova Chata\",\"item\":\"https:\\\/\\\/www.lkbaba.sk\\\/sk\\\/lyziarske-stredisko-zochova-chata\\\/\"},{\"@type\":\"ListItem\",\"position\":3,\"name\":\"Gal\u00e9ria Zochova Chata\"}]},{\"@type\":\"WebSite\",\"@id\":\"https:\\\/\\\/www.lkbaba.sk\\\/sk\\\/#website\",\"url\":\"https:\\\/\\\/www.lkbaba.sk\\\/sk\\\/\",\"name\":\"Ly\u017eiarske stredisko - Pezinsk\u00e1 Baba\",\"description\":\"\",\"publisher\":{\"@id\":\"https:\\\/\\\/www.lkbaba.sk\\\/sk\\\/#organization\"},\"potentialAction\":[{\"@type\":\"SearchAction\",\"target\":{\"@type\":\"EntryPoint\",\"urlTemplate\":\"https:\\\/\\\/www.lkbaba.sk\\\/sk\\\/?s={search_term_string}\"},\"query-input\":{\"@type\":\"PropertyValueSpecification\",\"valueRequired\":true,\"valueName\":\"search_term_string\"}}],\"inLanguage\":\"sk-SK\"},{\"@type\":\"Organization\",\"@id\":\"https:\\\/\\\/www.lkbaba.sk\\\/sk\\\/#organization\",\"name\":\"LK BABA\",\"url\":\"https:\\\/\\\/www.lkbaba.sk\\\/sk\\\/\",\"logo\":{\"@type\":\"ImageObject\",\"inLanguage\":\"sk-SK\",\"@id\":\"https:\\\/\\\/www.lkbaba.sk\\\/sk\\\/#\\\/schema\\\/logo\\\/image\\\/\",\"url\":\"https:\\\/\\\/www.lkbaba.sk\\\/sk\\\/wp-content\\\/uploads\\\/2017\\\/06\\\/logo.png\",\"contentUrl\":\"https:\\\/\\\/www.lkbaba.sk\\\/sk\\\/wp-content\\\/uploads\\\/2017\\\/06\\\/logo.png\",\"width\":600,\"height\":570,\"caption\":\"LK BABA\"},\"image\":{\"@id\":\"https:\\\/\\\/www.lkbaba.sk\\\/sk\\\/#\\\/schema\\\/logo\\\/image\\\/\"}}]}<\/script>\n<!-- \/ Yoast SEO plugin. -->","yoast_head_json":{"title":"Gal\u00e9ria Zochova Chata - Ly\u017eiarske stredisko - LK BABA","description":"Zasne\u017eovanie, vleky, ly\u017eiarske trate, Ly\u017eiarske stredisko Zochova Chata, karneval na ly\u017eiach, SKY servis, gal\u00e9ria ly\u017eiarskeho strediska, predpredaj l\u00edstkov","robots":{"index":"index","follow":"follow","max-snippet":"max-snippet:-1","max-image-preview":"max-image-preview:large","max-video-preview":"max-video-preview:-1"},"canonical":"https:\/\/www.lkbaba.sk\/sk\/lyziarske-stredisko-zochova-chata\/galeria-zochova-chata\/","og_locale":"sk_SK","og_type":"article","og_title":"Gal\u00e9ria Zochova Chata - Ly\u017eiarske stredisko - LK BABA","og_description":"Zasne\u017eovanie, vleky, ly\u017eiarske trate, Ly\u017eiarske stredisko Zochova Chata, karneval na ly\u017eiach, SKY servis, gal\u00e9ria ly\u017eiarskeho strediska, predpredaj l\u00edstkov","og_url":"https:\/\/www.lkbaba.sk\/sk\/lyziarske-stredisko-zochova-chata\/galeria-zochova-chata\/","og_site_name":"Ly\u017eiarske stredisko - Pezinsk\u00e1 Baba","article_modified_time":"2020-08-18T07:25:15+00:00","twitter_card":"summary_large_image","schema":{"@context":"https:\/\/schema.org","@graph":[{"@type":"WebPage","@id":"https:\/\/www.lkbaba.sk\/sk\/lyziarske-stredisko-zochova-chata\/galeria-zochova-chata\/","url":"https:\/\/www.lkbaba.sk\/sk\/lyziarske-stredisko-zochova-chata\/galeria-zochova-chata\/","name":"Gal\u00e9ria Zochova Chata - Ly\u017eiarske stredisko - LK BABA","isPartOf":{"@id":"https:\/\/www.lkbaba.sk\/sk\/#website"},"datePublished":"2017-09-06T06:58:48+00:00","dateModified":"2020-08-18T07:25:15+00:00","description":"Zasne\u017eovanie, vleky, ly\u017eiarske trate, Ly\u017eiarske stredisko Zochova Chata, karneval na ly\u017eiach, SKY servis, gal\u00e9ria ly\u017eiarskeho strediska, predpredaj l\u00edstkov","breadcrumb":{"@id":"https:\/\/www.lkbaba.sk\/sk\/lyziarske-stredisko-zochova-chata\/galeria-zochova-chata\/#breadcrumb"},"inLanguage":"sk-SK","potentialAction":[{"@type":"ReadAction","target":["https:\/\/www.lkbaba.sk\/sk\/lyziarske-stredisko-zochova-chata\/galeria-zochova-chata\/"]}]},{"@type":"BreadcrumbList","@id":"https:\/\/www.lkbaba.sk\/sk\/lyziarske-stredisko-zochova-chata\/galeria-zochova-chata\/#breadcrumb","itemListElement":[{"@type":"ListItem","position":1,"name":"Home","item":"https:\/\/www.lkbaba.sk\/sk\/"},{"@type":"ListItem","position":2,"name":"Ly\u017eiarske stredisko Zochova Chata","item":"https:\/\/www.lkbaba.sk\/sk\/lyziarske-stredisko-zochova-chata\/"},{"@type":"ListItem","position":3,"name":"Gal\u00e9ria Zochova Chata"}]},{"@type":"WebSite","@id":"https:\/\/www.lkbaba.sk\/sk\/#website","url":"https:\/\/www.lkbaba.sk\/sk\/","name":"Ly\u017eiarske stredisko - Pezinsk\u00e1 Baba","description":"","publisher":{"@id":"https:\/\/www.lkbaba.sk\/sk\/#organization"},"potentialAction":[{"@type":"SearchAction","target":{"@type":"EntryPoint","urlTemplate":"https:\/\/www.lkbaba.sk\/sk\/?s={search_term_string}"},"query-input":{"@type":"PropertyValueSpecification","valueRequired":true,"valueName":"search_term_string"}}],"inLanguage":"sk-SK"},{"@type":"Organization","@id":"https:\/\/www.lkbaba.sk\/sk\/#organization","name":"LK BABA","url":"https:\/\/www.lkbaba.sk\/sk\/","logo":{"@type":"ImageObject","inLanguage":"sk-SK","@id":"https:\/\/www.lkbaba.sk\/sk\/#\/schema\/logo\/image\/","url":"https:\/\/www.lkbaba.sk\/sk\/wp-content\/uploads\/2017\/06\/logo.png","contentUrl":"https:\/\/www.lkbaba.sk\/sk\/wp-content\/uploads\/2017\/06\/logo.png","width":600,"height":570,"caption":"LK BABA"},"image":{"@id":"https:\/\/www.lkbaba.sk\/sk\/#\/schema\/logo\/image\/"}}]}},"_links":{"self":[{"href":"https:\/\/www.lkbaba.sk\/sk\/wp-json\/wp\/v2\/pages\/2685","targetHints":{"allow":["GET"]}}],"collection":[{"href":"https:\/\/www.lkbaba.sk\/sk\/wp-json\/wp\/v2\/pages"}],"about":[{"href":"https:\/\/www.lkbaba.sk\/sk\/wp-json\/wp\/v2\/types\/page"}],"author":[{"embeddable":true,"href":"https:\/\/www.lkbaba.sk\/sk\/wp-json\/wp\/v2\/users\/3"}],"replies":[{"embeddable":true,"href":"https:\/\/www.lkbaba.sk\/sk\/wp-json\/wp\/v2\/comments?post=2685"}],"version-history":[{"count":4,"href":"https:\/\/www.lkbaba.sk\/sk\/wp-json\/wp\/v2\/pages\/2685\/revisions"}],"predecessor-version":[{"id":4443,"href":"https:\/\/www.lkbaba.sk\/sk\/wp-json\/wp\/v2\/pages\/2685\/revisions\/4443"}],"up":[{"embeddable":true,"href":"https:\/\/www.lkbaba.sk\/sk\/wp-json\/wp\/v2\/pages\/1535"}],"wp:attachment":[{"href":"https:\/\/www.lkbaba.sk\/sk\/wp-json\/wp\/v2\/media?parent=2685"}],"curies":[{"name":"wp","href":"https:\/\/api.w.org\/{rel}","templated":true}]}}