{"id":3780,"date":"2019-01-29T17:17:00","date_gmt":"2019-01-29T16:17:00","guid":{"rendered":"https:\/\/www.lkbaba.sk\/sk\/?page_id=3780"},"modified":"2019-01-29T17:20:55","modified_gmt":"2019-01-29T16:20:55","slug":"vyucba-bezeckeho-lyzovania","status":"publish","type":"page","link":"https:\/\/www.lkbaba.sk\/sk\/sluzby-lyziarskeho-strediska\/vyucba-bezeckeho-lyzovania\/","title":{"rendered":"V\u00fdu\u010dba be\u017eeck\u00e9ho ly\u017eovania"},"content":{"rendered":"<p>[vc_row css=&#8220;.vc_custom_1498036243370{margin-top: -50px !important;}&#8220;][vc_column]<div class=\"sc_section sc_section_block \"><div class=\"sc_section_inner\"><div class=\"sc_section_content_wrap\">[vc_empty_space]<div class=\"sc_section\"><div class=\"sc_section_inner\"><h6 class=\"sc_section_subtitle sc_item_subtitle\">INDIVIDU\u00c1LNA V\u00ddU\u010cBA<\/h6><h2 class=\"sc_section_title sc_item_title sc_item_title_without_descr\">V\u00fduka behu na ly\u017eiach<\/h2><div class=\"sc_section_content_wrap\"><\/div><\/div><\/div><\/div><\/div><\/div>[vc_empty_space][vc_column_text]<strong>DK Sports<\/strong> za\u010d\u00edna vyu\u010dova\u0165 z\u00e1klady be\u017eeck\u00e9ho ly\u017eovania.<\/p>\n<p><strong>V\u00fduka prebieha na Pezinskej Babe<\/strong>, v\u00fdukov\u00fd blok trv\u00e1 2 hodiny. Prihl\u00e1si\u0165 sa d\u00e1 na tel. \u010d\u00edsle <strong>0948 707 252<\/strong> alebo priamo v <strong>Ski servise Pezinsk\u00e1 Baba<\/strong>.<\/p>\n<p>Ceny s\u00fa odstup\u0148ovan\u00e9 pod\u013ea po\u010dtu \u013eud\u00ed v skupine.<\/p>\n<p><strong>2-3 \u013eudia v skupine \u00a035,-\u20ac \/ \u010dlovek<\/strong><\/p>\n<p><strong>4-10\u00a0\u013eudia v skupine \u00a025,-\u20ac \/ \u010dlovek<\/strong><\/p>\n<p>V\u00fduka za\u010d\u00edna pondelok 28.1.2019 o 9:00, na Pezinskej Babe.<\/p>\n<p>[\/vc_column_text][vc_empty_space][vc_single_image image=&#8220;1436&#8243; img_size=&#8220;full&#8220; alignment=&#8220;center&#8220; onclick=&#8220;custom_link&#8220; img_link_target=&#8220;_blank&#8220; link=&#8220;http:\/\/dksports.sk\/lyziarska-skola&#8220;][vc_empty_space][vc_btn title=&#8220;Viac inform\u00e1ci\u00ed&#8220; link=&#8220;url:http%3A%2F%2Fdksports.sk%2Flyziarska-skola||target:%20_blank|&#8220;][\/vc_column][\/vc_row]<\/p>\n","protected":false},"excerpt":{"rendered":"<p>[vc_row css=&#8220;.vc_custom_1498036243370{margin-top: -50px !important;}&#8220;][vc_column][vc_empty_space][vc_column_text]DK Sports za\u010d\u00edna vyu\u010dova\u0165 z\u00e1klady be\u017eeck\u00e9ho ly\u017eovania. V\u00fduka prebieha na Pezinskej Babe, v\u00fdukov\u00fd blok trv\u00e1 2 hodiny. Prihl\u00e1si\u0165 sa d\u00e1 na tel. \u010d\u00edsle 0948 707 252 alebo priamo v Ski servise Pezinsk\u00e1 Baba. Ceny s\u00fa odstup\u0148ovan\u00e9 pod\u013ea po\u010dtu \u013eud\u00ed v skupine. 2-3 \u013eudia v skupine \u00a035,-\u20ac \/ \u010dlovek 4-10\u00a0\u013eudia v skupine \u00a025,-\u20ac [&hellip;]<\/p>\n","protected":false},"author":3,"featured_media":0,"parent":1383,"menu_order":4,"comment_status":"closed","ping_status":"closed","template":"","meta":{"footnotes":""},"class_list":["post-3780","page","type-page","status-publish","hentry"],"yoast_head":"<!-- This site is optimized with the Yoast SEO plugin v27.3 - https:\/\/yoast.com\/product\/yoast-seo-wordpress\/ -->\n<title>V\u00fdu\u010dba be\u017eeck\u00e9ho ly\u017eovania - Ly\u017eiarske stredisko - Pezinsk\u00e1 Baba<\/title>\n<meta name=\"description\" content=\"DK Sports za\u010d\u00edna vyu\u010dova\u0165 z\u00e1klady be\u017eeck\u00e9ho ly\u017eovania. V\u00fduka prebieha na Pezinskej Babe, v\u00fdukov\u00fd blok trv\u00e1 2 hodiny. Prihl\u00e1si\u0165 sa d\u00e1 na tel. \u010d\u00edsle 0948 707 252 alebo priamo v Ski servise Pezinsk\u00e1 Baba. Ceny s\u00fa odstup\u0148ovan\u00e9 pod\u013ea po\u010dtu \u013eud\u00ed v skupine.\" \/>\n<meta name=\"robots\" content=\"index, follow, max-snippet:-1, max-image-preview:large, max-video-preview:-1\" \/>\n<link rel=\"canonical\" href=\"https:\/\/www.lkbaba.sk\/sk\/sluzby-lyziarskeho-strediska\/vyucba-bezeckeho-lyzovania\/\" \/>\n<meta property=\"og:locale\" content=\"sk_SK\" \/>\n<meta property=\"og:type\" content=\"article\" \/>\n<meta property=\"og:title\" content=\"V\u00fdu\u010dba be\u017eeck\u00e9ho ly\u017eovania - Ly\u017eiarske stredisko - Pezinsk\u00e1 Baba\" \/>\n<meta property=\"og:description\" content=\"DK Sports za\u010d\u00edna vyu\u010dova\u0165 z\u00e1klady be\u017eeck\u00e9ho ly\u017eovania. V\u00fduka prebieha na Pezinskej Babe, v\u00fdukov\u00fd blok trv\u00e1 2 hodiny. Prihl\u00e1si\u0165 sa d\u00e1 na tel. \u010d\u00edsle 0948 707 252 alebo priamo v Ski servise Pezinsk\u00e1 Baba. Ceny s\u00fa odstup\u0148ovan\u00e9 pod\u013ea po\u010dtu \u013eud\u00ed v skupine.\" \/>\n<meta property=\"og:url\" content=\"https:\/\/www.lkbaba.sk\/sk\/sluzby-lyziarskeho-strediska\/vyucba-bezeckeho-lyzovania\/\" \/>\n<meta property=\"og:site_name\" content=\"Ly\u017eiarske stredisko - Pezinsk\u00e1 Baba\" \/>\n<meta property=\"article:modified_time\" content=\"2019-01-29T16:20:55+00:00\" \/>\n<meta name=\"twitter:card\" content=\"summary_large_image\" \/>\n<meta name=\"twitter:label1\" content=\"Predpokladan\u00fd \u010das \u010d\u00edtania\" \/>\n\t<meta name=\"twitter:data1\" content=\"1 min\u00fata\" \/>\n<script type=\"application\/ld+json\" class=\"yoast-schema-graph\">{\"@context\":\"https:\\\/\\\/schema.org\",\"@graph\":[{\"@type\":\"WebPage\",\"@id\":\"https:\\\/\\\/www.lkbaba.sk\\\/sk\\\/sluzby-lyziarskeho-strediska\\\/vyucba-bezeckeho-lyzovania\\\/\",\"url\":\"https:\\\/\\\/www.lkbaba.sk\\\/sk\\\/sluzby-lyziarskeho-strediska\\\/vyucba-bezeckeho-lyzovania\\\/\",\"name\":\"V\u00fdu\u010dba be\u017eeck\u00e9ho ly\u017eovania - Ly\u017eiarske stredisko - Pezinsk\u00e1 Baba\",\"isPartOf\":{\"@id\":\"https:\\\/\\\/www.lkbaba.sk\\\/sk\\\/#website\"},\"datePublished\":\"2019-01-29T16:17:00+00:00\",\"dateModified\":\"2019-01-29T16:20:55+00:00\",\"description\":\"DK Sports za\u010d\u00edna vyu\u010dova\u0165 z\u00e1klady be\u017eeck\u00e9ho ly\u017eovania. V\u00fduka prebieha na Pezinskej Babe, v\u00fdukov\u00fd blok trv\u00e1 2 hodiny. Prihl\u00e1si\u0165 sa d\u00e1 na tel. \u010d\u00edsle 0948 707 252 alebo priamo v Ski servise Pezinsk\u00e1 Baba. Ceny s\u00fa odstup\u0148ovan\u00e9 pod\u013ea po\u010dtu \u013eud\u00ed v skupine.\",\"breadcrumb\":{\"@id\":\"https:\\\/\\\/www.lkbaba.sk\\\/sk\\\/sluzby-lyziarskeho-strediska\\\/vyucba-bezeckeho-lyzovania\\\/#breadcrumb\"},\"inLanguage\":\"sk-SK\",\"potentialAction\":[{\"@type\":\"ReadAction\",\"target\":[\"https:\\\/\\\/www.lkbaba.sk\\\/sk\\\/sluzby-lyziarskeho-strediska\\\/vyucba-bezeckeho-lyzovania\\\/\"]}]},{\"@type\":\"BreadcrumbList\",\"@id\":\"https:\\\/\\\/www.lkbaba.sk\\\/sk\\\/sluzby-lyziarskeho-strediska\\\/vyucba-bezeckeho-lyzovania\\\/#breadcrumb\",\"itemListElement\":[{\"@type\":\"ListItem\",\"position\":1,\"name\":\"Home\",\"item\":\"https:\\\/\\\/www.lkbaba.sk\\\/sk\\\/\"},{\"@type\":\"ListItem\",\"position\":2,\"name\":\"Slu\u017eby ly\u017eiarskeho strediska\",\"item\":\"https:\\\/\\\/www.lkbaba.sk\\\/sk\\\/sluzby-lyziarskeho-strediska\\\/\"},{\"@type\":\"ListItem\",\"position\":3,\"name\":\"V\u00fdu\u010dba be\u017eeck\u00e9ho ly\u017eovania\"}]},{\"@type\":\"WebSite\",\"@id\":\"https:\\\/\\\/www.lkbaba.sk\\\/sk\\\/#website\",\"url\":\"https:\\\/\\\/www.lkbaba.sk\\\/sk\\\/\",\"name\":\"Ly\u017eiarske stredisko - Pezinsk\u00e1 Baba\",\"description\":\"\",\"publisher\":{\"@id\":\"https:\\\/\\\/www.lkbaba.sk\\\/sk\\\/#organization\"},\"potentialAction\":[{\"@type\":\"SearchAction\",\"target\":{\"@type\":\"EntryPoint\",\"urlTemplate\":\"https:\\\/\\\/www.lkbaba.sk\\\/sk\\\/?s={search_term_string}\"},\"query-input\":{\"@type\":\"PropertyValueSpecification\",\"valueRequired\":true,\"valueName\":\"search_term_string\"}}],\"inLanguage\":\"sk-SK\"},{\"@type\":\"Organization\",\"@id\":\"https:\\\/\\\/www.lkbaba.sk\\\/sk\\\/#organization\",\"name\":\"LK BABA\",\"url\":\"https:\\\/\\\/www.lkbaba.sk\\\/sk\\\/\",\"logo\":{\"@type\":\"ImageObject\",\"inLanguage\":\"sk-SK\",\"@id\":\"https:\\\/\\\/www.lkbaba.sk\\\/sk\\\/#\\\/schema\\\/logo\\\/image\\\/\",\"url\":\"https:\\\/\\\/www.lkbaba.sk\\\/sk\\\/wp-content\\\/uploads\\\/2017\\\/06\\\/logo.png\",\"contentUrl\":\"https:\\\/\\\/www.lkbaba.sk\\\/sk\\\/wp-content\\\/uploads\\\/2017\\\/06\\\/logo.png\",\"width\":600,\"height\":570,\"caption\":\"LK BABA\"},\"image\":{\"@id\":\"https:\\\/\\\/www.lkbaba.sk\\\/sk\\\/#\\\/schema\\\/logo\\\/image\\\/\"}}]}<\/script>\n<!-- \/ Yoast SEO plugin. -->","yoast_head_json":{"title":"V\u00fdu\u010dba be\u017eeck\u00e9ho ly\u017eovania - Ly\u017eiarske stredisko - Pezinsk\u00e1 Baba","description":"DK Sports za\u010d\u00edna vyu\u010dova\u0165 z\u00e1klady be\u017eeck\u00e9ho ly\u017eovania. V\u00fduka prebieha na Pezinskej Babe, v\u00fdukov\u00fd blok trv\u00e1 2 hodiny. Prihl\u00e1si\u0165 sa d\u00e1 na tel. \u010d\u00edsle 0948 707 252 alebo priamo v Ski servise Pezinsk\u00e1 Baba. Ceny s\u00fa odstup\u0148ovan\u00e9 pod\u013ea po\u010dtu \u013eud\u00ed v skupine.","robots":{"index":"index","follow":"follow","max-snippet":"max-snippet:-1","max-image-preview":"max-image-preview:large","max-video-preview":"max-video-preview:-1"},"canonical":"https:\/\/www.lkbaba.sk\/sk\/sluzby-lyziarskeho-strediska\/vyucba-bezeckeho-lyzovania\/","og_locale":"sk_SK","og_type":"article","og_title":"V\u00fdu\u010dba be\u017eeck\u00e9ho ly\u017eovania - Ly\u017eiarske stredisko - Pezinsk\u00e1 Baba","og_description":"DK Sports za\u010d\u00edna vyu\u010dova\u0165 z\u00e1klady be\u017eeck\u00e9ho ly\u017eovania. V\u00fduka prebieha na Pezinskej Babe, v\u00fdukov\u00fd blok trv\u00e1 2 hodiny. Prihl\u00e1si\u0165 sa d\u00e1 na tel. \u010d\u00edsle 0948 707 252 alebo priamo v Ski servise Pezinsk\u00e1 Baba. Ceny s\u00fa odstup\u0148ovan\u00e9 pod\u013ea po\u010dtu \u013eud\u00ed v skupine.","og_url":"https:\/\/www.lkbaba.sk\/sk\/sluzby-lyziarskeho-strediska\/vyucba-bezeckeho-lyzovania\/","og_site_name":"Ly\u017eiarske stredisko - Pezinsk\u00e1 Baba","article_modified_time":"2019-01-29T16:20:55+00:00","twitter_card":"summary_large_image","twitter_misc":{"Predpokladan\u00fd \u010das \u010d\u00edtania":"1 min\u00fata"},"schema":{"@context":"https:\/\/schema.org","@graph":[{"@type":"WebPage","@id":"https:\/\/www.lkbaba.sk\/sk\/sluzby-lyziarskeho-strediska\/vyucba-bezeckeho-lyzovania\/","url":"https:\/\/www.lkbaba.sk\/sk\/sluzby-lyziarskeho-strediska\/vyucba-bezeckeho-lyzovania\/","name":"V\u00fdu\u010dba be\u017eeck\u00e9ho ly\u017eovania - Ly\u017eiarske stredisko - Pezinsk\u00e1 Baba","isPartOf":{"@id":"https:\/\/www.lkbaba.sk\/sk\/#website"},"datePublished":"2019-01-29T16:17:00+00:00","dateModified":"2019-01-29T16:20:55+00:00","description":"DK Sports za\u010d\u00edna vyu\u010dova\u0165 z\u00e1klady be\u017eeck\u00e9ho ly\u017eovania. V\u00fduka prebieha na Pezinskej Babe, v\u00fdukov\u00fd blok trv\u00e1 2 hodiny. Prihl\u00e1si\u0165 sa d\u00e1 na tel. \u010d\u00edsle 0948 707 252 alebo priamo v Ski servise Pezinsk\u00e1 Baba. Ceny s\u00fa odstup\u0148ovan\u00e9 pod\u013ea po\u010dtu \u013eud\u00ed v skupine.","breadcrumb":{"@id":"https:\/\/www.lkbaba.sk\/sk\/sluzby-lyziarskeho-strediska\/vyucba-bezeckeho-lyzovania\/#breadcrumb"},"inLanguage":"sk-SK","potentialAction":[{"@type":"ReadAction","target":["https:\/\/www.lkbaba.sk\/sk\/sluzby-lyziarskeho-strediska\/vyucba-bezeckeho-lyzovania\/"]}]},{"@type":"BreadcrumbList","@id":"https:\/\/www.lkbaba.sk\/sk\/sluzby-lyziarskeho-strediska\/vyucba-bezeckeho-lyzovania\/#breadcrumb","itemListElement":[{"@type":"ListItem","position":1,"name":"Home","item":"https:\/\/www.lkbaba.sk\/sk\/"},{"@type":"ListItem","position":2,"name":"Slu\u017eby ly\u017eiarskeho strediska","item":"https:\/\/www.lkbaba.sk\/sk\/sluzby-lyziarskeho-strediska\/"},{"@type":"ListItem","position":3,"name":"V\u00fdu\u010dba be\u017eeck\u00e9ho ly\u017eovania"}]},{"@type":"WebSite","@id":"https:\/\/www.lkbaba.sk\/sk\/#website","url":"https:\/\/www.lkbaba.sk\/sk\/","name":"Ly\u017eiarske stredisko - Pezinsk\u00e1 Baba","description":"","publisher":{"@id":"https:\/\/www.lkbaba.sk\/sk\/#organization"},"potentialAction":[{"@type":"SearchAction","target":{"@type":"EntryPoint","urlTemplate":"https:\/\/www.lkbaba.sk\/sk\/?s={search_term_string}"},"query-input":{"@type":"PropertyValueSpecification","valueRequired":true,"valueName":"search_term_string"}}],"inLanguage":"sk-SK"},{"@type":"Organization","@id":"https:\/\/www.lkbaba.sk\/sk\/#organization","name":"LK BABA","url":"https:\/\/www.lkbaba.sk\/sk\/","logo":{"@type":"ImageObject","inLanguage":"sk-SK","@id":"https:\/\/www.lkbaba.sk\/sk\/#\/schema\/logo\/image\/","url":"https:\/\/www.lkbaba.sk\/sk\/wp-content\/uploads\/2017\/06\/logo.png","contentUrl":"https:\/\/www.lkbaba.sk\/sk\/wp-content\/uploads\/2017\/06\/logo.png","width":600,"height":570,"caption":"LK BABA"},"image":{"@id":"https:\/\/www.lkbaba.sk\/sk\/#\/schema\/logo\/image\/"}}]}},"_links":{"self":[{"href":"https:\/\/www.lkbaba.sk\/sk\/wp-json\/wp\/v2\/pages\/3780","targetHints":{"allow":["GET"]}}],"collection":[{"href":"https:\/\/www.lkbaba.sk\/sk\/wp-json\/wp\/v2\/pages"}],"about":[{"href":"https:\/\/www.lkbaba.sk\/sk\/wp-json\/wp\/v2\/types\/page"}],"author":[{"embeddable":true,"href":"https:\/\/www.lkbaba.sk\/sk\/wp-json\/wp\/v2\/users\/3"}],"replies":[{"embeddable":true,"href":"https:\/\/www.lkbaba.sk\/sk\/wp-json\/wp\/v2\/comments?post=3780"}],"version-history":[{"count":3,"href":"https:\/\/www.lkbaba.sk\/sk\/wp-json\/wp\/v2\/pages\/3780\/revisions"}],"predecessor-version":[{"id":3784,"href":"https:\/\/www.lkbaba.sk\/sk\/wp-json\/wp\/v2\/pages\/3780\/revisions\/3784"}],"up":[{"embeddable":true,"href":"https:\/\/www.lkbaba.sk\/sk\/wp-json\/wp\/v2\/pages\/1383"}],"wp:attachment":[{"href":"https:\/\/www.lkbaba.sk\/sk\/wp-json\/wp\/v2\/media?parent=3780"}],"curies":[{"name":"wp","href":"https:\/\/api.w.org\/{rel}","templated":true}]}}