{"id":43,"date":"2016-08-08T13:48:34","date_gmt":"2016-08-08T13:48:34","guid":{"rendered":"http:\/\/www.lkbaba.sk\/sk\/?page_id=43"},"modified":"2025-04-25T11:17:23","modified_gmt":"2025-04-25T09:17:23","slug":"kontakt","status":"publish","type":"page","link":"https:\/\/www.lkbaba.sk\/sk\/kontakt\/","title":{"rendered":"Kontakt"},"content":{"rendered":"<p>[vc_row][vc_column][rev_slider_vc alias=&#8220;slider-home-new&#8220;][\/vc_column][\/vc_row][vc_row][vc_column][vc_empty_space height=&#8220;0.6em&#8220;]<div id=\"sc_services_479855276_wrap\" class=\"sc_services_wrap\"><div id=\"sc_services_479855276\" class=\"sc_services sc_services_style_services-1 sc_services_type_icons  margin_top_medium\" style=\"width:100%;\"><div class=\"sc_columns columns_wrap\"><div class=\"column-1_3 column_padding_bottom\">\t\t\t<div id=\"sc_services_479855276_1\"\t\t\t\tclass=\"sc_services_item sc_services_item_1 odd first\"\n\t\t\t\t>\n\t\t\t\t<span class=\"sc_icon icon-mobile-1\"><\/span>\t\t\t\t<div class=\"sc_services_item_content\">\n\t\t\t\t\t<h4 class=\"sc_services_item_title\">Kontaktn\u00fd telef\u00f3n<\/h4>\n\t\t\t\t\t<div class=\"sc_services_item_description\">\n\t\t\t\t\t\t<p>[vc_column_text]+421 336 402 312<br \/>\nZavolajte n\u00e1m![\/vc_column_text]<\/p>\t\t\t\t\t<\/div>\n\t\t\t\t<\/div>\n\t\t\t<\/div>\n\t\t<\/div><div class=\"column-1_3 column_padding_bottom\">\t\t\t<div id=\"sc_services_479855276_2\"\t\t\t\tclass=\"sc_services_item sc_services_item_2 even\"\n\t\t\t\t>\n\t\t\t\t<span class=\"sc_icon icon-location-1\"><\/span>\t\t\t\t<div class=\"sc_services_item_content\">\n\t\t\t\t\t<h4 class=\"sc_services_item_title\">Ly\u017eiarsky Klub Baba<\/h4>\n\t\t\t\t\t<div class=\"sc_services_item_description\">\n\t\t\t\t\t\t<p>[vc_column_text]Baba 356<br \/>\n902 01 Pezinok[\/vc_column_text]<\/p>\t\t\t\t\t<\/div>\n\t\t\t\t<\/div>\n\t\t\t<\/div>\n\t\t<\/div><div class=\"column-1_3 column_padding_bottom\">\t\t\t<div id=\"sc_services_479855276_3\"\t\t\t\tclass=\"sc_services_item sc_services_item_3 odd\"\n\t\t\t\t>\n\t\t\t\t<span class=\"sc_icon icon-mail\"><\/span>\t\t\t\t<div class=\"sc_services_item_content\">\n\t\t\t\t\t<h4 class=\"sc_services_item_title\">Nap\u00ed\u0161te n\u00e1m<\/h4>\n\t\t\t\t\t<div class=\"sc_services_item_description\">\n\t\t\t\t\t\t<p>[vc_column_text]<a href=\"mailto:info@lkbaba.sk\" target=\"_blank\" rel=\"noopener noreferrer\">info@lkbaba.sk<\/a>[\/vc_column_text]<\/p>\t\t\t\t\t<\/div>\n\t\t\t\t<\/div>\n\t\t\t<\/div>\n\t\t<\/div><\/div><\/div><!-- \/.sc_services --><\/div><!-- \/.sc_services_wrap --><div id=\"sc_services_232072962_wrap\" class=\"sc_services_wrap\"><div id=\"sc_services_232072962\" class=\"sc_services sc_services_style_services-1 sc_services_type_icons \" style=\"width:100%;\"><div class=\"sc_columns columns_wrap\"><div class=\"column-1_3 column_padding_bottom\">\t\t\t<div id=\"sc_services_232072962_1\"\t\t\t\tclass=\"sc_services_item sc_services_item_1 odd first\"\n\t\t\t\t>\n\t\t\t\t<span class=\"sc_icon icon-mobile-1\"><\/span>\t\t\t\t<div class=\"sc_services_item_content\">\n\t\t\t\t\t<h4 class=\"sc_services_item_title\">Snehov\u00e9 spr\u00e1vy<\/h4>\n\t\t\t\t\t<div class=\"sc_services_item_description\">\n\t\t\t\t\t\t<p>[vc_column_text]+421 336 470 130<br \/>\nInformujte sa![\/vc_column_text]<\/p>\t\t\t\t\t<\/div>\n\t\t\t\t<\/div>\n\t\t\t<\/div>\n\t\t<\/div><div class=\"column-1_3 column_padding_bottom\">\t\t\t<div id=\"sc_services_232072962_2\"\t\t\t\tclass=\"sc_services_item sc_services_item_2 even\"\n\t\t\t\t>\n\t\t\t\t<span class=\"sc_icon icon-location-1\"><\/span>\t\t\t\t<div class=\"sc_services_item_content\">\n\t\t\t\t\t<h4 class=\"sc_services_item_title\">Kore\u0161p. adresa<\/h4>\n\t\t\t\t\t<div class=\"sc_services_item_description\">\n\t\t\t\t\t\t<p>[vc_column_text]P.O.BOX 16<br \/>\n902 04 Pezinok[\/vc_column_text]<\/p>\t\t\t\t\t<\/div>\n\t\t\t\t<\/div>\n\t\t\t<\/div>\n\t\t<\/div><div class=\"column-1_3 column_padding_bottom\">\t\t\t<div id=\"sc_services_232072962_3\"\t\t\t\tclass=\"sc_services_item sc_services_item_3 odd\"\n\t\t\t\t>\n\t\t\t\t<span class=\"sc_icon icon-clock-empty\"><\/span>\t\t\t\t<div class=\"sc_services_item_content\">\n\t\t\t\t\t<h4 class=\"sc_services_item_title\">Prev\u00e1dzkov\u00e1 doba<\/h4>\n\t\t\t\t\t<div class=\"sc_services_item_description\">\n\t\t\t\t\t\t<p>[vc_column_text]Denn\u00e9 a ve\u010dern\u00e9 ly\u017eovanie[\/vc_column_text]<\/p>\t\t\t\t\t<\/div>\n\t\t\t\t<\/div>\n\t\t\t<\/div>\n\t\t<\/div><\/div><\/div><!-- \/.sc_services --><\/div><!-- \/.sc_services_wrap -->[\/vc_column][\/vc_row][vc_row css=&#8220;.vc_custom_1498638453466{background-color: #f9f9f9 !important;}&#8220;][vc_column]<div class=\"columns_wrap sc_columns columns_nofluid sc_columns_count_6\"><div class=\"column-1_6 sc_column_item sc_column_item_1 odd first\"><\/div><div class=\"column-4_6 sc_column_item sc_column_item_2 even span_4\">[vc_custom_heading text=&#8220;Nap\u00ed\u0161te n\u00e1m Va\u0161e ot\u00e1zky.&#8220; font_container=&#8220;tag:h3|text_align:left&#8220; use_theme_fonts=&#8220;yes&#8220; css_animation=&#8220;bounceIn&#8220;]\n<div class=\"wpcf7 no-js\" id=\"wpcf7-f2496-o1\" lang=\"sk-SK\" dir=\"ltr\" data-wpcf7-id=\"2496\">\n<div class=\"screen-reader-response\"><p role=\"status\" aria-live=\"polite\" aria-atomic=\"true\"><\/p> <ul><\/ul><\/div>\n<form action=\"\/sk\/wp-json\/wp\/v2\/pages\/43#wpcf7-f2496-o1\" method=\"post\" class=\"wpcf7-form init\" aria-label=\"Kontaktn\u00fd formul\u00e1r\" novalidate=\"novalidate\" data-status=\"init\">\n<fieldset class=\"hidden-fields-container\"><input type=\"hidden\" name=\"_wpcf7\" value=\"2496\" \/><input type=\"hidden\" name=\"_wpcf7_version\" value=\"6.1.5\" \/><input type=\"hidden\" name=\"_wpcf7_locale\" value=\"sk_SK\" \/><input type=\"hidden\" name=\"_wpcf7_unit_tag\" value=\"wpcf7-f2496-o1\" \/><input type=\"hidden\" name=\"_wpcf7_container_post\" value=\"0\" \/><input type=\"hidden\" name=\"_wpcf7_posted_data_hash\" value=\"\" \/>\n<\/fieldset>\n<div class=\"only-one\">\n\t<div class=\"one-half\">\n\t\t<p><label> Va\u0161e meno (povinn\u00e9)<br \/>\n<span class=\"wpcf7-form-control-wrap\" data-name=\"your-name\"><input size=\"40\" maxlength=\"400\" class=\"wpcf7-form-control wpcf7-text wpcf7-validates-as-required\" aria-required=\"true\" aria-invalid=\"false\" value=\"\" type=\"text\" name=\"your-name\" \/><\/span><br \/>\n<\/label>\n\t\t<\/p>\n\t<\/div>\n\t<div class=\"second-one\">\n\t\t<p><label> V\u00e1\u0161 email (povinn\u00e9)<br \/>\n<span class=\"wpcf7-form-control-wrap\" data-name=\"your-email\"><input size=\"40\" maxlength=\"400\" class=\"wpcf7-form-control wpcf7-email wpcf7-validates-as-required wpcf7-text wpcf7-validates-as-email\" aria-required=\"true\" aria-invalid=\"false\" value=\"\" type=\"email\" name=\"your-email\" \/><\/span><br \/>\n<\/label>\n\t\t<\/p>\n\t<\/div>\n<\/div>\n<div class=\"only-one\">\n\t<p><label> Predmet<br \/>\n<span class=\"wpcf7-form-control-wrap\" data-name=\"your-subject\"><input size=\"40\" maxlength=\"400\" class=\"wpcf7-form-control wpcf7-text only-one\" aria-invalid=\"false\" value=\"\" type=\"text\" name=\"your-subject\" \/><\/span><br \/>\n<\/label>\n\t<\/p>\n<\/div>\n<div class=\"only-one\">\n\t<p><label> Va\u0161a spr\u00e1va<br \/>\n<span class=\"wpcf7-form-control-wrap\" data-name=\"your-message\"><textarea cols=\"40\" rows=\"10\" maxlength=\"2000\" class=\"wpcf7-form-control wpcf7-textarea only-one\" aria-invalid=\"false\" name=\"your-message\"><\/textarea><\/span><br \/>\n<\/label>\n\t<\/p>\n<\/div>\n<div class=\"only-one last\">\n\t<p>[wpgdprc \"Vyjadrite s\u00fahlas s uchov\u00e1van\u00edm osobn\u00fdch \u00fadajov, ktor\u00e9 vyp\u013a\u0148ate pri registr\u00e1cii a ktor\u00e9 s\u00fa potrebn\u00e9 pre korektn\u00fa komunik\u00e1ciu s Vami. Vami zadan\u00e9 d\u00e1ta m\u00f4\u017eu by\u0165 kedyko\u013evek vymazan\u00e9 v rozsahu platnej legislat\u00edvy..\"]\n\t<\/p>\n\t<p><input class=\"wpcf7-form-control wpcf7-submit has-spinner\" type=\"submit\" value=\"Odo\u0161li\" \/>\n\t<\/p>\n<\/div><div class=\"wpcf7-response-output\" aria-hidden=\"true\"><\/div>\n<\/form>\n<\/div>\n<\/div><\/div>[\/vc_column][\/vc_row][vc_row full_width=&#8220;stretch_row_content_no_spaces&#8220;][vc_column][vc_gmaps link=&#8220;#E-8_JTNDaWZyYW1lJTIwc3JjJTNEJTIyaHR0cHMlM0ElMkYlMkZ3d3cuZ29vZ2xlLmNvbSUyRm1hcHMlMkZlbWJlZCUzRnBiJTNEJTIxMW0xOCUyMTFtMTIlMjExbTMlMjExZDEwNjIwLjExMTc3Mjg5NDgwOCUyMTJkMTcuMjY3MTU4NDc1NDQwMzMzJTIxM2Q0OC4yODMwNzgyNzUxNzczNSUyMTJtMyUyMTFmMCUyMTJmMCUyMTNmMCUyMTNtMiUyMTFpMTAyNCUyMTJpNzY4JTIxNGYxMy4xJTIxM20zJTIxMW0yJTIxMXMweDQ3NmM5MGJmNGViZDdlNzklMjUzQTB4N2QzODFiZjY3MmVkYWRmYiUyMTJzSG9sdWJ5aG8lMkIxMDIlMjUyRjE4JTI1MkMlMkI5MDIlMkIwMSUyQlBlemlub2slMjE1ZTAlMjEzbTIlMjExc3NrJTIxMnNzayUyMTR2MTQ5ODYzNzE2MjE4MSUyMiUyMHdpZHRoJTNEJTIyMTkwMCUyMiUyMGhlaWdodCUzRCUyMjQ1MCUyMiUyMGZyYW1lYm9yZGVyJTNEJTIyMCUyMiUyMHN0eWxlJTNEJTIyYm9yZGVyJTNBMCUyMiUyMGFsbG93ZnVsbHNjcmVlbiUzRSUzQyUyRmlmcmFtZSUzRQ==&#8220; size=&#8220;1900&#215;450&#8243; css_animation=&#8220;zoomIn&#8220;][\/vc_column][\/vc_row]<\/p>\n","protected":false},"excerpt":{"rendered":"<p>[vc_row][vc_column][rev_slider_vc alias=&#8220;slider-home-new&#8220;][\/vc_column][\/vc_row][vc_row][vc_column][vc_empty_space height=&#8220;0.6em&#8220;][\/vc_column][\/vc_row][vc_row css=&#8220;.vc_custom_1498638453466{background-color: #f9f9f9 !important;}&#8220;][vc_column][\/vc_column][\/vc_row][vc_row full_width=&#8220;stretch_row_content_no_spaces&#8220;][vc_column][vc_gmaps link=&#8220;#E-8_JTNDaWZyYW1lJTIwc3JjJTNEJTIyaHR0cHMlM0ElMkYlMkZ3d3cuZ29vZ2xlLmNvbSUyRm1hcHMlMkZlbWJlZCUzRnBiJTNEJTIxMW0xOCUyMTFtMTIlMjExbTMlMjExZDEwNjIwLjExMTc3Mjg5NDgwOCUyMTJkMTcuMjY3MTU4NDc1NDQwMzMzJTIxM2Q0OC4yODMwNzgyNzUxNzczNSUyMTJtMyUyMTFmMCUyMTJmMCUyMTNmMCUyMTNtMiUyMTFpMTAyNCUyMTJpNzY4JTIxNGYxMy4xJTIxM20zJTIxMW0yJTIxMXMweDQ3NmM5MGJmNGViZDdlNzklMjUzQTB4N2QzODFiZjY3MmVkYWRmYiUyMTJzSG9sdWJ5aG8lMkIxMDIlMjUyRjE4JTI1MkMlMkI5MDIlMkIwMSUyQlBlemlub2slMjE1ZTAlMjEzbTIlMjExc3NrJTIxMnNzayUyMTR2MTQ5ODYzNzE2MjE4MSUyMiUyMHdpZHRoJTNEJTIyMTkwMCUyMiUyMGhlaWdodCUzRCUyMjQ1MCUyMiUyMGZyYW1lYm9yZGVyJTNEJTIyMCUyMiUyMHN0eWxlJTNEJTIyYm9yZGVyJTNBMCUyMiUyMGFsbG93ZnVsbHNjcmVlbiUzRSUzQyUyRmlmcmFtZSUzRQ==&#8220; size=&#8220;1900&#215;450&#8243; css_animation=&#8220;zoomIn&#8220;][\/vc_column][\/vc_row]<\/p>\n","protected":false},"author":1,"featured_media":0,"parent":0,"menu_order":0,"comment_status":"closed","ping_status":"closed","template":"","meta":{"footnotes":""},"class_list":["post-43","page","type-page","status-publish","hentry"],"yoast_head":"<!-- This site is optimized with the Yoast SEO plugin v27.3 - https:\/\/yoast.com\/product\/yoast-seo-wordpress\/ -->\n<title>Kontakt - Ly\u017eiarske stredisko - Pezinsk\u00e1 Baba - kontaktn\u00fd formul\u00e1r<\/title>\n<meta name=\"description\" content=\"Ly\u017eiarsky klub Pezinsk\u00e1 Baba - Telef\u00f3n: 033\/6402312 Adresa: Baba 356 902 01 Pezinok Email: info@lkbaba.sk Prev\u00e1dzkov\u00e1 doba: Denn\u00e9 a ve\u010dern\u00e9 ly\u017eovanie\" \/>\n<meta name=\"robots\" content=\"index, follow, max-snippet:-1, max-image-preview:large, max-video-preview:-1\" \/>\n<link rel=\"canonical\" href=\"https:\/\/www.lkbaba.sk\/sk\/kontakt\/\" \/>\n<meta property=\"og:locale\" content=\"sk_SK\" \/>\n<meta property=\"og:type\" content=\"article\" \/>\n<meta property=\"og:title\" content=\"Kontakt - Ly\u017eiarske stredisko - Pezinsk\u00e1 Baba - kontaktn\u00fd formul\u00e1r\" \/>\n<meta property=\"og:description\" content=\"Ly\u017eiarsky klub Pezinsk\u00e1 Baba - Telef\u00f3n: 033\/6402312 Adresa: Baba 356 902 01 Pezinok Email: info@lkbaba.sk Prev\u00e1dzkov\u00e1 doba: Denn\u00e9 a ve\u010dern\u00e9 ly\u017eovanie\" \/>\n<meta property=\"og:url\" content=\"https:\/\/www.lkbaba.sk\/sk\/kontakt\/\" \/>\n<meta property=\"og:site_name\" content=\"Ly\u017eiarske stredisko - Pezinsk\u00e1 Baba\" \/>\n<meta property=\"article:modified_time\" content=\"2025-04-25T09:17:23+00:00\" \/>\n<meta name=\"twitter:card\" content=\"summary_large_image\" \/>\n<meta name=\"twitter:label1\" content=\"Predpokladan\u00fd \u010das \u010d\u00edtania\" \/>\n\t<meta name=\"twitter:data1\" content=\"1 min\u00fata\" \/>\n<script type=\"application\/ld+json\" class=\"yoast-schema-graph\">{\"@context\":\"https:\\\/\\\/schema.org\",\"@graph\":[{\"@type\":\"WebPage\",\"@id\":\"https:\\\/\\\/www.lkbaba.sk\\\/sk\\\/kontakt\\\/\",\"url\":\"https:\\\/\\\/www.lkbaba.sk\\\/sk\\\/kontakt\\\/\",\"name\":\"Kontakt - Ly\u017eiarske stredisko - Pezinsk\u00e1 Baba - kontaktn\u00fd formul\u00e1r\",\"isPartOf\":{\"@id\":\"https:\\\/\\\/www.lkbaba.sk\\\/sk\\\/#website\"},\"datePublished\":\"2016-08-08T13:48:34+00:00\",\"dateModified\":\"2025-04-25T09:17:23+00:00\",\"description\":\"Ly\u017eiarsky klub Pezinsk\u00e1 Baba - Telef\u00f3n: 033\\\/6402312 Adresa: Baba 356 902 01 Pezinok Email: info@lkbaba.sk Prev\u00e1dzkov\u00e1 doba: Denn\u00e9 a ve\u010dern\u00e9 ly\u017eovanie\",\"breadcrumb\":{\"@id\":\"https:\\\/\\\/www.lkbaba.sk\\\/sk\\\/kontakt\\\/#breadcrumb\"},\"inLanguage\":\"sk-SK\",\"potentialAction\":[{\"@type\":\"ReadAction\",\"target\":[\"https:\\\/\\\/www.lkbaba.sk\\\/sk\\\/kontakt\\\/\"]}]},{\"@type\":\"BreadcrumbList\",\"@id\":\"https:\\\/\\\/www.lkbaba.sk\\\/sk\\\/kontakt\\\/#breadcrumb\",\"itemListElement\":[{\"@type\":\"ListItem\",\"position\":1,\"name\":\"Home\",\"item\":\"https:\\\/\\\/www.lkbaba.sk\\\/sk\\\/\"},{\"@type\":\"ListItem\",\"position\":2,\"name\":\"Kontakt\"}]},{\"@type\":\"WebSite\",\"@id\":\"https:\\\/\\\/www.lkbaba.sk\\\/sk\\\/#website\",\"url\":\"https:\\\/\\\/www.lkbaba.sk\\\/sk\\\/\",\"name\":\"Ly\u017eiarske stredisko - Pezinsk\u00e1 Baba\",\"description\":\"\",\"publisher\":{\"@id\":\"https:\\\/\\\/www.lkbaba.sk\\\/sk\\\/#organization\"},\"potentialAction\":[{\"@type\":\"SearchAction\",\"target\":{\"@type\":\"EntryPoint\",\"urlTemplate\":\"https:\\\/\\\/www.lkbaba.sk\\\/sk\\\/?s={search_term_string}\"},\"query-input\":{\"@type\":\"PropertyValueSpecification\",\"valueRequired\":true,\"valueName\":\"search_term_string\"}}],\"inLanguage\":\"sk-SK\"},{\"@type\":\"Organization\",\"@id\":\"https:\\\/\\\/www.lkbaba.sk\\\/sk\\\/#organization\",\"name\":\"LK BABA\",\"url\":\"https:\\\/\\\/www.lkbaba.sk\\\/sk\\\/\",\"logo\":{\"@type\":\"ImageObject\",\"inLanguage\":\"sk-SK\",\"@id\":\"https:\\\/\\\/www.lkbaba.sk\\\/sk\\\/#\\\/schema\\\/logo\\\/image\\\/\",\"url\":\"https:\\\/\\\/www.lkbaba.sk\\\/sk\\\/wp-content\\\/uploads\\\/2017\\\/06\\\/logo.png\",\"contentUrl\":\"https:\\\/\\\/www.lkbaba.sk\\\/sk\\\/wp-content\\\/uploads\\\/2017\\\/06\\\/logo.png\",\"width\":600,\"height\":570,\"caption\":\"LK BABA\"},\"image\":{\"@id\":\"https:\\\/\\\/www.lkbaba.sk\\\/sk\\\/#\\\/schema\\\/logo\\\/image\\\/\"}}]}<\/script>\n<!-- \/ Yoast SEO plugin. -->","yoast_head_json":{"title":"Kontakt - Ly\u017eiarske stredisko - Pezinsk\u00e1 Baba - kontaktn\u00fd formul\u00e1r","description":"Ly\u017eiarsky klub Pezinsk\u00e1 Baba - Telef\u00f3n: 033\/6402312 Adresa: Baba 356 902 01 Pezinok Email: info@lkbaba.sk Prev\u00e1dzkov\u00e1 doba: Denn\u00e9 a ve\u010dern\u00e9 ly\u017eovanie","robots":{"index":"index","follow":"follow","max-snippet":"max-snippet:-1","max-image-preview":"max-image-preview:large","max-video-preview":"max-video-preview:-1"},"canonical":"https:\/\/www.lkbaba.sk\/sk\/kontakt\/","og_locale":"sk_SK","og_type":"article","og_title":"Kontakt - Ly\u017eiarske stredisko - Pezinsk\u00e1 Baba - kontaktn\u00fd formul\u00e1r","og_description":"Ly\u017eiarsky klub Pezinsk\u00e1 Baba - Telef\u00f3n: 033\/6402312 Adresa: Baba 356 902 01 Pezinok Email: info@lkbaba.sk Prev\u00e1dzkov\u00e1 doba: Denn\u00e9 a ve\u010dern\u00e9 ly\u017eovanie","og_url":"https:\/\/www.lkbaba.sk\/sk\/kontakt\/","og_site_name":"Ly\u017eiarske stredisko - Pezinsk\u00e1 Baba","article_modified_time":"2025-04-25T09:17:23+00:00","twitter_card":"summary_large_image","twitter_misc":{"Predpokladan\u00fd \u010das \u010d\u00edtania":"1 min\u00fata"},"schema":{"@context":"https:\/\/schema.org","@graph":[{"@type":"WebPage","@id":"https:\/\/www.lkbaba.sk\/sk\/kontakt\/","url":"https:\/\/www.lkbaba.sk\/sk\/kontakt\/","name":"Kontakt - Ly\u017eiarske stredisko - Pezinsk\u00e1 Baba - kontaktn\u00fd formul\u00e1r","isPartOf":{"@id":"https:\/\/www.lkbaba.sk\/sk\/#website"},"datePublished":"2016-08-08T13:48:34+00:00","dateModified":"2025-04-25T09:17:23+00:00","description":"Ly\u017eiarsky klub Pezinsk\u00e1 Baba - Telef\u00f3n: 033\/6402312 Adresa: Baba 356 902 01 Pezinok Email: info@lkbaba.sk Prev\u00e1dzkov\u00e1 doba: Denn\u00e9 a ve\u010dern\u00e9 ly\u017eovanie","breadcrumb":{"@id":"https:\/\/www.lkbaba.sk\/sk\/kontakt\/#breadcrumb"},"inLanguage":"sk-SK","potentialAction":[{"@type":"ReadAction","target":["https:\/\/www.lkbaba.sk\/sk\/kontakt\/"]}]},{"@type":"BreadcrumbList","@id":"https:\/\/www.lkbaba.sk\/sk\/kontakt\/#breadcrumb","itemListElement":[{"@type":"ListItem","position":1,"name":"Home","item":"https:\/\/www.lkbaba.sk\/sk\/"},{"@type":"ListItem","position":2,"name":"Kontakt"}]},{"@type":"WebSite","@id":"https:\/\/www.lkbaba.sk\/sk\/#website","url":"https:\/\/www.lkbaba.sk\/sk\/","name":"Ly\u017eiarske stredisko - Pezinsk\u00e1 Baba","description":"","publisher":{"@id":"https:\/\/www.lkbaba.sk\/sk\/#organization"},"potentialAction":[{"@type":"SearchAction","target":{"@type":"EntryPoint","urlTemplate":"https:\/\/www.lkbaba.sk\/sk\/?s={search_term_string}"},"query-input":{"@type":"PropertyValueSpecification","valueRequired":true,"valueName":"search_term_string"}}],"inLanguage":"sk-SK"},{"@type":"Organization","@id":"https:\/\/www.lkbaba.sk\/sk\/#organization","name":"LK BABA","url":"https:\/\/www.lkbaba.sk\/sk\/","logo":{"@type":"ImageObject","inLanguage":"sk-SK","@id":"https:\/\/www.lkbaba.sk\/sk\/#\/schema\/logo\/image\/","url":"https:\/\/www.lkbaba.sk\/sk\/wp-content\/uploads\/2017\/06\/logo.png","contentUrl":"https:\/\/www.lkbaba.sk\/sk\/wp-content\/uploads\/2017\/06\/logo.png","width":600,"height":570,"caption":"LK BABA"},"image":{"@id":"https:\/\/www.lkbaba.sk\/sk\/#\/schema\/logo\/image\/"}}]}},"_links":{"self":[{"href":"https:\/\/www.lkbaba.sk\/sk\/wp-json\/wp\/v2\/pages\/43","targetHints":{"allow":["GET"]}}],"collection":[{"href":"https:\/\/www.lkbaba.sk\/sk\/wp-json\/wp\/v2\/pages"}],"about":[{"href":"https:\/\/www.lkbaba.sk\/sk\/wp-json\/wp\/v2\/types\/page"}],"author":[{"embeddable":true,"href":"https:\/\/www.lkbaba.sk\/sk\/wp-json\/wp\/v2\/users\/1"}],"replies":[{"embeddable":true,"href":"https:\/\/www.lkbaba.sk\/sk\/wp-json\/wp\/v2\/comments?post=43"}],"version-history":[{"count":21,"href":"https:\/\/www.lkbaba.sk\/sk\/wp-json\/wp\/v2\/pages\/43\/revisions"}],"predecessor-version":[{"id":6763,"href":"https:\/\/www.lkbaba.sk\/sk\/wp-json\/wp\/v2\/pages\/43\/revisions\/6763"}],"wp:attachment":[{"href":"https:\/\/www.lkbaba.sk\/sk\/wp-json\/wp\/v2\/media?parent=43"}],"curies":[{"name":"wp","href":"https:\/\/api.w.org\/{rel}","templated":true}]}}