{"id":6023,"date":"2024-04-16T13:17:35","date_gmt":"2024-04-16T11:17:35","guid":{"rendered":"https:\/\/www.lkbaba.sk\/sk\/?page_id=6023"},"modified":"2025-04-25T11:12:23","modified_gmt":"2025-04-25T09:12:23","slug":"babske-traily-prehlasenie-jazdca","status":"publish","type":"page","link":"https:\/\/www.lkbaba.sk\/sk\/babske-traily-prehlasenie-jazdca\/","title":{"rendered":"Babsk\u00e9 traily &#8211; prehl\u00e1senie jazdca"},"content":{"rendered":"\n<p><strong>UPOZORNENIE A PREHL\u00c1SENIE JAZDCA (BIKERA)<\/strong><\/p>\n\n\n\n<p><strong>UPOZOR\u0147UJEME<\/strong> v\u0161etk\u00fdch \u00fa\u010dastn\u00edkov a jazdcov pojazdu spojen\u00e9ho s prev\u00e1dzkou vleku VL1000, \u017ee po\u010das prev\u00e1dzky vleku v <strong>stredisku nie je pr\u00edtomn\u00e1 R\u00fdchla zdravotn\u00e1 pomoc.<\/strong> Organiz\u00e1tor pojazdu, Babsk\u00e9 traily o.z. a prev\u00e1dzkovate\u013e vleku, Ly\u017eiarsky klub Baba \u2013 Pezinok, Baba 356, 902 01 Pezinok <strong>nezodpoved\u00e1 za pr\u00edpadn\u00e9 \u00farazy a ka\u017ed\u00fd \u00fa\u010dastn\u00edk pojazdu na Babsk\u00fdch trailoch a\u00a0v\u00fdvozu vlekom vykon\u00e1va svoje aktivity na vlastn\u00e9 riziko.<\/strong><\/p>\n\n\n\n<p>Svojim podpisom potvrdzujem, \u017ee som bol obozn\u00e1men\u00fd s&nbsp;prev\u00e1dzkov\u00fdm poriadkom, a \u017ee sa dobrovo\u013ene z\u00fa\u010dast\u0148ujem prev\u00e1dzky na vleku VL1000 a&nbsp;nebudem po\u017eadova\u0165 od prev\u00e1dzkovate\u013ea n\u00e1hradu po\u0161kodenia materi\u00e1lu, alebo zdravia pri nezvl\u00e1dnut\u00ed jazdy na vleku, alebo trailoch. Z\u00e1rove\u0148 sa <strong>zav\u00e4zujem dodr\u017eiava\u0165 v\u0161etky pokyny prev\u00e1dzkovate\u013ea a&nbsp;budem ho pravdivo informova\u0165 sk\u00fasenostiach a&nbsp;zisteniach po\u010das prev\u00e1dzky.<\/strong><\/p>\n\n\n\n<p>V pr\u00edpade jazdcov mlad\u0161\u00edch ako 18 rokov PREHL\u00c1SENIE JAZDCA (BIKERA) podpisuje rodi\u010d, alebo z\u00e1konn\u00fd z\u00e1stupca.<\/p>\n\n\n\n<p>Osobn\u00e9 \u00fadaje s\u00fa sprac\u00favan\u00e9 v zmysle \u010dl. 6 ods. 1 p\u00edsm. b) Nariadenia Eur\u00f3pskeho Parlamentu a Rady (E\u00da) 2016\/679 z 27. apr\u00edla 2016 o ochrane fyzick\u00fdch os\u00f4b pri sprac\u00favan\u00ed osobn\u00fdch \u00fadajov a o vo\u013enom pohybe tak\u00fdchto \u00fadajov, ktor\u00fdm sa zru\u0161uje smernica 95\/46\/ES (v\u0161eobecn\u00e9 nariadenie o ochrane \u00fadajov), resp. \u00a7 13 ods. 1 p\u00edsm.b) z\u00e1kona \u010d. 18\/2018 Z.z. o ochrane osobn\u00fdch \u00fadajov a o zmene a doplnen\u00ed niektor\u00fdch z\u00e1konov&#8220;<\/p>\n","protected":false},"excerpt":{"rendered":"<p>UPOZORNENIE A PREHL\u00c1SENIE JAZDCA (BIKERA) UPOZOR\u0147UJEME v\u0161etk\u00fdch \u00fa\u010dastn\u00edkov a jazdcov pojazdu spojen\u00e9ho s prev\u00e1dzkou vleku VL1000, \u017ee po\u010das prev\u00e1dzky vleku v stredisku nie je pr\u00edtomn\u00e1 R\u00fdchla zdravotn\u00e1 pomoc. Organiz\u00e1tor pojazdu, Babsk\u00e9 traily o.z. a prev\u00e1dzkovate\u013e vleku, Ly\u017eiarsky klub Baba \u2013 Pezinok, Baba 356, 902 01 Pezinok nezodpoved\u00e1 za pr\u00edpadn\u00e9 \u00farazy a ka\u017ed\u00fd \u00fa\u010dastn\u00edk pojazdu na [&hellip;]<\/p>\n","protected":false},"author":1,"featured_media":0,"parent":0,"menu_order":0,"comment_status":"closed","ping_status":"closed","template":"","meta":{"footnotes":""},"class_list":["post-6023","page","type-page","status-publish","hentry"],"yoast_head":"<!-- This site is optimized with the Yoast SEO plugin v27.3 - https:\/\/yoast.com\/product\/yoast-seo-wordpress\/ -->\n<title>Babsk\u00e9 traily - prehl\u00e1senie jazdca - Ly\u017eiarske stredisko - Pezinsk\u00e1 Baba<\/title>\n<meta name=\"robots\" content=\"index, follow, max-snippet:-1, max-image-preview:large, max-video-preview:-1\" \/>\n<link rel=\"canonical\" href=\"https:\/\/www.lkbaba.sk\/sk\/babske-traily-prehlasenie-jazdca\/\" \/>\n<meta property=\"og:locale\" content=\"sk_SK\" \/>\n<meta property=\"og:type\" content=\"article\" \/>\n<meta property=\"og:title\" content=\"Babsk\u00e9 traily - prehl\u00e1senie jazdca - Ly\u017eiarske stredisko - Pezinsk\u00e1 Baba\" \/>\n<meta property=\"og:description\" content=\"UPOZORNENIE A PREHL\u00c1SENIE JAZDCA (BIKERA) UPOZOR\u0147UJEME v\u0161etk\u00fdch \u00fa\u010dastn\u00edkov a jazdcov pojazdu spojen\u00e9ho s prev\u00e1dzkou vleku VL1000, \u017ee po\u010das prev\u00e1dzky vleku v stredisku nie je pr\u00edtomn\u00e1 R\u00fdchla zdravotn\u00e1 pomoc. Organiz\u00e1tor pojazdu, Babsk\u00e9 traily o.z. a prev\u00e1dzkovate\u013e vleku, Ly\u017eiarsky klub Baba \u2013 Pezinok, Baba 356, 902 01 Pezinok nezodpoved\u00e1 za pr\u00edpadn\u00e9 \u00farazy a ka\u017ed\u00fd \u00fa\u010dastn\u00edk pojazdu na [&hellip;]\" \/>\n<meta property=\"og:url\" content=\"https:\/\/www.lkbaba.sk\/sk\/babske-traily-prehlasenie-jazdca\/\" \/>\n<meta property=\"og:site_name\" content=\"Ly\u017eiarske stredisko - Pezinsk\u00e1 Baba\" \/>\n<meta property=\"article:modified_time\" content=\"2025-04-25T09:12:23+00:00\" \/>\n<meta name=\"twitter:card\" content=\"summary_large_image\" \/>\n<meta name=\"twitter:label1\" content=\"Predpokladan\u00fd \u010das \u010d\u00edtania\" \/>\n\t<meta name=\"twitter:data1\" content=\"2 min\u00faty\" \/>\n<script type=\"application\/ld+json\" class=\"yoast-schema-graph\">{\"@context\":\"https:\\\/\\\/schema.org\",\"@graph\":[{\"@type\":\"WebPage\",\"@id\":\"https:\\\/\\\/www.lkbaba.sk\\\/sk\\\/babske-traily-prehlasenie-jazdca\\\/\",\"url\":\"https:\\\/\\\/www.lkbaba.sk\\\/sk\\\/babske-traily-prehlasenie-jazdca\\\/\",\"name\":\"Babsk\u00e9 traily - prehl\u00e1senie jazdca - Ly\u017eiarske stredisko - Pezinsk\u00e1 Baba\",\"isPartOf\":{\"@id\":\"https:\\\/\\\/www.lkbaba.sk\\\/sk\\\/#website\"},\"datePublished\":\"2024-04-16T11:17:35+00:00\",\"dateModified\":\"2025-04-25T09:12:23+00:00\",\"breadcrumb\":{\"@id\":\"https:\\\/\\\/www.lkbaba.sk\\\/sk\\\/babske-traily-prehlasenie-jazdca\\\/#breadcrumb\"},\"inLanguage\":\"sk-SK\",\"potentialAction\":[{\"@type\":\"ReadAction\",\"target\":[\"https:\\\/\\\/www.lkbaba.sk\\\/sk\\\/babske-traily-prehlasenie-jazdca\\\/\"]}]},{\"@type\":\"BreadcrumbList\",\"@id\":\"https:\\\/\\\/www.lkbaba.sk\\\/sk\\\/babske-traily-prehlasenie-jazdca\\\/#breadcrumb\",\"itemListElement\":[{\"@type\":\"ListItem\",\"position\":1,\"name\":\"Home\",\"item\":\"https:\\\/\\\/www.lkbaba.sk\\\/sk\\\/\"},{\"@type\":\"ListItem\",\"position\":2,\"name\":\"Babsk\u00e9 traily &#8211; prehl\u00e1senie jazdca\"}]},{\"@type\":\"WebSite\",\"@id\":\"https:\\\/\\\/www.lkbaba.sk\\\/sk\\\/#website\",\"url\":\"https:\\\/\\\/www.lkbaba.sk\\\/sk\\\/\",\"name\":\"Ly\u017eiarske stredisko - Pezinsk\u00e1 Baba\",\"description\":\"\",\"publisher\":{\"@id\":\"https:\\\/\\\/www.lkbaba.sk\\\/sk\\\/#organization\"},\"potentialAction\":[{\"@type\":\"SearchAction\",\"target\":{\"@type\":\"EntryPoint\",\"urlTemplate\":\"https:\\\/\\\/www.lkbaba.sk\\\/sk\\\/?s={search_term_string}\"},\"query-input\":{\"@type\":\"PropertyValueSpecification\",\"valueRequired\":true,\"valueName\":\"search_term_string\"}}],\"inLanguage\":\"sk-SK\"},{\"@type\":\"Organization\",\"@id\":\"https:\\\/\\\/www.lkbaba.sk\\\/sk\\\/#organization\",\"name\":\"LK BABA\",\"url\":\"https:\\\/\\\/www.lkbaba.sk\\\/sk\\\/\",\"logo\":{\"@type\":\"ImageObject\",\"inLanguage\":\"sk-SK\",\"@id\":\"https:\\\/\\\/www.lkbaba.sk\\\/sk\\\/#\\\/schema\\\/logo\\\/image\\\/\",\"url\":\"https:\\\/\\\/www.lkbaba.sk\\\/sk\\\/wp-content\\\/uploads\\\/2017\\\/06\\\/logo.png\",\"contentUrl\":\"https:\\\/\\\/www.lkbaba.sk\\\/sk\\\/wp-content\\\/uploads\\\/2017\\\/06\\\/logo.png\",\"width\":600,\"height\":570,\"caption\":\"LK BABA\"},\"image\":{\"@id\":\"https:\\\/\\\/www.lkbaba.sk\\\/sk\\\/#\\\/schema\\\/logo\\\/image\\\/\"}}]}<\/script>\n<!-- \/ Yoast SEO plugin. -->","yoast_head_json":{"title":"Babsk\u00e9 traily - prehl\u00e1senie jazdca - Ly\u017eiarske stredisko - Pezinsk\u00e1 Baba","robots":{"index":"index","follow":"follow","max-snippet":"max-snippet:-1","max-image-preview":"max-image-preview:large","max-video-preview":"max-video-preview:-1"},"canonical":"https:\/\/www.lkbaba.sk\/sk\/babske-traily-prehlasenie-jazdca\/","og_locale":"sk_SK","og_type":"article","og_title":"Babsk\u00e9 traily - prehl\u00e1senie jazdca - Ly\u017eiarske stredisko - Pezinsk\u00e1 Baba","og_description":"UPOZORNENIE A PREHL\u00c1SENIE JAZDCA (BIKERA) UPOZOR\u0147UJEME v\u0161etk\u00fdch \u00fa\u010dastn\u00edkov a jazdcov pojazdu spojen\u00e9ho s prev\u00e1dzkou vleku VL1000, \u017ee po\u010das prev\u00e1dzky vleku v stredisku nie je pr\u00edtomn\u00e1 R\u00fdchla zdravotn\u00e1 pomoc. Organiz\u00e1tor pojazdu, Babsk\u00e9 traily o.z. a prev\u00e1dzkovate\u013e vleku, Ly\u017eiarsky klub Baba \u2013 Pezinok, Baba 356, 902 01 Pezinok nezodpoved\u00e1 za pr\u00edpadn\u00e9 \u00farazy a ka\u017ed\u00fd \u00fa\u010dastn\u00edk pojazdu na [&hellip;]","og_url":"https:\/\/www.lkbaba.sk\/sk\/babske-traily-prehlasenie-jazdca\/","og_site_name":"Ly\u017eiarske stredisko - Pezinsk\u00e1 Baba","article_modified_time":"2025-04-25T09:12:23+00:00","twitter_card":"summary_large_image","twitter_misc":{"Predpokladan\u00fd \u010das \u010d\u00edtania":"2 min\u00faty"},"schema":{"@context":"https:\/\/schema.org","@graph":[{"@type":"WebPage","@id":"https:\/\/www.lkbaba.sk\/sk\/babske-traily-prehlasenie-jazdca\/","url":"https:\/\/www.lkbaba.sk\/sk\/babske-traily-prehlasenie-jazdca\/","name":"Babsk\u00e9 traily - prehl\u00e1senie jazdca - Ly\u017eiarske stredisko - Pezinsk\u00e1 Baba","isPartOf":{"@id":"https:\/\/www.lkbaba.sk\/sk\/#website"},"datePublished":"2024-04-16T11:17:35+00:00","dateModified":"2025-04-25T09:12:23+00:00","breadcrumb":{"@id":"https:\/\/www.lkbaba.sk\/sk\/babske-traily-prehlasenie-jazdca\/#breadcrumb"},"inLanguage":"sk-SK","potentialAction":[{"@type":"ReadAction","target":["https:\/\/www.lkbaba.sk\/sk\/babske-traily-prehlasenie-jazdca\/"]}]},{"@type":"BreadcrumbList","@id":"https:\/\/www.lkbaba.sk\/sk\/babske-traily-prehlasenie-jazdca\/#breadcrumb","itemListElement":[{"@type":"ListItem","position":1,"name":"Home","item":"https:\/\/www.lkbaba.sk\/sk\/"},{"@type":"ListItem","position":2,"name":"Babsk\u00e9 traily &#8211; prehl\u00e1senie jazdca"}]},{"@type":"WebSite","@id":"https:\/\/www.lkbaba.sk\/sk\/#website","url":"https:\/\/www.lkbaba.sk\/sk\/","name":"Ly\u017eiarske stredisko - Pezinsk\u00e1 Baba","description":"","publisher":{"@id":"https:\/\/www.lkbaba.sk\/sk\/#organization"},"potentialAction":[{"@type":"SearchAction","target":{"@type":"EntryPoint","urlTemplate":"https:\/\/www.lkbaba.sk\/sk\/?s={search_term_string}"},"query-input":{"@type":"PropertyValueSpecification","valueRequired":true,"valueName":"search_term_string"}}],"inLanguage":"sk-SK"},{"@type":"Organization","@id":"https:\/\/www.lkbaba.sk\/sk\/#organization","name":"LK BABA","url":"https:\/\/www.lkbaba.sk\/sk\/","logo":{"@type":"ImageObject","inLanguage":"sk-SK","@id":"https:\/\/www.lkbaba.sk\/sk\/#\/schema\/logo\/image\/","url":"https:\/\/www.lkbaba.sk\/sk\/wp-content\/uploads\/2017\/06\/logo.png","contentUrl":"https:\/\/www.lkbaba.sk\/sk\/wp-content\/uploads\/2017\/06\/logo.png","width":600,"height":570,"caption":"LK BABA"},"image":{"@id":"https:\/\/www.lkbaba.sk\/sk\/#\/schema\/logo\/image\/"}}]}},"_links":{"self":[{"href":"https:\/\/www.lkbaba.sk\/sk\/wp-json\/wp\/v2\/pages\/6023","targetHints":{"allow":["GET"]}}],"collection":[{"href":"https:\/\/www.lkbaba.sk\/sk\/wp-json\/wp\/v2\/pages"}],"about":[{"href":"https:\/\/www.lkbaba.sk\/sk\/wp-json\/wp\/v2\/types\/page"}],"author":[{"embeddable":true,"href":"https:\/\/www.lkbaba.sk\/sk\/wp-json\/wp\/v2\/users\/1"}],"replies":[{"embeddable":true,"href":"https:\/\/www.lkbaba.sk\/sk\/wp-json\/wp\/v2\/comments?post=6023"}],"version-history":[{"count":2,"href":"https:\/\/www.lkbaba.sk\/sk\/wp-json\/wp\/v2\/pages\/6023\/revisions"}],"predecessor-version":[{"id":6760,"href":"https:\/\/www.lkbaba.sk\/sk\/wp-json\/wp\/v2\/pages\/6023\/revisions\/6760"}],"wp:attachment":[{"href":"https:\/\/www.lkbaba.sk\/sk\/wp-json\/wp\/v2\/media?parent=6023"}],"curies":[{"name":"wp","href":"https:\/\/api.w.org\/{rel}","templated":true}]}}