{"id":6025,"date":"2024-04-16T13:19:45","date_gmt":"2024-04-16T11:19:45","guid":{"rendered":"https:\/\/www.lkbaba.sk\/sk\/?page_id=6025"},"modified":"2024-04-16T13:19:47","modified_gmt":"2024-04-16T11:19:47","slug":"babske-traily-prevadzkovy-poriadok","status":"publish","type":"page","link":"https:\/\/www.lkbaba.sk\/sk\/babske-traily-prevadzkovy-poriadok\/","title":{"rendered":"Babsk\u00e9 traily &#8211; Prev\u00e1dzkov\u00fd poriadok"},"content":{"rendered":"\n<p><strong>Pokyny pre \u00fa\u010dastn\u00edkov pojazdu na Babsk\u00fdch trailoch.<\/strong><\/p>\n\n\n\n<ol class=\"wp-block-list\">\n<li>Cyklista (biker) je pri n\u00e1kupe zodpovedn\u00fd za spr\u00e1vny v\u00fdber l\u00edstka pod\u013ea aktu\u00e1lne platn\u00e9ho cenn\u00edka.<\/li>\n\n\n\n<li><strong>Pred zak\u00fapen\u00edm l\u00edstka je cyklista povinn\u00fd obozn\u00e1mi\u0165 sa s\u00a0n\u00e1v\u0161tevn\u00fdm a\u00a0prev\u00e1dzkov\u00fdm poriadkom a\u00a0je povinn\u00fd podp\u00edsa\u0165 prehl\u00e1senie bikera, \u010d\u00edm s\u00a0n\u00edm s\u00fahlas\u00ed a sa zav\u00e4zuje dodr\u017eiava\u0165 ho. V\u00a0prehl\u00e1sen\u00ed bikera uvedie svoje osobn\u00e9 \u00fadaje, ktor\u00e9 bud\u00fa spracovan\u00e9 v\u00a0zmysle platn\u00fdch nariaden\u00ed. V\u00a0opa\u010dnom pr\u00edpade mu nebude vydan\u00fd l\u00edstok a\u00a0neumo\u017enen\u00e1 preprava na vleku.<\/strong><\/li>\n\n\n\n<li>Pri zak\u00fapen\u00ed je kupuj\u00faci povinn\u00fd ihne\u010f skontrolova\u0165 spr\u00e1vnos\u0165 vydan\u00e9ho l\u00edstka, oneskoren\u00e9 reklam\u00e1cie nebud\u00fa uznan\u00e9.<\/li>\n\n\n\n<li>Za platnos\u0165 l\u00edstkov zak\u00fapen\u00fdch mimo ofici\u00e1lneho predaja strediska prev\u00e1dzkovate\u013e nezodpoved\u00e1.<\/li>\n\n\n\n<li>L\u00edstok je neprenosn\u00fd &#8211; l\u00edstok smie pou\u017e\u00edva\u0165 len jedna osoba.<\/li>\n\n\n\n<li><strong>Cyklista je povinn\u00fd riadi\u0165 sa pokynmi obsluhy vlekov a\u00a0dodr\u017eiava\u0165 v\u0161etky pr\u00edkazov\u00e9 a\u00a0z\u00e1kazov\u00e9 tabule. Pri nevhodnom spr\u00e1van\u00ed sa a\u00a0neuposl\u00fachnut\u00ed pokynov je obsluha vleku opr\u00e1vnen\u00e1 neumo\u017eni\u0165 pou\u017eitie vleku bez n\u00e1hrady.<\/strong><\/li>\n\n\n\n<li><strong>Preprava (v\u00fdvoz bikerov) na vleku sa uskuto\u010d\u0148uje prostredn\u00edctvom uchytenia z\u00e1vesu za predstavec bicykla, alebo opret\u00edm o\u00a0telo v\u00a0pr\u00edpade kotvy. Predstavec je potrebn\u00e9 ma\u0165 vo\u013en\u00fd bez \u010fal\u0161\u00edch \u00fachytov (mobil, svetlo a\u00a0in\u00e9.) aby nepri\u0161lo k\u00a0ich po\u0161kodeniu.<\/strong><\/li>\n\n\n\n<li><strong>Pri preprave na vleku je najv\u00fdhodnej\u0161ie zasun\u00fa\u0165 sedadlo \u010do najni\u017e\u0161ie. Pri n\u00e1stupe sa zachyt\u00ed un\u00e1\u0161acie lanko za predstavec a\u00a0pri vystupovan\u00ed na konci vleku ho jazdec s\u00e1m uvo\u013en\u00ed potiahnut\u00edm za popruh, alebo pevn\u00fa \u010das\u0165 kotvy.<\/strong><\/li>\n\n\n\n<li>V\u00a0pr\u00edpade p\u00e1du jazdec \u010do najr\u00fdchlej\u0161ie opust\u00ed stopu aj s\u00a0bicyklom.<\/li>\n\n\n\n<li>Cyklista je povinn\u00fd po vyzvan\u00ed predlo\u017ei\u0165 platn\u00fd l\u00edstok obsluhe vleku a\u00a0opr\u00e1vnen\u00fdm osob\u00e1m, pri nastupovan\u00ed, ale aj vystupovan\u00ed z\u00a0vleku. V\u00a0pr\u00edpade l\u00edstkov na meno je povinn\u00fd na vyzvanie obsluhy sa taktie\u017e preuk\u00e1za\u0165 platn\u00fdm dokladom toto\u017enosti s fotkou.<\/li>\n\n\n\n<li>Jazdn\u00e9 sa nevracia\u00a0 &#8211; Pri nevhodn\u00fdch poveternostn\u00fdch podmienkach, preru\u0161en\u00ed prev\u00e1dzky, v pr\u00edpade poruchy vleku sp\u00f4sobenej nevhodn\u00fdm spr\u00e1van\u00edm sa cyklistov na vleku, v\u00fdpadku dod\u00e1vky elektrick\u00e9ho pr\u00fadu. Ani pri skor\u0161om odjazde sa neposkytuje \u017eiadna n\u00e1hrada, nie je mo\u017en\u00e9 ani pred\u013a\u017eenie platnosti l\u00edstka.<\/li>\n\n\n\n<li>Pre n\u00e1hradu ceny l\u00edstka pri \u00faraze je potrebn\u00e9 predlo\u017ei\u0165 potvrdenie od lek\u00e1ra! N\u00e1hrada jazdn\u00e9ho sa rie\u0161i individu\u00e1lne pod\u013ea vyu\u017eitia l\u00edstka.<\/li>\n\n\n\n<li>Fal\u0161ovanie a\u00a0pozme\u0148ovanie l\u00edstkov alebo n\u00e1lepiek k\u00a0l\u00edstkom je trestn\u00e9 \u2013 obsluha je povinn\u00e1 okam\u017eite odobra\u0165 tak\u00fdto l\u00edstok a\u00a0hl\u00e1si\u0165 ved\u00facemu strediska na \u010fal\u0161ie \u0161etrenie.<\/li>\n\n\n\n<li>Kri\u017eovanie (slalomovanie) a vybo\u010dovanie zo stopy, chytanie un\u00e1\u0161a\u010dov na trati vleku, h\u00fapanie sa na un\u00e1\u0161a\u010doch a\u00a0po\u0161kodzovanie un\u00e1\u0161a\u010dov alebo s\u00fa\u010dast\u00ed vleku je \u017eivotu nebezpe\u010dn\u00e9.<\/li>\n\n\n\n<li>Skupinov\u00e9 l\u00edstky kupuje a plat\u00ed jedna osoba (ved\u00faci skupiny) a\u00a0je zodpovedn\u00e1 za riadne vyplnenie prehl\u00e1senia bikera a nalepenie kontroln\u00fdch n\u00e1lepiek.<\/li>\n\n\n\n<li><strong>K\u00fapou l\u00edstka sa kupuj\u00faci zav\u00e4zuje re\u0161pektova\u0165 a dodr\u017eiava\u0165 platn\u00e9 tarifn\u00e9 a prepravn\u00e9 podmienky a\u00a0z\u00e1rove\u0148<\/strong><strong>s\u00fahlas\u00ed s\u00a0t\u00fdmito podmienkami.<\/strong><\/li>\n<\/ol>\n\n\n\n<p><strong>Upozornenie<\/strong><\/p>\n\n\n\n<ol class=\"wp-block-list\">\n<li>Jazda bicyklom na vleku a po vyzna\u010den\u00fdch cyklotras\u00e1ch je na vlastn\u00e9 nebezpe\u010die.<\/li>\n\n\n\n<li>N\u00e1v\u0161tevn\u00edk strediska je povinn\u00fd pohybova\u0165 sa len po vyzna\u010den\u00fdch cyklotras\u00e1ch a\u00a0miestach na to ur\u010den\u00fdch a\u00a0z\u00e1rove\u0148 re\u0161pektova\u0165 v\u0161etky pokyny prev\u00e1dzkovate\u013ea na jeho pozemkoch, a\u00a0ostatn\u00fdch majite\u013eov, alebo spr\u00e1vcov pozemkov po ktor\u00fdch sa pohybuje.<\/li>\n\n\n\n<li>Prev\u00e1dzkovate\u013e nezodpoved\u00e1 za \u00farazy vzniknut\u00e9 neprisp\u00f4soben\u00edm jazdy svojim schopnostiam a\u00a0stavu cyklotr\u00e1s (ter\u00e9nu). V\u00a0pr\u00edpade \u00farazu na cyklotras\u00e1ch treba vola\u0165 z\u00e1chrann\u00fa slu\u017ebu 112, alebo 155.<\/li>\n\n\n\n<li>Prev\u00e1dzkovate\u013e vlekov nezodpoved\u00e1 za po\u0161kodenie bicykla, alebo v\u00fdstroje cyklistov.<\/li>\n<\/ol>\n\n\n\n<p>Za pochopenie \u010fakujeme Ly\u017eiarsky klub BABA &#8211; Pezinok<\/p>\n","protected":false},"excerpt":{"rendered":"<p>Pokyny pre \u00fa\u010dastn\u00edkov pojazdu na Babsk\u00fdch trailoch. Upozornenie Za pochopenie \u010fakujeme Ly\u017eiarsky klub BABA &#8211; Pezinok<\/p>\n","protected":false},"author":1,"featured_media":0,"parent":0,"menu_order":0,"comment_status":"closed","ping_status":"closed","template":"","meta":{"footnotes":""},"class_list":["post-6025","page","type-page","status-publish","hentry"],"yoast_head":"<!-- This site is optimized with the Yoast SEO plugin v27.3 - https:\/\/yoast.com\/product\/yoast-seo-wordpress\/ -->\n<title>Babsk\u00e9 traily - Prev\u00e1dzkov\u00fd poriadok - Ly\u017eiarske stredisko - Pezinsk\u00e1 Baba<\/title>\n<meta name=\"robots\" content=\"index, follow, max-snippet:-1, max-image-preview:large, max-video-preview:-1\" \/>\n<link rel=\"canonical\" href=\"https:\/\/www.lkbaba.sk\/sk\/babske-traily-prevadzkovy-poriadok\/\" \/>\n<meta property=\"og:locale\" content=\"sk_SK\" \/>\n<meta property=\"og:type\" content=\"article\" \/>\n<meta property=\"og:title\" content=\"Babsk\u00e9 traily - Prev\u00e1dzkov\u00fd poriadok - Ly\u017eiarske stredisko - Pezinsk\u00e1 Baba\" \/>\n<meta property=\"og:description\" content=\"Pokyny pre \u00fa\u010dastn\u00edkov pojazdu na Babsk\u00fdch trailoch. Upozornenie Za pochopenie \u010fakujeme Ly\u017eiarsky klub BABA &#8211; Pezinok\" \/>\n<meta property=\"og:url\" content=\"https:\/\/www.lkbaba.sk\/sk\/babske-traily-prevadzkovy-poriadok\/\" \/>\n<meta property=\"og:site_name\" content=\"Ly\u017eiarske stredisko - Pezinsk\u00e1 Baba\" \/>\n<meta property=\"article:modified_time\" content=\"2024-04-16T11:19:47+00:00\" \/>\n<meta name=\"twitter:card\" content=\"summary_large_image\" \/>\n<meta name=\"twitter:label1\" content=\"Predpokladan\u00fd \u010das \u010d\u00edtania\" \/>\n\t<meta name=\"twitter:data1\" content=\"3 min\u00faty\" \/>\n<script type=\"application\/ld+json\" class=\"yoast-schema-graph\">{\"@context\":\"https:\\\/\\\/schema.org\",\"@graph\":[{\"@type\":\"WebPage\",\"@id\":\"https:\\\/\\\/www.lkbaba.sk\\\/sk\\\/babske-traily-prevadzkovy-poriadok\\\/\",\"url\":\"https:\\\/\\\/www.lkbaba.sk\\\/sk\\\/babske-traily-prevadzkovy-poriadok\\\/\",\"name\":\"Babsk\u00e9 traily - Prev\u00e1dzkov\u00fd poriadok - Ly\u017eiarske stredisko - Pezinsk\u00e1 Baba\",\"isPartOf\":{\"@id\":\"https:\\\/\\\/www.lkbaba.sk\\\/sk\\\/#website\"},\"datePublished\":\"2024-04-16T11:19:45+00:00\",\"dateModified\":\"2024-04-16T11:19:47+00:00\",\"breadcrumb\":{\"@id\":\"https:\\\/\\\/www.lkbaba.sk\\\/sk\\\/babske-traily-prevadzkovy-poriadok\\\/#breadcrumb\"},\"inLanguage\":\"sk-SK\",\"potentialAction\":[{\"@type\":\"ReadAction\",\"target\":[\"https:\\\/\\\/www.lkbaba.sk\\\/sk\\\/babske-traily-prevadzkovy-poriadok\\\/\"]}]},{\"@type\":\"BreadcrumbList\",\"@id\":\"https:\\\/\\\/www.lkbaba.sk\\\/sk\\\/babske-traily-prevadzkovy-poriadok\\\/#breadcrumb\",\"itemListElement\":[{\"@type\":\"ListItem\",\"position\":1,\"name\":\"Home\",\"item\":\"https:\\\/\\\/www.lkbaba.sk\\\/sk\\\/\"},{\"@type\":\"ListItem\",\"position\":2,\"name\":\"Babsk\u00e9 traily &#8211; Prev\u00e1dzkov\u00fd poriadok\"}]},{\"@type\":\"WebSite\",\"@id\":\"https:\\\/\\\/www.lkbaba.sk\\\/sk\\\/#website\",\"url\":\"https:\\\/\\\/www.lkbaba.sk\\\/sk\\\/\",\"name\":\"Ly\u017eiarske stredisko - Pezinsk\u00e1 Baba\",\"description\":\"\",\"publisher\":{\"@id\":\"https:\\\/\\\/www.lkbaba.sk\\\/sk\\\/#organization\"},\"potentialAction\":[{\"@type\":\"SearchAction\",\"target\":{\"@type\":\"EntryPoint\",\"urlTemplate\":\"https:\\\/\\\/www.lkbaba.sk\\\/sk\\\/?s={search_term_string}\"},\"query-input\":{\"@type\":\"PropertyValueSpecification\",\"valueRequired\":true,\"valueName\":\"search_term_string\"}}],\"inLanguage\":\"sk-SK\"},{\"@type\":\"Organization\",\"@id\":\"https:\\\/\\\/www.lkbaba.sk\\\/sk\\\/#organization\",\"name\":\"LK BABA\",\"url\":\"https:\\\/\\\/www.lkbaba.sk\\\/sk\\\/\",\"logo\":{\"@type\":\"ImageObject\",\"inLanguage\":\"sk-SK\",\"@id\":\"https:\\\/\\\/www.lkbaba.sk\\\/sk\\\/#\\\/schema\\\/logo\\\/image\\\/\",\"url\":\"https:\\\/\\\/www.lkbaba.sk\\\/sk\\\/wp-content\\\/uploads\\\/2017\\\/06\\\/logo.png\",\"contentUrl\":\"https:\\\/\\\/www.lkbaba.sk\\\/sk\\\/wp-content\\\/uploads\\\/2017\\\/06\\\/logo.png\",\"width\":600,\"height\":570,\"caption\":\"LK BABA\"},\"image\":{\"@id\":\"https:\\\/\\\/www.lkbaba.sk\\\/sk\\\/#\\\/schema\\\/logo\\\/image\\\/\"}}]}<\/script>\n<!-- \/ Yoast SEO plugin. -->","yoast_head_json":{"title":"Babsk\u00e9 traily - Prev\u00e1dzkov\u00fd poriadok - Ly\u017eiarske stredisko - Pezinsk\u00e1 Baba","robots":{"index":"index","follow":"follow","max-snippet":"max-snippet:-1","max-image-preview":"max-image-preview:large","max-video-preview":"max-video-preview:-1"},"canonical":"https:\/\/www.lkbaba.sk\/sk\/babske-traily-prevadzkovy-poriadok\/","og_locale":"sk_SK","og_type":"article","og_title":"Babsk\u00e9 traily - Prev\u00e1dzkov\u00fd poriadok - Ly\u017eiarske stredisko - Pezinsk\u00e1 Baba","og_description":"Pokyny pre \u00fa\u010dastn\u00edkov pojazdu na Babsk\u00fdch trailoch. Upozornenie Za pochopenie \u010fakujeme Ly\u017eiarsky klub BABA &#8211; Pezinok","og_url":"https:\/\/www.lkbaba.sk\/sk\/babske-traily-prevadzkovy-poriadok\/","og_site_name":"Ly\u017eiarske stredisko - Pezinsk\u00e1 Baba","article_modified_time":"2024-04-16T11:19:47+00:00","twitter_card":"summary_large_image","twitter_misc":{"Predpokladan\u00fd \u010das \u010d\u00edtania":"3 min\u00faty"},"schema":{"@context":"https:\/\/schema.org","@graph":[{"@type":"WebPage","@id":"https:\/\/www.lkbaba.sk\/sk\/babske-traily-prevadzkovy-poriadok\/","url":"https:\/\/www.lkbaba.sk\/sk\/babske-traily-prevadzkovy-poriadok\/","name":"Babsk\u00e9 traily - Prev\u00e1dzkov\u00fd poriadok - Ly\u017eiarske stredisko - Pezinsk\u00e1 Baba","isPartOf":{"@id":"https:\/\/www.lkbaba.sk\/sk\/#website"},"datePublished":"2024-04-16T11:19:45+00:00","dateModified":"2024-04-16T11:19:47+00:00","breadcrumb":{"@id":"https:\/\/www.lkbaba.sk\/sk\/babske-traily-prevadzkovy-poriadok\/#breadcrumb"},"inLanguage":"sk-SK","potentialAction":[{"@type":"ReadAction","target":["https:\/\/www.lkbaba.sk\/sk\/babske-traily-prevadzkovy-poriadok\/"]}]},{"@type":"BreadcrumbList","@id":"https:\/\/www.lkbaba.sk\/sk\/babske-traily-prevadzkovy-poriadok\/#breadcrumb","itemListElement":[{"@type":"ListItem","position":1,"name":"Home","item":"https:\/\/www.lkbaba.sk\/sk\/"},{"@type":"ListItem","position":2,"name":"Babsk\u00e9 traily &#8211; Prev\u00e1dzkov\u00fd poriadok"}]},{"@type":"WebSite","@id":"https:\/\/www.lkbaba.sk\/sk\/#website","url":"https:\/\/www.lkbaba.sk\/sk\/","name":"Ly\u017eiarske stredisko - Pezinsk\u00e1 Baba","description":"","publisher":{"@id":"https:\/\/www.lkbaba.sk\/sk\/#organization"},"potentialAction":[{"@type":"SearchAction","target":{"@type":"EntryPoint","urlTemplate":"https:\/\/www.lkbaba.sk\/sk\/?s={search_term_string}"},"query-input":{"@type":"PropertyValueSpecification","valueRequired":true,"valueName":"search_term_string"}}],"inLanguage":"sk-SK"},{"@type":"Organization","@id":"https:\/\/www.lkbaba.sk\/sk\/#organization","name":"LK BABA","url":"https:\/\/www.lkbaba.sk\/sk\/","logo":{"@type":"ImageObject","inLanguage":"sk-SK","@id":"https:\/\/www.lkbaba.sk\/sk\/#\/schema\/logo\/image\/","url":"https:\/\/www.lkbaba.sk\/sk\/wp-content\/uploads\/2017\/06\/logo.png","contentUrl":"https:\/\/www.lkbaba.sk\/sk\/wp-content\/uploads\/2017\/06\/logo.png","width":600,"height":570,"caption":"LK BABA"},"image":{"@id":"https:\/\/www.lkbaba.sk\/sk\/#\/schema\/logo\/image\/"}}]}},"_links":{"self":[{"href":"https:\/\/www.lkbaba.sk\/sk\/wp-json\/wp\/v2\/pages\/6025","targetHints":{"allow":["GET"]}}],"collection":[{"href":"https:\/\/www.lkbaba.sk\/sk\/wp-json\/wp\/v2\/pages"}],"about":[{"href":"https:\/\/www.lkbaba.sk\/sk\/wp-json\/wp\/v2\/types\/page"}],"author":[{"embeddable":true,"href":"https:\/\/www.lkbaba.sk\/sk\/wp-json\/wp\/v2\/users\/1"}],"replies":[{"embeddable":true,"href":"https:\/\/www.lkbaba.sk\/sk\/wp-json\/wp\/v2\/comments?post=6025"}],"version-history":[{"count":1,"href":"https:\/\/www.lkbaba.sk\/sk\/wp-json\/wp\/v2\/pages\/6025\/revisions"}],"predecessor-version":[{"id":6026,"href":"https:\/\/www.lkbaba.sk\/sk\/wp-json\/wp\/v2\/pages\/6025\/revisions\/6026"}],"wp:attachment":[{"href":"https:\/\/www.lkbaba.sk\/sk\/wp-json\/wp\/v2\/media?parent=6025"}],"curies":[{"name":"wp","href":"https:\/\/api.w.org\/{rel}","templated":true}]}}