{"id":7601,"date":"2026-04-08T13:32:37","date_gmt":"2026-04-08T11:32:37","guid":{"rendered":"https:\/\/www.lkbaba.sk\/sk\/?page_id=7601"},"modified":"2026-04-08T13:36:55","modified_gmt":"2026-04-08T11:36:55","slug":"babske-traily-prevadzka-vleku-v-roku-2026","status":"publish","type":"page","link":"https:\/\/www.lkbaba.sk\/sk\/babske-traily-prevadzka-vleku-v-roku-2026\/","title":{"rendered":"Babsk\u00e9 traily &#8211; prev\u00e1dzka vleku v roku 2026"},"content":{"rendered":"\n<h3 class=\"wp-block-heading has-text-align-center\">Pl\u00e1novan\u00e1 prev\u00e1dzka vleku VL 1000 pre cyklistov na Pezinskej Babe v roku 2026<\/h3>\n\n\n\n<div class=\"wp-block-columns is-layout-flex wp-container-core-columns-is-layout-9d6595d7 wp-block-columns-is-layout-flex\">\n<div class=\"wp-block-column is-layout-flow wp-block-column-is-layout-flow\">\n<p class=\"has-text-align-center\"><a href=\"https:\/\/www.lkbaba.sk\/sk\/obchod\/\">11.4.2026<\/a><\/p>\n\n\n\n<p class=\"has-text-align-center\"><a href=\"https:\/\/www.lkbaba.sk\/sk\/obchod\/\">26.4.2026<\/a><\/p>\n\n\n\n<p class=\"has-text-align-center\"><a href=\"https:\/\/www.lkbaba.sk\/sk\/obchod\/\">9.5.2026<\/a><\/p>\n\n\n\n<p class=\"has-text-align-center\"><a href=\"https:\/\/www.lkbaba.sk\/sk\/obchod\/\">24.5.2026<\/a><\/p>\n\n\n\n<p class=\"has-text-align-center\"><a href=\"https:\/\/www.lkbaba.sk\/sk\/obchod\/\">7.6.2026<\/a><\/p>\n<\/div>\n\n\n\n<div class=\"wp-block-column is-layout-flow wp-block-column-is-layout-flow\">\n<p class=\"has-text-align-center\"><a href=\"https:\/\/www.lkbaba.sk\/sk\/obchod\/\">21.6.2026<\/a><\/p>\n\n\n\n<p class=\"has-text-align-center\"><a href=\"https:\/\/www.lkbaba.sk\/sk\/obchod\/\">4.7.2026<\/a><\/p>\n\n\n\n<p class=\"has-text-align-center\"><a href=\"https:\/\/www.lkbaba.sk\/sk\/obchod\/\">19.7.2026<\/a><\/p>\n\n\n\n<p class=\"has-text-align-center\"><a href=\"https:\/\/www.lkbaba.sk\/sk\/obchod\/\">1.8.2026<\/a><\/p>\n\n\n\n<p class=\"has-text-align-center\"><a href=\"https:\/\/www.lkbaba.sk\/sk\/obchod\/\">16.8.2026<\/a><\/p>\n<\/div>\n\n\n\n<div class=\"wp-block-column is-layout-flow wp-block-column-is-layout-flow\">\n<p class=\"has-text-align-center\"><a href=\"https:\/\/www.lkbaba.sk\/sk\/obchod\/\">29.8.2026<\/a><\/p>\n\n\n\n<p class=\"has-text-align-center\"><a href=\"https:\/\/www.lkbaba.sk\/sk\/obchod\/\">13.9.2026<\/a><\/p>\n\n\n\n<p class=\"has-text-align-center\"><a href=\"https:\/\/www.lkbaba.sk\/sk\/obchod\/\">26.9.2026<\/a><\/p>\n\n\n\n<p class=\"has-text-align-center\"><a href=\"https:\/\/www.lkbaba.sk\/sk\/obchod\/\">11.10.2026<\/a><\/p>\n\n\n\n<p class=\"has-text-align-center\"><a href=\"https:\/\/www.lkbaba.sk\/sk\/obchod\/\">24.10.2026<\/a><\/p>\n<\/div>\n<\/div>\n\n\n\n<p>V pr\u00edpade nepriazniv\u00e9ho po\u010dasia, alebo in\u00fdch objekt\u00edvnych skuto\u010dnost\u00ed m\u00f4\u017ee by\u0165 prev\u00e1dzka zru\u0161en\u00e1, alebo presunut\u00e1 na in\u00fd term\u00edn. Sledujte pros\u00edme aktu\u00e1lne inform\u00e1cie pred pl\u00e1novanou prev\u00e1dzkou.<\/p>\n\n\n<div class=\"wp-block-image\">\n<figure class=\"aligncenter size-full\"><img loading=\"lazy\" decoding=\"async\" width=\"960\" height=\"540\" src=\"https:\/\/www.lkbaba.sk\/sk\/wp-content\/uploads\/2024\/07\/Baba-15-6-2024-pojazd.jpg\" alt=\"\" class=\"wp-image-6184\" srcset=\"https:\/\/www.lkbaba.sk\/sk\/wp-content\/uploads\/2024\/07\/Baba-15-6-2024-pojazd.jpg 960w, https:\/\/www.lkbaba.sk\/sk\/wp-content\/uploads\/2024\/07\/Baba-15-6-2024-pojazd-300x169.jpg 300w, https:\/\/www.lkbaba.sk\/sk\/wp-content\/uploads\/2024\/07\/Baba-15-6-2024-pojazd-768x432.jpg 768w, https:\/\/www.lkbaba.sk\/sk\/wp-content\/uploads\/2024\/07\/Baba-15-6-2024-pojazd-314x177.jpg 314w\" sizes=\"auto, (max-width: 960px) 100vw, 960px\" \/><\/figure><\/div>\n\n\n<p><\/p>\n","protected":false},"excerpt":{"rendered":"<p>Pl\u00e1novan\u00e1 prev\u00e1dzka vleku VL 1000 pre cyklistov na Pezinskej Babe v roku 2026 11.4.2026 26.4.2026 9.5.2026 24.5.2026 7.6.2026 21.6.2026 4.7.2026 19.7.2026 1.8.2026 16.8.2026 29.8.2026 13.9.2026 26.9.2026 11.10.2026 24.10.2026 V pr\u00edpade nepriazniv\u00e9ho po\u010dasia, alebo in\u00fdch objekt\u00edvnych skuto\u010dnost\u00ed m\u00f4\u017ee by\u0165 prev\u00e1dzka zru\u0161en\u00e1, alebo presunut\u00e1 na in\u00fd term\u00edn. Sledujte pros\u00edme aktu\u00e1lne inform\u00e1cie pred pl\u00e1novanou prev\u00e1dzkou.<\/p>\n","protected":false},"author":1,"featured_media":0,"parent":0,"menu_order":0,"comment_status":"closed","ping_status":"closed","template":"","meta":{"footnotes":""},"class_list":["post-7601","page","type-page","status-publish","hentry"],"yoast_head":"<!-- This site is optimized with the Yoast SEO plugin v26.2 - https:\/\/yoast.com\/wordpress\/plugins\/seo\/ -->\n<title>Babsk\u00e9 traily - prev\u00e1dzka vleku v roku 2026 - Ly\u017eiarske stredisko - Pezinsk\u00e1 Baba<\/title>\n<meta name=\"robots\" content=\"index, follow, max-snippet:-1, max-image-preview:large, max-video-preview:-1\" \/>\n<link rel=\"canonical\" href=\"https:\/\/www.lkbaba.sk\/sk\/babske-traily-prevadzka-vleku-v-roku-2026\/\" \/>\n<meta property=\"og:locale\" content=\"sk_SK\" \/>\n<meta property=\"og:type\" content=\"article\" \/>\n<meta property=\"og:title\" content=\"Babsk\u00e9 traily - prev\u00e1dzka vleku v roku 2026 - Ly\u017eiarske stredisko - Pezinsk\u00e1 Baba\" \/>\n<meta property=\"og:description\" content=\"Pl\u00e1novan\u00e1 prev\u00e1dzka vleku VL 1000 pre cyklistov na Pezinskej Babe v roku 2026 11.4.2026 26.4.2026 9.5.2026 24.5.2026 7.6.2026 21.6.2026 4.7.2026 19.7.2026 1.8.2026 16.8.2026 29.8.2026 13.9.2026 26.9.2026 11.10.2026 24.10.2026 V pr\u00edpade nepriazniv\u00e9ho po\u010dasia, alebo in\u00fdch objekt\u00edvnych skuto\u010dnost\u00ed m\u00f4\u017ee by\u0165 prev\u00e1dzka zru\u0161en\u00e1, alebo presunut\u00e1 na in\u00fd term\u00edn. Sledujte pros\u00edme aktu\u00e1lne inform\u00e1cie pred pl\u00e1novanou prev\u00e1dzkou.\" \/>\n<meta property=\"og:url\" content=\"https:\/\/www.lkbaba.sk\/sk\/babske-traily-prevadzka-vleku-v-roku-2026\/\" \/>\n<meta property=\"og:site_name\" content=\"Ly\u017eiarske stredisko - Pezinsk\u00e1 Baba\" \/>\n<meta property=\"article:modified_time\" content=\"2026-04-08T11:36:55+00:00\" \/>\n<meta property=\"og:image\" content=\"https:\/\/www.lkbaba.sk\/sk\/wp-content\/uploads\/2024\/07\/Baba-15-6-2024-pojazd.jpg\" \/>\n\t<meta property=\"og:image:width\" content=\"960\" \/>\n\t<meta property=\"og:image:height\" content=\"540\" \/>\n\t<meta property=\"og:image:type\" content=\"image\/jpeg\" \/>\n<meta name=\"twitter:card\" content=\"summary_large_image\" \/>\n<meta name=\"twitter:label1\" content=\"Predpokladan\u00fd \u010das \u010d\u00edtania\" \/>\n\t<meta name=\"twitter:data1\" content=\"1 min\u00fata\" \/>\n<script type=\"application\/ld+json\" class=\"yoast-schema-graph\">{\"@context\":\"https:\/\/schema.org\",\"@graph\":[{\"@type\":\"WebPage\",\"@id\":\"https:\/\/www.lkbaba.sk\/sk\/babske-traily-prevadzka-vleku-v-roku-2026\/\",\"url\":\"https:\/\/www.lkbaba.sk\/sk\/babske-traily-prevadzka-vleku-v-roku-2026\/\",\"name\":\"Babsk\u00e9 traily - prev\u00e1dzka vleku v roku 2026 - Ly\u017eiarske stredisko - Pezinsk\u00e1 Baba\",\"isPartOf\":{\"@id\":\"https:\/\/www.lkbaba.sk\/sk\/#website\"},\"primaryImageOfPage\":{\"@id\":\"https:\/\/www.lkbaba.sk\/sk\/babske-traily-prevadzka-vleku-v-roku-2026\/#primaryimage\"},\"image\":{\"@id\":\"https:\/\/www.lkbaba.sk\/sk\/babske-traily-prevadzka-vleku-v-roku-2026\/#primaryimage\"},\"thumbnailUrl\":\"https:\/\/www.lkbaba.sk\/sk\/wp-content\/uploads\/2024\/07\/Baba-15-6-2024-pojazd.jpg\",\"datePublished\":\"2026-04-08T11:32:37+00:00\",\"dateModified\":\"2026-04-08T11:36:55+00:00\",\"breadcrumb\":{\"@id\":\"https:\/\/www.lkbaba.sk\/sk\/babske-traily-prevadzka-vleku-v-roku-2026\/#breadcrumb\"},\"inLanguage\":\"sk-SK\",\"potentialAction\":[{\"@type\":\"ReadAction\",\"target\":[\"https:\/\/www.lkbaba.sk\/sk\/babske-traily-prevadzka-vleku-v-roku-2026\/\"]}]},{\"@type\":\"ImageObject\",\"inLanguage\":\"sk-SK\",\"@id\":\"https:\/\/www.lkbaba.sk\/sk\/babske-traily-prevadzka-vleku-v-roku-2026\/#primaryimage\",\"url\":\"https:\/\/www.lkbaba.sk\/sk\/wp-content\/uploads\/2024\/07\/Baba-15-6-2024-pojazd.jpg\",\"contentUrl\":\"https:\/\/www.lkbaba.sk\/sk\/wp-content\/uploads\/2024\/07\/Baba-15-6-2024-pojazd.jpg\",\"width\":960,\"height\":540},{\"@type\":\"BreadcrumbList\",\"@id\":\"https:\/\/www.lkbaba.sk\/sk\/babske-traily-prevadzka-vleku-v-roku-2026\/#breadcrumb\",\"itemListElement\":[{\"@type\":\"ListItem\",\"position\":1,\"name\":\"Home\",\"item\":\"https:\/\/www.lkbaba.sk\/sk\/\"},{\"@type\":\"ListItem\",\"position\":2,\"name\":\"Babsk\u00e9 traily &#8211; prev\u00e1dzka vleku v roku 2026\"}]},{\"@type\":\"WebSite\",\"@id\":\"https:\/\/www.lkbaba.sk\/sk\/#website\",\"url\":\"https:\/\/www.lkbaba.sk\/sk\/\",\"name\":\"Ly\u017eiarske stredisko - Pezinsk\u00e1 Baba\",\"description\":\"\",\"publisher\":{\"@id\":\"https:\/\/www.lkbaba.sk\/sk\/#organization\"},\"potentialAction\":[{\"@type\":\"SearchAction\",\"target\":{\"@type\":\"EntryPoint\",\"urlTemplate\":\"https:\/\/www.lkbaba.sk\/sk\/?s={search_term_string}\"},\"query-input\":{\"@type\":\"PropertyValueSpecification\",\"valueRequired\":true,\"valueName\":\"search_term_string\"}}],\"inLanguage\":\"sk-SK\"},{\"@type\":\"Organization\",\"@id\":\"https:\/\/www.lkbaba.sk\/sk\/#organization\",\"name\":\"LK BABA\",\"url\":\"https:\/\/www.lkbaba.sk\/sk\/\",\"logo\":{\"@type\":\"ImageObject\",\"inLanguage\":\"sk-SK\",\"@id\":\"https:\/\/www.lkbaba.sk\/sk\/#\/schema\/logo\/image\/\",\"url\":\"https:\/\/www.lkbaba.sk\/sk\/wp-content\/uploads\/2017\/06\/logo.png\",\"contentUrl\":\"https:\/\/www.lkbaba.sk\/sk\/wp-content\/uploads\/2017\/06\/logo.png\",\"width\":600,\"height\":570,\"caption\":\"LK BABA\"},\"image\":{\"@id\":\"https:\/\/www.lkbaba.sk\/sk\/#\/schema\/logo\/image\/\"}}]}<\/script>\n<!-- \/ Yoast SEO plugin. -->","yoast_head_json":{"title":"Babsk\u00e9 traily - prev\u00e1dzka vleku v roku 2026 - Ly\u017eiarske stredisko - Pezinsk\u00e1 Baba","robots":{"index":"index","follow":"follow","max-snippet":"max-snippet:-1","max-image-preview":"max-image-preview:large","max-video-preview":"max-video-preview:-1"},"canonical":"https:\/\/www.lkbaba.sk\/sk\/babske-traily-prevadzka-vleku-v-roku-2026\/","og_locale":"sk_SK","og_type":"article","og_title":"Babsk\u00e9 traily - prev\u00e1dzka vleku v roku 2026 - Ly\u017eiarske stredisko - Pezinsk\u00e1 Baba","og_description":"Pl\u00e1novan\u00e1 prev\u00e1dzka vleku VL 1000 pre cyklistov na Pezinskej Babe v roku 2026 11.4.2026 26.4.2026 9.5.2026 24.5.2026 7.6.2026 21.6.2026 4.7.2026 19.7.2026 1.8.2026 16.8.2026 29.8.2026 13.9.2026 26.9.2026 11.10.2026 24.10.2026 V pr\u00edpade nepriazniv\u00e9ho po\u010dasia, alebo in\u00fdch objekt\u00edvnych skuto\u010dnost\u00ed m\u00f4\u017ee by\u0165 prev\u00e1dzka zru\u0161en\u00e1, alebo presunut\u00e1 na in\u00fd term\u00edn. Sledujte pros\u00edme aktu\u00e1lne inform\u00e1cie pred pl\u00e1novanou prev\u00e1dzkou.","og_url":"https:\/\/www.lkbaba.sk\/sk\/babske-traily-prevadzka-vleku-v-roku-2026\/","og_site_name":"Ly\u017eiarske stredisko - Pezinsk\u00e1 Baba","article_modified_time":"2026-04-08T11:36:55+00:00","og_image":[{"width":960,"height":540,"url":"https:\/\/www.lkbaba.sk\/sk\/wp-content\/uploads\/2024\/07\/Baba-15-6-2024-pojazd.jpg","type":"image\/jpeg"}],"twitter_card":"summary_large_image","twitter_misc":{"Predpokladan\u00fd \u010das \u010d\u00edtania":"1 min\u00fata"},"schema":{"@context":"https:\/\/schema.org","@graph":[{"@type":"WebPage","@id":"https:\/\/www.lkbaba.sk\/sk\/babske-traily-prevadzka-vleku-v-roku-2026\/","url":"https:\/\/www.lkbaba.sk\/sk\/babske-traily-prevadzka-vleku-v-roku-2026\/","name":"Babsk\u00e9 traily - prev\u00e1dzka vleku v roku 2026 - Ly\u017eiarske stredisko - Pezinsk\u00e1 Baba","isPartOf":{"@id":"https:\/\/www.lkbaba.sk\/sk\/#website"},"primaryImageOfPage":{"@id":"https:\/\/www.lkbaba.sk\/sk\/babske-traily-prevadzka-vleku-v-roku-2026\/#primaryimage"},"image":{"@id":"https:\/\/www.lkbaba.sk\/sk\/babske-traily-prevadzka-vleku-v-roku-2026\/#primaryimage"},"thumbnailUrl":"https:\/\/www.lkbaba.sk\/sk\/wp-content\/uploads\/2024\/07\/Baba-15-6-2024-pojazd.jpg","datePublished":"2026-04-08T11:32:37+00:00","dateModified":"2026-04-08T11:36:55+00:00","breadcrumb":{"@id":"https:\/\/www.lkbaba.sk\/sk\/babske-traily-prevadzka-vleku-v-roku-2026\/#breadcrumb"},"inLanguage":"sk-SK","potentialAction":[{"@type":"ReadAction","target":["https:\/\/www.lkbaba.sk\/sk\/babske-traily-prevadzka-vleku-v-roku-2026\/"]}]},{"@type":"ImageObject","inLanguage":"sk-SK","@id":"https:\/\/www.lkbaba.sk\/sk\/babske-traily-prevadzka-vleku-v-roku-2026\/#primaryimage","url":"https:\/\/www.lkbaba.sk\/sk\/wp-content\/uploads\/2024\/07\/Baba-15-6-2024-pojazd.jpg","contentUrl":"https:\/\/www.lkbaba.sk\/sk\/wp-content\/uploads\/2024\/07\/Baba-15-6-2024-pojazd.jpg","width":960,"height":540},{"@type":"BreadcrumbList","@id":"https:\/\/www.lkbaba.sk\/sk\/babske-traily-prevadzka-vleku-v-roku-2026\/#breadcrumb","itemListElement":[{"@type":"ListItem","position":1,"name":"Home","item":"https:\/\/www.lkbaba.sk\/sk\/"},{"@type":"ListItem","position":2,"name":"Babsk\u00e9 traily &#8211; prev\u00e1dzka vleku v roku 2026"}]},{"@type":"WebSite","@id":"https:\/\/www.lkbaba.sk\/sk\/#website","url":"https:\/\/www.lkbaba.sk\/sk\/","name":"Ly\u017eiarske stredisko - Pezinsk\u00e1 Baba","description":"","publisher":{"@id":"https:\/\/www.lkbaba.sk\/sk\/#organization"},"potentialAction":[{"@type":"SearchAction","target":{"@type":"EntryPoint","urlTemplate":"https:\/\/www.lkbaba.sk\/sk\/?s={search_term_string}"},"query-input":{"@type":"PropertyValueSpecification","valueRequired":true,"valueName":"search_term_string"}}],"inLanguage":"sk-SK"},{"@type":"Organization","@id":"https:\/\/www.lkbaba.sk\/sk\/#organization","name":"LK BABA","url":"https:\/\/www.lkbaba.sk\/sk\/","logo":{"@type":"ImageObject","inLanguage":"sk-SK","@id":"https:\/\/www.lkbaba.sk\/sk\/#\/schema\/logo\/image\/","url":"https:\/\/www.lkbaba.sk\/sk\/wp-content\/uploads\/2017\/06\/logo.png","contentUrl":"https:\/\/www.lkbaba.sk\/sk\/wp-content\/uploads\/2017\/06\/logo.png","width":600,"height":570,"caption":"LK BABA"},"image":{"@id":"https:\/\/www.lkbaba.sk\/sk\/#\/schema\/logo\/image\/"}}]}},"_links":{"self":[{"href":"https:\/\/www.lkbaba.sk\/sk\/wp-json\/wp\/v2\/pages\/7601","targetHints":{"allow":["GET"]}}],"collection":[{"href":"https:\/\/www.lkbaba.sk\/sk\/wp-json\/wp\/v2\/pages"}],"about":[{"href":"https:\/\/www.lkbaba.sk\/sk\/wp-json\/wp\/v2\/types\/page"}],"author":[{"embeddable":true,"href":"https:\/\/www.lkbaba.sk\/sk\/wp-json\/wp\/v2\/users\/1"}],"replies":[{"embeddable":true,"href":"https:\/\/www.lkbaba.sk\/sk\/wp-json\/wp\/v2\/comments?post=7601"}],"version-history":[{"count":5,"href":"https:\/\/www.lkbaba.sk\/sk\/wp-json\/wp\/v2\/pages\/7601\/revisions"}],"predecessor-version":[{"id":7609,"href":"https:\/\/www.lkbaba.sk\/sk\/wp-json\/wp\/v2\/pages\/7601\/revisions\/7609"}],"wp:attachment":[{"href":"https:\/\/www.lkbaba.sk\/sk\/wp-json\/wp\/v2\/media?parent=7601"}],"curies":[{"name":"wp","href":"https:\/\/api.w.org\/{rel}","templated":true}]}}