{"id":7647,"date":"2026-04-13T10:24:06","date_gmt":"2026-04-13T08:24:06","guid":{"rendered":"https:\/\/www.lkbaba.sk\/sk\/?post_type=product&#038;p=7647"},"modified":"2026-04-26T04:41:20","modified_gmt":"2026-04-26T02:41:20","slug":"babske-traily-26-4-2026-dieta","status":"publish","type":"product","link":"https:\/\/www.lkbaba.sk\/sk\/produkt\/babske-traily-26-4-2026-dieta\/","title":{"rendered":"Babsk\u00e9 traily 26.4.2026  &#8211; die\u0165a"},"content":{"rendered":"<p>Vstupenka na vlek &#8211; Babsk\u00e9 Traily<br \/>\nplatn\u00e9 po\u010das d\u0148a 26.4.2026<\/p>\n","protected":false},"excerpt":{"rendered":"<p>Vstupenka na vlek &#8211; Babsk\u00e9 Traily platn\u00e9 po\u010das d\u0148a 26.4.2026<\/p>\n","protected":false},"featured_media":7648,"comment_status":"closed","ping_status":"closed","template":"","meta":[],"product_brand":[],"product_cat":[96],"product_tag":[],"class_list":{"0":"post-7647","1":"product","2":"type-product","3":"status-publish","4":"has-post-thumbnail","6":"product_cat-babske-traily","8":"first","9":"instock","10":"virtual","11":"purchasable","12":"product-type-simple"},"yoast_head":"<!-- This site is optimized with the Yoast SEO plugin v27.3 - https:\/\/yoast.com\/product\/yoast-seo-wordpress\/ -->\n<title>Babsk\u00e9 traily 26.4.2026 - die\u0165a - Ly\u017eiarske stredisko - Pezinsk\u00e1 Baba<\/title>\n<meta name=\"robots\" content=\"index, follow, max-snippet:-1, max-image-preview:large, max-video-preview:-1\" \/>\n<link rel=\"canonical\" href=\"https:\/\/www.lkbaba.sk\/sk\/produkt\/babske-traily-26-4-2026-dieta\/\" \/>\n<meta property=\"og:locale\" content=\"sk_SK\" \/>\n<meta property=\"og:type\" content=\"article\" \/>\n<meta property=\"og:title\" content=\"Babsk\u00e9 traily 26.4.2026 - die\u0165a - Ly\u017eiarske stredisko - Pezinsk\u00e1 Baba\" \/>\n<meta property=\"og:description\" content=\"Vstupenka na vlek &#8211; Babsk\u00e9 Traily platn\u00e9 po\u010das d\u0148a 26.4.2026\" \/>\n<meta property=\"og:url\" content=\"https:\/\/www.lkbaba.sk\/sk\/produkt\/babske-traily-26-4-2026-dieta\/\" \/>\n<meta property=\"og:site_name\" content=\"Ly\u017eiarske stredisko - Pezinsk\u00e1 Baba\" \/>\n<meta property=\"article:modified_time\" content=\"2026-04-26T02:41:20+00:00\" \/>\n<meta property=\"og:image\" content=\"https:\/\/www.lkbaba.sk\/sk\/wp-content\/uploads\/2026\/04\/bt_26042026_dieta.png\" \/>\n\t<meta property=\"og:image:width\" content=\"222\" \/>\n\t<meta property=\"og:image:height\" content=\"384\" \/>\n\t<meta property=\"og:image:type\" content=\"image\/png\" \/>\n<meta name=\"twitter:card\" content=\"summary_large_image\" \/>\n<meta name=\"twitter:label1\" content=\"Predpokladan\u00fd \u010das \u010d\u00edtania\" \/>\n\t<meta name=\"twitter:data1\" content=\"1 min\u00fata\" \/>\n<script type=\"application\/ld+json\" class=\"yoast-schema-graph\">{\"@context\":\"https:\\\/\\\/schema.org\",\"@graph\":[{\"@type\":\"WebPage\",\"@id\":\"https:\\\/\\\/www.lkbaba.sk\\\/sk\\\/produkt\\\/babske-traily-26-4-2026-dieta\\\/\",\"url\":\"https:\\\/\\\/www.lkbaba.sk\\\/sk\\\/produkt\\\/babske-traily-26-4-2026-dieta\\\/\",\"name\":\"Babsk\u00e9 traily 26.4.2026 - die\u0165a - Ly\u017eiarske stredisko - Pezinsk\u00e1 Baba\",\"isPartOf\":{\"@id\":\"https:\\\/\\\/www.lkbaba.sk\\\/sk\\\/#website\"},\"primaryImageOfPage\":{\"@id\":\"https:\\\/\\\/www.lkbaba.sk\\\/sk\\\/produkt\\\/babske-traily-26-4-2026-dieta\\\/#primaryimage\"},\"image\":{\"@id\":\"https:\\\/\\\/www.lkbaba.sk\\\/sk\\\/produkt\\\/babske-traily-26-4-2026-dieta\\\/#primaryimage\"},\"thumbnailUrl\":\"https:\\\/\\\/www.lkbaba.sk\\\/sk\\\/wp-content\\\/uploads\\\/2026\\\/04\\\/bt_26042026_dieta.png\",\"datePublished\":\"2026-04-13T08:24:06+00:00\",\"dateModified\":\"2026-04-26T02:41:20+00:00\",\"breadcrumb\":{\"@id\":\"https:\\\/\\\/www.lkbaba.sk\\\/sk\\\/produkt\\\/babske-traily-26-4-2026-dieta\\\/#breadcrumb\"},\"inLanguage\":\"sk-SK\",\"potentialAction\":[{\"@type\":\"ReadAction\",\"target\":[\"https:\\\/\\\/www.lkbaba.sk\\\/sk\\\/produkt\\\/babske-traily-26-4-2026-dieta\\\/\"]}]},{\"@type\":\"ImageObject\",\"inLanguage\":\"sk-SK\",\"@id\":\"https:\\\/\\\/www.lkbaba.sk\\\/sk\\\/produkt\\\/babske-traily-26-4-2026-dieta\\\/#primaryimage\",\"url\":\"https:\\\/\\\/www.lkbaba.sk\\\/sk\\\/wp-content\\\/uploads\\\/2026\\\/04\\\/bt_26042026_dieta.png\",\"contentUrl\":\"https:\\\/\\\/www.lkbaba.sk\\\/sk\\\/wp-content\\\/uploads\\\/2026\\\/04\\\/bt_26042026_dieta.png\",\"width\":222,\"height\":384},{\"@type\":\"BreadcrumbList\",\"@id\":\"https:\\\/\\\/www.lkbaba.sk\\\/sk\\\/produkt\\\/babske-traily-26-4-2026-dieta\\\/#breadcrumb\",\"itemListElement\":[{\"@type\":\"ListItem\",\"position\":1,\"name\":\"Home\",\"item\":\"https:\\\/\\\/www.lkbaba.sk\\\/sk\\\/\"},{\"@type\":\"ListItem\",\"position\":2,\"name\":\"Obchod\",\"item\":\"https:\\\/\\\/www.lkbaba.sk\\\/sk\\\/obchod\\\/\"},{\"@type\":\"ListItem\",\"position\":3,\"name\":\"Babsk\u00e9 traily 26.4.2026 &#8211; die\u0165a\"}]},{\"@type\":\"WebSite\",\"@id\":\"https:\\\/\\\/www.lkbaba.sk\\\/sk\\\/#website\",\"url\":\"https:\\\/\\\/www.lkbaba.sk\\\/sk\\\/\",\"name\":\"Ly\u017eiarske stredisko - Pezinsk\u00e1 Baba\",\"description\":\"\",\"publisher\":{\"@id\":\"https:\\\/\\\/www.lkbaba.sk\\\/sk\\\/#organization\"},\"potentialAction\":[{\"@type\":\"SearchAction\",\"target\":{\"@type\":\"EntryPoint\",\"urlTemplate\":\"https:\\\/\\\/www.lkbaba.sk\\\/sk\\\/?s={search_term_string}\"},\"query-input\":{\"@type\":\"PropertyValueSpecification\",\"valueRequired\":true,\"valueName\":\"search_term_string\"}}],\"inLanguage\":\"sk-SK\"},{\"@type\":\"Organization\",\"@id\":\"https:\\\/\\\/www.lkbaba.sk\\\/sk\\\/#organization\",\"name\":\"LK BABA\",\"url\":\"https:\\\/\\\/www.lkbaba.sk\\\/sk\\\/\",\"logo\":{\"@type\":\"ImageObject\",\"inLanguage\":\"sk-SK\",\"@id\":\"https:\\\/\\\/www.lkbaba.sk\\\/sk\\\/#\\\/schema\\\/logo\\\/image\\\/\",\"url\":\"https:\\\/\\\/www.lkbaba.sk\\\/sk\\\/wp-content\\\/uploads\\\/2017\\\/06\\\/logo.png\",\"contentUrl\":\"https:\\\/\\\/www.lkbaba.sk\\\/sk\\\/wp-content\\\/uploads\\\/2017\\\/06\\\/logo.png\",\"width\":600,\"height\":570,\"caption\":\"LK BABA\"},\"image\":{\"@id\":\"https:\\\/\\\/www.lkbaba.sk\\\/sk\\\/#\\\/schema\\\/logo\\\/image\\\/\"}}]}<\/script>\n<!-- \/ Yoast SEO plugin. -->","yoast_head_json":{"title":"Babsk\u00e9 traily 26.4.2026 - die\u0165a - Ly\u017eiarske stredisko - Pezinsk\u00e1 Baba","robots":{"index":"index","follow":"follow","max-snippet":"max-snippet:-1","max-image-preview":"max-image-preview:large","max-video-preview":"max-video-preview:-1"},"canonical":"https:\/\/www.lkbaba.sk\/sk\/produkt\/babske-traily-26-4-2026-dieta\/","og_locale":"sk_SK","og_type":"article","og_title":"Babsk\u00e9 traily 26.4.2026 - die\u0165a - Ly\u017eiarske stredisko - Pezinsk\u00e1 Baba","og_description":"Vstupenka na vlek &#8211; Babsk\u00e9 Traily platn\u00e9 po\u010das d\u0148a 26.4.2026","og_url":"https:\/\/www.lkbaba.sk\/sk\/produkt\/babske-traily-26-4-2026-dieta\/","og_site_name":"Ly\u017eiarske stredisko - Pezinsk\u00e1 Baba","article_modified_time":"2026-04-26T02:41:20+00:00","og_image":[{"width":222,"height":384,"url":"https:\/\/www.lkbaba.sk\/sk\/wp-content\/uploads\/2026\/04\/bt_26042026_dieta.png","type":"image\/png"}],"twitter_card":"summary_large_image","twitter_misc":{"Predpokladan\u00fd \u010das \u010d\u00edtania":"1 min\u00fata"},"schema":{"@context":"https:\/\/schema.org","@graph":[{"@type":"WebPage","@id":"https:\/\/www.lkbaba.sk\/sk\/produkt\/babske-traily-26-4-2026-dieta\/","url":"https:\/\/www.lkbaba.sk\/sk\/produkt\/babske-traily-26-4-2026-dieta\/","name":"Babsk\u00e9 traily 26.4.2026 - die\u0165a - Ly\u017eiarske stredisko - Pezinsk\u00e1 Baba","isPartOf":{"@id":"https:\/\/www.lkbaba.sk\/sk\/#website"},"primaryImageOfPage":{"@id":"https:\/\/www.lkbaba.sk\/sk\/produkt\/babske-traily-26-4-2026-dieta\/#primaryimage"},"image":{"@id":"https:\/\/www.lkbaba.sk\/sk\/produkt\/babske-traily-26-4-2026-dieta\/#primaryimage"},"thumbnailUrl":"https:\/\/www.lkbaba.sk\/sk\/wp-content\/uploads\/2026\/04\/bt_26042026_dieta.png","datePublished":"2026-04-13T08:24:06+00:00","dateModified":"2026-04-26T02:41:20+00:00","breadcrumb":{"@id":"https:\/\/www.lkbaba.sk\/sk\/produkt\/babske-traily-26-4-2026-dieta\/#breadcrumb"},"inLanguage":"sk-SK","potentialAction":[{"@type":"ReadAction","target":["https:\/\/www.lkbaba.sk\/sk\/produkt\/babske-traily-26-4-2026-dieta\/"]}]},{"@type":"ImageObject","inLanguage":"sk-SK","@id":"https:\/\/www.lkbaba.sk\/sk\/produkt\/babske-traily-26-4-2026-dieta\/#primaryimage","url":"https:\/\/www.lkbaba.sk\/sk\/wp-content\/uploads\/2026\/04\/bt_26042026_dieta.png","contentUrl":"https:\/\/www.lkbaba.sk\/sk\/wp-content\/uploads\/2026\/04\/bt_26042026_dieta.png","width":222,"height":384},{"@type":"BreadcrumbList","@id":"https:\/\/www.lkbaba.sk\/sk\/produkt\/babske-traily-26-4-2026-dieta\/#breadcrumb","itemListElement":[{"@type":"ListItem","position":1,"name":"Home","item":"https:\/\/www.lkbaba.sk\/sk\/"},{"@type":"ListItem","position":2,"name":"Obchod","item":"https:\/\/www.lkbaba.sk\/sk\/obchod\/"},{"@type":"ListItem","position":3,"name":"Babsk\u00e9 traily 26.4.2026 &#8211; die\u0165a"}]},{"@type":"WebSite","@id":"https:\/\/www.lkbaba.sk\/sk\/#website","url":"https:\/\/www.lkbaba.sk\/sk\/","name":"Ly\u017eiarske stredisko - Pezinsk\u00e1 Baba","description":"","publisher":{"@id":"https:\/\/www.lkbaba.sk\/sk\/#organization"},"potentialAction":[{"@type":"SearchAction","target":{"@type":"EntryPoint","urlTemplate":"https:\/\/www.lkbaba.sk\/sk\/?s={search_term_string}"},"query-input":{"@type":"PropertyValueSpecification","valueRequired":true,"valueName":"search_term_string"}}],"inLanguage":"sk-SK"},{"@type":"Organization","@id":"https:\/\/www.lkbaba.sk\/sk\/#organization","name":"LK BABA","url":"https:\/\/www.lkbaba.sk\/sk\/","logo":{"@type":"ImageObject","inLanguage":"sk-SK","@id":"https:\/\/www.lkbaba.sk\/sk\/#\/schema\/logo\/image\/","url":"https:\/\/www.lkbaba.sk\/sk\/wp-content\/uploads\/2017\/06\/logo.png","contentUrl":"https:\/\/www.lkbaba.sk\/sk\/wp-content\/uploads\/2017\/06\/logo.png","width":600,"height":570,"caption":"LK BABA"},"image":{"@id":"https:\/\/www.lkbaba.sk\/sk\/#\/schema\/logo\/image\/"}}]}},"_links":{"self":[{"href":"https:\/\/www.lkbaba.sk\/sk\/wp-json\/wp\/v2\/product\/7647","targetHints":{"allow":["GET"]}}],"collection":[{"href":"https:\/\/www.lkbaba.sk\/sk\/wp-json\/wp\/v2\/product"}],"about":[{"href":"https:\/\/www.lkbaba.sk\/sk\/wp-json\/wp\/v2\/types\/product"}],"replies":[{"embeddable":true,"href":"https:\/\/www.lkbaba.sk\/sk\/wp-json\/wp\/v2\/comments?post=7647"}],"wp:featuredmedia":[{"embeddable":true,"href":"https:\/\/www.lkbaba.sk\/sk\/wp-json\/wp\/v2\/media\/7648"}],"wp:attachment":[{"href":"https:\/\/www.lkbaba.sk\/sk\/wp-json\/wp\/v2\/media?parent=7647"}],"wp:term":[{"taxonomy":"product_brand","embeddable":true,"href":"https:\/\/www.lkbaba.sk\/sk\/wp-json\/wp\/v2\/product_brand?post=7647"},{"taxonomy":"product_cat","embeddable":true,"href":"https:\/\/www.lkbaba.sk\/sk\/wp-json\/wp\/v2\/product_cat?post=7647"},{"taxonomy":"product_tag","embeddable":true,"href":"https:\/\/www.lkbaba.sk\/sk\/wp-json\/wp\/v2\/product_tag?post=7647"}],"curies":[{"name":"wp","href":"https:\/\/api.w.org\/{rel}","templated":true}]}}